{"id":123,"date":"2013-07-16T18:19:27","date_gmt":"2013-07-16T16:19:27","guid":{"rendered":"http:\/\/reich-sein.eu\/club\/?page_id=123"},"modified":"2022-11-23T16:21:49","modified_gmt":"2022-11-23T14:21:49","slug":"ebook-reichtums-formel","status":"publish","type":"page","link":"https:\/\/reich-sein.eu\/club\/ebook-reichtums-formel\/","title":{"rendered":"Ebook Reichtums-Formel"},"content":{"rendered":"<h1><span style=\"color: #0000ff;\"><strong>Kannst Du Dir vorstellen, finanziell reich und verm\u00f6gend zu sein?\u00a0<\/strong><\/span><\/h1>\n<h1><span style=\"font-family: arial,helvetica,sans-serif;\"><strong style=\"color: #0000ff; font-size: 1.5em; line-height: 1.3em;\">GELD und Reichtum &#8230;<\/strong><\/span><\/h1>\n<ul>\n<li><span style=\"color: #0000ff;\"><strong>darin\u00a0dr\u00fcckt sich unser Selbst-Wert aus<\/strong><\/span><\/li>\n<li><span style=\"color: #0000ff;\"><strong>damit\u00a0bekommen wir mehr M\u00f6glichkeiten zum selbstbestimmten Leben<\/strong><\/span><\/li>\n<li><span style=\"color: #0000ff;\"><strong>dadurch k\u00f6nnen wir zufriedener und gl\u00fccklicher leben.<\/strong><\/span><\/li>\n<\/ul>\n<h3><strong><span style=\"color: #0000ff;\">JA, 90 % der Menschen wollen dies,<\/span>\u00a0<span style=\"color: #ff0000;\">ABER\u00a0nur 2 % erreichen es!!!<a href=\"http:\/\/reich-sein.eu\/club\/wp-content\/uploads\/2013\/07\/eCover-7-Faktoren-Formel-Reichsein3.png\"><img loading=\"lazy\" decoding=\"async\" class=\"wp-image-107 size-full alignright\" src=\"http:\/\/reich-sein.eu\/club\/wp-content\/uploads\/2013\/07\/eCover-7-Faktoren-Formel-Reichsein3.png\" alt=\"eCover 7 Faktoren-Formel Reichsein3\" width=\"398\" height=\"600\" srcset=\"https:\/\/reich-sein.eu\/club\/wp-content\/uploads\/2013\/07\/eCover-7-Faktoren-Formel-Reichsein3.png 398w, https:\/\/reich-sein.eu\/club\/wp-content\/uploads\/2013\/07\/eCover-7-Faktoren-Formel-Reichsein3-199x300.png 199w\" sizes=\"auto, (max-width: 398px) 100vw, 398px\" \/><\/a><\/span><\/strong><\/h3>\n<p>Du mu\u00dft Dich mit Reichsein, Reichtum und Geld besch\u00e4ftigen.<\/p>\n<p>Du solltest dazu meine Formel der 7 Faktoren kennen, die Dich zu materiellem Reichtum f\u00fchren.<\/p>\n<p><strong>Hole Dir JETZT diesen\u00a0 GRATIS-Report\u00a0<\/strong><\/p>\n<h3><em><span style=\"color: #0000ff;\"><strong>&#8222;Die 7 Faktoren-Formel. <\/strong><\/span><\/em><\/h3>\n<h3><em><span style=\"color: #0000ff;\"><strong>Denk-Anst\u00f6\u00dfe zu Reichtum und Geld&#8220;<\/strong><\/span><\/em><\/h3>\n<p><strong>1. Lebens-Weisheit\u00a0<\/strong><br \/>\n<strong>2. Selbst-Wert\u00a0<\/strong><br \/>\n<strong>3. Kunden-Nutzen\u00a0<\/strong><br \/>\n<strong>4. Kunden-Menge\u00a0<\/strong><br \/>\n<strong>5. Kunden-Kommunikation\u00a0<\/strong><br \/>\n<strong>6. Kunden-Beziehung\u00a0<\/strong><br \/>\n<strong>7. Ressourcen<\/strong><\/p>\n<h4 style=\"text-align: center;\"><\/h4>\n<p>&nbsp;<\/p>\n<p>&nbsp;<\/p>\n<address>Mit der Anforderung trage ich Dich automatisch kostenlos in meinen regelm\u00e4\u00dfig erscheinenden Newsletter ein. Mein Newsletter ist kein Spam, sondern enth\u00e4lt wirklich nutzenswerte Informationen (z.B. Artikel \u00fcber aktuelle Geld-Themen, Trends \u00fcber Geld verdienen im Internet, meine eigenen neuen Produkte und auch Produkte und Dienstleistungen meiner Partner).<br \/>\nSelbstverst\u00e4ndlich gebe ich Deine Daten keinesfalls an Dritte weiter und verwende sie auch nicht f\u00fcr andere Zwecke au\u00dfer zum Newsletter-Versand. Du kannst Dich vom Newsletter-Abonnement jederzeit abmelden.<\/address>\n<p>Viel Erfolg bei der Umsetzung meiner Informationen, Hinweise und Tipps<br \/>\nw\u00fcnscht<br \/>\n<a href=\"http:\/\/reich-sein.eu\/club\/wp-content\/uploads\/2013\/07\/Unterschrift3.jpg\"><img loading=\"lazy\" decoding=\"async\" class=\"alignnone wp-image-445\" src=\"http:\/\/reich-sein.eu\/club\/wp-content\/uploads\/2013\/07\/Unterschrift3.jpg\" alt=\"Unterschrift3\" width=\"168\" height=\"100\" \/><\/a><br \/>\nDr. Wolf Barth<\/p>\n<h3 style=\"text-align: center;\"><span style=\"font-family: arial,helvetica,sans-serif;\"><strong>Trage jetzt bitte HIER Deine email-Adresse ein und <\/strong><\/span><\/h3>\n<h3 style=\"text-align: center;\"><span style=\"font-family: arial,helvetica,sans-serif;\"><strong>sichere Dir das kostenfreie eBook und wertvolle Informationen:<\/strong><\/span><\/h3>\n<p><script type=\"text\/javascript\" src=\"https:\/\/app.getresponse.com\/view_webform_v2.js?u=BEyV&#038;webforms_id=hey1B\" data-webform-id=\"hey1B\"><\/script><\/p>\n","protected":false},"excerpt":{"rendered":"<p>Kannst Du Dir vorstellen, finanziell reich und verm\u00f6gend zu sein?\u00a0 GELD und Reichtum &#8230; darin\u00a0dr\u00fcckt sich unser Selbst-Wert aus damit\u00a0bekommen wir mehr M\u00f6glichkeiten zum selbstbestimmten Leben dadurch k\u00f6nnen wir zufriedener und gl\u00fccklicher leben. JA, 90 % der Menschen wollen dies,\u00a0ABER\u00a0nur 2 % erreichen es!!! Du mu\u00dft Dich mit Reichsein, Reichtum und Geld besch\u00e4ftigen. Du solltest [&hellip;]<\/p>\n","protected":false},"author":1,"featured_media":0,"parent":0,"menu_order":0,"comment_status":"open","ping_status":"closed","template":"launch_002f.php","meta":{"footnotes":"","_links_to":"","_links_to_target":""},"class_list":["post-123","page","type-page","status-publish","hentry"],"_links":{"self":[{"href":"https:\/\/reich-sein.eu\/club\/wp-json\/wp\/v2\/pages\/123","targetHints":{"allow":["GET"]}}],"collection":[{"href":"https:\/\/reich-sein.eu\/club\/wp-json\/wp\/v2\/pages"}],"about":[{"href":"https:\/\/reich-sein.eu\/club\/wp-json\/wp\/v2\/types\/page"}],"author":[{"embeddable":true,"href":"https:\/\/reich-sein.eu\/club\/wp-json\/wp\/v2\/users\/1"}],"replies":[{"embeddable":true,"href":"https:\/\/reich-sein.eu\/club\/wp-json\/wp\/v2\/comments?post=123"}],"version-history":[{"count":50,"href":"https:\/\/reich-sein.eu\/club\/wp-json\/wp\/v2\/pages\/123\/revisions"}],"predecessor-version":[{"id":2104,"href":"https:\/\/reich-sein.eu\/club\/wp-json\/wp\/v2\/pages\/123\/revisions\/2104"}],"wp:attachment":[{"href":"https:\/\/reich-sein.eu\/club\/wp-json\/wp\/v2\/media?parent=123"}],"curies":[{"name":"wp","href":"https:\/\/api.w.org\/{rel}","templated":true}]}}