{"id":1362,"date":"2014-02-07T12:29:36","date_gmt":"2014-02-07T10:29:36","guid":{"rendered":"http:\/\/reich-sein.eu\/club\/?page_id=1362"},"modified":"2022-11-24T17:28:44","modified_gmt":"2022-11-24T15:28:44","slug":"milliardaers-test","status":"publish","type":"page","link":"https:\/\/reich-sein.eu\/club\/ressourcen\/tests\/milliardaers-test\/","title":{"rendered":"Milliard\u00e4rs-Test"},"content":{"rendered":"<h2><strong>Der Aufbau einer Milliarde:<\/strong><\/h2>\n<h3><strong>Wei\u00dft Du, wie man wirklich Geld macht?<\/strong><\/h3>\n<p>Manche Menschen haben ein H\u00e4ndchen daf\u00fcr, Geld zu machen.<\/p>\n<p>Alles, was sie anfassen, scheint zu Gold, Silber oder \u00d6l zu werden.<\/p>\n<p>Bist Du einer von denen?<\/p>\n<p>K\u00f6nntest Du eine Milliarde Dollar oder vielleicht eine etwas kleinere Menge Geld anh\u00e4ufen?<b><\/b><\/p>\n<p>Mit diesem Test kannst Du Dich \u00fcberpr\u00fcfen.<\/p>\n<p><strong><a href=\"http:\/\/money.howstuffworks.com\/personal-finance\/budgeting\/billionaire-quiz.htm\" target=\"_blank\" rel=\"noopener\">Klicke auf diese Milliarde Dollar<\/a><\/strong><\/p>\n<p><a href=\"http:\/\/money.howstuffworks.com\/personal-finance\/budgeting\/billionaire-quiz.htm\"><img loading=\"lazy\" decoding=\"async\" class=\"alignleft size-full wp-image-1364\" src=\"http:\/\/reich-sein.eu\/club\/wp-content\/uploads\/2014\/02\/Milliarde.jpg\" alt=\"Milliarde\" width=\"253\" height=\"200\" \/><\/a><\/p>\n<p>&nbsp;<\/p>\n","protected":false},"excerpt":{"rendered":"<p>Der Aufbau einer Milliarde: Wei\u00dft Du, wie man wirklich Geld macht? Manche Menschen haben ein H\u00e4ndchen daf\u00fcr, Geld zu machen. Alles, was sie anfassen, scheint zu Gold, Silber oder \u00d6l zu werden. Bist Du einer von denen? K\u00f6nntest Du eine Milliarde Dollar oder vielleicht eine etwas kleinere Menge Geld anh\u00e4ufen? Mit diesem Test kannst Du [&hellip;]<\/p>\n","protected":false},"author":1,"featured_media":0,"parent":217,"menu_order":0,"comment_status":"open","ping_status":"closed","template":"members-style1-nosidebar.php","meta":{"footnotes":"","_links_to":"","_links_to_target":""},"class_list":["post-1362","page","type-page","status-publish","hentry"],"_links":{"self":[{"href":"https:\/\/reich-sein.eu\/club\/wp-json\/wp\/v2\/pages\/1362","targetHints":{"allow":["GET"]}}],"collection":[{"href":"https:\/\/reich-sein.eu\/club\/wp-json\/wp\/v2\/pages"}],"about":[{"href":"https:\/\/reich-sein.eu\/club\/wp-json\/wp\/v2\/types\/page"}],"author":[{"embeddable":true,"href":"https:\/\/reich-sein.eu\/club\/wp-json\/wp\/v2\/users\/1"}],"replies":[{"embeddable":true,"href":"https:\/\/reich-sein.eu\/club\/wp-json\/wp\/v2\/comments?post=1362"}],"version-history":[{"count":6,"href":"https:\/\/reich-sein.eu\/club\/wp-json\/wp\/v2\/pages\/1362\/revisions"}],"predecessor-version":[{"id":5090,"href":"https:\/\/reich-sein.eu\/club\/wp-json\/wp\/v2\/pages\/1362\/revisions\/5090"}],"up":[{"embeddable":true,"href":"https:\/\/reich-sein.eu\/club\/wp-json\/wp\/v2\/pages\/217"}],"wp:attachment":[{"href":"https:\/\/reich-sein.eu\/club\/wp-json\/wp\/v2\/media?parent=1362"}],"curies":[{"name":"wp","href":"https:\/\/api.w.org\/{rel}","templated":true}]}}