{"id":1672,"date":"2022-01-24T23:04:09","date_gmt":"2022-01-24T21:04:09","guid":{"rendered":"http:\/\/reich-sein.eu\/club\/?page_id=1672"},"modified":"2022-11-23T22:45:04","modified_gmt":"2022-11-23T20:45:04","slug":"informieren","status":"publish","type":"page","link":"https:\/\/reich-sein.eu\/club\/seins-dimensionen\/informieren\/","title":{"rendered":"INFORMATION"},"content":{"rendered":"<h2><span style=\"color: #0000ff;\"><strong>Informieren (Formeln, Regeln &amp; Faktoren) f\u00fcr Reichsein<\/strong><\/span><\/h2>\n<h2><span style=\"color: #0000ff;\"><strong>Entwicklung vom Opfer zum Sch\u00f6pfer<\/strong><\/span><\/h2>\n<p>Der Buddha sprach:<\/p>\n<p><em><strong>\u00abSollte ein Mann in der Schlacht tausend Gegner besiegen und noch einmal tausend, und ein anderer besiegte sich selbst, so w\u00e4re des zweiten der gr\u00f6\u00dfere Sieg, denn von allen Siegen der gr\u00f6\u00dfte ist der Sieg eines Menschen \u00fcber sich selbst.<\/strong><\/em><\/p>\n<p><em><strong>Und weder die G\u00f6tter im Himmel noch die D\u00e4monen in der Unterwelt verm\u00f6gen den Sieg eines solchen Menschen in eine Niederlage zu verwandeln.\u00bb<\/strong><\/em><\/p>\n<p>Es geht im Leben um besseres Bewu\u00dftsein und die H\u00f6her-Entwicklung als Mensch.<\/p>\n<p>Mein geistig-seelisches Wesen will sich als Teil der Sch\u00f6pfung mit eigener Sch\u00f6pfungskraft befreien aus der Opferrolle in der materialistischen und technischen Matrix, um letztlich in der F\u00fclle der Sch\u00f6pfung als Sch\u00f6pfer der F\u00fclle einfach (gl\u00fccklich und zufrieden) zu sein.<\/p>\n<h3><span style=\"color: #0000ff;\"><strong>Vier Entwicklungsstufen vom Opfer zum Sch\u00f6pfer nach Dr. Michael Bernard Beckwith<\/strong><\/span><\/h3>\n<p><strong><em>To me | By Me\u00a0 | Through Me | As Me<\/em><\/strong><\/p>\n<p><strong>F\u00fcr mich<\/strong>\/Zu mir | <strong>Von mir<\/strong>\/Durch mich |<strong> Durch mich<\/strong> | Wie\/<strong>Als ich<\/strong><\/p>\n<ol>\n<li>\n<h4><span style=\"color: #0000ff;\"><strong> Stufe: Leben passiert mir (Opfern): To me \/ F\u00fcr mich<\/strong><\/span><\/h4>\n<\/li>\n<\/ol>\n<p><span style=\"color: #0000ff;\"><strong>(&#8222;Opfer-Bewusstsein&#8220;:<\/strong> <\/span>Gefangener und Opfer, <em><strong>bewertete<\/strong> <\/em>Materie, Trennung)<\/p>\n<ol start=\"2\">\n<li>\n<h4><span style=\"color: #0000ff;\"><strong> Stufe: Leben passiert durch mich (Manifestieren): By me \/ Von mir<\/strong><\/span><\/h4>\n<\/li>\n<\/ol>\n<p><strong><span style=\"color: #0000ff;\">(&#8222;Manifestations-Bewusstsein&#8220;:<\/span><\/strong> Verwirklichung und Manifestation, <em><strong>m\u00e4nnliche<\/strong><\/em> Seite)<\/p>\n<ol start=\"3\">\n<li>\n<h4><span style=\"color: #0000ff;\"><strong> Stufe: Leben findet durch mich Ausdruck (Hingeben): Through me \/ Durch mich<\/strong><\/span><\/h4>\n<\/li>\n<\/ol>\n<p><strong><span style=\"color: #0000ff;\">(&#8222;Kanalisierung des Bewusstseins&#8220;:<\/span><\/strong> Liebe und Hingabe, <em><strong>weibliche<\/strong><\/em> Seite)<\/p>\n<ol start=\"4\">\n<li>\n<h4><span style=\"color: #0000ff;\"><strong> Stufe: Leben ist mein Sein (Sch\u00f6pfen): As me \/ Als ich<\/strong><\/span><\/h4>\n<\/li>\n<\/ol>\n<p><strong><span style=\"color: #0000ff;\">(&#8222;Bewusstsein des Seins&#8220;:<\/span><\/strong> Sch\u00f6pfer, neutraler Geist, Einheit: EINS sein)<\/p>\n<h1><span style=\"color: #0000ff;\"><strong>Programmieren des sch\u00f6pferischen Bewu\u00dftseins\u00a0<\/strong><\/span><\/h1>\n<p>1 <strong>Bewu\u00dftsein<\/strong>: F\u00fclle-Bewu\u00dftsein (Umschalten des Bewu\u00dftseins von Mangel auf F\u00fclle)<br \/>\nAlles ist Information (Geist, Bewu\u00dftsein) ((1. kosmisches Gesetz))<br \/>\n2 <strong>Magie<\/strong>: Abfolge von Information &gt;\u00a0Energie &gt; Materie bzw. Gedanke &gt; Wort &gt; Tat<br \/>\nSch\u00f6pfung ist informierte\u00a0Schwingung,\u00a0Frequenz\u00a0oder Vibration von manifestierenden Energien.<br \/>\n3 <strong>Glauben<\/strong> (= geistige Gewohnheiten, unbewiesene\u00a0\u00dcberzeugung): Es geschieht nach Deinem Glauben!<br \/>\n4 <strong>Aufmerksamkeit<\/strong> (= geistige Sch\u00f6pfungskraft)<br \/>\n5 <strong>Absicht<\/strong> (<strong><em>Intention<\/em><\/strong>) (= Interesse f\u00fcr bestimmtes Objekt):\u00a0\u00a0Jeder menschlichen Handlung geht eine bestimmte\u00a0<em>Intention<\/em>\u00a0voraus,<br \/>\n6 <strong>Vorstellungen<\/strong> (= <strong>Bilder,<\/strong> magische Symbole vom Ziel)<\/p>\n<ul>\n<li>innere Bilder, Filme des Gew\u00fcnschten<\/li>\n<li>\u00e4u\u00dfere Symbole (mit Symbolkr\u00e4ften)<\/li>\n<\/ul>\n<p>7\u00a0<strong>Formulieren:<\/strong>\u00a0<strong>Worte<\/strong> (Sprache = Be-Zeichnungen der beabsichtigten Realit\u00e4t):<\/p>\n<ul>\n<li><strong><em>inneres Sprechen<\/em><\/strong><\/li>\n<li><em><strong>Affirmieren<\/strong> (Aussagen)<\/em><\/li>\n<li><em><strong>Afformieren<\/strong> (Fragen)<\/em><\/li>\n<\/ul>\n<p>8 <strong>F\u00fchlen:\u00a0Emotionen<\/strong> (= <em><strong>Energien<\/strong><\/em> zum Mobilisieren von Bewegung auf ein Ziel)<br \/>\n9 <strong>Handeln<\/strong>\u00a0(= <strong><em>Genie, Energie und Magie<\/em><\/strong>)<br \/>\n<em>\u201eWas immer du tun kannst oder wovon du tr\u00e4umst &#8211; fange es an. In der K\u00fchnheit liegt Genie, Macht und Magie.\u201c<\/em> (Johann Wolfgang von Goethe)<br \/>\n10 <strong>Ritualisieren<\/strong> (= <em><strong>Wiederholung<\/strong><\/em> manifestiert Information und Energie, neuer Glauben und neue Realit\u00e4t)<\/p>\n<ul>\n<li><em><strong>Segnen<\/strong><\/em><\/li>\n<li><em><strong>Beten<\/strong><\/em><\/li>\n<\/ul>\n<p>11 <strong>Danken: Dankbarkeit platziert Dich im Informations- und Energiefeld der F\u00fclle: Es ist geschehen!<\/strong><\/p>\n<p><strong>Zuerst geht es um die L\u00f6sung<\/strong> bzw. Losl\u00f6sung alter pr\u00e4gender unbewu\u00dfter Muster (Programme bzw. Programmierungen).<\/p>\n<ul>\n<li>dazu geh\u00f6ren vor allem alle Mangel-Programmierungen<\/li>\n<\/ul>\n<p><strong>Dann geht es um die bewu\u00dfte Neu-Programmierung<\/strong> besserer manifestierender Programme<\/p>\n<ul>\n<li>dazu geh\u00f6ren alle F\u00fclle-Programmierungen aus anderer Welt- und Selbst-Wahrnehmung<\/li>\n<\/ul>\n<p id=\"cc-m-header-9324794275\"><a href=\"https:\/\/www.manifestation-boost.de\/christusbewusstsein-schoepferkraft-sinn-des-lebens\/\">Christusbewusstsein &#8211; Der Weg zur Sch\u00f6pferkraft &amp; Sinn des Lebens?<\/a><\/p>\n<p>&nbsp;<\/p>\n<h3 id=\"cc-m-header-9328103575\"><span style=\"color: #0000ff;\"><strong>Probleme der Selbst-Programmierung<\/strong><\/span><\/h3>\n<p><strong>1) \u00dcberlebens-Kampf, statt Sch\u00f6pfen<\/strong><\/p>\n<p><strong>2) Einschr\u00e4nkender und destruktiver Glauben, statt offener Geist und konstruktiver Glauben<\/strong><\/p>\n<p><strong>3) Angstbasiertes Re-Agieren (auf \u00e4u\u00dfere Umst\u00e4nde), statt freudevolles Agieren (von Innen)\u00a0<\/strong><\/p>\n<h3><span style=\"color: #0000ff;\"><strong>Zwei Varianten der Programmierung des Unterbewu\u00dftseins<\/strong><\/span><\/h3>\n<div id=\"cc-m-9328119875\" class=\"j-module n j-header \">\n<h4 id=\"cc-m-header-9328119875\"><span style=\"color: #0000ff;\"><strong>1) Fremd-Programmierung<\/strong><\/span><\/h4>\n<p><span style=\"color: #0000ff;\"><strong>(1) Kindheits-Pr\u00e4gungen:<\/strong><\/span><\/p>\n<p>Wir wurden in unserer fr\u00fchen Kindheit bis zur Jugend bereits fremdprogrammiert durch Eltern und Geschwister, Kinderkrippe und Kindergarten sowie Fernsehprogramme. Wir nehmen aus dieser Zeit mit ins weitere Leben<\/p>\n<ul>\n<li>Wahrnehmungsmuster,<\/li>\n<li>Glaubensmuster,<\/li>\n<li>Verhaltensmuster\u00a0 (z.B. Grundstruktur des Sozialverhaltens wird bis zum 3. Lebensjahr gepr\u00e4gt),<\/li>\n<li>Traumata (<a href=\"https:\/\/balancerehazentrum.de\/psychische-erkrankungen\/trauma\/\">k\u00f6rperliche, seelische und geistige Verletzungen<\/a>; jeder vierte Mann und jede f\u00fcnfte Frau in Deutschland wird im Leben mit derart einschneidenden Erlebnissen konfrontiert)<\/li>\n<\/ul>\n<p>Die meisten dieser Programmierungen sind v\u00f6llig unbewu\u00dft und die gepr\u00e4gten Glaubenss\u00e4tze bleiben dauerhaft aktiv.<\/p>\n<p>Bleibst Du passiv, wirst Du fremdprogrammiert und saugst ungefiltert wie ein Schwamm viel Negatives aus der Au\u00dfenwelt auf. Du l\u00e4sst Dich dann fremdprogrammieren durch z.B.<\/p>\n<\/div>\n<div id=\"cc-m-9328120175\" class=\"j-module n j-textWithImage \">\n<div id=\"cc-m-textwithimage-9328120175\" class=\"cc-m-textwithimage-inline-rte\" data-name=\"text\" data-action=\"text\">\n<ul>\n<li>andere Menschen (z.B. Partner, Lehrer, Arbeitskollegen),<\/li>\n<li>die Massen-Medien (Nachrichten, TV-Programme), alternative Medien (Facebook, Twitter, Youtube, Tiktok, Instagram, Telegram), Filme (im Kino oder TV, als DVD oder Video)<\/li>\n<li>die <strong>Propaganda<\/strong> f\u00fcr Ideologien von Herrschenden,<\/li>\n<li>die <strong>Werbung<\/strong> f\u00fcr Produkte und Dienstleistungen der Wirtschaft (Wir sollen RE-Agieren = Kaufen).<\/li>\n<\/ul>\n<p>Da diese Fremdprogrammiert <strong>andauernd<\/strong> erfolgt (z.B. sehen in Deutschland die Menschen durchschnittlich 4,5 Stunden Fernseh-Programme pro Tag), wird sehr viel Negatives gespeichert und als geistige Muster gepr\u00e4gt (&#8222;Angst-Pornos&#8220;).<\/p>\n<p>Bei dieser Fremdprogrammierung degradiert Du Dich selbst zu einem<span style=\"color: #0000ff;\"><strong> Opfer,<\/strong><\/span> denn in dieser umgebenden Au\u00dfenwelt werden fast nur Angst, falsche Dogmen und begrenzende Glaubenss\u00e4tze gelehrt, in die Menschen reinprogrammiert.<\/p>\n<p><span style=\"color: #0000ff;\"><strong>(2) Allgegenw\u00e4rtige Fremdprogrammierung:<\/strong><\/span><\/p>\n<p>Fremdprogrammierung ist allgegenw\u00e4rtig (gemacht) worden. Es ist schwer, sich dieser zu entziehen, weil sie nur einen Klick, ein Bild oder eine Szene, eine Nachrichten-Meldung entfernt ist, die auf uns unabl\u00e4ssig eistr\u00f6men.<\/p>\n<ul>\n<li>Fernsehen z\u00e4hlt zu den beliebtesten Freizeitbesch\u00e4ftigungen in Deutschland. Laut der Arbeitsgemeinschaft Fernsehforschung (AGF) belief sich die\u00a0<a href=\"https:\/\/de.statista.com\/statistik\/daten\/studie\/118\/umfrage\/fernsehkonsum-entwicklung-der-sehdauer-seit-1997\/\">durchschnittliche Fernsehdauer pro Tag<\/a>\u00a0im Jahr 2021 auf<strong> 213 Minuten<\/strong>.<\/li>\n<li><a href=\"https:\/\/r.search.yahoo.com\/_ylt=AwrIQhztCP1ia4wAbSxfCwx.;_ylu=Y29sbwMEcG9zAzIEdnRpZAMEc2VjA3Ny\/RV=2\/RE=1660778862\/RO=10\/RU=https%3a%2f%2fwww.grundschule-nackenheim.de%2fgrundschulabc_fernsehkonsum\/RK=2\/RS=SNavt7i9GyASVwCke6d3_d.cFDI-\">450\u00a0<b>Fernsehtote<\/b>\u00a0flimmern w\u00f6chentlich \u00fcber unseren Fernseh-Bildschirm &#8211; Tag und Nacht.<\/a><\/li>\n<li>Fachleute meinen, da\u00df jeder von uns heute mit<b>\u00a010.000 bis 13.000<\/b>\u00a0<strong>Werbebotschaften<\/strong> konfrontiert wird.<\/li>\n<\/ul>\n<p>Wenn Du &#8222;nicht gefestigt&#8220; bist durch Selbstprogrammierung, kannst Du sofort &#8222;getriggert&#8220; werden:<\/p>\n<ul>\n<li>Negative Gef\u00fchle k\u00f6nnen dann auftreten und Kontrolle \u00fcber K\u00f6rper und Geist \u201e\u00fcbernehmen\u201c. Du schwingst Dich dadurch in Negativit\u00e4t ein und l\u00e4\u00dft diese auch in Dein Unterbewusstsein hineinflie\u00dfen, wenn Du Dich darauf oft fokussierst oder Dich der Auswirkungen nicht bewusst bist oder durch Subliminals bzw. Subvisuals diese Programmierung gar nicht wahrgenommen wird und gleich in Deinem Unterbewu\u00dftsein als Programmierung wirkt.<\/li>\n<\/ul>\n<p>Die effektivsten Fremdprogrammierungen (schlimmsten Quellen) sind heute<\/p>\n<ul>\n<li>die <strong>Programme von Fernsehen, Rundfunk<\/strong>\u00a0und <strong>Printmedien<\/strong>\u00a0(Zeitungen, Zeitschriften) sowie<\/li>\n<li>die <strong>Programme des Bildungssystems<\/strong> (Grund-Schulen und Hoch-Schulen).<\/li>\n<li>die Sozialen Medien (KI mit S\u00e4uberungs-Algorithmen von Ungew\u00fcnschtem, mit neutralisierenden und meinungsbildenden Reaktionen usw.)<\/li>\n<\/ul>\n<p>Hier werden einem haufenweise Dogmen, beschr\u00e4nkte Konzepte oder negative Glaubensmuster in das Unterbewusstsein gepflanzt. TV-<em><strong>Programme<\/strong> <\/em>hei\u00dfen genau so, weil sie das Unterbewusstsein der Menschen programmieren.<\/p>\n<p>Das, was man sich anschaut, pflanzt sich durch Wiederholung (und hypnotischen Zustand durch Fernsehwellen) in das Unterbewusstsein ein.<\/p>\n<p><span style=\"color: #0000ff;\"><strong>(3) Konzeptionelle Macht, Programmierung und Steuerung der Gesellschaft <\/strong><\/span><\/p>\n<p>Der Globale Pr\u00e4diktor (Tiefer Staat) hat die konzeptionelle Macht und bestimmt, wohin sich die Gesellschaft entwickeln soll. Er bestimmt davon ausgehend alle Machtfaktoren.<\/p>\n<p>Der globale Pr\u00e4diktor ist eine Gruppe von Individuen, die ein geheimes Wissen \u00fcber die Psyche des Individuums besitzt, das sie bereits seit mindestens zwei Jahrtausenden erfolgreich zur Steuerung von Menschen und Gesellschaftssystemen (Staaten, Firmen) nutzen. Der globale Pr\u00e4diktor ist ein komplexes hierarchisches System.<\/p>\n<p><iframe loading=\"lazy\" title=\"YouTube video player\" src=\"https:\/\/www.youtube.com\/embed\/M8RUFj32_f0\" width=\"560\" height=\"315\" frameborder=\"0\" allowfullscreen=\"allowfullscreen\"><\/iframe><\/p>\n<p><a href=\"http:\/\/reich-sein.eu\/club\/wp-content\/uploads\/2022\/08\/Steuerung-Staat.jpg\"><img loading=\"lazy\" decoding=\"async\" class=\"aligncenter size-full wp-image-2567\" src=\"http:\/\/reich-sein.eu\/club\/wp-content\/uploads\/2022\/08\/Steuerung-Staat.jpg\" alt=\"\" width=\"720\" height=\"482\" srcset=\"https:\/\/reich-sein.eu\/club\/wp-content\/uploads\/2022\/08\/Steuerung-Staat.jpg 720w, https:\/\/reich-sein.eu\/club\/wp-content\/uploads\/2022\/08\/Steuerung-Staat-300x201.jpg 300w\" sizes=\"auto, (max-width: 720px) 100vw, 720px\" \/><\/a><\/p>\n<p><a href=\"http:\/\/reich-sein.eu\/club\/wp-content\/uploads\/2022\/08\/6-prioritaeten-steuerung.jpg-nggid0224-ngg0dyn-1280x720x100-00f0w010c010r110f110r010t010.jpg\"><img loading=\"lazy\" decoding=\"async\" class=\"aligncenter size-full wp-image-2564\" src=\"http:\/\/reich-sein.eu\/club\/wp-content\/uploads\/2022\/08\/6-prioritaeten-steuerung.jpg-nggid0224-ngg0dyn-1280x720x100-00f0w010c010r110f110r010t010.jpg\" alt=\"\" width=\"1280\" height=\"720\" srcset=\"https:\/\/reich-sein.eu\/club\/wp-content\/uploads\/2022\/08\/6-prioritaeten-steuerung.jpg-nggid0224-ngg0dyn-1280x720x100-00f0w010c010r110f110r010t010.jpg 1280w, https:\/\/reich-sein.eu\/club\/wp-content\/uploads\/2022\/08\/6-prioritaeten-steuerung.jpg-nggid0224-ngg0dyn-1280x720x100-00f0w010c010r110f110r010t010-300x169.jpg 300w, https:\/\/reich-sein.eu\/club\/wp-content\/uploads\/2022\/08\/6-prioritaeten-steuerung.jpg-nggid0224-ngg0dyn-1280x720x100-00f0w010c010r110f110r010t010-768x432.jpg 768w, https:\/\/reich-sein.eu\/club\/wp-content\/uploads\/2022\/08\/6-prioritaeten-steuerung.jpg-nggid0224-ngg0dyn-1280x720x100-00f0w010c010r110f110r010t010-1024x576.jpg 1024w\" sizes=\"auto, (max-width: 1280px) 100vw, 1280px\" \/><\/a><a href=\"http:\/\/reich-sein.eu\/club\/wp-content\/uploads\/2022\/08\/faktoren-weltanschauung-beinflussung.jpg-nggid0235-ngg0dyn-1280x854x100-00f0w010c010r110f110r010t010.jpg\"><img loading=\"lazy\" decoding=\"async\" class=\"aligncenter size-full wp-image-2562\" src=\"http:\/\/reich-sein.eu\/club\/wp-content\/uploads\/2022\/08\/faktoren-weltanschauung-beinflussung.jpg-nggid0235-ngg0dyn-1280x854x100-00f0w010c010r110f110r010t010.jpg\" alt=\"\" width=\"1280\" height=\"854\" srcset=\"https:\/\/reich-sein.eu\/club\/wp-content\/uploads\/2022\/08\/faktoren-weltanschauung-beinflussung.jpg-nggid0235-ngg0dyn-1280x854x100-00f0w010c010r110f110r010t010.jpg 1280w, https:\/\/reich-sein.eu\/club\/wp-content\/uploads\/2022\/08\/faktoren-weltanschauung-beinflussung.jpg-nggid0235-ngg0dyn-1280x854x100-00f0w010c010r110f110r010t010-300x200.jpg 300w, https:\/\/reich-sein.eu\/club\/wp-content\/uploads\/2022\/08\/faktoren-weltanschauung-beinflussung.jpg-nggid0235-ngg0dyn-1280x854x100-00f0w010c010r110f110r010t010-768x512.jpg 768w, https:\/\/reich-sein.eu\/club\/wp-content\/uploads\/2022\/08\/faktoren-weltanschauung-beinflussung.jpg-nggid0235-ngg0dyn-1280x854x100-00f0w010c010r110f110r010t010-1024x683.jpg 1024w\" sizes=\"auto, (max-width: 1280px) 100vw, 1280px\" \/><\/a><\/p>\n<\/div>\n<\/div>\n<div id=\"cc-m-9328118375\" class=\"j-module n j-header \">\n<h4 id=\"cc-m-header-9328118375\"><span style=\"color: #0000ff;\"><strong>2) Selbst-Programmierung<\/strong><\/span><\/h4>\n<p>Durch <strong>dauerhafte Selbst-Verantwortung <\/strong>wird<\/p>\n<ul>\n<li>das Unterbewu\u00dftsein,<\/li>\n<li>der\u00a0eigene Glauben und<\/li>\n<li>das eigene &#8222;Mindset&#8220; programmiert<\/li>\n<\/ul>\n<\/div>\n<div id=\"cc-m-9328118575\" class=\"j-module n j-textWithImage \">\n<div id=\"cc-m-textwithimage-9328118575\" class=\"cc-m-textwithimage-inline-rte\" data-name=\"text\" data-action=\"text\">\n<p>Dazu ist\u00a0<strong>kontinuierliche Wiederholung<\/strong>\u00a0erforderlich<\/p>\n<ul>\n<li>Routinen<\/li>\n<li>Rituale<\/li>\n<li>Gewohnheiten<\/li>\n<\/ul>\n<p>Selbstprogrammierung erfordert folgende <strong>mentale F\u00e4higkeiten:<\/strong><\/p>\n<p>(<a href=\"https:\/\/www.blueprints.de\/gesundheit\/ausdauer-beweglichkeit-und-kraft.html\">\u00e4hnlich wie die\u00a0f\u00fcnf motorischen F\u00e4higkeiten:<\/a> Kraft, Ausdauer, Schnelligkeit, Koordination und Beweglichkeit.)<\/p>\n<ol>\n<li><strong>Kraft\u00a0<\/strong>(Willenskraft, Mut): die F\u00e4higkeit, gegen einem Widerstand (Tr\u00e4gheit, Bequemlichkeit) zu wirken und diesen zu \u00fcberwinden.<\/li>\n<li><strong>Ausdauer <\/strong>(Durchhalteverm\u00f6gen): die F\u00e4higkeit eine (mentale) Aktivit\u00e4t \u00fcber einen l\u00e4ngeren Zeitraum ohne Erm\u00fcdung und Unterbrechung durchzuf\u00fchren.<\/li>\n<li><strong>Schnelligkeit:<\/strong>\u00a0 die F\u00e4higkeit, (mentale) Ver\u00e4nderungen (Programmierungen) mit h\u00f6chstm\u00f6glicher Geschwindigkeit auszuf\u00fchren.<\/li>\n<li><strong>Koordination:<\/strong> die F\u00e4higkeit, n\u00f6tige mentale Abl\u00e4ufe pr\u00e4zise, \u00f6konomisch und harmonisch durchzuf\u00fchren.<\/li>\n<li><strong>Beweglichkeit<\/strong><strong>:<\/strong>\u00a0die F\u00e4higkeit, Ver\u00e4nderungen (Programmierungen) mit einem m\u00f6glichst gro\u00dfen Ver\u00e4nderungsumfang ausf\u00fchren zu k\u00f6nnen. Wie auch die Koordination stellt sie\u00a0 eine\u00a0<strong>Grundlage<\/strong>\u00a0dar.<\/li>\n<\/ol>\n<p>Es dauert eine Zeit lang, bis sich die neuen Glaubenss\u00e4tze, Gef\u00fchlsmuster, Verhaltensweisen und Routinen fest verankern, zur Gewohnheit werden.<\/p>\n<p>Mindestens 21 Wiederholungen bzw. 30 Tage braucht man, damit das Unterbewusstsein neu programmiert ist. Je h\u00e4ufiger und kontinuierlicher man es macht, desto st\u00e4rker ist die Wirkung.<\/p>\n<p><em>&#8222;Lernen ist wie Rudern gegen den Strom. Sobald man aufh\u00f6rt, treibt man zur\u00fcck.&#8220;<\/em> (Edward Benjamin Britten, 1913 &#8211; 1976)<\/p>\n<p>Um die\u00a0<strong>Wirkung aufrecht zu erhalten, darf man nicht aufh\u00f6ren,<\/strong>\u00a0<strong>sich immer wieder zu programmieren<\/strong>. (<span style=\"color: #0000ff;\"><strong>Diese Erkenntnis ist sehr wichtig!)<\/strong><\/span><\/p>\n<p>Wenn man aufh\u00f6rt, sich selbst zu programmieren, wirken sofort und\u00a0<strong>automatisch<\/strong>\u00a0die unbewu\u00dften alten <strong>Fremdprogrammierungen:\u00a0<\/strong><strong>Diese negativen Kr\u00e4fte ziehen\u00a0<\/strong>zur\u00fcck in die <strong>Programme<\/strong>\u00a0<strong>K\u00e4mpfen, Reagieren und altes Selbst.<\/strong><\/p>\n<div id=\"cc-m-9328119875\" class=\"j-module n j-header \"><\/div>\n<p>&nbsp;<\/p>\n<\/div>\n<\/div>\n","protected":false},"excerpt":{"rendered":"<p>Informieren (Formeln, Regeln &amp; Faktoren) f\u00fcr Reichsein Entwicklung vom Opfer zum Sch\u00f6pfer Der Buddha sprach: \u00abSollte ein Mann in der Schlacht tausend Gegner besiegen und noch einmal tausend, und ein anderer besiegte sich selbst, so w\u00e4re des zweiten der gr\u00f6\u00dfere Sieg, denn von allen Siegen der gr\u00f6\u00dfte ist der Sieg eines Menschen \u00fcber sich selbst. [&hellip;]<\/p>\n","protected":false},"author":1,"featured_media":0,"parent":2897,"menu_order":0,"comment_status":"closed","ping_status":"closed","template":"members-style1-nosidebar.php","meta":{"footnotes":"","_links_to":"","_links_to_target":""},"class_list":["post-1672","page","type-page","status-publish","hentry"],"_links":{"self":[{"href":"https:\/\/reich-sein.eu\/club\/wp-json\/wp\/v2\/pages\/1672","targetHints":{"allow":["GET"]}}],"collection":[{"href":"https:\/\/reich-sein.eu\/club\/wp-json\/wp\/v2\/pages"}],"about":[{"href":"https:\/\/reich-sein.eu\/club\/wp-json\/wp\/v2\/types\/page"}],"author":[{"embeddable":true,"href":"https:\/\/reich-sein.eu\/club\/wp-json\/wp\/v2\/users\/1"}],"replies":[{"embeddable":true,"href":"https:\/\/reich-sein.eu\/club\/wp-json\/wp\/v2\/comments?post=1672"}],"version-history":[{"count":77,"href":"https:\/\/reich-sein.eu\/club\/wp-json\/wp\/v2\/pages\/1672\/revisions"}],"predecessor-version":[{"id":4289,"href":"https:\/\/reich-sein.eu\/club\/wp-json\/wp\/v2\/pages\/1672\/revisions\/4289"}],"up":[{"embeddable":true,"href":"https:\/\/reich-sein.eu\/club\/wp-json\/wp\/v2\/pages\/2897"}],"wp:attachment":[{"href":"https:\/\/reich-sein.eu\/club\/wp-json\/wp\/v2\/media?parent=1672"}],"curies":[{"name":"wp","href":"https:\/\/api.w.org\/{rel}","templated":true}]}}