{"id":1687,"date":"2022-02-06T10:58:09","date_gmt":"2022-02-06T08:58:09","guid":{"rendered":"http:\/\/reich-sein.eu\/club\/?page_id=1687"},"modified":"2022-11-23T22:44:39","modified_gmt":"2022-11-23T20:44:39","slug":"bewusstsein","status":"publish","type":"page","link":"https:\/\/reich-sein.eu\/club\/seins-dimensionen\/bewusstsein\/","title":{"rendered":"BEWUSSTSEIN"},"content":{"rendered":"<h2><\/h2>\n<div class=\"thrv_wrapper thrv_text_element\" data-tag=\"h1\" data-css=\"tve-u-17767383aa6\">\n<ul>\n<li data-css=\"tve-u-177673747f6\">\n<h3><span style=\"color: #0000ff;\"><strong>&#8222;Geist-Reich Denken&#8220;<\/strong><\/span><\/h3>\n<\/li>\n<\/ul>\n<p><a href=\"https:\/\/akademie-zukunft-mensch.com\/geist-reich-denken-videolehrgang\/\"><strong>Mein Schl\u00fcssel zu Selbsterkenntnis und Selbstbestimmung<\/strong><\/a><\/p>\n<\/div>\n<ul>\n<li>\n<h3><span style=\"color: #0000ff;\"><strong>Vorhandene Formeln f\u00fcr individuellen Reichtum\u00a0<\/strong><\/span><\/h3>\n<\/li>\n<\/ul>\n<p>1 Die verbreitete 6-Schritte-Formel finanziellen Reichtums<br \/>\n2 Joseph Murphy: 10 Tipps zur Geldvermehrung<br \/>\n3 Helmut Ament: Das universelle Erfolgsgeheimnis<br \/>\n4 Warren Buffett: Wie man reich wird.<br \/>\n5 Andre Kostolany: Vier Voraussetzungen f\u00fcr Aktien-Gewinne<br \/>\n6 Napoleon Hill: Denke nach und werde reich<br \/>\n7 Robert T. Kiyosaki: Cashflow Quadrant<br \/>\n8 Ralf Hiltmann: Das Weisheits-Prinzip<br \/>\n9 Cern Basher: Formel f\u00fcr finanziellen Reichtum<br \/>\n10 Rene Egli: Das LOLA-Prinzip<br \/>\n11 Ken Honda: \u201eArigato\u201c (Dankbarkeit) als Schl\u00fcssel zum Wohlstand<br \/>\n12 Hans-Peter Zimmermann: Das Wirkungs-Prinzip<br \/>\n13 Cern Basher: Formel f\u00fcr finanziellen Reichtum<br \/>\n14 Mandy Pohl: 13 goldene Schl\u00fcssel zur finanziellen Freiheit<br \/>\n15 Thomas C. Corley: T\u00e4gliche Erfolgsgewohnheiten der Wohlhabenden<br \/>\n16 Carsten Maschmeyer: Die Million\u00e4rsformel ist eine Lebensformel<br \/>\n17 Mike Hager: Die 4-Schritte-Reichtumsformel<br \/>\n18 Thorsten Wittmann: Finanzielle Freiheit in 7 Disziplinen<br \/>\n19 Richard Templar: Die Regeln des Reichtums<br \/>\n20 Nicolas Edling: Die Reichtumsformel<br \/>\n21 Dagobert Duck: Liebe das, was um dich ist<br \/>\n22 Maxim Mankevich: Die einfachste Formel f\u00fcr Reichtum<br \/>\n23 Florian Homm: Gl\u00fccksformel<br \/>\n24 Prof. Dr. Georg Milbradt: Die Harry-Potter-Methode<br \/>\n25 Vick Stritzheus: Prinzipien von Internet-Million\u00e4ren<br \/>\n26 isnca: Die 7-Punkte-Formel f\u00fcr finanzielle Freiheit<\/p>\n<h3><span style=\"color: #0000ff;\"><strong>Informieren (Faktoren, Formeln) f\u00fcr Reich-Sein und Wohl-Sein<\/strong><\/span><\/h3>\n<p><strong>1 Buchst\u00e4blich Begriffliches zum REICH-Sein<\/strong><br \/>\n<strong>2 Gottes-Formeln: In seinem heiligen Namen<\/strong><br \/>\n2.1 Die 99 sch\u00f6nsten Namen Gottes (ALLAHs)<br \/>\n2.2 Die 72 Namen des Herrn (Engel)<br \/>\n2.3 Das Gottes-Reich im Namen Gottes<br \/>\n2.4 Einssein mit der Quelle<br \/>\n<strong>3 Einhalten der kosmischen Gesetze<\/strong><br \/>\n<strong>4 Die richtige Form des Lebens (des guten Lebens)<\/strong><br \/>\n4.1 Die hierarchischen Bausteine des Lebens<br \/>\n4.2 Das falsche Leben der Menschen<br \/>\n4.3 Der (Aus-)Weg in das gute Leben<br \/>\n<strong>5 Liebe Dich und lebe Dein Leben<\/strong><br \/>\n5.1 Liebe Dich, so wie Du bist.<br \/>\n5.2 Lebe Dein Leben!<br \/>\n<strong>6 Lebe Dein Leben im Einklang mit allem<\/strong><br \/>\n<strong>7 Die richtige Form des Denkens und Handelns<\/strong><br \/>\n7.1 Symbol der F\u00fclle<br \/>\n7.2 Konzept der F\u00fclle<br \/>\n7.3 Reich-Sein und Wohl-Sein<br \/>\n7.4 SEIN WILLE GESCHEHE im RE-ICH<br \/>\n<strong>8 Die richtige Form des Gebens<\/strong><br \/>\n<strong>9 Die wahre Formel f\u00fcr Erfolg<\/strong><br \/>\n9.1 Begrenzung durch materiellen Erfolg<br \/>\n9.2 Wahrer ERFOLG im Leben<br \/>\n9.3 Falsche Abfolge zum Erfolg<br \/>\n9.4 Richtige Schrittfolge zum Erfolg<br \/>\n9.5 So ER-Geben und manifestieren sich wirkliche Erfolge<br \/>\n<strong>10 Individuelles Wohlsein<\/strong><br \/>\n10.1 Wohl-Sein (Wohlbefinden, Wellbeing, Wellness)<br \/>\n10.2 Aufbau des Allgemeinen Wohlbefindens<br \/>\n10.3 Carol Ryff: Aspekte des Psychischen Wohlbefindens<br \/>\n10.4 Der Zustand des Wohl-Seins in der F\u00fclle<br \/>\n10.5 Carl Gustav Jung: F\u00fcnf Schl\u00fcssel zum Gl\u00fcck<br \/>\n10.6 Martin Seligman: PERMA-Modell<br \/>\n10.7 Die 8 Dimensionen des Wohlseins (Well-Beings)<br \/>\n10.8 Pendel von Mangel und \u00dcberflu\u00df<br \/>\n10.9 Zust\u00e4nde des Mangels und des \u00dcberfl\u00fcsses<br \/>\n10.10 Das Konzept des Wohl-Seins in der F\u00fclle<br \/>\n<strong>11 Kollektives Wohlsein (Wohl-Gesch\u00e4ft)<\/strong><br \/>\n11.1 Wohlsein im Unternehmen<br \/>\n11.2 Das Modell f\u00fcr WellBusiness<\/p>\n","protected":false},"excerpt":{"rendered":"<p>&#8222;Geist-Reich Denken&#8220; Mein Schl\u00fcssel zu Selbsterkenntnis und Selbstbestimmung Vorhandene Formeln f\u00fcr individuellen Reichtum\u00a0 1 Die verbreitete 6-Schritte-Formel finanziellen Reichtums 2 Joseph Murphy: 10 Tipps zur Geldvermehrung 3 Helmut Ament: Das universelle Erfolgsgeheimnis 4 Warren Buffett: Wie man reich wird. 5 Andre Kostolany: Vier Voraussetzungen f\u00fcr Aktien-Gewinne 6 Napoleon Hill: Denke nach und werde reich 7 [&hellip;]<\/p>\n","protected":false},"author":1,"featured_media":0,"parent":2897,"menu_order":2,"comment_status":"closed","ping_status":"closed","template":"members-style1-nosidebar.php","meta":{"footnotes":"","_links_to":"","_links_to_target":""},"class_list":["post-1687","page","type-page","status-publish","hentry"],"_links":{"self":[{"href":"https:\/\/reich-sein.eu\/club\/wp-json\/wp\/v2\/pages\/1687","targetHints":{"allow":["GET"]}}],"collection":[{"href":"https:\/\/reich-sein.eu\/club\/wp-json\/wp\/v2\/pages"}],"about":[{"href":"https:\/\/reich-sein.eu\/club\/wp-json\/wp\/v2\/types\/page"}],"author":[{"embeddable":true,"href":"https:\/\/reich-sein.eu\/club\/wp-json\/wp\/v2\/users\/1"}],"replies":[{"embeddable":true,"href":"https:\/\/reich-sein.eu\/club\/wp-json\/wp\/v2\/comments?post=1687"}],"version-history":[{"count":16,"href":"https:\/\/reich-sein.eu\/club\/wp-json\/wp\/v2\/pages\/1687\/revisions"}],"predecessor-version":[{"id":4288,"href":"https:\/\/reich-sein.eu\/club\/wp-json\/wp\/v2\/pages\/1687\/revisions\/4288"}],"up":[{"embeddable":true,"href":"https:\/\/reich-sein.eu\/club\/wp-json\/wp\/v2\/pages\/2897"}],"wp:attachment":[{"href":"https:\/\/reich-sein.eu\/club\/wp-json\/wp\/v2\/media?parent=1687"}],"curies":[{"name":"wp","href":"https:\/\/api.w.org\/{rel}","templated":true}]}}