{"id":1985,"date":"2022-02-24T22:22:20","date_gmt":"2022-02-24T20:22:20","guid":{"rendered":"http:\/\/reich-sein.eu\/club\/?page_id=1985"},"modified":"2022-11-23T17:22:56","modified_gmt":"2022-11-23T15:22:56","slug":"dr-wolf-barth","status":"publish","type":"page","link":"https:\/\/reich-sein.eu\/club\/dr-wolf-barth\/","title":{"rendered":"Dr. Wolf Barth"},"content":{"rendered":"<h2><span style=\"color: #0000ff;\"><strong>\u00dcber den Autor Dr. Wolf Barth<\/strong><\/span><\/h2>\n<p><a href=\"http:\/\/reich-sein.eu\/club\/wp-content\/uploads\/2022\/02\/ich.jpg\"><img loading=\"lazy\" decoding=\"async\" class=\"alignleft wp-image-1829 size-medium\" src=\"http:\/\/reich-sein.eu\/club\/wp-content\/uploads\/2022\/02\/ich-197x300.jpg\" alt=\"\" width=\"197\" height=\"300\" srcset=\"https:\/\/reich-sein.eu\/club\/wp-content\/uploads\/2022\/02\/ich-197x300.jpg 197w, https:\/\/reich-sein.eu\/club\/wp-content\/uploads\/2022\/02\/ich.jpg 210w\" sizes=\"auto, (max-width: 197px) 100vw, 197px\" \/><\/a><\/p>\n<p>Jahrgang 1950<br \/>\ndiplomierter und promovierter Sozial- und Betriebs-Psychologe (Friedrich-Schiller Universit\u00e4t Jena)<br \/>\nErfahrungen vom Leben und Wirken f\u00fcr ein sozialistisches Gesellschafts-Konzept in der DDR als begonnene, aber zerst\u00f6rte deutsche Alternative zum Geld- bzw. Kapital-System.<\/p>\n<p><strong>Seit 1974 t\u00e4tig<\/strong><br \/>\nIn Wirtschaft, Sport &amp; Kultur, Gesundheit, Internet als F\u00fchrungskraft, Trainer &amp; Berater f\u00fcr Personal, Pers\u00f6nlichkeit, Mentales,<br \/>\n&#8211; als psychologischer Coach und Therapeut,<br \/>\n&#8211; als Vertriebler (Direktvertrieb, Network Marketing, Affiliate-Marketing),<br \/>\n&#8211; als Autor (B\u00fccher, Blog-Artikel, Kurse, Audios, Videos, Pr\u00e4sentationen): (<a href=\"https:\/\/www.wbarth.com\">https:\/\/www.wbarth.com<\/a>)<br \/>\n&#8211; als Webmaster und Blogger verschiedener eigener Webseiten:<\/p>\n<p><strong>Seit 1991 spezielle Besch\u00e4ftigung mit<\/strong><br \/>\n&#8211; Finanzen und Finanzdienstleistungen (u.a. Allgemeiner Wirtschaftsdienst \u2013 AWD) (1991-1995)<br \/>\n&#8211; Artikelserie als Experte bei VNR.de (heute: experto.de): &#8222;Mentaltraining und Geld&#8220; (2009\/2010)<br \/>\n&#8211; \u201eExperten des Jahres 2010\u201c im damals f\u00fchrenden Online-Expertenportal VNR mit Artikel \u201aMentales Geldtraining: Kopf blockiert oft Reichtum\u2018 (2010)<br \/>\n&#8211; Reichsein, Geld und Reichtum (https:\/\/reich-sein.eu) (2012)<br \/>\n&#8211; M\u00f6glichkeiten des Geldverdienstes im Internet (https:\/\/geld-verdienen.name) (2012) &#8211; Eigene Handy-App f\u00fcr Apple-Store: \u201eReichtum aktivieren\u201c (2012)<\/p>\n<p><strong>Seit 2015 speziell Besch\u00e4ftigung mit<\/strong><br \/>\n&#8211; Kryptow\u00e4hrung (OneCoin, BitCoin &amp; AltCoins u.a.)<br \/>\n&#8211; Revolution der Finanzwelt (https:\/\/one-fin.net) (2017)<br \/>\n&#8211; Spezialwebseite und eBook zu Gold (https:\/\/gold.one-fin.net) (2017)<br \/>\n&#8211; Mehrere B\u00fccher zum Thema Kryptow\u00e4hrung (2015-2019)<br \/>\n&#8211; Mehrere Artikel als \u201eKrypto-Experte\u201c im Online-Magazin FinanzPraxis (https:\/\/www.finanzpraxis.com) (2019)<br \/>\n&#8211; Eigene Webseite BestCryptos (https:\/\/bestcryptos.info) (2020)<\/p>\n<p><strong>Auswahl B\u00fccher:<\/strong><br \/>\n\u2022 Verhandlungsf\u00fchrung in der Au\u00dfenhandelst\u00e4tigkeit (1984)<br \/>\n\u2022 Gesch\u00e4ftsverhandlungen im Au\u00dfenhandel (1988)<br \/>\n\u2022 Leitungsaufgaben zur Qualifizierung von Gesch\u00e4ftsverhandlungen (1989)<br \/>\n\u2022 Mentales Geldtraining (2011)<br \/>\n\u2022 50 Ideen zum Geldverdienen im Internet (2013)<br \/>\n\u2022 Mit Mental-Kraft zum Verkaufs-Erfolg (2014)<br \/>\n\u2022 Gib Network Marketing eine Chance f\u00fcr Dein Leben (2015)<br \/>\n\u2022 Verdiene mit OneCoin. Die moderne Kryptow\u00e4hrung (2015)<br \/>\n\u2022 GELD-Revolution mit OneCoin. Innovative Kryptow\u00e4hrung auf dem Vormarsch (2015)<br \/>\n\u2022 Neuer Goldstandard: Gold wird wieder Geld. Jetzt sollte jeder GOLD kaufen! (2017)<br \/>\n\u2022 R\u00fcckabwicklung von Lebens-, Renten- und Fondsversicherungen (2017)<br \/>\n\u2022 Disruptiver Wandel der Finanzwelt durch Kryptow\u00e4hrung (2018)<br \/>\n\u2022 KRYPTO Chance &amp; Risiko: M\u00f6glichkeiten und Herausforderungen mit Kryptos, Band 1 (2018)<br \/>\n\u2022 KRYPTO M\u00e4rkte: Die aufstrebenden Handelsgebiete, Band 2 (2018)<br \/>\n\u2022 KRYPTO Gesch\u00e4ft : In Kryptom\u00e4rkten Geld machen, Band 3 (2018)<br \/>\n\u2022 KRYPTO Einstieg: Anleitung f\u00fcr Deinen Start ins Krypto-Gesch\u00e4ft, Band 4 (2019)<br \/>\n\u2022 Finanzielle Selbstverteidigung. Sicherung Deines Privatverm\u00f6gens durch Krisenw\u00e4hrungen (2019)<\/p>\n","protected":false},"excerpt":{"rendered":"<p>\u00dcber den Autor Dr. Wolf Barth Jahrgang 1950 diplomierter und promovierter Sozial- und Betriebs-Psychologe (Friedrich-Schiller Universit\u00e4t Jena) Erfahrungen vom Leben und Wirken f\u00fcr ein sozialistisches Gesellschafts-Konzept in der DDR als begonnene, aber zerst\u00f6rte deutsche Alternative zum Geld- bzw. Kapital-System. Seit 1974 t\u00e4tig In Wirtschaft, Sport &amp; Kultur, Gesundheit, Internet als F\u00fchrungskraft, Trainer &amp; Berater f\u00fcr [&hellip;]<\/p>\n","protected":false},"author":1,"featured_media":0,"parent":0,"menu_order":0,"comment_status":"closed","ping_status":"closed","template":"members-style1-nosidebarUS.php","meta":{"footnotes":"","_links_to":"","_links_to_target":""},"class_list":["post-1985","page","type-page","status-publish","hentry"],"_links":{"self":[{"href":"https:\/\/reich-sein.eu\/club\/wp-json\/wp\/v2\/pages\/1985","targetHints":{"allow":["GET"]}}],"collection":[{"href":"https:\/\/reich-sein.eu\/club\/wp-json\/wp\/v2\/pages"}],"about":[{"href":"https:\/\/reich-sein.eu\/club\/wp-json\/wp\/v2\/types\/page"}],"author":[{"embeddable":true,"href":"https:\/\/reich-sein.eu\/club\/wp-json\/wp\/v2\/users\/1"}],"replies":[{"embeddable":true,"href":"https:\/\/reich-sein.eu\/club\/wp-json\/wp\/v2\/comments?post=1985"}],"version-history":[{"count":4,"href":"https:\/\/reich-sein.eu\/club\/wp-json\/wp\/v2\/pages\/1985\/revisions"}],"predecessor-version":[{"id":1989,"href":"https:\/\/reich-sein.eu\/club\/wp-json\/wp\/v2\/pages\/1985\/revisions\/1989"}],"wp:attachment":[{"href":"https:\/\/reich-sein.eu\/club\/wp-json\/wp\/v2\/media?parent=1985"}],"curies":[{"name":"wp","href":"https:\/\/api.w.org\/{rel}","templated":true}]}}