{"id":2,"date":"2013-04-26T05:40:35","date_gmt":"2013-04-26T05:40:35","guid":{"rendered":"http:\/\/reich-sein.eu\/club\/?page_id=2"},"modified":"2022-11-24T13:00:51","modified_gmt":"2022-11-24T11:00:51","slug":"home","status":"publish","type":"page","link":"https:\/\/reich-sein.eu\/club\/home\/","title":{"rendered":"Home"},"content":{"rendered":"<p>&nbsp;<\/p>\n<p><a href=\"http:\/\/reich-sein.eu\/club\/wp-content\/uploads\/2013\/04\/Logo1.jpg\"><img loading=\"lazy\" decoding=\"async\" class=\"alignleft wp-image-7\" src=\"http:\/\/reich-sein.eu\/club\/wp-content\/uploads\/2013\/04\/Logo1-1024x162.jpg\" alt=\"Logo1\" width=\"614\" height=\"97\" \/><\/a><\/p>\n<p>&nbsp;<\/p>\n<p>&nbsp;<\/p>\n<p>&nbsp;<\/p>\n<p>&nbsp;<\/p>\n<p>Hier befindest Du Dich auf der Mitgliederseite des <em><strong>&#8222;Reich-Sein-Clubs&#8220;<\/strong><\/em><\/p>\n<p>Hier biete ich Dir einige <strong>Ressourcen<\/strong> f\u00fcr Deine Entwicklung zum <strong>inneren geistigen Reichsein<\/strong> &#8211; weg vom Streben nach \u00e4u\u00dferen materiellen Reichtum (Reich-Tun als w\u00e4re man reich)<\/p>\n<h3><span style=\"color: #0000ff;\"><strong>Basis des Reich-Sein-Clubs ist folgendes Begreifen:<\/strong><\/span><\/h3>\n<p><strong><span style=\"color: #993300;\">Reichtum<\/span> = Existieren in Abh\u00e4ngigkeit vom satanischen Wesen &#8222;Mammon&#8220;<\/strong><\/p>\n<p><span style=\"color: #993300;\"><strong>Reichtum<\/strong><\/span> = <strong>Reich-Tun<\/strong>, als w\u00e4re man (wirklich) reich. (In Wahrheit ist der finanziell-materiell Superreiche geistig-seelisch arm, weil er seine Seele an Satan\/Mammon verkaufte, ihm diente und daf\u00fcr Geld &amp; materielle G\u00fcter bekam, nie wirkliche seelische Erf\u00fcllung, inneren Frieden und Gl\u00fcckseligkeit erlangt.)<\/p>\n<p><i>\u201eDas Gesch\u00e4ftemachen und der Reichtum kann den Menschen nicht volle Zufriedenheit geben. Und jene, die in einem gewissen Lebensabschnitt ihre ganze Energie ins Geldmachen stecken, werden eines Tages merken, da\u00df dies nicht die Antwort auf ihr Leben ist.\u201c <\/i>(Dalai Lama)<\/p>\n<p><strong><span style=\"color: #0000ff;\">Reich<\/span>\u00a0= <span style=\"color: #0000ff;\">Re Ich<\/span> = Weg zur\u00fcck zum ICH BIN, in den Dienst an Gott!<\/strong><\/p>\n<p><strong><span style=\"color: #0000ff;\">Reich-Sein<\/span> <\/strong>= Leben in Licht und Liebe Gottes, im Ich Gott danke der Sch\u00f6pfung!<\/p>\n<p><span style=\"color: #0000ff;\"><strong>Du must Dich im irdischen Leben (immer wieder neu) entscheiden:<\/strong><\/span><\/p>\n<ul>\n<li><span style=\"color: #0000ff;\"><strong>Du kannst nur EINEM dienen<\/strong><\/span>&#8211; <strong><em>entweder <span style=\"color: #0000ff;\">Gott<\/span> oder dem <span style=\"color: #993300;\">Teufel\/Satan\/Mammon<\/span>?<\/em><\/strong><\/li>\n<\/ul>\n<p>*************************************<\/p>\n<p><span style=\"color: #0000ff;\"><strong>Diese Webseite ist in st\u00e4ndiger Weiter-Entwicklung &#8211; Ver\u00e4nderung: Erneuerung, Erg\u00e4nzung.<\/strong><\/span><\/p>\n<p>+++++++++++++++++++++++++++<\/p>\n<p>Die\u00a0Historiker der Welt haben die Geschichte als eine Reihe politischer Ereignisse dargestellt und <strong>dabei dem Geld nicht die Bedeutung beimessen, die es in Wirklichkeit hat.<\/strong><\/p>\n<p>So hatte beispielsweise der Sturz des libyschen Staatschefs Muammar Gaddafi nichts mit dem Wunsch der Menschen nach &#8222;Demokratie&#8220; zu tun.\u00a0Es war ein Kampf um die Kontrolle \u00fcber die libysche \u00d6lf\u00f6rderung und die Verhinderung\u00a0 eines afrikanischen Gold-Dinars (statt weiterhin des amerikanischen Petrodollars)\u00a0<a href=\"https:\/\/tsargrad.tv\/news\/aleksandr-dugin-vypuskaet-knigu-bytie-i-imperija_626769\">https:\/\/tsargrad.tv<\/a><\/p>\n","protected":false},"excerpt":{"rendered":"<p>&nbsp; &nbsp; &nbsp; &nbsp; &nbsp; Hier befindest Du Dich auf der Mitgliederseite des &#8222;Reich-Sein-Clubs&#8220; Hier biete ich Dir einige Ressourcen f\u00fcr Deine Entwicklung zum inneren geistigen Reichsein &#8211; weg vom Streben nach \u00e4u\u00dferen materiellen Reichtum (Reich-Tun als w\u00e4re man reich) Basis des Reich-Sein-Clubs ist folgendes Begreifen: Reichtum = Existieren in Abh\u00e4ngigkeit vom satanischen Wesen &#8222;Mammon&#8220; [&hellip;]<\/p>\n","protected":false},"author":1,"featured_media":0,"parent":0,"menu_order":1,"comment_status":"open","ping_status":"open","template":"members-style1-nosidebar.php","meta":{"footnotes":"","_links_to":"","_links_to_target":""},"class_list":["post-2","page","type-page","status-publish","hentry"],"_links":{"self":[{"href":"https:\/\/reich-sein.eu\/club\/wp-json\/wp\/v2\/pages\/2","targetHints":{"allow":["GET"]}}],"collection":[{"href":"https:\/\/reich-sein.eu\/club\/wp-json\/wp\/v2\/pages"}],"about":[{"href":"https:\/\/reich-sein.eu\/club\/wp-json\/wp\/v2\/types\/page"}],"author":[{"embeddable":true,"href":"https:\/\/reich-sein.eu\/club\/wp-json\/wp\/v2\/users\/1"}],"replies":[{"embeddable":true,"href":"https:\/\/reich-sein.eu\/club\/wp-json\/wp\/v2\/comments?post=2"}],"version-history":[{"count":25,"href":"https:\/\/reich-sein.eu\/club\/wp-json\/wp\/v2\/pages\/2\/revisions"}],"predecessor-version":[{"id":5066,"href":"https:\/\/reich-sein.eu\/club\/wp-json\/wp\/v2\/pages\/2\/revisions\/5066"}],"wp:attachment":[{"href":"https:\/\/reich-sein.eu\/club\/wp-json\/wp\/v2\/media?parent=2"}],"curies":[{"name":"wp","href":"https:\/\/api.w.org\/{rel}","templated":true}]}}