{"id":2055,"date":"2022-05-30T16:35:44","date_gmt":"2022-05-30T14:35:44","guid":{"rendered":"http:\/\/reich-sein.eu\/club\/?page_id=2055"},"modified":"2022-05-30T17:06:41","modified_gmt":"2022-05-30T15:06:41","slug":"reich-sein-coaching-mit-dr-wolf-barth","status":"publish","type":"page","link":"https:\/\/reich-sein.eu\/club\/reich-sein-coaching-mit-dr-wolf-barth\/","title":{"rendered":"Reich-Sein-Coaching mit Dr. Wolf Barth"},"content":{"rendered":"<h2><span style=\"color: #0000ff;\"><b>Teil 4: Reich-Sein-Coaching mit Dr. Wolf Barth<\/b><\/span><\/h2>\n<p><strong>Informationsfeldgesteuertes Frequenz-, Energie- und Resonanz-Coaching<\/strong><\/p>\n<p><a href=\"http:\/\/reich-sein.eu\/club\/wp-content\/uploads\/2022\/02\/Coaching_2.0.jpg\"><img loading=\"lazy\" decoding=\"async\" class=\"size-medium wp-image-1897 alignnone\" src=\"http:\/\/reich-sein.eu\/club\/wp-content\/uploads\/2022\/02\/Coaching_2.0-300x221.jpg\" alt=\"\" width=\"300\" height=\"221\" srcset=\"https:\/\/reich-sein.eu\/club\/wp-content\/uploads\/2022\/02\/Coaching_2.0-300x221.jpg 300w, https:\/\/reich-sein.eu\/club\/wp-content\/uploads\/2022\/02\/Coaching_2.0-768x565.jpg 768w, https:\/\/reich-sein.eu\/club\/wp-content\/uploads\/2022\/02\/Coaching_2.0-1024x753.jpg 1024w, https:\/\/reich-sein.eu\/club\/wp-content\/uploads\/2022\/02\/Coaching_2.0.jpg 1225w\" sizes=\"auto, (max-width: 300px) 100vw, 300px\" \/><\/a><\/p>\n<p>1) Information identifizieren (Blaupause\u00a0im Quantenfeld Deines Lebens, geistige Ursache)<br \/>\n2) Information verbessern (inneres Potential und Verm\u00f6gen f\u00fcr Dein Leben)<br \/>\n3) Energie-Blockaden identifizieren und l\u00f6sen (Denken und Glauben, F\u00fchlen und Erleben)<br \/>\n4) Energie erh\u00f6hen (Aura, Chakren)<br \/>\n5) Resonanzen identifizieren und l\u00f6sen (unerl\u00f6ste Konflikte)<br \/>\n6) Leben flie\u00dfen lassen (Bewegen, Flow, Wandeln)<br \/>\n7) Leben mit dem Ursprung harmonisieren (Dein erfolgreiches, heiles und zufriedenes Sein).<br \/>\n(nach pers\u00f6nlicher Vereinbarung, online, <a href=\"https:\/\/heilfrequenzen.ws\/\">Nutzung vom Healy-System<\/a>)<\/p>\n<p>kostenfreies Kontaktgespr\u00e4ch f\u00fcr Mitglieder Reich-Sein-Club<br \/>\nkostenfreie Analyse von Aura und Bachbl\u00fcten-Resonanz\u00a0f\u00fcr Mitglieder Reich-Sein-Club<br \/>\nInhalt, Umfang und Preis f\u00fcr nachfolgendes Coaching nach individueller Abstimmung in Kontaktgespr\u00e4ch<\/p>\n","protected":false},"excerpt":{"rendered":"<p>Teil 4: Reich-Sein-Coaching mit Dr. Wolf Barth Informationsfeldgesteuertes Frequenz-, Energie- und Resonanz-Coaching 1) Information identifizieren (Blaupause\u00a0im Quantenfeld Deines Lebens, geistige Ursache) 2) Information verbessern (inneres Potential und Verm\u00f6gen f\u00fcr Dein Leben) 3) Energie-Blockaden identifizieren und l\u00f6sen (Denken und Glauben, F\u00fchlen und Erleben) 4) Energie erh\u00f6hen (Aura, Chakren) 5) Resonanzen identifizieren und l\u00f6sen (unerl\u00f6ste Konflikte) 6) [&hellip;]<\/p>\n","protected":false},"author":1,"featured_media":0,"parent":0,"menu_order":0,"comment_status":"closed","ping_status":"closed","template":"","meta":{"footnotes":"","_links_to":"","_links_to_target":""},"class_list":["post-2055","page","type-page","status-publish","hentry"],"_links":{"self":[{"href":"https:\/\/reich-sein.eu\/club\/wp-json\/wp\/v2\/pages\/2055","targetHints":{"allow":["GET"]}}],"collection":[{"href":"https:\/\/reich-sein.eu\/club\/wp-json\/wp\/v2\/pages"}],"about":[{"href":"https:\/\/reich-sein.eu\/club\/wp-json\/wp\/v2\/types\/page"}],"author":[{"embeddable":true,"href":"https:\/\/reich-sein.eu\/club\/wp-json\/wp\/v2\/users\/1"}],"replies":[{"embeddable":true,"href":"https:\/\/reich-sein.eu\/club\/wp-json\/wp\/v2\/comments?post=2055"}],"version-history":[{"count":2,"href":"https:\/\/reich-sein.eu\/club\/wp-json\/wp\/v2\/pages\/2055\/revisions"}],"predecessor-version":[{"id":2070,"href":"https:\/\/reich-sein.eu\/club\/wp-json\/wp\/v2\/pages\/2055\/revisions\/2070"}],"wp:attachment":[{"href":"https:\/\/reich-sein.eu\/club\/wp-json\/wp\/v2\/media?parent=2055"}],"curies":[{"name":"wp","href":"https:\/\/api.w.org\/{rel}","templated":true}]}}