{"id":22,"date":"2013-07-14T12:28:52","date_gmt":"2013-07-14T10:28:52","guid":{"rendered":"http:\/\/reich-sein.eu\/club\/?page_id=22"},"modified":"2022-11-25T22:37:35","modified_gmt":"2022-11-25T20:37:35","slug":"uberblick","status":"publish","type":"page","link":"https:\/\/reich-sein.eu\/club\/home\/uberblick\/","title":{"rendered":"\u00dcberblick"},"content":{"rendered":"<h2><span style=\"color: #0000ff;\"><strong>Herzlich Willkommen im Reich-Sein-Club<\/strong><\/span><\/h2>\n<p><em><strong>\u201cEs ist nichts Schlechtes dabei, reich werden zu wollen.<\/strong><\/em><br \/>\n<em><strong>Der Wunsch nach Reichtum ist eigentlich nur der Wunsch nach einem reicheren, volleren, erf\u00fcllten Leben\u00a0<\/strong><\/em><em><strong>\u2013 und dieses Verlangen ist lobenswert.\u201d\u00a0<\/strong><\/em>(Wallace Wattles)<\/p>\n<p>Ich w\u00fcnsche Dir gute Inspirationen, aber vor allem positive Entwicklungen (Ver\u00e4nderungen) in Deinem Leben.<br \/>\nWenn dieser Reich-Sein-Club dazu beitragen kann, dann erf\u00fcllt er meine Intentionen.<\/p>\n<h3><span style=\"color: #0000ff;\"><strong>1. Das Club-Symbol<\/strong><\/span><\/h3>\n<p>(siehe unter <strong>Symbole<\/strong> &gt; <strong>Energie-Symbole: &#8222;Energie-Symbol &#8222;Freude, F\u00fclle und Wohlstand&#8220;<\/strong>)<\/p>\n<p><a href=\"http:\/\/reich-sein.eu\/club\/wp-content\/uploads\/2013\/07\/Symbol-des-Clubs.jpg\"><img loading=\"lazy\" decoding=\"async\" class=\"wp-image-742 alignnone\" src=\"http:\/\/reich-sein.eu\/club\/wp-content\/uploads\/2013\/07\/Symbol-des-Clubs-1024x953.jpg\" alt=\"Symbol des Clubs\" width=\"574\" height=\"534\" srcset=\"https:\/\/reich-sein.eu\/club\/wp-content\/uploads\/2013\/07\/Symbol-des-Clubs-1024x953.jpg 1024w, https:\/\/reich-sein.eu\/club\/wp-content\/uploads\/2013\/07\/Symbol-des-Clubs-300x279.jpg 300w, https:\/\/reich-sein.eu\/club\/wp-content\/uploads\/2013\/07\/Symbol-des-Clubs.jpg 1051w\" sizes=\"auto, (max-width: 574px) 100vw, 574px\" \/><\/a><\/p>\n<h3><span style=\"color: #0000ff;\"><b>2. Ziele des Reich-Sein-Clubs<\/b><\/span><\/h3>\n<ul>\n<li>&#8211; Besseres Verstehen von Reich-Sein. Reichtum, Reich-Tun und reichlich Haben.<\/li>\n<li>&#8211; Besserer bzw. produktiverer Umgang mit Geld im Leben<\/li>\n<li>&#8211; Umwandeln von Mangel-Bewu\u00dftsein in F\u00fclle-Bewu\u00dftsein.<\/li>\n<li>&#8211; Manifestieren des inneren Reichtums im \u00e4u\u00dferen Leben aufgrund des Gesetzes der Resonanz.<\/li>\n<li>&#8211; Magnetisches Anziehen von Geld f\u00fcr bestimmte Anliegen (Ziele, Projekte).<\/li>\n<li>&#8211; Erschaffen von Wohlstand, Gl\u00fcck und Zufriedenheit<\/li>\n<\/ul>\n<h3><span style=\"color: #0000ff;\"><b>3. Das Konzept<\/b><\/span><\/h3>\n<p>Beherrsche und meistere das Thema Reichtum und Geld und werde nicht beherrscht oder versklavt vom GELD.<\/p>\n<p>Denke, f\u00fchle und handle so, als w\u00e4rest du im Inneren REICH, Du wirst es SEIN und auch im \u00e4u\u00dferen Leben erfahren!<\/p>\n<p>Aus Deinem inneren Reich-SEIN erw\u00e4chst reiches TUN und HABEN= ERFOLG-REICH-SEIN.<\/p>\n<p>Wie innen so au\u00dfen. Deshalb manifestiert sich Dein inneres REICHSEIN im \u00e4u\u00dferen Leben.<\/p>\n<p>Teile Deinen Reichtum gro\u00dfz\u00fcgig mit anderen.<\/p>\n<p>Dies erfordert die L\u00f6schung von Mangel-Bewu\u00dftsein und die Entwicklung eines F\u00fclle-Bewu\u00dftseins durch kontinuierliches und systematisches Training.<\/p>\n<h3><span style=\"color: #0000ff;\"><b>Die Idee f\u00fcr dieses Reichsein-Konzept:<\/b><\/span><\/h3>\n<p><span style=\"color: #0000ff;\"><em><strong>\u201cAlle, die ihren wahren Reichtum noch nicht gefunden haben,<\/strong><\/em><\/span><br \/>\n<span style=\"color: #0000ff;\"><em><strong>die strahlende Freude des Seins und den tiefen, unersch\u00fctterlichen Frieden, der damit einhergeht, <\/strong><\/em><\/span><br \/>\n<span style=\"color: #0000ff;\"><em><strong>sie alle sind Bettler, m\u00f6gen sie materiell auch noch so reich sein. <\/strong><\/em><\/span><br \/>\n<span style=\"color: #0000ff;\"><em><strong>Sie suchen im Au\u00dfen nach Vergn\u00fcgen und Erf\u00fcllung, nach Wertsch\u00e4tzung, Sicherheit und Liebe, <\/strong><\/em><\/span><br \/>\n<span style=\"color: #0000ff;\"><em><strong>w\u00e4hrend sie einen Schatz in sich tragen, der all dies beinhaltet und zugleich unendlich viel gr\u00f6\u00dfer ist als alles, was die Welt anzubieten hat.\u201d\u00a0<\/strong><\/em><\/span>(Eckart Tolle)<\/p>\n<p><b>Preisfrage: <em>Was ist mehr wert als alles Geld oder Gold der Welt?<\/em><\/b><\/p>\n<p>H\u00e4ufigste Antworten:<\/p>\n<ul>\n<li>Wenn ich gesund bin.<\/li>\n<li>Wenn ich liebe und geliebt werde.<\/li>\n<li>Wenn mein Leben einen Sinn hat.<\/li>\n<li>Wenn ich einfach gl\u00fccklich bin.<\/li>\n<\/ul>\n<h3><span style=\"color: #0000ff;\"><b>4. Das Vorgehen<\/b><\/span><\/h3>\n<p>&#8211; Positives Denken, F\u00fchlen und Handeln zieht positive Dinge in Dein Leben. So ziehst Du auch Geld, Reichtum und Wohlstand f\u00fcr die Bezahlung bestimmter Dinge in Dein Leben.<\/p>\n<p>Denke, f\u00fchle und handle so, als w\u00e4rest du REICH, und du wirst es SEIN!<\/p>\n<p>&#8211; Wie innen so au\u00dfen. Aus Deinem inneren Reich-SEIN erw\u00e4chst reiches TUN und HABEN, ERFOLG-REICH-SEIN. \u00a0Es manifestiert sich Dein innerer REICHTUM im \u00e4u\u00dferen Leben. Mit der ehrlichen, positiven Einstellung gegen\u00fcber Reichtum und Geld ziehst Du Wohlstand an.<\/p>\n<p>&#8211; Denke, f\u00fchle und handle entsprechend Deiner Qualit\u00e4ten positiv zum Wohle aller und lasse Reichtum ihn in Dein Leben.<\/p>\n<p>&#8211; Teile Deinen Reichtum gro\u00dfz\u00fcgig mit anderen.<\/p>\n<p>&#8211; Reich-Sein bzw. Reichtum erfordert die L\u00f6schung von Mangel-Bewu\u00dftsein und die Entwicklung eines F\u00fclle-Bewu\u00dftseins durch kontinuierliches und systematisches Training.<\/p>\n<p>&#8211; Mache vor allem die t\u00e4glichen \u00dcbungen zur Verbesserung Deines Verh\u00e4ltnisse zum Geld.<\/p>\n<p>&nbsp;<\/p>\n<h2><\/h2>\n<h2><\/h2>\n<p>&nbsp;<\/p>\n","protected":false},"excerpt":{"rendered":"<p>Herzlich Willkommen im Reich-Sein-Club \u201cEs ist nichts Schlechtes dabei, reich werden zu wollen. Der Wunsch nach Reichtum ist eigentlich nur der Wunsch nach einem reicheren, volleren, erf\u00fcllten Leben\u00a0\u2013 und dieses Verlangen ist lobenswert.\u201d\u00a0(Wallace Wattles) Ich w\u00fcnsche Dir gute Inspirationen, aber vor allem positive Entwicklungen (Ver\u00e4nderungen) in Deinem Leben. Wenn dieser Reich-Sein-Club dazu beitragen kann, dann [&hellip;]<\/p>\n","protected":false},"author":1,"featured_media":0,"parent":2,"menu_order":1,"comment_status":"open","ping_status":"closed","template":"members-style1-nosidebar.php","meta":{"footnotes":"","_links_to":"","_links_to_target":""},"class_list":["post-22","page","type-page","status-publish","hentry"],"_links":{"self":[{"href":"https:\/\/reich-sein.eu\/club\/wp-json\/wp\/v2\/pages\/22","targetHints":{"allow":["GET"]}}],"collection":[{"href":"https:\/\/reich-sein.eu\/club\/wp-json\/wp\/v2\/pages"}],"about":[{"href":"https:\/\/reich-sein.eu\/club\/wp-json\/wp\/v2\/types\/page"}],"author":[{"embeddable":true,"href":"https:\/\/reich-sein.eu\/club\/wp-json\/wp\/v2\/users\/1"}],"replies":[{"embeddable":true,"href":"https:\/\/reich-sein.eu\/club\/wp-json\/wp\/v2\/comments?post=22"}],"version-history":[{"count":24,"href":"https:\/\/reich-sein.eu\/club\/wp-json\/wp\/v2\/pages\/22\/revisions"}],"predecessor-version":[{"id":5125,"href":"https:\/\/reich-sein.eu\/club\/wp-json\/wp\/v2\/pages\/22\/revisions\/5125"}],"up":[{"embeddable":true,"href":"https:\/\/reich-sein.eu\/club\/wp-json\/wp\/v2\/pages\/2"}],"wp:attachment":[{"href":"https:\/\/reich-sein.eu\/club\/wp-json\/wp\/v2\/media?parent=22"}],"curies":[{"name":"wp","href":"https:\/\/api.w.org\/{rel}","templated":true}]}}