{"id":2205,"date":"2022-06-30T16:56:57","date_gmt":"2022-06-30T14:56:57","guid":{"rendered":"http:\/\/reich-sein.eu\/club\/?page_id=2205"},"modified":"2022-09-07T17:54:22","modified_gmt":"2022-09-07T15:54:22","slug":"mental-real-training","status":"publish","type":"page","link":"https:\/\/reich-sein.eu\/club\/spezielles\/mental-real-training\/","title":{"rendered":"Mental-Real-Training"},"content":{"rendered":"<h2><span style=\"color: #0000ff;\"><strong>Mental-Real-Training f\u00fcr \u201eWohl-Sein\u201c<\/strong><\/span><\/h2>\n<p><em>\u201eGedanken sind Taten.\u201c<\/em> (Napoleon Hill)<\/p>\n<h3><span style=\"color: #0000ff;\"><strong>Die Ziele<\/strong><\/span><\/h3>\n<p><strong>Rituelle innere und \u00e4u\u00dfere Taten f\u00fcr F\u00fclle, Reichsein und Wohlsein<\/strong><\/p>\n<p>Ein <strong>Ritual <\/strong>ist eine nach vorgegebenen Regeln ablaufende Handlung mit hohem Symbolgehalt und energetischer Wirkung.<\/p>\n<p>Die Symbolik steht stellvertretend f\u00fcr einen im Au\u00dfen nicht wahrnehmbaren Sachverhalt. Sie ist einem Bedeutungsbereich (hier: Reichsein, Reichtum) zugeordnet, f\u00fcr den es keine unmittelbare Entsprechung oder Beweise im Au\u00dfen gibt. Sie ist ein materieller Repr\u00e4sentant, der grunds\u00e4tzlich eine geistige und keine materielle Botschaft \u00fcbermitteln.<\/p>\n<h3><span style=\"color: #0000ff;\"><strong>Das Konzept<\/strong><\/span><\/h3>\n<p><strong>Verschiedene Zust\u00e4nde des Bewu\u00dftseins werden im Flu\u00df miteinander verbunden:<\/strong><\/p>\n<ol>\n<li>Beta-Zustand (Wachbewu\u00dftsein des \u00e4u\u00dferen Handelns)<\/li>\n<li>Alpha-Zustand (Schwebebewu\u00dftsein zwischen Wachen und Schlafen)<\/li>\n<li>Beta-Zustand<strong>\u00a0<\/strong><\/li>\n<\/ol>\n<h3><span style=\"color: #0000ff;\"><strong>Das Vorgehen<\/strong><strong>\u00a0<\/strong><\/span><\/h3>\n<ol>\n<li>\n<h4><span style=\"color: #0000ff;\"><strong> Schritt: Einstimmen durch Affirmationen<\/strong><\/span><\/h4>\n<\/li>\n<\/ol>\n<p><strong>Sprich folgende Affirmationen:<\/strong><\/p>\n<p><em><span style=\"color: #0000ff;\"><strong>DER UNIVERSELLE VORRAT IST GRENZENLOS, UND ICH HABE EIN ANRECHT AUF ALL DIE SCH\u00d6NHEIT, BELOHNUNGEN UND DEN REICHTUM, DENN SIE SIND MEIN G\u00d6TTLICHES GEBURTSRECHT.<\/strong><\/span><\/em><\/p>\n<p><em><span style=\"color: #0000ff;\"><strong>DER SCH\u00d6PFER IST DIE QUELLE MEINER VERSORGUNG UND MEINES WOHLSTANDS.<\/strong><\/span><\/em><\/p>\n<p><em><span style=\"color: #0000ff;\"><strong>ICH _______ (NAME) AKZEPTIERE DEN WOHLSTAND ALS MEIN G\u00d6TTLICHES RECHT UND NAT\u00dcRLICHEN ZUSTAND DES SEINS.<\/strong><\/span><\/em><\/p>\n<p><em><span style=\"color: #0000ff;\"><strong>DER GROSSE REICHTUM DES UNIVERSUMS FLIESST JETZT DURCH MICH.<\/strong><\/span><\/em><\/p>\n<p><em><span style=\"color: #0000ff;\"><strong>ICH WERDE DEM WOHLSTANDSGUT DES UNIVERSUMS ERLAUBEN, SICH NUN DURCH MICH MENTAL, EMOTIONAL, K\u00d6RPERLICH UND IN MEINEN ANGELEGENHEITEN ZU MANIFESTIEREN.<\/strong><\/span><\/em><\/p>\n<p><em><span style=\"color: #0000ff;\"><strong>ICH WERDE MEINEN REICHTUM LEICHT IN MEINEN H\u00c4NDEN HALTEN UND IHM ERLAUBEN, FREI HINAUS ZU ANDEREN ZU FLIESSEN, WODURCH EINE NIEMALS ENDENDE F\u00dcLLE ALLER GUTEN DINGE SICHERGESTELLT WIRD.<\/strong><\/span><\/em><\/p>\n<p><em><span style=\"color: #0000ff;\"><strong>ICH ERSCHAFFE IN HARMONIE MIT DEM G\u00d6TTLICHEN PLAN DES SCH\u00d6PFERS.<\/strong><\/span><\/em><\/p>\n<p><em><span style=\"color: #0000ff;\"><strong>ICH ERSCHAFFE ZU MEINEM H\u00d6CHSTEN WOHL UND ZUM H\u00d6CHSTEN WOHLE ALLER.\u00a0<\/strong><\/span><\/em><\/p>\n<p><em><span style=\"color: #0000ff;\"><strong>ICH BIN DER F\u00dcLLE WERT, UND DESHALB \u00d6FFNEN SICH MIR NUN ALLE FINANZIELLEN T\u00dcREN.<\/strong><\/span><\/em><\/p>\n<p><em><span style=\"color: #0000ff;\"><strong>LEICHT FLIESST MIR REICHTUM IN ALLEN FORMEN ZU &#8211; AUF GOTTES PERFEKTE ART.<\/strong><\/span><\/em><\/p>\n<p><em><span style=\"color: #0000ff;\"><strong>ICH SEGNE ALLE QUELLEN UND KAN\u00c4LE MEINES WOHLSTANDES.<\/strong><\/span><\/em><\/p>\n<p><em><span style=\"color: #0000ff;\"><strong>ICH BIN DER REICHTUM DES UNIVERSUMS.<\/strong><\/span><\/em><\/p>\n<p><em><span style=\"color: #0000ff;\"><strong>ICH BIN UNENDLICH REICH.<\/strong><\/span><\/em><\/p>\n<p><em><span style=\"color: #0000ff;\"><strong>ICH DANK DIR, VATER-MUTTER-GOTT, F\u00dcR MEINEN REICHTUM.<\/strong><\/span><\/em><\/p>\n<p><em><span style=\"color: #0000ff;\"><strong>ICH WILL DANKBAR BLEIBEN F\u00dcR ALL DIE WUNDER UND DEN REICHTUM IN MEINEM LEBEN.<\/strong><strong>\u00a0<\/strong><\/span><\/em><\/p>\n<ol start=\"2\">\n<li>\n<h4><span style=\"color: #0000ff;\"><strong> Schritt: Passives Stimulieren durch Symbolkr\u00e4fte, Bilder, Worte, T\u00f6ne <\/strong><\/span><\/h4>\n<\/li>\n<\/ol>\n<p>Sieh` Dir jetzt diese spezielle audio-visuelle Stimulation\u00a0<strong>\u201eIch bin reich\u201c <\/strong>an:<\/p>\n<p>Reichsein-Video mit<\/p>\n<ul>\n<li>&#8211; Symbolkr\u00e4ften<\/li>\n<li>&#8211; Reichtumsbildern und<\/li>\n<li>&#8211; \u00fcber 100 Affirmationen und<\/li>\n<li>&#8211; Solfeggio-Sound 528 Hz<\/li>\n<\/ul>\n<p><strong>\u00a0<iframe loading=\"lazy\" title=\"YouTube video player\" src=\"https:\/\/www.youtube.com\/embed\/1_MZ7FH5J-I\" width=\"560\" height=\"315\" frameborder=\"0\" allowfullscreen=\"allowfullscreen\"><\/iframe><\/strong><\/p>\n<p>Dieses Audio-Video (5 min) solltest Du in mindestens 60 Tagen hintereinander ansehen. Wenn Du auch nur f\u00fcr einen einzigen Tag damit aufh\u00f6rst, mu\u00dft Du wieder von vorne am Tag 1 beginnen.<\/p>\n<p>Sieh` Dir dieses Video\u00a0<strong><em>am Morgen<\/em><\/strong><em>\u00a0<\/em>an,<\/p>\n<p><strong><em>bevor<\/em><\/strong>\u00a0Du Deinen Tag beginnst.<\/p>\n<p>&nbsp;<\/p>\n<p>&nbsp;<\/p>\n<ol start=\"3\">\n<li>\n<h4><span style=\"color: #0000ff;\"><strong> Schritt: Aktives Visualisieren durch Vorstellen<\/strong><\/span><\/h4>\n<\/li>\n<\/ol>\n<p>Nimm Dir weitere etwa 10 Minuten Zeit f\u00fcr ein Visualisierungstraining:<\/p>\n<p>&nbsp;<\/p>\n<ol>\n<li>\n<h4><span style=\"color: #0000ff;\"><strong> Phase: Geh in den Alphazustand.<\/strong><\/span><\/h4>\n<\/li>\n<\/ol>\n<p>Entspanne Dich, geh tiefer und nach innen,<\/p>\n<p>verlangsame Deine Hirnwellen und<\/p>\n<p>geh in den Alpha-Bewu\u00dftseinszustand (etwa 8 Hz).<\/p>\n<p>&nbsp;<\/p>\n<ol start=\"2\">\n<li>\n<h4><span style=\"color: #0000ff;\"><strong> Phase: Stell Dir vor, Du lebst reich (gestalte Deinen inneren Film).<\/strong><\/span><\/h4>\n<\/li>\n<\/ol>\n<p>Du lebst (liebst) Dein wahres Selbst, genau so, wie Du bist.<\/p>\n<p>Du kennst all Deinem Reichtum (Dein inneres Verm\u00f6gen, Deine speziellen Anlagen und Gaben, Deine besonderen Begabungen und Bef\u00e4higungen, Deine Expertise).<\/p>\n<p>Du setzt Dein inneres Verm\u00f6gen zum Wohle anderer ein, wodurch Vieles zu Deinem eigenen Wohl zur\u00fcckflie\u00dft:<\/p>\n<ul>\n<li>Wie verl\u00e4uft Dein idealisiertes Leben?<\/li>\n<li>Was (Wertvolles) gibst Du den anderen und der Welt?<\/li>\n<li>Welchen Nutzen (Wert) f\u00fcr das Wohl der anderen hat Dein Tun und Geben?<\/li>\n<\/ul>\n<p>Stell Dir dies in immer neuen verschiedenen Lebens-Situationen so konkret wie m\u00f6glich vor und mit vielen Sinnen:<\/p>\n<ul>\n<li>Was h\u00f6rst Du? (H\u00f6ren)<\/li>\n<li>Was siehst Du? (Sehen)<\/li>\n<li>Was sp\u00fcrst Du durch Ber\u00fchren? (Tasten)<\/li>\n<li>Was schmeckst Du? (Schecken)<\/li>\n<li>Was riechst Du? (Riechen)<\/li>\n<\/ul>\n<p>Verwende m\u00f6glichst alle <a href=\"https:\/\/open-mind-akademie.de\/12-sinne\/\">12 menschlichen Sinne (nach Rudolf Steiner):<\/a><\/p>\n<p><strong>Untere Sinne (K\u00f6rpersinne):<\/strong><\/p>\n<ol>\n<li>Tastsinn<\/li>\n<li>Gleichgewichtssinn<\/li>\n<li>Bewegungssinn<\/li>\n<li>Lebens- und Vitalsinn<\/li>\n<\/ol>\n<p><strong>Mittlere Sinne (Umgebungssinne)<\/strong><\/p>\n<ol start=\"5\">\n<li>W\u00e4rmesinn<\/li>\n<li>Sehsinn<\/li>\n<li>Geschmackssinn<\/li>\n<li>Geruchssinn<\/li>\n<\/ol>\n<p><strong>H\u00f6here Sinne (Soziale Sinne)<\/strong><\/p>\n<ol start=\"9\">\n<li>H\u00f6rsinn<\/li>\n<li>Sprach- und Wortsinn<\/li>\n<li>Gedankensinn<\/li>\n<li>Ich-Du-Sinn (Empathie)<strong>\u00a0<\/strong><\/li>\n<\/ol>\n<ol start=\"3\">\n<li>\n<h4><span style=\"color: #0000ff;\"><strong> Phase: Bedanke Dich!<\/strong><\/span><\/h4>\n<\/li>\n<\/ol>\n<p>Bedanke Dich (noch im Alphazustand in Deinem Inneren) bei allen Mitwirkenden in Deinem inneren Lebens-Film:<\/p>\n<p>Bei Dir selbst sowie bei allen Partnern, Kunden und Mitgestaltern Deiner Wirkung zum Wohle der Welt.<strong>\u00a0<\/strong><\/p>\n<ol start=\"4\">\n<li>\n<h4><span style=\"color: #0000ff;\"><strong> Phase: Komm heraus aus der Entspannung in Wachzustand.<\/strong><\/span><\/h4>\n<\/li>\n<\/ol>\n<p>Z\u00e4hle bis 5 und stell Dir vor, wie Du Etage f\u00fcr Etage in einem Lift wieder nach oben in den Alltag f\u00e4hrst. Bei null steigst Du aus dem vorgestellten Lift aus und aktivierst wieder Deinen K\u00f6rper:<\/p>\n<ul>\n<li>Atme tief!<\/li>\n<li>Augen auf!<\/li>\n<li>Arme hoch! (bewegen, aufstehen)<\/li>\n<\/ul>\n<p>&nbsp;<\/p>\n<ol start=\"4\">\n<li>\n<h4><span style=\"color: #0000ff;\"><strong> Schritt: Inspirationen notieren<\/strong><strong>\u00a0<\/strong><\/span><\/h4>\n<\/li>\n<\/ol>\n<p>Lege Dir ein spezielles <strong>Notizbuch<\/strong> (\u201eTrainingsbuch\u201c) f\u00fcr dieses Training an.<\/p>\n<p>Notiere sofort alle Gedanken, Einf\u00e4lle, Assoziationen zum Thema \u201eReichsein\u201c stichpunktartig, die Dir\u00a0<strong><em>w\u00e4hrend<\/em><\/strong>\u00a0des Ansehens der audio-visuellen Stimulation oder des visualisierenden Mentaltrainings in den Sinn gekommen sind.<\/p>\n<p>Vielleicht ergibt sich ein pers\u00f6nliches Muster, bekommst Du eine wichtige Idee, die Du weiter verfolgend solltest &#8230;<\/p>\n<p>Beantworte <strong><em>nach<\/em><\/strong> dem Ansehen des Videos folgende Frage:<\/p>\n<p><strong><em>&#8222;Was ist das Wichtigste, was ich jetzt tun kann,<\/em><\/strong><\/p>\n<p><strong><em>um heute F\u00fclle zu aktivieren und Geld zu bekommen?&#8220;\u00a0<\/em><\/strong><\/p>\n<p>Du wirst erstaunt sein, wie sofort die richtigen, intuitiven Antworten kommen!<\/p>\n<ol start=\"5\">\n<li>\n<h4><span style=\"color: #0000ff;\"><strong> Schritt: Inspirationen im Alltag leben<\/strong><\/span><\/h4>\n<\/li>\n<\/ol>\n<p><strong>\u00a0<\/strong>Bewahre die auftauchende Idee als Leitidee des Tages.<\/p>\n<p>Fokussiere Dich und Dein Handeln auf die Umsetzung der (Leit-)Idee.<\/p>\n<p><strong>Setze Deine Gedanken sofort um, und Du wirst reicher als in Deinen k\u00fchnsten Tr\u00e4umen!<\/strong><\/p>\n<p>Teile Dein inneres Reichsein und Deinen \u00e4u\u00dferen Wohlstand gro\u00dfz\u00fcgig mit anderen.<\/p>\n<p><strong>\u00a0<\/strong><em>\u201eEs gibt nichts Gutes, au\u00dfer man tut es!\u201c <\/em>(Erich K\u00e4stner)<\/p>\n<p>&nbsp;<\/p>\n<p><iframe loading=\"lazy\" title=\"YouTube video player\" src=\"https:\/\/www.youtube.com\/embed\/1_MZ7FH5J-I\" width=\"560\" height=\"315\" frameborder=\"0\" allowfullscreen=\"allowfullscreen\"><\/iframe><\/p>\n","protected":false},"excerpt":{"rendered":"<p>Mental-Real-Training f\u00fcr \u201eWohl-Sein\u201c \u201eGedanken sind Taten.\u201c (Napoleon Hill) Die Ziele Rituelle innere und \u00e4u\u00dfere Taten f\u00fcr F\u00fclle, Reichsein und Wohlsein Ein Ritual ist eine nach vorgegebenen Regeln ablaufende Handlung mit hohem Symbolgehalt und energetischer Wirkung. Die Symbolik steht stellvertretend f\u00fcr einen im Au\u00dfen nicht wahrnehmbaren Sachverhalt. Sie ist einem Bedeutungsbereich (hier: Reichsein, Reichtum) zugeordnet, f\u00fcr [&hellip;]<\/p>\n","protected":false},"author":1,"featured_media":0,"parent":2194,"menu_order":0,"comment_status":"closed","ping_status":"closed","template":"members-style1US.php","meta":{"footnotes":"","_links_to":"","_links_to_target":""},"class_list":["post-2205","page","type-page","status-publish","hentry"],"_links":{"self":[{"href":"https:\/\/reich-sein.eu\/club\/wp-json\/wp\/v2\/pages\/2205","targetHints":{"allow":["GET"]}}],"collection":[{"href":"https:\/\/reich-sein.eu\/club\/wp-json\/wp\/v2\/pages"}],"about":[{"href":"https:\/\/reich-sein.eu\/club\/wp-json\/wp\/v2\/types\/page"}],"author":[{"embeddable":true,"href":"https:\/\/reich-sein.eu\/club\/wp-json\/wp\/v2\/users\/1"}],"replies":[{"embeddable":true,"href":"https:\/\/reich-sein.eu\/club\/wp-json\/wp\/v2\/comments?post=2205"}],"version-history":[{"count":5,"href":"https:\/\/reich-sein.eu\/club\/wp-json\/wp\/v2\/pages\/2205\/revisions"}],"predecessor-version":[{"id":2801,"href":"https:\/\/reich-sein.eu\/club\/wp-json\/wp\/v2\/pages\/2205\/revisions\/2801"}],"up":[{"embeddable":true,"href":"https:\/\/reich-sein.eu\/club\/wp-json\/wp\/v2\/pages\/2194"}],"wp:attachment":[{"href":"https:\/\/reich-sein.eu\/club\/wp-json\/wp\/v2\/media?parent=2205"}],"curies":[{"name":"wp","href":"https:\/\/api.w.org\/{rel}","templated":true}]}}