{"id":2207,"date":"2022-06-30T16:57:30","date_gmt":"2022-06-30T14:57:30","guid":{"rendered":"http:\/\/reich-sein.eu\/club\/?page_id=2207"},"modified":"2022-11-23T21:34:41","modified_gmt":"2022-11-23T19:34:41","slug":"umgang-mit-geld","status":"publish","type":"page","link":"https:\/\/reich-sein.eu\/club\/spezielles\/umgang-mit-geld\/","title":{"rendered":"Umgang mit Geld"},"content":{"rendered":"<h2>Kurs: Umgang mit Geld<\/h2>\n<h2><span style=\"color: #0000ff;\"><strong>Dr. Wolf Barth: Training des Umgangs mit Geld<\/strong><\/span><\/h2>\n<p><span style=\"color: #0000ff;\"><strong><em>Gute Verwaltung der Einnahmen und\u00a0<\/em><em>gute Regelung der Ausgaben:\u00a0<\/em><em>Das ist die ganze Finanzkunst.\u00a0<\/em><\/strong><\/span>(Friedrich II. (\u201eder Gro\u00dfe\u201c), preu\u00dfischer K\u00f6nig)<\/p>\n<p>Mit diesen \u00dcbungen \u00fcber 60 Tage nutzt Du Anleitungen zum produktiven Umgang mit Geld und zum Aktivieren inneren und \u00e4u\u00dferen Reichseins.<\/p>\n<h3><span style=\"color: #0000ff;\"><strong>Tages-\u00dcbungen \u201eUmgang mit Geld\u201c \u00fcber 60 Tage<\/strong><\/span><\/h3>\n<p><span style=\"color: #0000ff;\"><strong>Die Ziele<\/strong><\/span><\/p>\n<p>Die meisten Menschen sehen es heute als ihr Ziel an, (finanziell) <strong>REICH zu werden<\/strong>.<\/p>\n<p>Viele Menschen w\u00fcrden gerne <strong><em>Million\u00e4r<\/em><\/strong> sein.<\/p>\n<p>Das ist der Grund, warum es hier\u00fcber so viele B\u00fccher, Filme, Geld-Coaches usw. gibt.<\/p>\n<p><strong>Doch hier ist das Geheimnis: <\/strong>Es geht eigentlich <strong><em>nicht<\/em><\/strong> um den finanziellen Reichtum.<\/p>\n<p><strong>Es geht um Freiheit, um finanzielle Unabh\u00e4ngigkeit, Unabh\u00e4ngigkeit vom Geld<\/strong>!<\/p>\n<ul>\n<li>Freiheit von der Macht des Geldes in unserem Leben (Geld regiert die Welt!)<\/li>\n<li>Freiheit von der Geld-Abh\u00e4ngigkeit (Arbeiten gehen m\u00fcssen, weil man Geld braucht)<\/li>\n<li>Freiheit von Schulden. (Abh\u00e4ngigsein von anderen)<\/li>\n<li>Freiheit von Zeit. (Denn: Zeit ist Geld!)<\/li>\n<li>Freiheit tun zu k\u00f6nnen, wonach uns ist. (Selbstverwirklichung)<\/li>\n<\/ul>\n<p>Das ist es doch, was die meisten Menschen wirklich wollen.<\/p>\n<p>Ein dickes Bank-Konto bedeutet nur, dass ich die Freiheit habe, mich meinen Leidenschaften und Tr\u00e4umen hingeben zu k\u00f6nnen.<\/p>\n<p>Wenn mich mein Job nicht befriedigt und ich nicht weiterhin von Gehalt zu Gehalt leben will, dann sollte ich aktiv werden und meine Zukunft in die Hand nehmen.<\/p>\n<p><strong>Lerne, dieses Ziel der finanziellen Freiheit zu erreichen.<\/strong><\/p>\n<p><strong>Dein erstes Ziel sollte dabei sein,\u00a0<\/strong><strong>GELD zu verstehen und mit GELD klug umzugehen.<\/strong><\/p>\n<p><span style=\"color: #0000ff;\"><strong>Das Konzept<\/strong><\/span><\/p>\n<p>L\u00f6se jeden Tag eine kleine Aufgabe bzw. mache jeden Tag eine \u00dcbung f\u00fcr Dein inneres und \u00e4u\u00dferes Reichsein in der Handhabung des Geldes..<\/p>\n<p>Siehe die gebotenen Texte als Anregung und mache weiterf\u00fchrende Recherchen..<\/p>\n<p>\u00dcbersetze alles auf Deine konkrete Situation.<\/p>\n<p>Mit den verschiedenen Inhalten \u00fcbst Du praktisch die wesentlichen Aspekte des t\u00e4glichen Umgangs mit dem Geld.<\/p>\n<p><span style=\"color: #0000ff;\"><strong>Gliederung der \u00dcbungen f\u00fcr jeden Tag:<\/strong><\/span><\/p>\n<ol>\n<li>Tag: Akzeptiere Deine heutige Finanz-Situation<\/li>\n<li>Tag: Analysiere Deine gegenw\u00e4rtigen Einnahmen<\/li>\n<li>Tag: Analysiere Deine aktuellen Ausgaben<\/li>\n<li>Tag: Reduziere Deine Ausgaben<\/li>\n<li>Tag: Plane Deine Ausgaben<\/li>\n<li>Tag: Senke Deine Steuern 7. Tag: Reduziere Deine Kredite<\/li>\n<li>Tag: Analysiere Deine Schulden<\/li>\n<li>Tag: Mache einen Entschuldungs-Plan 10. Tag: Vergib Deinen Schuldnern<\/li>\n<li>Tag: Analysiere den Wert Deines Verm\u00f6gens<\/li>\n<li>Tag: Optimiere bestehende Einnahmen<\/li>\n<li>Tag: Neue Einnahmequellen erschlie\u00dfen<\/li>\n<li>Tag: Spare einen Teil Deines Geldes an<\/li>\n<li>Tag: Investiere einen Teil Deines Geldes<\/li>\n<li>Tag: Plane Deinen Lebensabend<\/li>\n<li>Tag: Entwickle Sparsamkeit<\/li>\n<li>Tag: Sei vorsichtig in der Geld-Verwendung<\/li>\n<li>Tag: Widerstehe Versuchungen im Umgang mit Geld<\/li>\n<li>Tag: Spende einen Teil Deines Einkommens<\/li>\n<li>Tag: Verstehe den Zweck des Geldes<\/li>\n<li>Tag: Begr\u00fcnde Deinen Wunsch nach finanziellem Reichtum<\/li>\n<li>Tag: Setze Dir Ziele und W\u00fcnsche<\/li>\n<li>Tag: Stelle Dir Deinen Reichtum vor<\/li>\n<li>Tag: Gehe in Resonanz mit Reichtum<\/li>\n<li>Tag: Analysiere Deine F\u00e4higkeiten und Talente<\/li>\n<li>Tag: Finde Deine Berufung bzw. ideale Berufst\u00e4tigkeit<\/li>\n<li>Tag: Entschlie\u00dfe Dich f\u00fcr finanzielle Freiheit<\/li>\n<li>Tag: Cowntdown f\u00fcr Deinen Reichtum<\/li>\n<li>Tag: Erschlie\u00dfe neue Einnahme-Quellen<\/li>\n<li>Tag: Erschlie\u00dfe finanzielle Reichtums-Quellen<\/li>\n<li>Tag: Vermeide Fehler im Verh\u00e4ltnis zu Geld<\/li>\n<li>Tag: Ermittle einschr\u00e4nkende Glaubenss\u00e4tze gegen\u00fcber Geld<\/li>\n<li>Tag: Verbinde Geld mit Liebe<\/li>\n<li>Tag: Verbinde Geld mit Dankbarkeit<\/li>\n<li>Tag: Liebe das Geld und den Reichtum<\/li>\n<li>Tag: Nimm Geld gern an! 39. Tag: Traue Dich, Geld zu verlangen!<\/li>\n<li>Tag: St\u00e4rke Dein Selbst-Vertrauen<\/li>\n<li>Tag: Pr\u00fcfe Deine 100%ige Absicht zum Reichsein<\/li>\n<li>Tag: Schalte um vom Wollen auf Haben<\/li>\n<li>Tag: Denke wie die Reichen<\/li>\n<li>Tag: Suche Umgang mit reichen Menschen<\/li>\n<li>Tag: Transformiere Dein Denken in Reichsein<\/li>\n<li>Tag: Bekr\u00e4ftige Dein Reichtums-Bewu\u00dftsein mit Worten (Affirmation)<\/li>\n<li>Tag: Bekr\u00e4ftige Dein Reichtums-Bewu\u00dftsein mit Bildern (Visualisierung)<\/li>\n<li>Tag: Dr\u00fccke Dein inneres Reichsein aus (Handlungen)<\/li>\n<li>Tag: Verbessere Dein Zeit-Management<\/li>\n<li>Tag: Begreife, da\u00df Dich Geld allein nicht gl\u00fccklich macht<\/li>\n<li>Tag: Schr\u00e4nke Deine Bed\u00fcrfnisse ein<\/li>\n<li>Tag: \u00dcbernimm Verantwortung f\u00fcr Deine finanzielle Situation<\/li>\n<li>Tag: H\u00fcte Dich vor \u201eTraumt\u00f6tern\u201c!<\/li>\n<li>Tag: Lass Dich unterst\u00fctzen!<\/li>\n<li>Tag: Finde Deine Regeln f\u00fcr den Umgang mit Geld<\/li>\n<li>Tag: Begreife die Welt als \u00dcberfluss<\/li>\n<li>Tag: Teile, wovon Du mehr als genug hast<\/li>\n<li>Tag: Erfasse Deine Gedanken als wahren Reichtum.<\/li>\n<li>Tag: Begreife Deine Gef\u00fchle als wahren Reichtum.<\/li>\n<li>Tag: Erschaffe Werte.<\/li>\n<li>Tag: Bringe die Energien in Deinem Haus ins Flie\u00dfen<\/li>\n<li>Tag: Beachte die Geld-Magie des Euro-Geldscheins<\/li>\n<li>Tag: Sei in Harmonie mit den universellen Gesetzen<\/li>\n<li>Tag: Manifestiere durch Gedanke, Wort und Tat<\/li>\n<\/ol>\n<h3><span style=\"color: #0000ff;\"><strong>Bestelle diesen Kurs HIER:<\/strong><\/span><\/h3>\n<p>Format: t\u00e4gliche eMail<\/p>\n<p>Preis: 50 \u20ac<\/p>\n<p>Paypal: wbarth@pt.lu<\/p>\n<p>&nbsp;<\/p>\n<p>&nbsp;<\/p>\n","protected":false},"excerpt":{"rendered":"<p>Kurs: Umgang mit Geld Dr. Wolf Barth: Training des Umgangs mit Geld Gute Verwaltung der Einnahmen und\u00a0gute Regelung der Ausgaben:\u00a0Das ist die ganze Finanzkunst.\u00a0(Friedrich II. (\u201eder Gro\u00dfe\u201c), preu\u00dfischer K\u00f6nig) Mit diesen \u00dcbungen \u00fcber 60 Tage nutzt Du Anleitungen zum produktiven Umgang mit Geld und zum Aktivieren inneren und \u00e4u\u00dferen Reichseins. Tages-\u00dcbungen \u201eUmgang mit Geld\u201c \u00fcber [&hellip;]<\/p>\n","protected":false},"author":1,"featured_media":0,"parent":2194,"menu_order":0,"comment_status":"closed","ping_status":"closed","template":"members-style1-nosidebar.php","meta":{"footnotes":"","_links_to":"","_links_to_target":""},"class_list":["post-2207","page","type-page","status-publish","hentry"],"_links":{"self":[{"href":"https:\/\/reich-sein.eu\/club\/wp-json\/wp\/v2\/pages\/2207","targetHints":{"allow":["GET"]}}],"collection":[{"href":"https:\/\/reich-sein.eu\/club\/wp-json\/wp\/v2\/pages"}],"about":[{"href":"https:\/\/reich-sein.eu\/club\/wp-json\/wp\/v2\/types\/page"}],"author":[{"embeddable":true,"href":"https:\/\/reich-sein.eu\/club\/wp-json\/wp\/v2\/users\/1"}],"replies":[{"embeddable":true,"href":"https:\/\/reich-sein.eu\/club\/wp-json\/wp\/v2\/comments?post=2207"}],"version-history":[{"count":11,"href":"https:\/\/reich-sein.eu\/club\/wp-json\/wp\/v2\/pages\/2207\/revisions"}],"predecessor-version":[{"id":4942,"href":"https:\/\/reich-sein.eu\/club\/wp-json\/wp\/v2\/pages\/2207\/revisions\/4942"}],"up":[{"embeddable":true,"href":"https:\/\/reich-sein.eu\/club\/wp-json\/wp\/v2\/pages\/2194"}],"wp:attachment":[{"href":"https:\/\/reich-sein.eu\/club\/wp-json\/wp\/v2\/media?parent=2207"}],"curies":[{"name":"wp","href":"https:\/\/api.w.org\/{rel}","templated":true}]}}