{"id":2227,"date":"2022-06-30T17:09:24","date_gmt":"2022-06-30T15:09:24","guid":{"rendered":"http:\/\/reich-sein.eu\/club\/?page_id=2227"},"modified":"2022-11-24T16:00:18","modified_gmt":"2022-11-24T14:00:18","slug":"pruefen","status":"publish","type":"page","link":"https:\/\/reich-sein.eu\/club\/mittel\/pruefen\/","title":{"rendered":"Pr\u00fcfen_Flowchart"},"content":{"rendered":"<h2><span style=\"color: #0000ff;\"><strong>Pr\u00fcfliste bzw. Flowchart zu Reichtum und Geld<\/strong><\/span><\/h2>\n<p><strong><em>\u201eGeld kann nicht sprechen und nicht denken, aber es h\u00f6rt, wenn es mit den richtigen Worten gerufen wird.\u201c<\/em> <\/strong>(Andreas Rebmann)<\/p>\n<p><strong><span style=\"color: #0000ff;\">1) Begriff<\/span><\/strong><\/p>\n<p>Flowcharts sind Listen potentiell schw\u00e4chender Einflu\u00dffaktoren bez\u00fcglich des Flowchart-Zieles (hier Reichsein, Reichtum, Wohlstand).<br \/>\nDie Begriffe oder Aussagen in der Flowchart-Liste stehen f\u00fcr innere Konzepte oder Gedanken, f\u00fcr Gebilde oder Muster an Gedanken bzw. Glauben, innere Haltungen bzw. Einstellungen.<\/p>\n<p><strong><span style=\"color: #0000ff;\">2) Vorgehen<\/span><\/strong><\/p>\n<p>Erstens: Ermittlung<br \/>\nSchw\u00e4chend oder blockierend wirkende Faktoren werden im ersten Schritt mit Hilfe bioenergetischer Methoden ermittelt. Dabei werden alle in der Liste aufgef\u00fchrten Aspekten gepr\u00fcft.<br \/>\nMethoden:<\/p>\n<ul>\n<li>Fingertest der chinesischen Quantum Methode (CQM) (Uwe Albrecht: Der fingertest: https:\/\/youtu.be\/k-9Xn79MA1k)<\/li>\n<li>Pendel<\/li>\n<li>Biotensor<\/li>\n<li>Armmuskeltest<\/li>\n<li>Radionik u.a.<\/li>\n<\/ul>\n<p><strong><span style=\"color: #0000ff;\">Zweitens: Korrektur<\/span><\/strong><\/p>\n<p>Im zweiten Schritt geht es um die Neutralisierung dieser Aspekte oder sogar um die Umwandlung in einen st\u00e4rkenden und unterst\u00fctzenden Einflu\u00df.<\/p>\n<p><strong><span style=\"color: #0000ff;\">Methoden:<\/span><\/strong><br \/>\n<strong>Biosynergetik<\/strong><br \/>\n(http:\/\/www.flowchart-forum.de\/artikel.php?id=116&amp;bw=2)<br \/>\n<strong>Affirmationen des positiven Denkens:<\/strong> (http:\/\/www.spirituelle.info\/artikel.php?id=56)<br \/>\n<strong>Zustand-Affirmationen<\/strong><\/p>\n<blockquote class=\"wp-embedded-content\" data-secret=\"yrWji6r0Jd\"><p><a href=\"http:\/\/www.empathie-lernen.de\/positive-affirmationen-beispiele\">200 positive Beispiel-Affirmationen f\u00fcr Geld, Gesundheit, Selbstbewusstsein, Liebe und vieles mehr<\/a><\/p><\/blockquote>\n<p><iframe loading=\"lazy\" class=\"wp-embedded-content\" sandbox=\"allow-scripts\" security=\"restricted\" style=\"position: absolute; visibility: hidden;\" title=\"&#8222;200 positive Beispiel-Affirmationen f\u00fcr Geld, Gesundheit, Selbstbewusstsein, Liebe und vieles mehr&#8220; &#8212; \" src=\"http:\/\/www.empathie-lernen.de\/positive-affirmationen-beispiele\/embed#?secret=yrWji6r0Jd\" data-secret=\"yrWji6r0Jd\" width=\"500\" height=\"282\" frameborder=\"0\" marginwidth=\"0\" marginheight=\"0\" scrolling=\"no\"><\/iframe><br \/>\n<strong>Prozess-Affirmationen<\/strong><\/p>\n<blockquote class=\"wp-embedded-content\" data-secret=\"3lEthZ6eul\"><p><a href=\"http:\/\/www.empathie-lernen.de\/positive-affirmationen-beispiele\">200 positive Beispiel-Affirmationen f\u00fcr Geld, Gesundheit, Selbstbewusstsein, Liebe und vieles mehr<\/a><\/p><\/blockquote>\n<p><iframe loading=\"lazy\" class=\"wp-embedded-content\" sandbox=\"allow-scripts\" security=\"restricted\" style=\"position: absolute; visibility: hidden;\" title=\"&#8222;200 positive Beispiel-Affirmationen f\u00fcr Geld, Gesundheit, Selbstbewusstsein, Liebe und vieles mehr&#8220; &#8212; \" src=\"http:\/\/www.empathie-lernen.de\/positive-affirmationen-beispiele\/embed#?secret=3lEthZ6eul\" data-secret=\"3lEthZ6eul\" width=\"500\" height=\"282\" frameborder=\"0\" marginwidth=\"0\" marginheight=\"0\" scrolling=\"no\"><\/iframe><br \/>\n<strong>Gekoppelte Affirmationen<\/strong><\/p>\n<blockquote class=\"wp-embedded-content\" data-secret=\"iEVhI1lkeq\"><p><a href=\"http:\/\/www.empathie-lernen.de\/positive-affirmationen-beispiele\">200 positive Beispiel-Affirmationen f\u00fcr Geld, Gesundheit, Selbstbewusstsein, Liebe und vieles mehr<\/a><\/p><\/blockquote>\n<p><iframe loading=\"lazy\" class=\"wp-embedded-content\" sandbox=\"allow-scripts\" security=\"restricted\" style=\"position: absolute; visibility: hidden;\" title=\"&#8222;200 positive Beispiel-Affirmationen f\u00fcr Geld, Gesundheit, Selbstbewusstsein, Liebe und vieles mehr&#8220; &#8212; \" src=\"http:\/\/www.empathie-lernen.de\/positive-affirmationen-beispiele\/embed#?secret=iEVhI1lkeq\" data-secret=\"iEVhI1lkeq\" width=\"500\" height=\"282\" frameborder=\"0\" marginwidth=\"0\" marginheight=\"0\" scrolling=\"no\"><\/iframe><br \/>\n<strong>Afformationen<\/strong><\/p>\n<blockquote class=\"wp-embedded-content\" data-secret=\"FtoP8ZIAWK\"><p><a href=\"http:\/\/www.empathie-lernen.de\/positive-affirmationen-beispiele\">200 positive Beispiel-Affirmationen f\u00fcr Geld, Gesundheit, Selbstbewusstsein, Liebe und vieles mehr<\/a><\/p><\/blockquote>\n<p><iframe loading=\"lazy\" class=\"wp-embedded-content\" sandbox=\"allow-scripts\" security=\"restricted\" style=\"position: absolute; visibility: hidden;\" title=\"&#8222;200 positive Beispiel-Affirmationen f\u00fcr Geld, Gesundheit, Selbstbewusstsein, Liebe und vieles mehr&#8220; &#8212; \" src=\"http:\/\/www.empathie-lernen.de\/positive-affirmationen-beispiele\/embed#?secret=FtoP8ZIAWK\" data-secret=\"FtoP8ZIAWK\" width=\"500\" height=\"282\" frameborder=\"0\" marginwidth=\"0\" marginheight=\"0\" scrolling=\"no\"><\/iframe><br \/>\n<strong>Visualisierung<\/strong><\/p>\n<blockquote class=\"wp-embedded-content\" data-secret=\"NfhU1FbByL\"><p><a href=\"https:\/\/www.neuro-programmer.de\/mentaltraining-2\/visualisierung\/\">Visualisierung<\/a><\/p><\/blockquote>\n<p><iframe loading=\"lazy\" class=\"wp-embedded-content\" sandbox=\"allow-scripts\" security=\"restricted\" style=\"position: absolute; visibility: hidden;\" title=\"&#8222;Visualisierung&#8220; &#8212; Neuro Programmer\" src=\"https:\/\/www.neuro-programmer.de\/mentaltraining-2\/visualisierung\/embed\/#?secret=hxxc7y6xg1#?secret=NfhU1FbByL\" data-secret=\"NfhU1FbByL\" width=\"500\" height=\"282\" frameborder=\"0\" marginwidth=\"0\" marginheight=\"0\" scrolling=\"no\"><\/iframe><br \/>\n<strong>Energie-Klopftechnik (Emotional Freedom Technik \/ EFT):<\/strong><br \/>\n(https:\/\/eft-info.com)<\/p>\n<p><span style=\"color: #0000ff;\"><strong>Drittens: Speicherung im Informations-Feld<\/strong><\/span><br \/>\nJede vorgenommene Korrektur hinterl\u00e4\u00dft nach quantenphysikalischen Gesetzen automatisch auch eine Speicherung im sogenannten morphogenetischen oder Informations-Feld. Je \u00f6fter jemand und je mehr Menschen diese Flowchart-Listen benutzen und Korrekturen der Schw\u00e4che-Faktoren vornehmen, desto st\u00e4rker pr\u00e4gen sich im Informationsfeld die korrigierten Informationen.<\/p>\n<p><strong><span style=\"color: #0000ff;\">3) Verschiedene Flowcharts von Andreas Rebmann:<\/span><\/strong><br \/>\n<a href=\"http:\/\/www.flowchart-forum.de\/artikel.php?id=66&amp;bw=0\">http:\/\/www.flowchart-forum.de\/artikel.php?id=66&amp;bw=0<\/a><\/p>\n<p>Geld<br \/>\nGeld verdienen<br \/>\nGeldfluss und energetische Einfl\u00fcsse<br \/>\nSpr\u00fcche und negative Glaubenss\u00e4tze<br \/>\nAffirmationen zum Thema Geld<br \/>\nReich sein<br \/>\nInnere Umprogrammierung auf Reichtum<br \/>\nArmut<br \/>\nSchulden<br \/>\nSchuldzuweisungen und Vorw\u00fcrfe<br \/>\nKonto<br \/>\nOnlinekonto<br \/>\nneue Geldformen<br \/>\nSonstiges<\/p>\n<p>Flowchart \u201e<a href=\"http:\/\/www.alpha-synapsen-programmierung.de\/annullieren-von-karmischen-vertraegen\/\">Annullieren\/Aufl\u00f6sen karmischer Vertr\u00e4ge und Vereinbarungen\u201c.<\/a><\/p>\n<p><span style=\"color: #0000ff;\"><strong>Weitere M\u00f6glichkeiten und Fragen:<\/strong><\/span><br \/>\nGeld besitzen<br \/>\nTeste alle Auraschichten und Chakren durch im Bezug auf Reichtums- und F\u00fclleprogrammen<br \/>\nLasse die folgenden S\u00e4tze vervollst\u00e4ndigen:<br \/>\nKindheit<br \/>\nFragen:<br \/>\nGeld personifizieren:<br \/>\nK\u00f6rpersprache<br \/>\nInnere K\u00f6rperhaltung bei Gedanke an Geld<br \/>\nInnere Bilder zum Geld<br \/>\nGeldfluss Diagramm<\/p>\n","protected":false},"excerpt":{"rendered":"<p>Pr\u00fcfliste bzw. Flowchart zu Reichtum und Geld \u201eGeld kann nicht sprechen und nicht denken, aber es h\u00f6rt, wenn es mit den richtigen Worten gerufen wird.\u201c (Andreas Rebmann) 1) Begriff Flowcharts sind Listen potentiell schw\u00e4chender Einflu\u00dffaktoren bez\u00fcglich des Flowchart-Zieles (hier Reichsein, Reichtum, Wohlstand). Die Begriffe oder Aussagen in der Flowchart-Liste stehen f\u00fcr innere Konzepte oder Gedanken, [&hellip;]<\/p>\n","protected":false},"author":1,"featured_media":0,"parent":5069,"menu_order":0,"comment_status":"closed","ping_status":"closed","template":"members-style1-nosidebar.php","meta":{"footnotes":"","_links_to":"","_links_to_target":""},"class_list":["post-2227","page","type-page","status-publish","hentry"],"_links":{"self":[{"href":"https:\/\/reich-sein.eu\/club\/wp-json\/wp\/v2\/pages\/2227","targetHints":{"allow":["GET"]}}],"collection":[{"href":"https:\/\/reich-sein.eu\/club\/wp-json\/wp\/v2\/pages"}],"about":[{"href":"https:\/\/reich-sein.eu\/club\/wp-json\/wp\/v2\/types\/page"}],"author":[{"embeddable":true,"href":"https:\/\/reich-sein.eu\/club\/wp-json\/wp\/v2\/users\/1"}],"replies":[{"embeddable":true,"href":"https:\/\/reich-sein.eu\/club\/wp-json\/wp\/v2\/comments?post=2227"}],"version-history":[{"count":7,"href":"https:\/\/reich-sein.eu\/club\/wp-json\/wp\/v2\/pages\/2227\/revisions"}],"predecessor-version":[{"id":4610,"href":"https:\/\/reich-sein.eu\/club\/wp-json\/wp\/v2\/pages\/2227\/revisions\/4610"}],"up":[{"embeddable":true,"href":"https:\/\/reich-sein.eu\/club\/wp-json\/wp\/v2\/pages\/5069"}],"wp:attachment":[{"href":"https:\/\/reich-sein.eu\/club\/wp-json\/wp\/v2\/media?parent=2227"}],"curies":[{"name":"wp","href":"https:\/\/api.w.org\/{rel}","templated":true}]}}