{"id":2232,"date":"2022-06-30T17:11:06","date_gmt":"2022-06-30T15:11:06","guid":{"rendered":"http:\/\/reich-sein.eu\/club\/?page_id=2232"},"modified":"2022-11-24T15:27:24","modified_gmt":"2022-11-24T13:27:24","slug":"glauben","status":"publish","type":"page","link":"https:\/\/reich-sein.eu\/club\/mittel\/besondere-reich-sein\/glauben\/","title":{"rendered":"Glauben"},"content":{"rendered":"<h2><span style=\"color: #0000ff;\"><strong>Glauben (Glaubensmuster, Glaubenss\u00e4tze)<\/strong><\/span><\/h2>\n<p>Glaubensmuster oder Glaubenss\u00e4tze sind automatische Denkgewohnheiten, die das aktuelle Denken, F\u00fchlen und Handeln vorbereiten und ausrichten.<\/p>\n<h3><span style=\"color: #0000ff;\"><strong>10 h\u00e4ufige Glaubensmuster, die verhindern, dass Sie reich werden.<\/strong><\/span><\/h3>\n<p>(Zusammenstellung von Andreas Rebmann)<\/p>\n<p><span style=\"color: #0000ff;\"><strong>Glaubensmuster 1:<\/strong><\/span><br \/>\nDer Glaube, Geld nur zum \u00dcberleben, oder als Sicherheit oder f\u00fcr ein halbwegs gutes Leben zu brauchen, nach dem Motto: Mehr brauche ich nicht.<br \/>\nDieses Glaubensmuster zeigt, dass du nicht wirklich Reichtum willst, sondern Geld nur willst, um nicht zu verlieren. Es ist also kein Reichtums- sondern eigentlich ein Armutsprogramm, weil auf dem Mangel zuviel Fokus liegt !<\/p>\n<p><strong><span style=\"color: #0000ff;\">Glaubens- und Handlungsmuster 2:<\/span><\/strong><br \/>\nIch versuche reich zu werden, wenn es aber nicht klappt, das ist auch OK f\u00fcr mich.<br \/>\nViele denken so, weil noch eine Art \u201eGeld nicht wirklich wertsch\u00e4tzen\u201c &#8211; Muster vorhanden ist. Wenn du so denkst, gibst du deinem Unterbewusstsein eigentlich zwei M\u00f6glichkeiten, also zwei Ziele zur Auswahl (1. Versuch reich zu werden 2.Wenn nicht, dann auch OK) &#8211; und dein Unterbewusstsein wird nat\u00fcrlich das bequemer zu erreichende ausw\u00e4hlen (Das Unterbewusstsein ist ja darauf programmiert immer den einfachsten Weg zu finden!) So zu denken ist also ein Armutsprogramm !<\/p>\n<p><span style=\"color: #0000ff;\"><strong>Verhaltensmuster 3:<\/strong><\/span><br \/>\nOft mit anderen Menschen \u00fcber seine Probleme, Sorgen oder Misserfolge sprechen.<br \/>\nDas ist ein Loser-Muster. Der Erfolgreiche denke nicht an oder in Problemen, sondern fokussiert sich auch in Gespr\u00e4chen auf L\u00f6sungen ! (sprich ausschlie\u00dflich mit Menschen \u00fcber deine Probleme, die dir WIRKLCH weiterhelfen k\u00f6nnen und absolut L\u00f6sungsorientiert denken !)<\/p>\n<p><strong><span style=\"color: #0000ff;\">Glaubenssatz 4:<\/span><\/strong><br \/>\nReiche Menschen sind arrogant und \u00fcberheblich.<br \/>\nReiche Menschen erscheinen oft nur arrogant, weil sie ihre Zeit nicht mit Menschen (wie es du vielleicht noch bist), die sich in ihren Problemen suhlen wollen, anstatt sie zu \u00fcberwinden, abgeben wollen, denn das w\u00e4re verlorene Zeit f\u00fcr sie. (siehe Muster 3)<\/p>\n<p><strong><span style=\"color: #0000ff;\">Glaubensmuster 5:<\/span><\/strong><br \/>\nIch mu\u00df nichts \u00e4ndern, um reich zu sein. (Auch in dem Sinne, ich kann so weitermachen wie jetzt und trotzdem reich sein.)<br \/>\nDie Wahrheit ist, da\u00df sich so viel von deinem ganzen Sein \u00e4ndern, ja um 180 Grad drehen mu\u00df, da\u00df du dich selber wahrscheinlich nicht wiedererkennen w\u00fcrdest. (Wenn du tats\u00e4chlich nichts \u00e4ndern m\u00fc\u00dftest, dann w\u00e4rst du ja bereits reich!) \u00d6ffne dich also f\u00fcr \u201egro\u00dfartige\u201c Ver\u00e4nderungen!<\/p>\n<p><strong><span style=\"color: #0000ff;\">Glaubensmuster 6:<\/span><\/strong><br \/>\nDer Glaube, da\u00df man in einem Angestellten-Verh\u00e4ltnis reich werden k\u00f6nne, also wenn man f\u00fcr einen Zeitraum bezahlt wird.<br \/>\nSo viel Zeit hat niemand im Leben, da\u00df man reich wird, wenn man f\u00fcr Zeit bezahlt wird. Reich wird man indem man sich f\u00fcr Ergebnisse bezahlen l\u00e4\u00dft oder f\u00fcr etwas, was man wieder und wieder verkaufen kann.<\/p>\n<p><strong><span style=\"color: #0000ff;\">Glaubensmuster 7:<\/span><\/strong><br \/>\nDer Glaube, da\u00df man nicht alles haben k\u00f6nne, in dem Sinne, entweder bin ich finanziell erfolgreich oder ich habe gute Beziehungen und Gl\u00fcck in der Liebe.<br \/>\nDas ist nat\u00fcrlich nur ein Glaube. Du kannst Liebesgl\u00fcck und Reichtum gleichzeitig haben. Du mu\u00dft es wollen und dir erlauben.<\/p>\n<p><strong><span style=\"color: #0000ff;\">Glaubensmuster 8:<\/span><\/strong><br \/>\nEs ist nicht genug Geld f\u00fcr Alle da.<br \/>\nSchau dir die gewaltigen Summen der Finanzm\u00e4rkte an. Es gibt genug Geld f\u00fcr alle.<\/p>\n<p><strong><span style=\"color: #0000ff;\">Glaubensmuster 9:<\/span><\/strong><br \/>\nReiche Menschen beuten andere Menschen aus.<br \/>\nEs gibt reiche Menschen, die andere ausbeuten, es gibt aber auch arme Menschen, die andere ausbeuten. Und es stimmt nicht bei allen reichen Menschen. Man kann auch mit einem guten Gewissen reich sein.<\/p>\n<p><strong><span style=\"color: #0000ff;\">Glaubensmuster 10:<\/span><\/strong><br \/>\nReiche Menschen haben nur Gl\u00fcck gehabt.<br \/>\nGl\u00fcck ist nat\u00fcrlich kein Zufall, sondern hat Ursachen. Das ist also auf jeden Fall ein Aberglaube.<\/p>\n","protected":false},"excerpt":{"rendered":"<p>Glauben (Glaubensmuster, Glaubenss\u00e4tze) Glaubensmuster oder Glaubenss\u00e4tze sind automatische Denkgewohnheiten, die das aktuelle Denken, F\u00fchlen und Handeln vorbereiten und ausrichten. 10 h\u00e4ufige Glaubensmuster, die verhindern, dass Sie reich werden. (Zusammenstellung von Andreas Rebmann) Glaubensmuster 1: Der Glaube, Geld nur zum \u00dcberleben, oder als Sicherheit oder f\u00fcr ein halbwegs gutes Leben zu brauchen, nach dem Motto: Mehr [&hellip;]<\/p>\n","protected":false},"author":1,"featured_media":0,"parent":3130,"menu_order":0,"comment_status":"closed","ping_status":"closed","template":"members-style1-nosidebar.php","meta":{"footnotes":"","_links_to":"","_links_to_target":""},"class_list":["post-2232","page","type-page","status-publish","hentry"],"_links":{"self":[{"href":"https:\/\/reich-sein.eu\/club\/wp-json\/wp\/v2\/pages\/2232","targetHints":{"allow":["GET"]}}],"collection":[{"href":"https:\/\/reich-sein.eu\/club\/wp-json\/wp\/v2\/pages"}],"about":[{"href":"https:\/\/reich-sein.eu\/club\/wp-json\/wp\/v2\/types\/page"}],"author":[{"embeddable":true,"href":"https:\/\/reich-sein.eu\/club\/wp-json\/wp\/v2\/users\/1"}],"replies":[{"embeddable":true,"href":"https:\/\/reich-sein.eu\/club\/wp-json\/wp\/v2\/comments?post=2232"}],"version-history":[{"count":4,"href":"https:\/\/reich-sein.eu\/club\/wp-json\/wp\/v2\/pages\/2232\/revisions"}],"predecessor-version":[{"id":3538,"href":"https:\/\/reich-sein.eu\/club\/wp-json\/wp\/v2\/pages\/2232\/revisions\/3538"}],"up":[{"embeddable":true,"href":"https:\/\/reich-sein.eu\/club\/wp-json\/wp\/v2\/pages\/3130"}],"wp:attachment":[{"href":"https:\/\/reich-sein.eu\/club\/wp-json\/wp\/v2\/media?parent=2232"}],"curies":[{"name":"wp","href":"https:\/\/api.w.org\/{rel}","templated":true}]}}