{"id":2234,"date":"2022-06-30T17:11:50","date_gmt":"2022-06-30T15:11:50","guid":{"rendered":"http:\/\/reich-sein.eu\/club\/?page_id=2234"},"modified":"2022-11-24T15:28:11","modified_gmt":"2022-11-24T13:28:11","slug":"fragen-afformationen","status":"publish","type":"page","link":"https:\/\/reich-sein.eu\/club\/mittel\/besondere-reich-sein\/fragen-afformationen\/","title":{"rendered":"Fragen (Afformationen)"},"content":{"rendered":"<h2><span style=\"color: #0000ff;\"><strong>Fragen (Afformationen)<\/strong><\/span><\/h2>\n<p><strong>Siehe: Werkzeuge\/Fragen (Afformationen)<\/strong><\/p>\n<h3><span style=\"color: #0000ff;\"><strong>Anwendung Afformationen auf Reichsein und Reichtum<\/strong><\/span><\/h3>\n<p><span style=\"color: #0000ff;\"><strong>1) Grundfrage f\u00fcr Zielbildung<\/strong><\/span><\/p>\n<p>Eine Grundfrage ist: <span style=\"color: #0000ff;\"><strong><em>\u201eWas will ich wirklich in meinem Leben erreichen?\u201c<\/em><\/strong><\/span><\/p>\n<p>Statt \u201cIch kann mir das nicht leisten\u201d fragst Du <em>\u201eWIE kann ich mir das leisten?\u201d<\/em><br \/>\nDadurch f\u00e4ngt Dein Unterbewusstsein an, nach einer Antwort und L\u00f6sung zu suchen. Ich habe eine Frage gestellt und warte auf eine Antwort.<br \/>\nMein Inneres zeigt mir schlie\u00dflich einige Wege, die ich gehen kann, um mein Ziel zu erreichen.<\/p>\n<p>Benutzt Du die Afformation \u201cWARUM kann ich mir das leisten?\u201d mehrmals \u00fcber den Tag verteilt, ist die Intention noch ein bisschen anders. In diesem Fall geht Dein Unterbewusstsein davon aus, dass Du Dein Ziel schon erreicht hast! Und es wird Dir Beweise daf\u00fcr liefern, dass Du damit richtig liegst.<br \/>\nDen inneren Widerstand, der bei Affirmationen wirken kann, weil Du noch nicht im gew\u00fcnschten Zustand bist und Dich nicht darin erf\u00fchlen kannst, umgehst Du mit Afformationen.<\/p>\n<p><strong><span style=\"color: #0000ff;\">2)\u00a0Afformation \u201cWarum bin ich reich?\u201d<\/span><\/strong><\/p>\n<p>Ich bin reich, weil<br \/>\n&#8211; der Postbote mir gerade zwei B\u00fccher gebracht hat, die ich mir bestellt hatte. Viele Menschen k\u00f6nnen nicht lesen, weil sie sich keine Schulausbildung leisten k\u00f6nnen.<br \/>\n&#8211; ich auf der Couch mit dem Laptop auf den Knien sitze und arbeite. Andere sitzen auf der Stra\u00dfe und betteln.<br \/>\n&#8211; ich zum Nachtisch zwischen Fr\u00fcchte-Joghurt und normalem Joghurt w\u00e4hlen konnte. Andere finden drei Tage nichts zu essen.<br \/>\nDarum bin ich reich. Schon jetzt.<\/p>\n<p>Mit ein wenig Nachdenken k\u00e4men wir garantiert auf viele weitere Beweise daf\u00fcr, da\u00df Du reich bist.<br \/>\nDadurch f\u00fchlst Du Dich besser und besser.<br \/>\nDadurch \u00e4nderst Du Deine Realit\u00e4t, findest neue Wege und erreichst Dein Ziel viel fr\u00fcher, als Du dachtest.<\/p>\n<p>Afformationen sind die st\u00e4rkste Form von Glaubenss\u00e4tzen.<br \/>\nAfformationen sind positive, aufbauende Fragen.<br \/>\nAnders als bei Affirmationen, ist es mit Afformationen leichter, unseren kritischen Verstand und die innere Ablehnung durch alte Glaubensmuster zu umgehen und uns auf das auszurichten, was wir gerne in unserem Leben erreichen wollen.<br \/>\nEs ist egal, ob wir uns positive oder negative Fragen stellen, wir geben damit immer unserem Unterbewusstsein den Auftrag, uns die passenden Antworten zu liefern.<br \/>\nDie Qualit\u00e4t unserer Fragen, bestimmt die Qualit\u00e4t unseres Lebens.<br \/>\nLass die Afformationen einfach auf Dich wirken. Dein Unterbewusstsein \u00fcbernimmt den Rest f\u00fcr dich.<\/p>\n<p>Cornelia Inden:<br \/>\n<strong><span style=\"color: #0000ff;\">AFFORMATIONEN Reichtum &#8211; finanzielle Freiheit (nicht Affirmationen) \/ Aufbauende Fragen<\/span><\/strong><\/p>\n<p>Afformationen:<br \/>\nWarum liebe ich es, viel Geld zu haben?<br \/>\nWie f\u00fchlt es sich an, Wohlhabend zu sein?<br \/>\nWieso f\u00fchre ich ein so reiches Leben?<br \/>\nWarum macht es mir gro\u00dfe Freude, immer mehr Geld in mein Leben zu ziehen?<br \/>\nWie f\u00fchlt es sich an, mir meine W\u00fcnsche zu erf\u00fcllen?<br \/>\nWieso bin ich erf\u00fcllt, mit dem was ich tue?<br \/>\nWarum lebe ich meinen Traum?<br \/>\nWie f\u00fchlt es sich an, Anderen zu helfen?<br \/>\nWieso erlaube ich mir, ein Leben in F\u00fclle?<br \/>\nWarum habe ich immer so gute Ideen?<br \/>\nWie f\u00fchlt es sich an, meinen Traumurlaub zu buchen?<br \/>\nWieso flie\u00dft Geld pl\u00f6tzlich, aus allen Richtungen, in mein Leben?<br \/>\nWarum strahle ich Wohlstand aus?<br \/>\nWie f\u00fchlt es sich an, voller Freude zu geben?<br \/>\nWieso ist es so einfach f\u00fcr mich, immer mehr Geld zu manifestieren?<br \/>\nWarum ist es so leicht f\u00fcr mich, dankbar f\u00fcr die F\u00fclle in meinem Leben zu sein?<br \/>\nWie f\u00fchlt es sich an, mit Liebe zu schenken?<br \/>\nWieso bieten sich mir pl\u00f6tzlich, immer neue M\u00f6glichkeiten meinen Reichtum zu vermehren?<br \/>\n(Quelle: https:\/\/youtu.be\/cjN026vsyPg)<\/p>\n<p><span style=\"color: #0000ff;\">Robert Weber<\/span><br \/>\n<iframe loading=\"lazy\" title=\"Reichtums Afformationen | Jede K\u00f6rperzelle auf Erfolg, Reichtum und Wohlstand neu programmieren\" width=\"500\" height=\"281\" src=\"https:\/\/www.youtube.com\/embed\/GcxJqZaohZ4?feature=oembed\" frameborder=\"0\" allow=\"accelerometer; autoplay; clipboard-write; encrypted-media; gyroscope; picture-in-picture; web-share\" referrerpolicy=\"strict-origin-when-cross-origin\" allowfullscreen><\/iframe><br \/>\nDie folgenden Afformationen programmieren deinen Geist und dein Unterbewusstsein v\u00f6llig neu zum Thema Reichtum, Wohlstand, Geld und F\u00fclle.<br \/>\nNicht zu verwechseln mit Affirmationen. Die Wirkung von Afformationen ist um ein Hundertfaches st\u00e4rker und sind die mit Abstand beste Methode, um jede deiner Zellen neu zu programmieren. Afformationen sind positive Fragestellungen. Fragen, die du dir nicht aktiv beantwortest. Du wiederholst sie und l\u00e4sst sie einfach auf dich wirken.<br \/>\nViele Menschen, vielleicht ja auch du, benutzen sogar regelm\u00e4\u00dfig negative Afformationen, ohne es zu merken. Sie laufen durch den Tag und stellen sich Fragen wie \u201eWarum kann ich das nicht?\u201c Warum bin ich so dumm?\u201c \u201eWarum bin ich pleite?\u201c \u201eWarum werde ich immer verlassen?\u201c \u201eWarum glaubt niemand an mich?\u201c oder \u201eWarum passiert immer mir so etwas?\u201c<br \/>\nJetzt wei\u00dft du, warum diese Menschen nicht aus dieser Spirale rauskommen. Sie stellen sich immer wieder diese negativen Fragen und Ihr Unterbewusstsein liefert Ihnen verl\u00e4sslich die dazu passenden Gef\u00fchle und weiteren Situationen und Ereignisse, die diese Fragen beantworten und best\u00e4tigen. Diese Fragen werden mehr und mehr zu einer Gewohnheit und dadurch manifestieren sich auch die dazugeh\u00f6rigen Ergebnisse immer st\u00e4rker. Wenn du dich jetzt dabei erwischt hast, dass du solche Fragestellungen selbst regelm\u00e4\u00dfig anwendest, dann gratuliere ich dir. Denn heute ist der Tag, an dem du alles ver\u00e4ndern kannst. Um eine radikal positive Ver\u00e4nderung zu bewirken, lade ich dich dazu ein, die Afformationen von dieser Audio-Datei f\u00fcr die n\u00e4chsten 30 Tage jeden Tag anzuh\u00f6ren. Ob bewusstes Hinh\u00f6ren und Nachsprechen oder nur nebenbei w\u00e4hrend du etwas anderes tust wie zum Beispiel beim Sport, Autofahren oder beim Haushalt.<\/p>\n<p>Hier ein Beispiel, damit du gleich den Unterschied von Afformationen und Affirmationen sp\u00fcrst.<br \/>\nWiederhole jetzt folgende Affirmation: Ich lebe jetzt im finanziellen \u00dcberfluss<br \/>\nUnd wiederhole jetzt folgende Frage, ohne sie zu beantworten: Wie habe ich es geschafft, jetzt im finanziellen \u00dcberfluss zu leben?<\/p>\n<p>Die Afformation, also die Frage, ist ein Auftrag an das Unterbewusstsein, mit der dein Ego zu arbeiten hat. Dein Verstand gelangt kurz in einen Leerlauf und das ist gut so. Denn genau hier wird das Unterbewusstsein aktiv.<br \/>\nEine Affirmation hingegen ist eine blo\u00dfe Feststellung. Entspricht sie der Wahrheit, verst\u00e4rkst du das bereits Vorhandene. Also wenn jemand im finanziellen \u00dcberfluss lebt und sich selbst sagt \u201eIch lebe jetzt im finanziellen \u00dcberfluss\u201c, dann ist es die Wahrheit und er verst\u00e4rkt diesen Glauben. Entspricht es jedoch nicht der aktuellen Realit\u00e4t, wehrt sich das Ego, weil es wei\u00df, dass es eine L\u00fcge ist.<br \/>\nNur bei den wenigsten Menschen funktioniert diese Art des sich selbst Bel\u00fcgens.<br \/>\nDurch Afformationen jedoch trickst du dein Ego aus und erteilst sogar deinem Unterbewusstsein einen Auftrag. Dein Unterbewusstsein will dir eine Antwort auf die Frage liefern, wie es das auch schon von den negativen Fragestellungen gewohnt ist.<br \/>\nDu musst dir des Weges noch nicht einmal bewusst sein. Denn durch die Fragestellung \u201eWie habe ich es geschafft?\u201c \u00f6ffnest du dem Universum unendlich viele M\u00f6glichkeiten, wie es geschehen darf.<br \/>\nSei dir der unglaublichen Macht dieser Fragestellungen bewusst und wende sie richtig f\u00fcr dich an.<br \/>\nDurch die Fragestellung \u201eWie habe ich es geschafft, jetzt finanziell frei zu sein\u201c geht man davon aus, dass es schon in der Vergangenheit liegt, aber man wei\u00df noch nicht, wie es geschehen ist. Das Unterbewusstsein sucht nun den effektivsten Weg, wie es stattgefunden hat. Oder durch die Frage \u201eWie f\u00fchlt es sich an, jetzt finanziell frei zu sein?\u201c gibst du dir die Erlaubnis und den Auftrag, zu f\u00fchlen, wie es ist, finanziell frei zu sein. Du wirst nach und nach intuitiv anders denken, anders f\u00fchlen und anders handeln, wenn du diese Fragen st\u00e4ndig wiederholst. Also gib dir das Committment und bleib die n\u00e4chsten 30 Tage dabei.<\/p>\n<p>Reichtums Afformationen: Jede K\u00f6rperzelle auf Erfolg, Reichtum und Wohlstand neu programmieren<br \/>\nQuelle: https:\/\/youtu.be\/GcxJqZaohZ4<\/p>\n<h3 class=\"title\"><strong><a class=\"book-title\" href=\"https:\/\/www.urantia.org\/de\/inspirierende-fragen\">Inspirierende Fragen (Urantia-Buch)<\/a><\/strong><\/h3>\n<ul class=\"menu\">\n<li class=\"leaf first\"><a href=\"https:\/\/www.urantia.org\/de\/inspirierende-fragen\/bestraft-gott-uns\">Bestraft Gott uns?<\/a><\/li>\n<li class=\"leaf\"><a href=\"https:\/\/www.urantia.org\/de\/inspirierende-fragen\/gibt-es-die-holle\">Gibt es die H\u00f6lle?<\/a><\/li>\n<li class=\"leaf\"><a href=\"https:\/\/www.urantia.org\/de\/inspirierende-fragen\/gibt-es-noch-anderes-intelligentes-leben-im-universum\">Gibt es noch anderes intelligentes Leben im Universum?<\/a><\/li>\n<li class=\"leaf active-trail\"><a class=\"active\" href=\"https:\/\/www.urantia.org\/de\/inspirierende-fragen\/hat-sich-der-mensch-entwickelt-oder-wurde-er-erschaffen\">Hat sich der Mensch entwickelt oder wurde er erschaffen?<\/a><\/li>\n<li class=\"leaf\"><a href=\"https:\/\/www.urantia.org\/de\/inspirierende-fragen\/hatte-jesus-bruder-und-schwestern\">Hatte Jesus Br\u00fcder und Schwestern?<\/a><\/li>\n<li class=\"leaf\"><a href=\"https:\/\/www.urantia.org\/de\/inspirierende-fragen\/ist-gott-in-mir\">Ist Gott in mir?<\/a><\/li>\n<li class=\"leaf\"><a href=\"https:\/\/www.urantia.org\/de\/inspirierende-fragen\/ist-jesus-wirklich-auferstanden\">Ist Jesus wirklich auferstanden?<\/a><\/li>\n<li class=\"leaf\"><a href=\"https:\/\/www.urantia.org\/de\/inspirierende-fragen\/ist-es-falsch-materiellen-reichtum-erwerben-zu-wollen\">Ist es falsch, materiellen Reichtum erwerben zu wollen?<\/a><\/li>\n<li class=\"leaf\"><a href=\"https:\/\/www.urantia.org\/de\/inspirierende-fragen\/ist-unser-planet-etwas-besonderes\">Ist unser Planet etwas Besonderes?<\/a><\/li>\n<li class=\"leaf\"><a href=\"https:\/\/www.urantia.org\/de\/inspirierende-fragen\/sind-engel-real\">Sind Engel real?<\/a><\/li>\n<li class=\"leaf\"><a href=\"https:\/\/www.urantia.org\/de\/inspirierende-fragen\/sind-wir-unsterblich\">Sind wir unsterblich?<\/a><\/li>\n<li class=\"leaf\"><a href=\"https:\/\/www.urantia.org\/de\/inspirierende-fragen\/sollten-wir-angst-haben\">Sollten wir Angst haben?<\/a><\/li>\n<li class=\"leaf\"><a href=\"https:\/\/www.urantia.org\/de\/inspirierende-fragen\/um-dahin-zu-gehen-wo-niemand-zuvor-gewesen-ist\">Um dahin zu gehen, wo niemand zuvor gewesen ist<\/a><\/li>\n<li class=\"leaf\"><a href=\"https:\/\/www.urantia.org\/de\/inspirierende-fragen\/was-bedeutet-es-gerettet-zu-werden\">Was bedeutet es, gerettet zu werden?<\/a><\/li>\n<li class=\"leaf\"><a href=\"https:\/\/www.urantia.org\/de\/inspirierende-fragen\/was-hat-jesus-uber-die-liebe-gesagt\">Was hat Jesus \u00fcber die Liebe gesagt?<\/a><\/li>\n<li class=\"leaf\"><a href=\"https:\/\/www.urantia.org\/de\/inspirierende-fragen\/was-ist-sunde\">Was ist S\u00fcnde?<\/a><\/li>\n<li class=\"leaf\"><a href=\"https:\/\/www.urantia.org\/de\/inspirierende-fragen\/was-ist-das-gebet\">Was ist das Gebet?<\/a><\/li>\n<li class=\"leaf\"><a href=\"https:\/\/www.urantia.org\/de\/inspirierende-fragen\/was-ist-das-himmelreich\">Was ist das Himmelreich?<\/a><\/li>\n<li class=\"leaf\"><a href=\"https:\/\/www.urantia.org\/de\/inspirierende-fragen\/was-ist-der-sinn-des-lebens\">Was ist der Sinn des Lebens?<\/a><\/li>\n<li class=\"leaf\"><a href=\"https:\/\/www.urantia.org\/de\/inspirierende-fragen\/was-ist-der-wert-des-familienlebens\">Was ist der Wert des Familienlebens?<\/a><\/li>\n<li class=\"leaf\"><a href=\"https:\/\/www.urantia.org\/de\/inspirierende-fragen\/was-ist-der-wille-gottes\">Was ist der Wille Gottes?<\/a><\/li>\n<li class=\"leaf\"><a href=\"https:\/\/www.urantia.org\/de\/inspirierende-fragen\/was-ist-die-seele\">Was ist die Seele?<\/a><\/li>\n<li class=\"leaf\"><a href=\"https:\/\/www.urantia.org\/de\/inspirierende-fragen\/was-passiert-wenn-wir-sterben\">Was passiert, wenn wir sterben?<\/a><\/li>\n<li class=\"leaf\"><a href=\"https:\/\/www.urantia.org\/de\/inspirierende-fragen\/was-sagte-jesus-uber-die-goldene-regel\">Was sagte Jesus \u00fcber die Goldene Regel?<\/a><\/li>\n<li class=\"leaf\"><a href=\"https:\/\/www.urantia.org\/de\/inspirierende-fragen\/wer-hat-unser-universum-erschaffen\">Wer hat unser Universum erschaffen?<\/a><\/li>\n<li class=\"leaf\"><a href=\"https:\/\/www.urantia.org\/de\/inspirierende-fragen\/wer-ist-jesus\">Wer ist jesus?<\/a><\/li>\n<li class=\"leaf\"><a href=\"https:\/\/www.urantia.org\/de\/inspirierende-fragen\/wer-waren-die-ersten-menschen\">Wer waren die ersten Menschen?<\/a><\/li>\n<li class=\"leaf\"><a href=\"https:\/\/www.urantia.org\/de\/inspirierende-fragen\/werde-ich-in-den-himmel-kommen\">Werde ich in den Himmel kommen?<\/a><\/li>\n<li class=\"leaf\"><a href=\"https:\/\/www.urantia.org\/de\/inspirierende-fragen\/wie-begann-das-leben-auf-der-erde\">Wie begann das Leben auf der Erde?<\/a><\/li>\n<li class=\"leaf\"><a href=\"https:\/\/www.urantia.org\/de\/inspirierende-fragen\/wie-finde-ich-gott\">Wie finde ich Gott?<\/a><\/li>\n<li class=\"leaf\"><a href=\"https:\/\/www.urantia.org\/de\/inspirierende-fragen\/wie-funktioniert-vergebung\">Wie funktioniert Vergebung?<\/a><\/li>\n<li class=\"leaf\"><a href=\"https:\/\/www.urantia.org\/de\/inspirierende-fragen\/wie-gehe-ich-mit-enttauschungen-um\">Wie gehe ich mit Entt\u00e4uschungen um?<\/a><\/li>\n<li class=\"leaf\"><a href=\"https:\/\/www.urantia.org\/de\/inspirierende-fragen\/wie-halte-ich-einer-krise-fest\">Wie halte ich an einer Krise fest?<\/a><\/li>\n<li class=\"leaf\"><a href=\"https:\/\/www.urantia.org\/de\/inspirierende-fragen\/wie-lebe-ich-wie-jesus\">Wie lebe ich wie Jesus?<\/a><\/li>\n<li class=\"leaf last\"><a href=\"https:\/\/www.urantia.org\/de\/inspirierende-fragen\/wie-aussert-sich-die-liebe-gottes\">Wie \u00e4u\u00dfert sich die Liebe Gottes?<\/a><\/li>\n<\/ul>\n<h3><\/h3>\n","protected":false},"excerpt":{"rendered":"<p>Fragen (Afformationen) Siehe: Werkzeuge\/Fragen (Afformationen) Anwendung Afformationen auf Reichsein und Reichtum 1) Grundfrage f\u00fcr Zielbildung Eine Grundfrage ist: \u201eWas will ich wirklich in meinem Leben erreichen?\u201c Statt \u201cIch kann mir das nicht leisten\u201d fragst Du \u201eWIE kann ich mir das leisten?\u201d Dadurch f\u00e4ngt Dein Unterbewusstsein an, nach einer Antwort und L\u00f6sung zu suchen. Ich habe [&hellip;]<\/p>\n","protected":false},"author":1,"featured_media":0,"parent":3130,"menu_order":0,"comment_status":"closed","ping_status":"closed","template":"members-style1-nosidebar.php","meta":{"footnotes":"","_links_to":"","_links_to_target":""},"class_list":["post-2234","page","type-page","status-publish","hentry"],"_links":{"self":[{"href":"https:\/\/reich-sein.eu\/club\/wp-json\/wp\/v2\/pages\/2234","targetHints":{"allow":["GET"]}}],"collection":[{"href":"https:\/\/reich-sein.eu\/club\/wp-json\/wp\/v2\/pages"}],"about":[{"href":"https:\/\/reich-sein.eu\/club\/wp-json\/wp\/v2\/types\/page"}],"author":[{"embeddable":true,"href":"https:\/\/reich-sein.eu\/club\/wp-json\/wp\/v2\/users\/1"}],"replies":[{"embeddable":true,"href":"https:\/\/reich-sein.eu\/club\/wp-json\/wp\/v2\/comments?post=2234"}],"version-history":[{"count":13,"href":"https:\/\/reich-sein.eu\/club\/wp-json\/wp\/v2\/pages\/2234\/revisions"}],"predecessor-version":[{"id":3697,"href":"https:\/\/reich-sein.eu\/club\/wp-json\/wp\/v2\/pages\/2234\/revisions\/3697"}],"up":[{"embeddable":true,"href":"https:\/\/reich-sein.eu\/club\/wp-json\/wp\/v2\/pages\/3130"}],"wp:attachment":[{"href":"https:\/\/reich-sein.eu\/club\/wp-json\/wp\/v2\/media?parent=2234"}],"curies":[{"name":"wp","href":"https:\/\/api.w.org\/{rel}","templated":true}]}}