{"id":2236,"date":"2022-06-30T17:13:03","date_gmt":"2022-06-30T15:13:03","guid":{"rendered":"http:\/\/reich-sein.eu\/club\/?page_id=2236"},"modified":"2022-11-24T16:04:11","modified_gmt":"2022-11-24T14:04:11","slug":"aussagen","status":"publish","type":"page","link":"https:\/\/reich-sein.eu\/club\/mittel\/aussagen\/","title":{"rendered":"Aussagen"},"content":{"rendered":"<h2><span style=\"color: #0000ff;\"><strong>Aussagen<\/strong><\/span><\/h2>\n<h3><span style=\"color: #0000ff;\"><strong>Affirmationen (best\u00e4rkende Worte und kurze S\u00e4tze)<\/strong><\/span><\/h3>\n<p>Unterst\u00fctzung\/Zustimmung f\u00fcr etwas,\u00a0Aussage, durch die man bejaht<\/p>\n<ul>\n<li><strong>Synonym:<\/strong>\u00a0 Beipflichtung, Bejahung, <strong>Bekr\u00e4ftigung<\/strong>, Best\u00e4tigung, Zusagung, Zuspruch, Zustimmung<\/li>\n<li><strong>Antonym<\/strong> (Gegenteil):\u00a0Verweigerung, Ablehnung, Zweifel, Ohnmacht, Negation, R\u00fcckzug, (offene, unbeantwortete) <strong>Fragen<\/strong>, Wettbewerb, Gegenstimme<\/li>\n<\/ul>\n<p><strong>Druckbare Affirmationskarten<\/strong><br \/>\nf\u00fcr 8 versciedene Lebensbereiche<br \/>\n<a href=\"https:\/\/www.stephymagney.com\/gratis\/\">https:\/\/www.stephymagney.com\/gratis\/<\/a><\/p>\n<p>&nbsp;<\/p>\n","protected":false},"excerpt":{"rendered":"<p>Aussagen Affirmationen (best\u00e4rkende Worte und kurze S\u00e4tze) Unterst\u00fctzung\/Zustimmung f\u00fcr etwas,\u00a0Aussage, durch die man bejaht Synonym:\u00a0 Beipflichtung, Bejahung, Bekr\u00e4ftigung, Best\u00e4tigung, Zusagung, Zuspruch, Zustimmung Antonym (Gegenteil):\u00a0Verweigerung, Ablehnung, Zweifel, Ohnmacht, Negation, R\u00fcckzug, (offene, unbeantwortete) Fragen, Wettbewerb, Gegenstimme Druckbare Affirmationskarten f\u00fcr 8 versciedene Lebensbereiche https:\/\/www.stephymagney.com\/gratis\/ &nbsp;<\/p>\n","protected":false},"author":1,"featured_media":0,"parent":5069,"menu_order":0,"comment_status":"closed","ping_status":"closed","template":"members-style1-nosidebar.php","meta":{"footnotes":"","_links_to":"","_links_to_target":""},"class_list":["post-2236","page","type-page","status-publish","hentry"],"_links":{"self":[{"href":"https:\/\/reich-sein.eu\/club\/wp-json\/wp\/v2\/pages\/2236","targetHints":{"allow":["GET"]}}],"collection":[{"href":"https:\/\/reich-sein.eu\/club\/wp-json\/wp\/v2\/pages"}],"about":[{"href":"https:\/\/reich-sein.eu\/club\/wp-json\/wp\/v2\/types\/page"}],"author":[{"embeddable":true,"href":"https:\/\/reich-sein.eu\/club\/wp-json\/wp\/v2\/users\/1"}],"replies":[{"embeddable":true,"href":"https:\/\/reich-sein.eu\/club\/wp-json\/wp\/v2\/comments?post=2236"}],"version-history":[{"count":41,"href":"https:\/\/reich-sein.eu\/club\/wp-json\/wp\/v2\/pages\/2236\/revisions"}],"predecessor-version":[{"id":4074,"href":"https:\/\/reich-sein.eu\/club\/wp-json\/wp\/v2\/pages\/2236\/revisions\/4074"}],"up":[{"embeddable":true,"href":"https:\/\/reich-sein.eu\/club\/wp-json\/wp\/v2\/pages\/5069"}],"wp:attachment":[{"href":"https:\/\/reich-sein.eu\/club\/wp-json\/wp\/v2\/media?parent=2236"}],"curies":[{"name":"wp","href":"https:\/\/api.w.org\/{rel}","templated":true}]}}