{"id":2238,"date":"2022-06-30T17:13:41","date_gmt":"2022-06-30T15:13:41","guid":{"rendered":"http:\/\/reich-sein.eu\/club\/?page_id=2238"},"modified":"2022-11-24T15:15:38","modified_gmt":"2022-11-24T13:15:38","slug":"bilder","status":"publish","type":"page","link":"https:\/\/reich-sein.eu\/club\/mittel\/bilder\/","title":{"rendered":"Sehen (Bilder)"},"content":{"rendered":"<h2><span style=\"color: #0000ff;\">Sehen<\/span><\/h2>\n<p><strong><span style=\"color: #0000ff;\"><em>Einmal Sehen ist besser als hundertmal H\u00f6ren.<\/em> <\/span><\/strong>(russisches Sprichwort)<\/p>\n<h2><span style=\"color: #0000ff;\"><strong>BILDER (Vorstellungen) zur Visualisierung von Reichtum und Geld<\/strong><\/span><\/h2>\n<p><em><strong>Ein Bild sagt mehr als tausend Worte.<\/strong><\/em><\/p>\n<p><iframe loading=\"lazy\" title=\"YouTube video player\" src=\"https:\/\/www.youtube.com\/embed\/Mw6W1BoUGtI\" width=\"560\" height=\"315\" frameborder=\"0\" allowfullscreen=\"allowfullscreen\"><\/iframe><\/p>\n<p>Konzentriere Deine Energie darauf, das Beabsichtigte mit dem Auge Deines Geistes als fertig zu sehen, und lasse all Deine guten Gef\u00fchle \u00fcber das Objekt der Manifestation oder das Ziel-Ergebnis in Dir aufsteigen.<br \/>\nDas funktioniert am besten, wenn Du eine Veranschaulichung mit mehreren Sinnen durchf\u00fchrst: Das gew\u00fcnschte Ergebnis sehen, h\u00f6ren, riechen, ber\u00fchren, schmecken k\u00f6nnen. Mache das Ergebnis so real wie m\u00f6glich, so da\u00df es fast so ist, als ob es bereits zu Dir und Deinem Leben geh\u00f6rt.<\/p>\n<p>F\u00fcge dabei so viele Details des Endergebnisses wie m\u00f6glich hinzu. Konzentriere Dich ausschlie\u00dflich auf das fertige Ergebnis des Empfangs von dem, was Du beabsichtigst.<br \/>\nDenke nicht dar\u00fcber nach, wie sich Dein gew\u00fcnschtes Objekt oder Ergebnis manifestieren k\u00f6nnte: durch eine bestimmte Person oder durch ein bestimmtes Mittel. Fokussiere Dich nur auf das gew\u00fcnschte Endergebnis.<\/p>\n<p>Dabei kann Dir helfen, zun\u00e4chst im Au\u00dfen mit Deinem physischen Auge das Manifestationsobjekt zu sehen und wahrzunehmen.<br \/>\nDas kann in Gestalt von einzelnen Bildern, Bilder-Mosaiken oder auch Bilder-Serien (Filmen) erfolgen.<\/p>\n<h3><strong><span style=\"color: #0000ff;\">1) Einzelne Bilder<\/span><\/strong><\/h3>\n<p>Das Internet bietet viele Quellen f\u00fcr (sogar kostenfreie) Bilder zur Visualisierung. Beachte dabei jeweils die AGBs und Nutzungsbedingungen bez\u00fcglich der Rechte.<br \/>\nHier eine unverbindliche Sammlung von Adressen:<\/p>\n<h3><strong><span style=\"color: #0000ff;\">2) Bild-Collage (Visualisierung-Board, Zielcollage)<\/span><\/strong><\/h3>\n<p>Ein Vision Board ist gut geeignet zur Visualisierung Deiner Ziele und Tr\u00e4ume.<br \/>\nDas ist eine physische oder digitale Sammlung von Dingen wie Bildern, Zeitschriftenausschnitten, W\u00f6rtern, Zitaten u.a., die Deine Ziele und Tr\u00e4ume visuell darstellen und bekr\u00e4ftigen.<br \/>\nEs kann Dich t\u00e4glich an Dein Ziel erinnern und den Manifestationsproze\u00df f\u00f6rdern.<br \/>\nErstelle physische und \/ oder digitale Vision Boards.<br \/>\nDu kannst ein Vision Board benutzen als<br \/>\n&#8211; Pinwand,<br \/>\n&#8211; iPhone-Hintergrundbild,<br \/>\n&#8211; Computer-Hintergrundbild<\/p>\n<p>Auch hierf\u00fcr bietet das Internet einige Anregungen, die Du jeweils individualisieren solltest:<br \/>\n&#8211; Pinterest: <a href=\"https:\/\/www.pinterest.de\">https:\/\/www.pinterest.de<\/a><\/p>\n<p>&#8211; Vision Board Maker (kostenfrei):<a href=\"https:\/\/www.canva.com\/create\/vision-boards\/\">https:\/\/www.canva.com\/create\/vision-boards\/<\/a><\/p>\n<p>&#8211; Anleitung zur Erstellung deines Vision Boards:<a href=\"https:\/\/www.powerful-me.de\/besser-leben\/ein-vision-board-erstellen\/\">https:\/\/www.powerful-me.de\/besser-leben\/ein-vision-board-erstellen\/<\/a><\/p>\n<h3><strong><span style=\"color: #0000ff;\">3) Bilderserien mit Bewegtbildern (Filme)<\/span><\/strong><\/h3>\n<p>Am wirksamsten f\u00fcr die Visualisierung der Manifestation sind Filme (deshalb werden diese auch so massiv zur t\u00e4glichen Massen-Manipulation benutzt).<br \/>\n<strong>&#8211; Mind Movies:<\/strong><br \/>\nMind Movies verwandelt ein langweiliges Vision Board in ein unterhaltsames, digitales Video-Vision Board , das mit positiven Affirmationen, inspirierenden Bildern und motivierender Musik gef\u00fcllt ist.<br \/>\nLassen Sie sich durch Mind Movies bef\u00e4higen, Ihre Ziele zu erreichen. Diese kurzen Videos sind so konzipiert, dass Sie Ihren Geist in den h\u00f6chsten Manifestationsmodus versetzen \u2013 in nur wenigen unterhaltsamen Minuten pro Tag.<br \/>\n<a href=\"https:\/\/www.mindmovies.com\/\">https:\/\/www.mindmovies.com\/<\/a><\/p>\n<h3 id=\"firstHeading\" class=\"firstHeading\" lang=\"ru\"><a href=\"http:\/\/www.x-intellect.org\/wiki\/index.php?title=%D0%A0%D0%B0%D0%B7%D0%B2%D0%B8%D1%82%D0%B8%D0%B5_%D1%8D%D0%BD%D0%B5%D1%80%D0%B3%D0%BE%D0%B8%D0%BD%D1%84%D0%BE%D1%80%D0%BC%D0%B0%D1%86%D0%B8%D0%BE%D0%BD%D0%BD%D0%BE%D0%B3%D0%BE_%D0%B2%D0%BE%D1%81%D0%BF%D1%80%D0%B8%D1%8F%D1%82%D0%B8%D1%8F\"><strong>Entwicklung der Energie-Informations-Wahrnehmung<\/strong><\/a><\/h3>\n","protected":false},"excerpt":{"rendered":"<p>Sehen Einmal Sehen ist besser als hundertmal H\u00f6ren. (russisches Sprichwort) BILDER (Vorstellungen) zur Visualisierung von Reichtum und Geld Ein Bild sagt mehr als tausend Worte. Konzentriere Deine Energie darauf, das Beabsichtigte mit dem Auge Deines Geistes als fertig zu sehen, und lasse all Deine guten Gef\u00fchle \u00fcber das Objekt der Manifestation oder das Ziel-Ergebnis in [&hellip;]<\/p>\n","protected":false},"author":1,"featured_media":0,"parent":5069,"menu_order":0,"comment_status":"closed","ping_status":"closed","template":"members-style1-nosidebar.php","meta":{"footnotes":"","_links_to":"","_links_to_target":""},"class_list":["post-2238","page","type-page","status-publish","hentry"],"_links":{"self":[{"href":"https:\/\/reich-sein.eu\/club\/wp-json\/wp\/v2\/pages\/2238","targetHints":{"allow":["GET"]}}],"collection":[{"href":"https:\/\/reich-sein.eu\/club\/wp-json\/wp\/v2\/pages"}],"about":[{"href":"https:\/\/reich-sein.eu\/club\/wp-json\/wp\/v2\/types\/page"}],"author":[{"embeddable":true,"href":"https:\/\/reich-sein.eu\/club\/wp-json\/wp\/v2\/users\/1"}],"replies":[{"embeddable":true,"href":"https:\/\/reich-sein.eu\/club\/wp-json\/wp\/v2\/comments?post=2238"}],"version-history":[{"count":8,"href":"https:\/\/reich-sein.eu\/club\/wp-json\/wp\/v2\/pages\/2238\/revisions"}],"predecessor-version":[{"id":4007,"href":"https:\/\/reich-sein.eu\/club\/wp-json\/wp\/v2\/pages\/2238\/revisions\/4007"}],"up":[{"embeddable":true,"href":"https:\/\/reich-sein.eu\/club\/wp-json\/wp\/v2\/pages\/5069"}],"wp:attachment":[{"href":"https:\/\/reich-sein.eu\/club\/wp-json\/wp\/v2\/media?parent=2238"}],"curies":[{"name":"wp","href":"https:\/\/api.w.org\/{rel}","templated":true}]}}