{"id":2240,"date":"2022-06-30T17:14:17","date_gmt":"2022-06-30T15:14:17","guid":{"rendered":"http:\/\/reich-sein.eu\/club\/?page_id=2240"},"modified":"2022-11-24T15:16:07","modified_gmt":"2022-11-24T13:16:07","slug":"zahlen","status":"publish","type":"page","link":"https:\/\/reich-sein.eu\/club\/mittel\/zahlen\/","title":{"rendered":"Zahlen"},"content":{"rendered":"<h2><span style=\"color: #0000ff;\"><strong>Zahlen<\/strong><\/span><\/h2>\n<p><em><strong>\u201eDie Zahl ist das Wesen aller Dinge\u201c<\/strong><\/em><br \/>\nPythagoras von Samos (570 v. Chr. bis 510 v. Chr.)<\/p>\n<h3><span style=\"color: #0000ff;\"><b>Bedeutung von Zahlen<\/b><\/span><\/h3>\n<p>Quelle:\u00a0<a href=\"https:\/\/www.paranormal.de\/paramirr\/geo\/symbol\/info\/ingmar\/zahlen.html\">https:\/\/www.paranormal.de\/paramirr\/geo\/symbol\/info\/ingmar\/zahlen.html<\/a><\/p>\n<blockquote>\n<table border=\"1\">\n<tbody>\n<tr>\n<td><strong>\u00a0<span style=\"color: #0000ff;\">0<\/span><\/strong><\/td>\n<td><strong>\u00a0repr\u00e4sentiert das Nichts &#8211; und im Nichts ist wiederum alles enthalten<\/strong><\/td>\n<\/tr>\n<tr>\n<td><span style=\"color: #0000ff;\"><strong>\u00a01<\/strong><\/span><\/td>\n<td><strong>\u00a0ist die Zahl der individuellen Absichten und kollektiven W\u00fcnsche<\/strong><\/td>\n<\/tr>\n<tr>\n<td><strong>\u00a0<span style=\"color: #0000ff;\">2<\/span><\/strong><\/td>\n<td><strong>\u00a0steht f\u00fcr Liebe, Weisheit und grenzenloses Verst\u00e4ndnis<\/strong><\/td>\n<\/tr>\n<tr>\n<td><strong>\u00a0<span style=\"color: #0000ff;\">3<\/span><\/strong><\/td>\n<td><strong>\u00a0ist <span style=\"color: #0000ff;\">Ursprung und Lenkung<\/span> der sch\u00f6pferischen Kr\u00e4fte in geordnete Bahnen<\/strong><\/td>\n<\/tr>\n<tr>\n<td><strong>\u00a0<span style=\"color: #0000ff;\">4<\/span><\/strong><\/td>\n<td><strong>\u00a0ist die irdische Zahl<\/strong><\/td>\n<\/tr>\n<tr>\n<td><strong>\u00a0<span style=\"color: #0000ff;\">5<\/span><\/strong><\/td>\n<td><strong>\u00a0ist die Zahl von Weisheit und Wissen im Einklang mit den Natur-Gesetzen<\/strong><\/td>\n<\/tr>\n<tr>\n<td><strong>\u00a0<span style=\"color: #0000ff;\">6<\/span><\/strong><\/td>\n<td><strong>\u00a0ist die Zahl der <span style=\"color: #0000ff;\">Sinn- und Formgebung<\/span> aus spiritueller Sicht<\/strong><\/td>\n<\/tr>\n<tr>\n<td><span style=\"color: #0000ff;\"><strong>\u00a07<\/strong><\/span><\/td>\n<td><strong>\u00a0ist die g\u00f6ttliche Zahl<\/strong><\/td>\n<\/tr>\n<tr>\n<td><strong>\u00a0<span style=\"color: #0000ff;\">8<\/span><\/strong><\/td>\n<td><strong>\u00a0steht f\u00fcr einander unterst\u00fctzende Kr\u00e4fte. Ewigkeit ist ein Moment im Universum<\/strong><\/td>\n<\/tr>\n<tr>\n<td><strong>\u00a0<span style=\"color: #0000ff;\">9<\/span><\/strong><\/td>\n<td><strong>\u00a0entspricht dem unaufh\u00f6rlichen <span style=\"color: #0000ff;\">Wandel<\/span> der Zeit<\/strong><\/td>\n<\/tr>\n<tr>\n<td><span style=\"color: #0000ff;\"><strong>11<\/strong><\/span><\/td>\n<td><strong>\u00a0Entgrenzung \/ Grenz-\u00dcberschreitung (Losl\u00f6sung von Raum und Zeit).<\/strong><br \/>\n<strong>Etwas, was aus dem &#8222;normalen&#8220; (gesetzlichen) Rahmen herausf\u00e4llt<\/strong><\/td>\n<\/tr>\n<\/tbody>\n<\/table>\n<\/blockquote>\n<h3><span style=\"color: #0000ff;\"><strong>1) Engelszahlen<\/strong><\/span><\/h3>\n<p>&#8211; 888 = manifestiere F\u00fclle. Alles kommt an seinen Platz.<\/p>\n<h3><span style=\"color: #0000ff;\"><strong>2) Tesla-Zahlen 3, 6, 9<\/strong><\/span><\/h3>\n<p><strong><em>\u201eWenn du nur die Pracht der 3, 6 und 9 kennen w\u00fcrden, h\u00e4ttest du den Schl\u00fcssel zum Universum.\u201c<\/em><\/strong>\u00a0(Nikola Tesla)<\/p>\n<ul>\n<li>Die Ziffer 3 steht f\u00fcr unsere menschliche Verbindung zum Universum und zur Quelle allen Seins.<\/li>\n<li>Die Ziffer 6 spiegelt die Kraft und St\u00e4rke und die Quelle in uns wider.<\/li>\n<li>Die Ziffer 9 steht f\u00fcr das G\u00f6ttliche. F\u00fcr Loslassen, Wachstum und Ver\u00e4nderung und erlaubt uns zu befreien, zu heilen, die Vergangenheit hinter uns zu lassen.<\/li>\n<\/ul>\n<h4><span style=\"color: #0000ff;\"><strong>369 Manifestation<\/strong>\u00a0<\/span><\/h4>\n<p>auch die\u00a0<strong>Nikola Tesla Methode<\/strong>\u00a0oder\u00a0<strong>Nikola Tesla Manifestation<\/strong>\u00a0bezeichnet.<\/p>\n<p>Im Englischen\u00a0<em><strong>Nicola Tesla\u2019s Devine Code<\/strong><\/em>.<\/p>\n<h3><span style=\"color: #0000ff;\"><strong>3) Zahlencodes von\u00a0Grigori Grabovoi<\/strong><\/span><\/h3>\n<p class=\"title style-scope ytd-video-primary-info-renderer\"><strong>Verbesserung der Finanzlage &#8211; Zahlen nach Grabovoi plus eine weitere Zahl.<\/strong><\/p>\n<ul>\n<li>L\u00f6sung von Fragen und Problemen &#8211; 25122004<\/li>\n<li>Stabilit\u00e4t in gesch\u00e4ftlichen Belangen &#8211; 212309909<\/li>\n<li>Normalisierung der Finanzlage &#8211; 71427321893<\/li>\n<li>Finanzielle F\u00fclle &#8211; 318798<\/li>\n<\/ul>\n<p><iframe loading=\"lazy\" title=\"YouTube video player\" src=\"https:\/\/www.youtube.com\/embed\/q_hHtYS_0Vg\" width=\"560\" height=\"315\" frameborder=\"0\" allowfullscreen=\"allowfullscreen\"><\/iframe><\/p>\n<p class=\"title style-scope ytd-video-primary-info-renderer\"><strong>Visualisiere finanziellen \u00dcberschuss\u00a0<\/strong><\/p>\n<p><iframe loading=\"lazy\" title=\"YouTube video player\" src=\"https:\/\/www.youtube.com\/embed\/ShrYsEqSaDg\" width=\"560\" height=\"315\" frameborder=\"0\" allowfullscreen=\"allowfullscreen\"><\/iframe><\/p>\n<p><a href=\"http:\/\/reich-sein.eu\/club\/wp-content\/uploads\/2022\/10\/Die-Zeit-in-Geld-umwandeln.jpg\"><img loading=\"lazy\" decoding=\"async\" class=\"alignleft size-large wp-image-3857\" src=\"http:\/\/reich-sein.eu\/club\/wp-content\/uploads\/2022\/10\/Die-Zeit-in-Geld-umwandeln-1024x745.jpg\" alt=\"\" width=\"1024\" height=\"745\" srcset=\"https:\/\/reich-sein.eu\/club\/wp-content\/uploads\/2022\/10\/Die-Zeit-in-Geld-umwandeln-1024x745.jpg 1024w, https:\/\/reich-sein.eu\/club\/wp-content\/uploads\/2022\/10\/Die-Zeit-in-Geld-umwandeln-300x218.jpg 300w, https:\/\/reich-sein.eu\/club\/wp-content\/uploads\/2022\/10\/Die-Zeit-in-Geld-umwandeln-768x558.jpg 768w\" sizes=\"auto, (max-width: 1024px) 100vw, 1024px\" \/><\/a><\/p>\n","protected":false},"excerpt":{"rendered":"<p>Zahlen \u201eDie Zahl ist das Wesen aller Dinge\u201c Pythagoras von Samos (570 v. Chr. bis 510 v. Chr.) Bedeutung von Zahlen Quelle:\u00a0https:\/\/www.paranormal.de\/paramirr\/geo\/symbol\/info\/ingmar\/zahlen.html \u00a00 \u00a0repr\u00e4sentiert das Nichts &#8211; und im Nichts ist wiederum alles enthalten \u00a01 \u00a0ist die Zahl der individuellen Absichten und kollektiven W\u00fcnsche \u00a02 \u00a0steht f\u00fcr Liebe, Weisheit und grenzenloses Verst\u00e4ndnis \u00a03 \u00a0ist Ursprung [&hellip;]<\/p>\n","protected":false},"author":1,"featured_media":0,"parent":5069,"menu_order":0,"comment_status":"closed","ping_status":"closed","template":"members-style1-nosidebar.php","meta":{"footnotes":"","_links_to":"","_links_to_target":""},"class_list":["post-2240","page","type-page","status-publish","hentry"],"_links":{"self":[{"href":"https:\/\/reich-sein.eu\/club\/wp-json\/wp\/v2\/pages\/2240","targetHints":{"allow":["GET"]}}],"collection":[{"href":"https:\/\/reich-sein.eu\/club\/wp-json\/wp\/v2\/pages"}],"about":[{"href":"https:\/\/reich-sein.eu\/club\/wp-json\/wp\/v2\/types\/page"}],"author":[{"embeddable":true,"href":"https:\/\/reich-sein.eu\/club\/wp-json\/wp\/v2\/users\/1"}],"replies":[{"embeddable":true,"href":"https:\/\/reich-sein.eu\/club\/wp-json\/wp\/v2\/comments?post=2240"}],"version-history":[{"count":15,"href":"https:\/\/reich-sein.eu\/club\/wp-json\/wp\/v2\/pages\/2240\/revisions"}],"predecessor-version":[{"id":4702,"href":"https:\/\/reich-sein.eu\/club\/wp-json\/wp\/v2\/pages\/2240\/revisions\/4702"}],"up":[{"embeddable":true,"href":"https:\/\/reich-sein.eu\/club\/wp-json\/wp\/v2\/pages\/5069"}],"wp:attachment":[{"href":"https:\/\/reich-sein.eu\/club\/wp-json\/wp\/v2\/media?parent=2240"}],"curies":[{"name":"wp","href":"https:\/\/api.w.org\/{rel}","templated":true}]}}