{"id":2242,"date":"2022-06-30T17:14:50","date_gmt":"2022-06-30T15:14:50","guid":{"rendered":"http:\/\/reich-sein.eu\/club\/?page_id=2242"},"modified":"2022-12-09T20:21:39","modified_gmt":"2022-12-09T18:21:39","slug":"symbole","status":"publish","type":"page","link":"https:\/\/reich-sein.eu\/club\/mittel\/symbole\/","title":{"rendered":"Symbole"},"content":{"rendered":"<h2><span style=\"color: #0000ff;\"><strong>Zeichen und Symbole bzw. Symbolkr\u00e4fte<\/strong><\/span><\/h2>\n<p>Nach den Worten von <strong>Konfuzius<\/strong> regieren Zeichen und Symbole die Welt, so wie sie in den Herzen der Menschen unbewu\u00dft regieren.<\/p>\n<p>Es gibt unz\u00e4hlige Symbolsysteme und Symbole,<\/p>\n<ul>\n<li>die uralt sind:\u00a0<a href=\"http:\/\/www.hieroglyphen.de\/hiero.html\"><span style=\"color: blue;\">Hieroglyphen<\/span><\/a><span style=\"color: blue;\">, Runen, K\u00f6rbler Zeichen<\/span><\/li>\n<li>die der Neuzeit angepa\u00dft sind:\u00a0\u00a0<span style=\"color: blue;\">Ingmar, Larimar, Everest, LuWEF<\/span><\/li>\n<\/ul>\n<h3><span style=\"color: #0000ff;\"><b>Bedeutung von Symbolen<\/b>\u00a0\u00a0<\/span><\/h3>\n<p>Quelle:\u00a0<a href=\"https:\/\/www.paranormal.de\/paramirr\/geo\/symbol\/info\/other\/symbol.htm\">https:\/\/www.paranormal.de\/paramirr\/geo\/symbol\/info\/other\/symbol.htm<\/a><\/p>\n<p align=\"justify\">Symbole stellen Antennen dar, durch welche Resonanzen in jeweils bestimmten Frequenzen erzeugt und entsprechende Medien-Teilchen oder -Cluster absorbiert (aufgenommen) oder emittiert (ausgesandt) werden.<\/p>\n<p>Symbole dienen zum Ausgleich, zur Heilung (gezielte St\u00e4rkung von Schwach-Stellen, L\u00f6sung von Blockaden), zum Schutz oder zur Meditation. Symbole kann man auf unterschiedliche Weise anwenden, z.B. gegenst\u00e4ndlich als Amulett, gedanklich als Bild.<\/p>\n<p>Hier sind einige Symbole in Form von Bildern dargestellt. Auch Raum-Wellen angeregter Objekte wie z.B. T\u00f6ne, D\u00fcfte oder Farben k\u00f6nnen als Symbole wirken. Unser K\u00f6rper, bis hin zur DNS besteht aus einer Vielzahl miteinander vernetzter Symbol-Antennen.<\/p>\n<p align=\"justify\"><span style=\"color: #0000ff;\"><b>Die Symbol-Deutung ist eine Kunst des analogen Denkens.<\/b><\/span><\/p>\n<p><center><br \/>\n<img loading=\"lazy\" decoding=\"async\" src=\"https:\/\/www.paranormal.de\/paramirr\/geo\/symbol\/info\/other\/symbol-Dateien\/symbole.jpg\" width=\"368\" height=\"154\" \/><br \/>\nEinige Symbole<\/center><\/p>\n<p align=\"justify\"><b>Die Gerade<\/b>\u00a0entspricht nach dem Universal-Prinzip einer Pol-Achse. In der Antike auch den Phallus symbolisierend, in der Technik Anwendung als Antenne (Dipol).<\/p>\n<p align=\"justify\"><b>Das Kreuz<\/b>\u00a0besteht aus einer Kombination von zwei Geraden. Das\u00a0<b>Keltische Kreuz<\/b>\u00a0entspricht nach dem Universal-Prinzip einem Kern mit Ausgleich-Wellen-Feld. Es ist eine Weiter-Entwicklung des urzeitlichen Kreises mit Mittelpunkt (Kern mit Ausgleich-Wellen-Feld), durch Hinzuf\u00fcgen von Pol- und \u00c4quator-Achse. Die Achsen ragen \u00fcber das Ausgleich-Wellen-Feld hinaus, was den Aspekt zur Entwicklung weiterer Ausgleich-Wellen-Felder anzeigt.<\/p>\n<p align=\"justify\"><b>Der Kreis\u00a0<\/b>ist ein uraltes Symbol, das der Sonnen-Scheibe als Ursprung aller Dinge entspricht (daher in der Antike auch die Vagina symbolisierend). Aus uralten H\u00f6hlen-Malereien sind Kreise mit Mittelpunkt bekannt. Der Kreis wird in der Technik als Antenne (Schleifen-Dipol) verwendet. Nach dem Universal-Prinzip entspricht er einem \u00c4quator. Der Mittelpunkt stellt einen Kern dar &#8211; das Grundmuster aus dem s\u00e4mtliche Gebilde oder Objekte beliebiger Gr\u00f6\u00dfenordnung im Universum aufgebaut sind (Atomkern\/Elektronen, Samen\/Fruchtfleisch, K\u00f6rper\/Aura, Erde\/Mond, Sonne\/Planeten, Galaktischer Zentralstern\/Galaxien).<\/p>\n<p align=\"justify\"><b>Die Welle<\/b>\u00a0symbolisiert die ewig flie\u00dfenden Abl\u00e4ufe. Nach dem Universal-Prinzip entstehen Wellen durch periodische Anregung jeglicher Gebilde und transportieren Kraft. Dabei wird unterschieden in im Raum fortlaufende Raum-Wellen und stehende Medien-Wellen.<\/p>\n<p align=\"justify\">Die\u00a0<b>Lemniskate<\/b>\u00a0zeigt den immerw\u00e4hrenden Kreislauf eines Stoffes in einem Ausgleich-Wellen-Feld, z.B. der Wasser-Kreislauf. Objekte aller Gr\u00f6\u00dfenordnungen sind in zwei gegenl\u00e4ufige Kreis-Prozesse eingebunden, sich gegenseitig begrenzend und wechselweise ineinander \u00fcbergehend. So existieren nebeneinander st\u00e4ndig expandierende Systeme mit \u00fcberwiegender Levitations-Kraft und schrumpfende Systeme mit \u00fcberwiegender Gravitation. Kreisl\u00e4ufe wie z.B. von Wasser im Ausgleich-Wellen-Feld der Atmosph\u00e4re, von Inkarnationen der Menschen, vom Samen zum Lebewesen, zu Pflanze, Tier, Mensch &#8230; m\u00fcnden in Kreisl\u00e4ufe von Materie zu Raum bei Galaxien, zu Sonnen-Sytemen, Planeten, Lebewesen, Verbindungen, Atomen &#8230;. Die Lemniskate entspricht nach dem Universal-Prinzip einer stehenden Welle.<\/p>\n<p align=\"justify\">Die\u00a0<b>Spirale<\/b>\u00a0zeigt die kontinuierliche Entwicklung von klein zu gro\u00df oder umgekehrt. Spiralf\u00f6rmige Strudel entstehen bei vertikal verlaufenden Str\u00f6mungen z.B. von Wasser oder Luft (Hurrican). Germanische Fibeln zeigen eine Kombination von zwei gegenl\u00e4ufigen Spiralen in Form einer Lemniskate. Dies symbolisiert den ewigen Zyklus von dichter Masse (k\u00f6rperliche Anlage, Materie) zu aufgel\u00f6ster Masse (seelisch geistige Erfahrung, Raum) und umgekehrt.<\/p>\n<p>Nach dem Universal-Prinzip zeigt die Spirale den Verlauf der Entwicklung von einem Extrem zum anderen (Materie und Raum). Die Linie der Spirale beginnt im Kern und durchl\u00e4uft danach alle Energie-Niveaus vom ersten Ausgleich-Wellen-Feld bis zum h\u00f6chsten Ausgleich-Wellen-Feld (Bild). Legt man eine radiale Linie in die Spirale, verbindet diese alle einander entsprechenden Energie-Niveaus in aufeinanderfolgenden Oktav-Bereichen (Ausgleich-Wellen-Feld). Das Perioden-System der Elemente k\u00f6nnte in dieser Form der Realit\u00e4t genauer entsprechen als das zur Zeit gel\u00e4ufige.<\/p>\n<p><center><br \/>\n<img loading=\"lazy\" decoding=\"async\" src=\"https:\/\/www.paranormal.de\/paramirr\/geo\/symbol\/info\/other\/symbol-Dateien\/spiralverlauf.jpg\" width=\"337\" height=\"409\" \/><br \/>\nSpiralverlauf<\/center><\/p>\n<p align=\"justify\"><b>Das Dreieck<\/b>\u00a0besteht aus drei Geraden und symbolisiert die Dreiheit der geistigen Ausgleich-Wellen-Felder. Ein Dreieck zeigt die Entwicklung von einem Extrem zum anderen (z.B. Materie zu Raum). Das Hexagramm entsteht aus der Kombination von zwei Dreiecken und veranschaulicht zwei gegenl\u00e4ufigen Entwicklungen, die zusammen eine Einheit ergeben. Beim Yantra (OM-Mandala) sind mehrere Dreiecke ansteigender Gr\u00f6\u00dfe miteinander kombiniert. Dies symbolisiert eine Entwicklungs-Proze\u00df in mehreren Stufen. In der Mitte befindet sich ein Punkt, der den Ursprung oder den Samen entspricht, der sich im Scho\u00dfe der Natur entwickeln kann.<\/p>\n<p align=\"justify\"><b>Das Hexagramm<\/b>\u00a0symbolisiert wie die Lemniskate das Yin-Yang-Zeichen oder zwei gegenl\u00e4ufige Spiralen mit zwei gegenl\u00e4ufigen Entwicklungen. Nach dem Universal-Prinzip zeigen diese Symbole sowohl die immerw\u00e4hrende Entwicklung gegens\u00e4tzlicher Zyklen der Urkr\u00e4fte Gavitation und Levitation, der Urzust\u00e4nde Raum und Materie, des allt\u00e4glichen Wechsels von Tag und Nacht oder des Ein- und Ausatmens, jeweils von einem Extrem zum anderen.<\/p>\n<p><center><br \/>\n<img loading=\"lazy\" decoding=\"async\" src=\"https:\/\/www.paranormal.de\/paramirr\/geo\/symbol\/info\/other\/symbol-Dateien\/hexagramm.jpg\" width=\"242\" height=\"284\" \/><br \/>\nHexagramm<\/center><\/p>\n<p align=\"justify\"><b><a name=\"1\"><\/a>Die Pyramide<\/b>\u00a0stellt eine r\u00e4umliche Kombination von vier Dreiecken dar. Die \u00e4gyptischen Pyramiden bilden die n\u00f6rdliche Erd-Hemisph\u00e4re im Ma\u00dfstab von 1 : 43.200 ab. Es sind Antennen, die nicht nur eine Kommunikation mit weit entfernten Sternen zulie\u00dfen, sondern es wurden offenbar auch seelisch-geistige Felder transportiert. Diese Felder hoher Intelligenz konnten auf der Erde inkarnieren und wieder zur\u00fcck zum Ursprung gelangen! Dies begr\u00fcndet auch die immer wieder auftauchenden Vorstellungen von der Anwesenheit oder von Besuchen Au\u00dferirdischer und erkl\u00e4rt das Vorhandensein scheinbar unerkl\u00e4rlicher Ph\u00e4nomene, Funde und Entwicklungs-Spr\u00fcnge.<\/p>\n<p align=\"justify\">Nach dem Universal-Prinzip entspricht die Pyramide einer r\u00e4umlichen Antenne. Durch Anregung eines angepeilten Objektes (auch im Universum) kann zwischen Sender und Empf\u00e4nger ein Resonanz-Kanal entstehen, durch den Str\u00f6me von Medien-Teilchen oder Felder transportiert werden k\u00f6nnen.<\/p>\n<p align=\"justify\"><b>Phantasie oder Realit\u00e4t?<\/b>\u00a0Zur Zeit plant man Solar-Segler. Das sind kleine Weltraum-Sonden, die mit Segeln ausgestattet durch den Sonnen-Wind angetrieben werden. Die Amerikaner bereiten das Projekt M2P2 &#8222;Mini-Magnetospheric Plasma Propulsion&#8220; vor. Hierbei wird statt eines Solar-Segels ein gro\u00dfes blasenf\u00f6rmiges Magnetfeld verwendet. In Kenntnis dieses Projektes wirken die Leistungen der alten \u00c4gypter pl\u00f6tzlich ganz real.<\/p>\n<p align=\"justify\"><b>Das\u00a0Yin &#8211; Yang\u00a0&#8211; Zeichen<\/b>\u00a0ist ein chinesisches Symbol, das den st\u00e4ndigen Wechsel zwischen Yin (dunkle, ruhende, materielle, weibliche Qualit\u00e4t) und Yang (helle, bewegliche, m\u00e4nnliche geistige Qualit\u00e4t) ausgedr\u00fcckt. Der schwarze Punkt im wei\u00dfen Yang-Feld sagt aus, da\u00df im Tag bereits der Keim des Gegens\u00e4tzlichen &#8211; der folgenden Nacht angelegt ist und umgekehrt. Nach dem Universal-Prinzip beinhalten die Lemniskate (bzw. zwei gegenl\u00e4ufige Spiralen), das Hexagramm (bzw. Yantra) und das Yin- Yang-Zeichen die gleiche Aussage. Schematisch wird nicht nur die Entwicklung von einem zum anderen Extrem (Materie und Raum) dargestellt, sondern zugleich der Sinn evolution\u00e4rer Entwicklung &#8211; das Erreichen einer stufenweise h\u00f6heren Qualit\u00e4t.<\/p>\n<h3><span style=\"color: #0000ff;\"><strong>Blume des Lebens<\/strong><\/span><\/h3>\n<p>Der wesentliche und integrale Bestandteil des Absolutisierten\u00a0 Reaktors ist die <a href=\"https:\/\/www.disclosurenews.it\/operation-4th-universe-part-10-4-the-great-quantum-transition-lev\/?utm_source=newsletter&amp;utm_medium=email&amp;utm_campaign=new_post_disclosure_news_italia_edition_2022_10_09&amp;utm_term=2022-10-09\">Matrix (Blume) des Lebens.<\/a> Sie\u00a0dient der Materialisierung jeder Form von Intelligenz in unserem Lokalen (3-dimensional) Universums.<\/p>\n<p>Die Blume des Lebens ist ein Zeichen der Heiligen Geometrie.\u00a0 Die Blume des Lebens bezeichnet<\/p>\n<ul>\n<li>den Ursprung,<\/li>\n<li>die Grund-Geometrie der Sch\u00f6pfung.<\/li>\n<li>die Matrix des Lebens.<\/li>\n<\/ul>\n<p>Die Blume des Lebens besteht aus 19 vollst\u00e4ndigen Kreisen, angefangen mit einem einfachen Kreis als Mittelpunkt.<\/p>\n<p>Praktisch in verschiedene Formen gebracht z.B. als Aufkleber, Untersetzer&#8230; kannst Du die Blume des Lebens in Deinen Alltag integrieren.<\/p>\n<p>Z.B. kannst Du Wasser energetisieren, indem Du die Blume des Lebens als Untersetzer oder als Aufkleben auf ein Glas oder Glaskrug nutzt.<\/p>\n<p>&nbsp;<\/p>\n<p><a href=\"http:\/\/reich-sein.eu\/club\/wp-content\/uploads\/2022\/08\/Blume-des-Lebens-1.gif\"><img loading=\"lazy\" decoding=\"async\" class=\"size-full wp-image-2407 alignnone\" src=\"http:\/\/reich-sein.eu\/club\/wp-content\/uploads\/2022\/08\/Blume-des-Lebens-1.gif\" alt=\"\" width=\"360\" height=\"360\" \/><\/a><\/p>\n<p>Aus der Blume des Lebens entstehen auch andere Zeichen der Heiligen Geometrie,\u00a0z.B.<\/p>\n<ul>\n<li><strong>Fischblase Vesica Piscis, <\/strong><\/li>\n<li><strong>Same des Lebens, <\/strong><\/li>\n<li><strong>Ei des Lebens, <\/strong><\/li>\n<li><strong>Frucht des Lebens, <\/strong><\/li>\n<li><strong>Baum des Lebens und <\/strong><\/li>\n<li><strong>Metatrons W\u00fcrfel, <\/strong><\/li>\n<li><strong>Baum des Lebens.<\/strong><\/li>\n<\/ul>\n<p><a href=\"http:\/\/reich-sein.eu\/club\/wp-content\/uploads\/2022\/09\/Varianten-Blume-des-Lebens.jpg\"><img loading=\"lazy\" decoding=\"async\" class=\"size-full wp-image-3098 alignnone\" src=\"http:\/\/reich-sein.eu\/club\/wp-content\/uploads\/2022\/09\/Varianten-Blume-des-Lebens.jpg\" alt=\"\" width=\"600\" height=\"141\" srcset=\"https:\/\/reich-sein.eu\/club\/wp-content\/uploads\/2022\/09\/Varianten-Blume-des-Lebens.jpg 600w, https:\/\/reich-sein.eu\/club\/wp-content\/uploads\/2022\/09\/Varianten-Blume-des-Lebens-300x71.jpg 300w\" sizes=\"auto, (max-width: 600px) 100vw, 600px\" \/><\/a><\/p>\n<p><a href=\"https:\/\/www.disclosurenews.it\/operation-4th-universe-part-10-4-the-great-quantum-transition-lev\/?utm_source=newsletter&amp;utm_medium=email&amp;utm_campaign=new_post_disclosure_news_italia_edition_2022_10_09&amp;utm_term=2022-10-09\">Wir Menschen steigen jedoch auf in die 4. und 5. Dimension<\/a>, das\u00a03. Universum wird f\u00fcr uns geschlossen und macht Platz f\u00fcr ein neues, viertes Universum (4. Dimension).\u00a0Alles wird transformiert \u2013 das Pleroma, Co-Creators, Foundations, Monads und ihre Manifestationsk\u00f6rper, Energien, Materie bis zur atomaren und subatomaren Ebene, der menschliche Organismus bis hin zu Genen und Zellen.<\/p>\n<p>F\u00fcr ein neues Lokales Universum wurde eine neue Matrix des Lebens ben\u00f6tigt.\u00a0Es wurde von denselben beiden Obersten Hierarchen von Pleroma geschaffen.\u00a0Von der Form her sieht<span style=\"color: #0000ff;\"><strong> Crystal aus wie eine Knospe mit<\/strong> <\/span><strong><span style=\"color: #0000ff;\">144 Bl\u00fctenbl\u00e4ttern<\/span>.<\/strong><\/p>\n<div id=\"attachment_3916\" style=\"width: 730px\" class=\"wp-caption alignnone\"><a href=\"http:\/\/reich-sein.eu\/club\/wp-content\/uploads\/2022\/10\/Vierte-Dimension_-144-Bl\u00fctenblatt-Knospe.jpg\"><img loading=\"lazy\" decoding=\"async\" aria-describedby=\"caption-attachment-3916\" class=\"wp-image-3916 size-full\" src=\"http:\/\/reich-sein.eu\/club\/wp-content\/uploads\/2022\/10\/Vierte-Dimension_-144-Bl\u00fctenblatt-Knospe.jpg\" alt=\"\" width=\"720\" height=\"720\" srcset=\"https:\/\/reich-sein.eu\/club\/wp-content\/uploads\/2022\/10\/Vierte-Dimension_-144-Bl\u00fctenblatt-Knospe.jpg 720w, https:\/\/reich-sein.eu\/club\/wp-content\/uploads\/2022\/10\/Vierte-Dimension_-144-Bl\u00fctenblatt-Knospe-150x150.jpg 150w, https:\/\/reich-sein.eu\/club\/wp-content\/uploads\/2022\/10\/Vierte-Dimension_-144-Bl\u00fctenblatt-Knospe-300x300.jpg 300w\" sizes=\"auto, (max-width: 720px) 100vw, 720px\" \/><\/a><p id=\"caption-attachment-3916\" class=\"wp-caption-text\">Quelle: <a href=\"https:\/\/www.disclosurenews.it\/operation-4th-universe-part-10-4-the-great-quantum-transition-lev\/?utm_source=newsletter&amp;utm_medium=email&amp;utm_campaign=new_post_disclosure_news_italia_edition_2022_10_09&amp;utm_term=2022-10-09\">https:\/\/www.disclosurenews.it\/<\/a><\/p><\/div>\n<h3><span style=\"color: #0000ff;\"><strong>\u00dcbersicht moderner Symbole und Symbolkr\u00e4fte<\/strong><\/span><\/h3>\n<blockquote>\n<ul>\n<li><span style=\"color: red;\"><b>LARIMAR<\/b><\/span>\u00a0<b>&#8211; ist haupts\u00e4chlich f\u00fcr k\u00f6rperliche Gebrechen und Krankheiten ausgelegt<\/b>. Einige Symbole eignen sich auch zum Energie-Sparen, Reinigung und Energetisierung von Wasser. Es stammt von Wesenheiten des Sternen-Systems\u00a0<span style=\"color: blue;\">Sirius B<\/span>\u00a0und wurde von Dr. Med. Vet. Wolfgang Becvar gechannelt.<\/li>\n<li><span style=\"color: red;\"><b>INGMAR<\/b><\/span>\u00a0<b>&#8211; ist f\u00fcr den Geist des Menschen ausgelegt<\/b>, aber auch zur Energie-Einsparung und Sicherheit vor Fremd-Einfl\u00fcssen geeignet. Es stammt von Wesenheiten des Sternen-Systems Aldebaran und wurde von Dr. Med. Vet. Wolfgang Becvar gechannelt.<\/li>\n<li><span style=\"color: red;\"><b>ANTARES<\/b><\/span>\u00a0<b>&#8211; ist ein 7-dimensionales Symbol-System der Emotionen<\/b>. Es stammt von Wesenheiten des Sternen-Systems\u00a0<span style=\"color: blue;\">Antares<\/span>\u00a0und wurde von Mag. Werner Neuner gechannelt.<\/li>\n<li><span style=\"color: red;\"><b>ELOMIN<\/b><\/span>\u00a0<b>&#8211; ist ein energetisches Netzwerk auf mentaler Ebene<\/b>. Es wurde von Mag. Werner Neuner gechannelt.<\/li>\n<li><span style=\"color: red;\"><b>LEMURIA<\/b><\/span>\u00a0<b>&#8211; stammt aus der Zeit von Lemuria<\/b>, dem ehemaligen Ur-Kontinent im heutigen pazifischen Raum und umfasst 4 Symbole. Diese Energien wurden bereits damals auf Terra Gaia aktiviert. Es wurde von Dr. Med. Vet. Wolfgang Becvar gechannelt.<\/li>\n<\/ul>\n<\/blockquote>\n<p><a href=\"https:\/\/www.paranormal.de\/paramirr\/geo\/symbol\/symbole.htm\"><img loading=\"lazy\" decoding=\"async\" class=\"size-full wp-image-3113 alignnone\" src=\"http:\/\/reich-sein.eu\/club\/wp-content\/uploads\/2022\/09\/Symbolkr\u00e4fte-und-Freie-Energie_Tabelle.jpg\" alt=\"\" width=\"741\" height=\"627\" srcset=\"https:\/\/reich-sein.eu\/club\/wp-content\/uploads\/2022\/09\/Symbolkr\u00e4fte-und-Freie-Energie_Tabelle.jpg 741w, https:\/\/reich-sein.eu\/club\/wp-content\/uploads\/2022\/09\/Symbolkr\u00e4fte-und-Freie-Energie_Tabelle-300x254.jpg 300w\" sizes=\"auto, (max-width: 741px) 100vw, 741px\" \/><\/a><\/p>\n<p>Quelle:\u00a0<a href=\"https:\/\/www.paranormal.de\/paramirr\/geo\/symbol\/symbole.htm\">https:\/\/www.paranormal.de\/paramirr\/geo\/symbol\/symbole.htm<\/a><\/p>\n<h3 class=\"a-size-mini a-spacing-none a-color-base s-line-clamp-2\"><strong><span class=\"a-size-medium a-color-base a-text-normal\" style=\"color: #0000ff;\">Wolfgang Becvar: Ingmar. Das System der Symbolkr\u00e4fte von Aldebaran<\/span><\/strong><\/h3>\n<p><b><span style=\"color: red;\">Ingmar<\/span>\u00a0sind\u00a0Symbole aus der 5. Dimension vom Sternen-System Aldebaran<\/b><\/p>\n<p><img decoding=\"async\" src=\"https:\/\/www.paranormal.de\/paramirr\/geo\/symbol\/info\/buecher\/ingmar.jpg\" \/><\/p>\n<p>INGMAR ist der Sammelbegriff f\u00fcr einen Pool von Symbolkr\u00e4ften, die freie Energien konzentriert b\u00fcndeln und so nutzbar machen.<\/p>\n<p>169 verschiedenen Symbol-Beschreibungen und deren Wirkung auf den physischen K\u00f6rper.<\/p>\n<p>Diese Symbolkr\u00e4fte k\u00f6nnen ohne weiteren technischen Aufwand \u00fcber die Energiezentren (Chakren) aufgenommen und auch abgegeben werden.<\/p>\n<p>In diesem Buch wurden s\u00e4mtliche INGMAR-Symbolkr\u00e4fte dargestellt und ihre Wirksamkeit beschrieben.<\/p>\n<p>Im Kapitel \u00fcber die praktische Anwendung erfahren wir Wissenswertes \u00fcber:<\/p>\n<ul>\n<li>* Die \u00dcbertragung der Symbolwirkung auf Mensch, Tier, Pflanzen und Orte<\/li>\n<li>* Herstellung von Essenzen<\/li>\n<li>* Fern\u00fcbertragung und \u00dcbertragungspakete<\/li>\n<li>* Energiefelder<\/li>\n<li>* Steinsetzungen und Schaffung von Kraftpl\u00e4tzen<\/li>\n<li>* Anwendungen im Garten- und Ackerbau<\/li>\n<\/ul>\n<p><a href=\"https:\/\/amzn.to\/3BQ5oyS\"><strong>Buch HIER bestellen<\/strong><\/a><\/p>\n<h3 class=\"product_title entry-title\"><span style=\"color: #0000ff;\"><strong>Werner Neuner:\u00a0<\/strong><\/span><span style=\"color: #0000ff;\"><strong><span class=\"a-size-medium a-color-base a-text-normal\">Antares: Freie Energien und Symbolkr\u00e4fte<\/span><\/strong><\/span><\/h3>\n<p><a href=\"https:\/\/amzn.to\/3eSPWZL\"><img loading=\"lazy\" decoding=\"async\" class=\" wp-image-3107 alignnone\" src=\"http:\/\/reich-sein.eu\/club\/wp-content\/uploads\/2022\/09\/Antares-Freie-Energien-und-Symbolkr\u00e4fte.jpg\" alt=\"\" width=\"200\" height=\"297\" \/><\/a><\/p>\n<p>Das Antares Buch beschreibt die Symbolkr\u00e4fte vom Zentralstern des <strong>Skorpion.<\/strong><\/p>\n<p>Die Symbolkr\u00e4fte von Antares bef\u00e4higen den menschlichen Geist, freie Energien konzentriert und zielgerichtet einzusetzen.<\/p>\n<p>Mit diesen Symbolen wird im Wesentlichen der <strong>Emotionalk\u00f6rper<\/strong> des Menschen ausgeheilt und stabilisiert.<\/p>\n<p><strong><a href=\"https:\/\/amzn.to\/3eSPWZL\">Buch HIER bestellen<\/a><\/strong><\/p>\n<h3 class=\"product_title entry-title\"><span style=\"color: #0000ff;\"><strong>Wolfgang Becvar, Werner Neuner, Josef Marhl: Larimar \u2013 Das System der Symbolkr\u00e4fte von Sirius B<\/strong><\/span><\/h3>\n<p><a href=\"http:\/\/reich-sein.eu\/club\/wp-content\/uploads\/2022\/09\/Larimar-\u2013-Das-System-der-Symbolkr\u00e4fte-von-Sirius-B.jpg\"><img loading=\"lazy\" decoding=\"async\" class=\"size-full wp-image-3111 alignnone\" src=\"http:\/\/reich-sein.eu\/club\/wp-content\/uploads\/2022\/09\/Larimar-\u2013-Das-System-der-Symbolkr\u00e4fte-von-Sirius-B.jpg\" alt=\"\" width=\"189\" height=\"266\" \/><\/a><\/p>\n<p>Larimar ist der Name f\u00fcr ein System von Symbolkr\u00e4ften wirkt auf der <strong>geistig-spirituellen<\/strong> Ebene.\u00a0Sie haben die Aufgabe, uns in unseren Transformationsprozessen zu unterst\u00fctzen.<\/p>\n<p>Diese Symbolkr\u00e4fte\u00a0werden mit dem Stern Sirius B in Zusammenhang gebracht.<\/p>\n<p><a href=\"https:\/\/amzn.to\/3LlVIiE\"><strong>Buch HIER bestellen<\/strong><\/a><\/p>\n<h3><span style=\"color: #0000ff;\"><b>Symbol-Anwendungen<\/b>\u00a0\u00a0<\/span><\/h3>\n<table border=\"5\" width=\"400\">\n<tbody>\n<tr>\n<td>\n<div align=\"center\"><a href=\"https:\/\/www.paranormal.de\/paramirr\/geo\/symbol\/info\/anwendung\/anwendung.htm\"><span style=\"color: red;\">Anwendungs-Richtlinien<\/span><\/a><\/div>\n<\/td>\n<\/tr>\n<tr>\n<td>\n<div align=\"center\"><a href=\"https:\/\/www.paranormal.de\/paramirr\/geo\/symbol\/info\/anwendung\/amulett.htm\">Symbol-Amulette<\/a><\/div>\n<\/td>\n<\/tr>\n<tr>\n<td>\n<div align=\"center\"><a href=\"https:\/\/www.paranormal.de\/paramirr\/geo\/symbol\/info\/anwendung\/aufkleber.htm\">Symbol-Aufkleber<\/a><\/div>\n<\/td>\n<\/tr>\n<tr>\n<td>\n<div align=\"center\"><a href=\"https:\/\/www.paranormal.de\/paramirr\/geo\/symbol\/info\/antares\/essenz.html\">Symbol-Essenzen<\/a><\/div>\n<\/td>\n<\/tr>\n<tr>\n<td>\n<div align=\"center\"><a href=\"https:\/\/www.paranormal.de\/paramirr\/geo\/symbol\/info\/anwendung\/ferne.htm\">Fern-\u00dcbertragung<\/a><\/div>\n<\/td>\n<\/tr>\n<tr>\n<td>\n<div align=\"center\"><a href=\"https:\/\/www.paranormal.de\/paramirr\/geo\/symbol\/info\/anwendung\/mental.htm\">Symbole mental anwenden<\/a><\/div>\n<\/td>\n<\/tr>\n<tr>\n<td>\n<div align=\"center\">\u00a0<a href=\"https:\/\/www.paranormal.de\/paramirr\/geo\/symbol\/info\/anwendung\/wasser.htm\">Wasser informieren \/ aufladen<\/a><\/div>\n<\/td>\n<\/tr>\n<\/tbody>\n<\/table>\n<table border=\"5\" width=\"400\">\n<tbody>\n<tr>\n<td>\n<div align=\"center\"><span style=\"color: red;\">weitere Anwendungen<\/span><\/div>\n<\/td>\n<\/tr>\n<tr>\n<td>\n<div align=\"center\"><a href=\"https:\/\/www.paranormal.de\/paramirr\/geo\/symbol\/info\/antares\/spar.html\">Energie Spar-Pakete<\/a><\/div>\n<\/td>\n<\/tr>\n<tr>\n<td>\n<div align=\"center\"><a href=\"https:\/\/www.paranormal.de\/paramirr\/geo\/symbol\/info\/ingmar\/ketos.html\">Energie Spar-Paket Ketos<\/a><\/div>\n<\/td>\n<\/tr>\n<\/tbody>\n<\/table>\n<p>Quelle:\u00a0<a href=\"https:\/\/www.paranormal.de\/paramirr\/geo\/symbol\/info\/anwendung\/select.htm\">https:\/\/www.paranormal.de\/paramirr\/geo\/symbol\/info\/anwendung\/select.htm<\/a><\/p>\n<h3 class=\"font_0\"><span style=\"color: #0000ff;\"><strong>Mind-Deck-Karte:\u00a0Manifestationsverst\u00e4rker<\/strong><\/span><\/h3>\n<p class=\"font_8\">Der Manifestationsverst\u00e4rker funktioniert anders als die anderen Karten, da sein Zweck darin besteht, nur als <strong>aufladender Geistbeh\u00e4lter f\u00fcr Deine beabsichtigte Manifestation<\/strong> zu fungieren.\u00a0Durch den Manifestation Enhancer kannst Du ihm Deine Manifestation mitteilen, indem Du auf sein Zentrum blickst, Deine Gedanken oder Deine Absicht laut aussprichst und dann Deinen Blick 60 Sekunden lang h\u00e4ltst.\u00a0Wahlweise kannst Du Deine Absicht auf ein kleines St\u00fcck Papier schreiben, es der Karte durch Gedanken oder lautes Sprechen mitteilen und die Karte mit dem Blatt Papier in der Mitte nach unten legen. Du\u00a0kannst es 60 Sekunden oder l\u00e4nger auf der Karte belassen.\u00a0Sobald Du die Manifestation durch die Karte abgeschlossen hast, weist Du den Manifestationsverst\u00e4rker entweder durch Gedanken oder gesprochene Worte an, Deine vorherige Manifestation zu l\u00f6schen, damit Du sie erneut f\u00fcr eine neue Manifestation verwenden kannst.<\/p>\n<p class=\"title style-scope ytd-video-primary-info-renderer\"><strong>Healing Code Cards &#8211; Manifestation Enhancer Tutorial<\/strong><\/p>\n<p><iframe loading=\"lazy\" title=\"YouTube video player\" src=\"https:\/\/www.youtube-nocookie.com\/embed\/rfIgHVWQzZQ\" width=\"560\" height=\"315\" frameborder=\"0\" allowfullscreen=\"allowfullscreen\"><\/iframe><\/p>\n<p><strong><a href=\"https:\/\/www.healingcodecards.com\">https:\/\/www.healingcodecards.com<\/a><\/strong><\/p>\n<p>&nbsp;<\/p>\n<p><a href=\"https:\/\/bewusst-vegan-froh.de\/14-spirituelle-symbole\/\">H\u00e4ufige spirituelle Symbole und Bedeutung<\/a><\/p>\n","protected":false},"excerpt":{"rendered":"<p>Zeichen und Symbole bzw. Symbolkr\u00e4fte Nach den Worten von Konfuzius regieren Zeichen und Symbole die Welt, so wie sie in den Herzen der Menschen unbewu\u00dft regieren. Es gibt unz\u00e4hlige Symbolsysteme und Symbole, die uralt sind:\u00a0Hieroglyphen, Runen, K\u00f6rbler Zeichen die der Neuzeit angepa\u00dft sind:\u00a0\u00a0Ingmar, Larimar, Everest, LuWEF Bedeutung von Symbolen\u00a0\u00a0 Quelle:\u00a0https:\/\/www.paranormal.de\/paramirr\/geo\/symbol\/info\/other\/symbol.htm Symbole stellen Antennen dar, durch [&hellip;]<\/p>\n","protected":false},"author":1,"featured_media":0,"parent":5069,"menu_order":0,"comment_status":"closed","ping_status":"closed","template":"members-style1-nosidebar.php","meta":{"footnotes":"","_links_to":"","_links_to_target":""},"class_list":["post-2242","page","type-page","status-publish","hentry"],"_links":{"self":[{"href":"https:\/\/reich-sein.eu\/club\/wp-json\/wp\/v2\/pages\/2242","targetHints":{"allow":["GET"]}}],"collection":[{"href":"https:\/\/reich-sein.eu\/club\/wp-json\/wp\/v2\/pages"}],"about":[{"href":"https:\/\/reich-sein.eu\/club\/wp-json\/wp\/v2\/types\/page"}],"author":[{"embeddable":true,"href":"https:\/\/reich-sein.eu\/club\/wp-json\/wp\/v2\/users\/1"}],"replies":[{"embeddable":true,"href":"https:\/\/reich-sein.eu\/club\/wp-json\/wp\/v2\/comments?post=2242"}],"version-history":[{"count":40,"href":"https:\/\/reich-sein.eu\/club\/wp-json\/wp\/v2\/pages\/2242\/revisions"}],"predecessor-version":[{"id":2408,"href":"https:\/\/reich-sein.eu\/club\/wp-json\/wp\/v2\/pages\/2242\/revisions\/2408"}],"up":[{"embeddable":true,"href":"https:\/\/reich-sein.eu\/club\/wp-json\/wp\/v2\/pages\/5069"}],"wp:attachment":[{"href":"https:\/\/reich-sein.eu\/club\/wp-json\/wp\/v2\/media?parent=2242"}],"curies":[{"name":"wp","href":"https:\/\/api.w.org\/{rel}","templated":true}]}}