{"id":2269,"date":"2022-06-30T17:48:38","date_gmt":"2022-06-30T15:48:38","guid":{"rendered":"http:\/\/reich-sein.eu\/club\/?page_id=2269"},"modified":"2022-11-24T15:52:00","modified_gmt":"2022-11-24T13:52:00","slug":"richtiges-denken-und-handeln","status":"publish","type":"page","link":"https:\/\/reich-sein.eu\/club\/seins-dimensionen\/informieren\/richtiges-denken-und-handeln\/","title":{"rendered":"Richtiges Denken und Handeln"},"content":{"rendered":"<h2><span style=\"color: #0000ff;\"><strong>Die richtige Form des Denken und Handelns\u00a0<\/strong><\/span><\/h2>\n<p><em>\u201eEs braucht sehr wenig, um ein gl\u00fcckliches Leben zu haben; es ist alles in dir, in deiner Denkweise.\u201c\u00a0<\/em>(Marcus Aurelius Antoninus Augustus, der bedeutende r\u00f6mische Kaiser, 121 n. Chr. geboren)<\/p>\n<p>1 Symbol der F\u00fclle<br \/>\n2 Konzept der F\u00fclle<br \/>\n3 Reich-Sein und Wohl-Sein<br \/>\n4 SEIN WILLE GESCHEHE im RE-ICH<\/p>\n<h3><span style=\"color: #0000ff;\"><strong>1 Symbol der F\u00fclle<\/strong><\/span><\/h3>\n<p><strong>Anima<\/strong> sind Symbole von hellsichtigen Kindern mit der Botschaft:<\/p>\n<p><em>\u201eErinnere dich wieder an die g\u00f6ttliche und wunderbare Reinheit und Sch\u00f6nheit deiner Seele! Du bist unendlich geliebt.\u201c<\/em><\/p>\n<p>Dies sind Symbole des Erinnerns, <strong><em>wer wir wirklich sind<\/em><\/strong><em>.<\/em><\/p>\n<p>Symbole sind eine komplexe und allgemein g\u00fcltige Sprache, die nicht vom Verstand \u00fcbersetzt werden kann und mu\u00df. Sie manifestieren die in den einfachen Bildern gespeicherten Energien und Schwingungen von g\u00f6ttlichen Seelenqualit\u00e4ten.<em>\u00a0<\/em><\/p>\n<p><em>\u201eEin Symbol steht f\u00fcr etwas, hat eine bestimmte Bedeutung, ist ein Werkzeug und es ist die Manifestation einer ganz bestimmten Energie. Es \u00fcbt daher eine sehr feine und subtile Wirkung auf uns aus, die oft nicht einmal real bemerkt wird. Und doch ist es der Schl\u00fcssel f\u00fcr eine ganz bestimmte Energie, die wiederum innere Kr\u00e4fte aktiviert. Ver\u00e4nderungen durch Symbole sind feinstofflicher Art und erreichen Bereiche unseres Seins die von mentalen Botschaften oft nur schwer oder nicht erreicht werden k\u00f6nnen.\u201c <\/em>(http:\/\/www.amo-international.net)<\/p>\n<p><strong><span style=\"color: #0000ff;\">Anima-Symbol \u201eF\u00fclle\u201c:<\/span><\/strong><\/p>\n<p><strong>\u00a0<a href=\"http:\/\/reich-sein.eu\/club\/wp-content\/uploads\/2022\/09\/Anima_F\u00fclle.jpg\"><img loading=\"lazy\" decoding=\"async\" class=\"aligncenter size-full wp-image-2702\" src=\"http:\/\/reich-sein.eu\/club\/wp-content\/uploads\/2022\/09\/Anima_F\u00fclle.jpg\" alt=\"\" width=\"400\" height=\"400\" srcset=\"https:\/\/reich-sein.eu\/club\/wp-content\/uploads\/2022\/09\/Anima_F\u00fclle.jpg 400w, https:\/\/reich-sein.eu\/club\/wp-content\/uploads\/2022\/09\/Anima_F\u00fclle-150x150.jpg 150w, https:\/\/reich-sein.eu\/club\/wp-content\/uploads\/2022\/09\/Anima_F\u00fclle-300x300.jpg 300w\" sizes=\"auto, (max-width: 400px) 100vw, 400px\" \/><\/a><\/strong><\/p>\n<p><span style=\"color: #0000ff;\"><strong>F\u00dcLLE<\/strong><\/span><\/p>\n<p><span style=\"color: #0000ff;\"><strong>INNERER REICHTUM<\/strong><\/span><\/p>\n<p><span style=\"color: #0000ff;\"><strong>MANIFESTIERT<\/strong><\/span><\/p>\n<p><span style=\"color: #0000ff;\"><strong>SICH<\/strong><\/span><\/p>\n<p><span style=\"color: #0000ff;\"><strong>IM AUSSEN<\/strong><\/span><\/p>\n<p><span style=\"color: #0000ff;\"><strong>TEILE DIESEN DANN GROSSZ\u00dcGIG<\/strong><\/span><\/p>\n<p>(Quelle: <a href=\"http:\/\/anima.amo-international.net\/showsymbol.php?id=67)#-1\">http:\/\/anima.amo-international.net\/showsymbol.php?id=67)<\/a><strong>\u00a0<\/strong><\/p>\n<ol>\n<li><strong> <em>Innerer Reichtum \u2026<\/em><\/strong><\/li>\n<\/ol>\n<p>(aktivieren durch an-erkennen \/ lieben)<strong>\u00a0<\/strong><\/p>\n<ol start=\"2\">\n<li><strong> <em>manifestiert<\/em> \u2026<\/strong><\/li>\n<\/ol>\n<p>(durch Verwirklichungs-Proze\u00df von Idee\/Geist, \u00fcber Gedanke\/Luft und Gef\u00fchl\/Wasser, mit Energie\/Feuer zur Handeln\/Erde)<strong>\u00a0<\/strong><\/p>\n<ol start=\"3\">\n<li><strong> <em>sich \u2026<\/em><\/strong><\/li>\n<\/ol>\n<p>(<strong>seine<\/strong> Qualit\u00e4ten, seinen WERT, seinen Lebens-Plan verwirklichen, von SELBST)<\/p>\n<ol start=\"4\">\n<li><strong> <em>im Au\u00dfen.<\/em><\/strong><\/li>\n<\/ol>\n<p>(zeigen, was in einem steckt; Ideen und Absichten im physischen Leben umsetzen)<strong>\u00a0<\/strong><\/p>\n<ol start=\"5\">\n<li><strong> <em>Teile \u2026<\/em> <\/strong><\/li>\n<\/ol>\n<p>(seinen Teil beitragen, seinen Bei-Trag zum Wohle aller geben; jeder gibt nach seinen F\u00e4higkeiten)<strong>\u00a0<\/strong><\/p>\n<ol start=\"6\">\n<li><strong> <em>diesen\u2026 <\/em><\/strong><\/li>\n<\/ol>\n<p>(inneren und \u00e4u\u00dferen Reichtum ab-geben, mindestens den 10.Teil geben)<strong>\u00a0<\/strong><\/p>\n<ol start=\"7\">\n<li><strong> <em>dann \u2026<\/em><\/strong><\/li>\n<\/ol>\n<p>(zun\u00e4chst den <u>eigenen<\/u> Reichtum finden, aktivieren und erleben, bevor er weiter gegeben werden kann und soll)<\/p>\n<ol start=\"8\">\n<li><strong> <em>gro\u00dfz\u00fcgig.<\/em> <\/strong><\/li>\n<\/ol>\n<p>(\u201eGeben ist seliger denn Nehmen.\u201c; \u201eWer viel weitergibt,<\/p>\n<p>bekommt viel zur\u00fcck\u201c; es kommt 10fach zur\u00fcck)<\/p>\n<p><em>\u201eNicht der ist reich, der viel <strong>h a t<\/strong>, sondern der, welcher viel <strong>g i b t<\/strong>.\u201c<\/em><br \/>\n(Erich Fromm)<\/p>\n<p><em>\u201eReich ist, wer viel hat,<\/em><br \/>\n<em>reicher ist, wer wenig braucht,<\/em><br \/>\n<em>am reichsten ist, wer viel gibt.\u201c<\/em><\/p>\n<p>(Gerhard Tersteegen)<\/p>\n<p>&nbsp;<\/p>\n","protected":false},"excerpt":{"rendered":"<p>Die richtige Form des Denken und Handelns\u00a0 \u201eEs braucht sehr wenig, um ein gl\u00fcckliches Leben zu haben; es ist alles in dir, in deiner Denkweise.\u201c\u00a0(Marcus Aurelius Antoninus Augustus, der bedeutende r\u00f6mische Kaiser, 121 n. Chr. geboren) 1 Symbol der F\u00fclle 2 Konzept der F\u00fclle 3 Reich-Sein und Wohl-Sein 4 SEIN WILLE GESCHEHE im RE-ICH 1 [&hellip;]<\/p>\n","protected":false},"author":1,"featured_media":0,"parent":1672,"menu_order":0,"comment_status":"closed","ping_status":"closed","template":"members-style1-nosidebar.php","meta":{"footnotes":"","_links_to":"","_links_to_target":""},"class_list":["post-2269","page","type-page","status-publish","hentry"],"_links":{"self":[{"href":"https:\/\/reich-sein.eu\/club\/wp-json\/wp\/v2\/pages\/2269","targetHints":{"allow":["GET"]}}],"collection":[{"href":"https:\/\/reich-sein.eu\/club\/wp-json\/wp\/v2\/pages"}],"about":[{"href":"https:\/\/reich-sein.eu\/club\/wp-json\/wp\/v2\/types\/page"}],"author":[{"embeddable":true,"href":"https:\/\/reich-sein.eu\/club\/wp-json\/wp\/v2\/users\/1"}],"replies":[{"embeddable":true,"href":"https:\/\/reich-sein.eu\/club\/wp-json\/wp\/v2\/comments?post=2269"}],"version-history":[{"count":7,"href":"https:\/\/reich-sein.eu\/club\/wp-json\/wp\/v2\/pages\/2269\/revisions"}],"predecessor-version":[{"id":2705,"href":"https:\/\/reich-sein.eu\/club\/wp-json\/wp\/v2\/pages\/2269\/revisions\/2705"}],"up":[{"embeddable":true,"href":"https:\/\/reich-sein.eu\/club\/wp-json\/wp\/v2\/pages\/1672"}],"wp:attachment":[{"href":"https:\/\/reich-sein.eu\/club\/wp-json\/wp\/v2\/media?parent=2269"}],"curies":[{"name":"wp","href":"https:\/\/api.w.org\/{rel}","templated":true}]}}