{"id":2300,"date":"2022-06-30T18:05:23","date_gmt":"2022-06-30T16:05:23","guid":{"rendered":"http:\/\/reich-sein.eu\/club\/?page_id=2300"},"modified":"2022-11-24T15:37:17","modified_gmt":"2022-11-24T13:37:17","slug":"glauben","status":"publish","type":"page","link":"https:\/\/reich-sein.eu\/club\/seins-dimensionen\/informieren\/glauben\/","title":{"rendered":"Glauben"},"content":{"rendered":"<h2><span style=\"color: #0000ff;\"><strong>Glauben<\/strong><\/span><\/h2>\n<p>(= geistige Gewohnheiten)<\/p>\n<p>Glaube mir nicht, glaube nur dir Selbst !<\/p>\n<p><strong>Jesus sagte zu dem Geheilten<\/strong><strong>:\u00a0<\/strong><em><strong><span style=\"color: #0000ff;\">\u201cDein Glaube hat Dir geholfen.<\/span> Nicht ich habe Dir geholfen oder die Medizin oder das Essen oder das Trinken, nein: Dein Glaube hat Dir\u00a0geholfen\u201c.<\/strong><\/em><\/p>\n<p><strong>Es geschieht nach Deinem Glauben<\/strong><\/p>\n<p><strong>Dein (unbewu\u00dfter) Geist sagt: <em>\u201eDein Wunsch ist mir Befehl!\u201c<\/em><\/strong><\/p>\n<h3><span style=\"color: #0000ff;\"><strong>Das Gesetz des Glaubens<\/strong><\/span><\/h3>\n<p><a href=\"https:\/\/bumibahagia.com\/2020\/12\/23\/glaube-hoffnung-liebe-diese-drei-weihnachten-2020\/\">von Angela, 23.12.2020<\/a><\/p>\n<p>Zum Weihnachtsfest wird \u00fcberall, nat\u00fcrlich besonders in den christlichen Kirchen,\u00a0 auch vom \u201eGlauben\u201c gesprochen und viele \u201eaufgekl\u00e4rte\u201c Menschen beginnen sich zu sch\u00fctteln und argumentieren, dass Glauben kein\u00a0 \u201eWissen\u201c sei , mit dem Verstand nicht vereinbar und man wirklich nicht jedem trauen kann. Wie so vieles ist auch das Wort \u201eGlaube\u201c von den Kirchen oft missbraucht worden.<\/p>\n<p>Aber Glaube, vielleicht sollte man es lieber \u201eVertrauen\u201c nennen, hat nichts mit Blindheit zu tun. Es gibt nat\u00fcrlich unehrliche, ja sogar gef\u00e4hrliche Menschen und deshalb m\u00fcssen wir in dieser Welt stark und wachsam sein. Ein arabisches Sprichwort dr\u00fcckt das folgenderma\u00dfen aus: \u201c Vertrau auf Allah, aber binde trotzdem dein Kamel an\u201c.<\/p>\n<p>Glauben ist ein geistiges Gesetz, sogar Jesus sagte immer: \u201c Dir geschehe nach deinem Glauben\u201c, bevor er f\u00e4hig war, zu heilen.<\/p>\n<p>Man muss nicht an\u00a0 Gott glauben, doch wenn man wirklich liebt, wird man auch seinen innewohnenden Gott, das \u201eG\u00f6ttliche\u201c lieben. Es hat etwas mit dem Gef\u00fchl ehrf\u00fcrchtigen Staunens vor dem Geheimnisvollen zu tun. Und Geheimnisvolles gibt es \u00fcberall in unserer Welt, so vieles existiert, was man sich nicht mit dem Verstand erkl\u00e4ren kann. Die ganze Natur hat Vertrauen, eine zarte Blume \u00f6ffnet sich, obwohl sie so verletzlich ist und jederzeit vernichtet werden kann.<\/p>\n<p><strong>Das Gesetz des Glaubens lehrt uns durch seine h\u00f6here, transzendente Bedeutung auf die Liebe und Intelligenz zu vertrauen, die der ganzen Sch\u00f6pfung innewohnt.<br \/>\n<\/strong><\/p>\n<p><strong>Glaube ist die Erkenntnis, dass der Geist in uns allen und durch uns alle wirkt, durch alle Menschen und alle Lebensumst\u00e4nde.<\/strong><\/p>\n<p><strong>Glaube ist auch die \u00dcberzeugung vom tieferen Sinn in allem, was uns begegenet, auch wenn er auf den ersten Blick vielleicht nicht erkennbar ist.<\/strong>\u00a0Niemand kann es<strong>\u00a0vom Verstand her<\/strong>\u00a0wissen, aber doch darauf vertrauen, und dann ist es zu einem inneren \u201eWissen\u201c geworden, das keinen Zweifel kennt.<\/p>\n<p>Wie k\u00f6nnen wir diese Haltung des Vertrauens in einen h\u00f6heren Sinn in unserem Leben manifestieren? Zun\u00e4chst einmal sollten wir auf die intuitive Weisheit unseres Herzens h\u00f6ren, denn sie kommt von etwas Tieferem, was\u00a0 jenseits des Verstandes mit all seinen Zweifeln und\u00a0 Misstrauen liegt.<\/p>\n<p>Zu viele Menschen verlassen sich auf B\u00fccher, Lehrer, Wissenschaftler oder andere Menschen mit angeblich \u00fcbersinnlichen F\u00e4higkeiten und erhoffen sich Rat und Anweisungen von ihnen. Dabei kann jeder durchaus auf Menschen h\u00f6ren, die aus Erfahrung sprechen und ihre Weisheit auch annehmen und sch\u00e4tzen.\u00a0 Doch selbst dann ist es wichtig, in sein inneres Sein zu blicken\u00a0 und die \u00e4u\u00dfere F\u00fchrung mit seinem inneren Gef\u00fchl abzugleichen.<\/p>\n<p>Ganz besonders betrifft das den Wunsch nach Heilung bei Krankheiten. Schon Paraceslus erkannte \u201c Die Vorstellung ist die Ursache vieler Krankheiten , der GLAUBE aber ist die Heilung ALLER Krankheiten.\u201c<\/p>\n<p>Zum Glauben geh\u00f6rt in erster Linie Vertrauen in die eigenen Entscheidungen, die eigenen Gef\u00fchle und Instinkte.<\/p>\n<p>Dieses Selbstvertrauen entwickelt sich im Laufe der Zeit aus der\u00a0 unmittelbaren Erfahrung.Wer achtsam lebt,\u00a0 lernt, darauf zu vertrauen, dass sich die Instinkte des K\u00f6rpers, die Intuition des Herzens und die F\u00e4higkeit des Geistes Zugang zur allumfassenden Intelligenz verschaffen. Diese gro\u00dfe Intelligenz, man kann sie auch Gott nennen, wirkt in der ganzen Sch\u00f6pfung. Wir brauchen nur still zu werden und zu lauschen. Deshalb haben gro\u00dfe Weise immer ein liebevolles L\u00e4cheln in ihrem Gesicht.<\/p>\n<p><span style=\"color: #0000ff;\"><strong>Glaube ist ein inneres Wissen, das nicht auf \u00e4u\u00dferen Beweisen ruht.<\/strong><\/span><\/p>\n<p>Zum Glauben geh\u00f6rt nat\u00fcrlich auch die F\u00e4higkeit, in der Ungewissheit leben zu k\u00f6nnen, weder aufzugeben, noch zu verzweifeln.\u00a0 Nat\u00fcrlich gibt es keine absolute Gewissheit, zu vertrauen ist keine Garantie f\u00fcr g\u00fcnstige Lebensumst\u00e4nde. Auf dieser Welt k\u00f6nnen alle m\u00f6glichen Dinge passieren, sch\u00f6ne und schreckliche. Doch nicht immer erkennt unser kleiner Geist die gro\u00dfen Zusammenh\u00e4nge und begreift, was unserem h\u00f6chsten Wohl dient.<\/p>\n<p>Glaube hat auch nichts damit zu tun, dass wir unfehlbar sind und dass immer alles unseren W\u00fcnschen entsprechend geschieht.\u00a0 Aber wir k\u00f6nnen lernen, auf den Prozess unseres Lebens zu vertrauen und je mehr wir uns in dieser Weise verhalten, umso mehr wird dieses Vertrauen zu einer lebendigen Kraft in unserem Leben, auf die wir unmittelbar in schwierigen Situationen zur\u00fcckgreifen k\u00f6nnen.<\/p>\n<p><strong>Euch allen w\u00fcnsche ich ein wundersch\u00f6nes Weihnachtsfest voller Liebe, Vertrauen und Glauben an eine gl\u00fcckliche Zukunft<\/strong>.<\/p>\n<blockquote class=\"wp-embedded-content\" data-secret=\"taaZoPTezr\"><p><a href=\"https:\/\/bumibahagia.com\/2020\/12\/23\/glaube-hoffnung-liebe-diese-drei-weihnachten-2020\/\">Glaube, Hoffnung, Liebe, diese drei&#8230; Weihnachten&nbsp;2020<\/a><\/p><\/blockquote>\n<p><iframe loading=\"lazy\" class=\"wp-embedded-content\" sandbox=\"allow-scripts\" security=\"restricted\" style=\"position: absolute; visibility: hidden;\" title=\"&#8222;Glaube, Hoffnung, Liebe, diese drei&#8230; Weihnachten&nbsp;2020&#8220; &#8212; bumi bahagia \/ Gl\u00fcckliche Erde\" src=\"https:\/\/bumibahagia.com\/2020\/12\/23\/glaube-hoffnung-liebe-diese-drei-weihnachten-2020\/embed\/#?secret=Pd3zLyJd2J#?secret=taaZoPTezr\" data-secret=\"taaZoPTezr\" width=\"500\" height=\"282\" frameborder=\"0\" marginwidth=\"0\" marginheight=\"0\" scrolling=\"no\"><\/iframe><\/p>\n<p>&nbsp;<\/p>\n<h3><span style=\"color: #0000ff;\"><strong>Beispiele hoher Geistes- und Glaubenskraft<\/strong><\/span><\/h3>\n<h3 class=\"title style-scope ytd-video-primary-info-renderer\"><span style=\"color: #0000ff;\"><strong>Nikola Tesla: Die besten Zitate und Weisheiten eines wahren Genies<\/strong><\/span><\/h3>\n<p><iframe loading=\"lazy\" title=\"YouTube video player\" src=\"https:\/\/www.youtube.com\/embed\/WyyiHoMSoJc\" width=\"560\" height=\"315\" frameborder=\"0\" allowfullscreen=\"allowfullscreen\"><\/iframe><\/p>\n<h3><span style=\"color: #0000ff;\"><strong>Nick Vujicic<\/strong>: ohne Arme und Beine<\/span><br \/>\n<iframe loading=\"lazy\" title=\"YouTube video player\" src=\"https:\/\/www.youtube.com\/embed\/1bGqTf_jHSE\" width=\"560\" height=\"315\" frameborder=\"0\" allowfullscreen=\"allowfullscreen\"><\/iframe><\/h3>\n<h3 class=\"TextCut VideoTitle\"><span style=\"color: #0000ff;\"><strong>Stephen Hawking- Leben und Zitate<\/strong><\/span><\/h3>\n<p>am 14.03.2018 ist der weltber\u00fchmte Physiker Stephen Hawking verstorben<\/p>\n<p><iframe loading=\"lazy\" title=\"YouTube video player\" src=\"https:\/\/www.youtube.com\/embed\/OXQPwSdwTSY\" width=\"560\" height=\"315\" frameborder=\"0\" allowfullscreen=\"allowfullscreen\"><\/iframe><\/p>\n<h3 class=\"title style-scope ytd-video-primary-info-renderer\"><span style=\"color: #0000ff;\"><strong>John D. Rockefeller: Zitate des reichsten Menschen der Neuzeit!<\/strong><\/span><\/h3>\n<p><iframe loading=\"lazy\" title=\"YouTube video player\" src=\"https:\/\/www.youtube.com\/embed\/VzL6eGQPgf8\" width=\"560\" height=\"315\" frameborder=\"0\" allowfullscreen=\"allowfullscreen\"><\/iframe><\/p>\n<h3><span style=\"color: #0000ff;\"><strong>Inspirationen:<\/strong><\/span><\/h3>\n<ul>\n<li><a href=\"https:\/\/anima-mea.org\/es-geschieht-dir-nach-deinem-glauben\/\">Dr. med. Wolf-J\u00fcrgen Maurer: Es geschieht Dir nach deinem Glauben<\/a><\/li>\n<li><a href=\"https:\/\/www.mein-weg-vom-aschenbroedel-zur-koenigin.de\/2014\/05\/21\/es-geschehe-nach-deinem-glauben\/\">Es geschehe nach deinem Glauben<\/a><\/li>\n<\/ul>\n","protected":false},"excerpt":{"rendered":"<p>Glauben (= geistige Gewohnheiten) Glaube mir nicht, glaube nur dir Selbst ! Jesus sagte zu dem Geheilten:\u00a0\u201cDein Glaube hat Dir geholfen. Nicht ich habe Dir geholfen oder die Medizin oder das Essen oder das Trinken, nein: Dein Glaube hat Dir\u00a0geholfen\u201c. Es geschieht nach Deinem Glauben Dein (unbewu\u00dfter) Geist sagt: \u201eDein Wunsch ist mir Befehl!\u201c Das [&hellip;]<\/p>\n","protected":false},"author":1,"featured_media":0,"parent":1672,"menu_order":3,"comment_status":"closed","ping_status":"closed","template":"members-style1-nosidebar.php","meta":{"footnotes":"","_links_to":"","_links_to_target":""},"class_list":["post-2300","page","type-page","status-publish","hentry"],"_links":{"self":[{"href":"https:\/\/reich-sein.eu\/club\/wp-json\/wp\/v2\/pages\/2300","targetHints":{"allow":["GET"]}}],"collection":[{"href":"https:\/\/reich-sein.eu\/club\/wp-json\/wp\/v2\/pages"}],"about":[{"href":"https:\/\/reich-sein.eu\/club\/wp-json\/wp\/v2\/types\/page"}],"author":[{"embeddable":true,"href":"https:\/\/reich-sein.eu\/club\/wp-json\/wp\/v2\/users\/1"}],"replies":[{"embeddable":true,"href":"https:\/\/reich-sein.eu\/club\/wp-json\/wp\/v2\/comments?post=2300"}],"version-history":[{"count":18,"href":"https:\/\/reich-sein.eu\/club\/wp-json\/wp\/v2\/pages\/2300\/revisions"}],"predecessor-version":[{"id":3933,"href":"https:\/\/reich-sein.eu\/club\/wp-json\/wp\/v2\/pages\/2300\/revisions\/3933"}],"up":[{"embeddable":true,"href":"https:\/\/reich-sein.eu\/club\/wp-json\/wp\/v2\/pages\/1672"}],"wp:attachment":[{"href":"https:\/\/reich-sein.eu\/club\/wp-json\/wp\/v2\/media?parent=2300"}],"curies":[{"name":"wp","href":"https:\/\/api.w.org\/{rel}","templated":true}]}}