{"id":2302,"date":"2022-06-30T18:06:00","date_gmt":"2022-06-30T16:06:00","guid":{"rendered":"http:\/\/reich-sein.eu\/club\/?page_id=2302"},"modified":"2022-11-24T15:42:59","modified_gmt":"2022-11-24T13:42:59","slug":"aufmerksamkeit","status":"publish","type":"page","link":"https:\/\/reich-sein.eu\/club\/seins-dimensionen\/energie\/aufmerksamkeit\/","title":{"rendered":"Aufmerksamkeit"},"content":{"rendered":"<h2><span style=\"color: #0000ff;\"><strong>Aufmerksamkeit, Fokus, Konzentration<\/strong><\/span><\/h2>\n<p>(= geistige Sch\u00f6pfungskraft)<\/p>\n<p>Wenn du dich daf\u00fcr entscheidest, anderen zu sagen, was sie auf ihrer Reise auf der Erde tun sollten, hemmst du dein eigenes Wachstum.<\/p>\n<p>Jede Eigenschaft, jede Handlung, jedes Gef\u00fchl und jedes fehlende St\u00fcck, das du bei einem anderen siehst, musst du bei dir selbst suchen.<\/p>\n<p>Richtet eure Aufmerksamkeit dorthin, wo sie sein sollte; der Rest ist nichts weiter als eine Ablenkung f\u00fcr euch.<\/p>\n<p>~ Sch\u00f6pfer<\/p>\n<p>https:\/\/t.me\/+lkdrke5Aozc1OTNi<\/p>\n<p>https:\/\/t.me\/joinchat\/UDhEMir3-8gZfXGg<\/p>\n<p><strong><em>Energie folgt der Aufmerksamkeit!<\/em><\/strong><\/p>\n<p>Einfl\u00fcsse auf Dein F\u00fclle-Bewusstsein durch das, worauf Du Deine <strong>Aufmerksamkeit<\/strong> konzentrierst.<\/p>\n<p><strong>Beachte<\/strong>: <strong><em>Energie folgt der Aufmerksamkeit!<\/em><\/strong><\/p>\n<p>Die Sirianer:\u00a0 \u201e\u2026.<em>.Was viele dachten und denken, wirkt als Magnet f\u00fcr eure pers\u00f6nliche Aufmerksamkeit. Wir kennen nur einen kraftvollen Weg, diesem Sog kollektiver Illusionen zu entgehen: bewegt den Fluss eurer Aufmerksamkeit absichtsvoll, ihr Lieben. Vermeidet Ablenkung und Irritation. Vertraut euch der Regie eurer Seele an, und handelt mehr und mehr aus der Fokussierung eures SELBST\u201c<\/em><\/p>\n<p>Bewusstseinsst\u00fctze: \u201e<em><strong>Mit<\/strong><strong>dem Fokus eurer Aufmerksamkeit entscheidet ihr dar\u00fcber, wo eure Gedanken gerade verweilen\u201c <\/strong><\/em>(<a href=\"https:\/\/www.imlicht.ch\/detail\/ISBN-9783945146248\/Fahrnow-Ilse-Maria\/Wenn-die-Seele-erbl%C3%BCht\">Dr. Ilse-Maria &amp; J\u00fcrgen Fahrnow:<em><strong>&#8222;<\/strong><\/em><span class=\"value\">Wenn die Seele erbl\u00fcht&#8220;<\/span><\/a><\/p>\n<p><span style=\"color: #0000ff;\"><strong>&#8211; Bewu\u00dftsein: <\/strong><\/span><\/p>\n<p>Die Aufmerksamkeit auf Dein Herz erlaubt Deiner Energie, in Dein Herzzentrum zu flie\u00dfen und Dein Herz zu \u00f6ffnen. Das Herz ist das Zentrum Deines multidimensionalen Selbstes, Deiner h\u00f6heren Weisheit.<\/p>\n<p>Wenn Du Dein Bed\u00fcrfnis losl\u00e4\u00dft, alles zu wissen und zu verstehen, und Dich daf\u00fcr entscheidest, einfach zu sp\u00fcren und zu erfahren, dann f\u00e4llt Deine Aufmerksamkeit von der Ebene des Verstandes in Dein Herz und richtet sie auf das Licht (Wahrheit) und die Liebe (Leben), die in Deinem Herzen leuchten und um Verwirklichung bitten.<\/p>\n<p><span style=\"color: #0000ff;\"><strong>&#8211; Konzentration\u00a0<\/strong><\/span><\/p>\n<p>&#8222;Um eine neue Realit\u00e4t zu erschaffen,<br \/>\nkonzentriere Dich so auf das Ergebnis,<br \/>\nals ob es bereits geschehen w\u00e4re.&#8220;<br \/>\n(Gregg Braden)<\/p>\n<p><span style=\"color: #0000ff;\"><strong>&#8211; Manifestierung<\/strong>:<\/span><\/p>\n<p>Nutze Deine Aufmerksamkeit und damit Deine Energie (Licht), um Deinen (g\u00f6ttlichen) Segen (Liebe) auf Deine Absichten und Ziele (Ereignisse, Orte, Menschen &#8230;) zu richten, damit sie erschaffen werden k\u00f6nnen.<\/p>\n<p>\u2192 Einerseits: Das aktive H\u00f6ren einer gef\u00fchrten Meditation l\u00e4\u00dft Deine Energien durch Deine Aufmerksamkeit und Vorstellungskraft eine sehr tiefgreifende reale Wirkung erschaffen.<\/p>\n<p>\u2192 Andererseits: Das passive H\u00f6ren und Sehen (Konsumieren) von <em>Nachrichten<\/em> der privaten Massenmedien (nach-tr\u00e4glich gerichtete Information, die sich bei den Empf\u00e4ngern verwirklichen sollen) kann Dich energetisch-informatorisch kontaminieren, d.h. geistig und seelisch belasten und stressen. Die durch die Nachrichten erzwungenen Vorstellungen (Bilder, Filme) \u00fcber die schrecklichen Dinge in der Welt regen Dich auf und aktivieren Deine manifestierenden Handlungs-Energien in niedriger Schwingung (Trauer und Depression, Wut und Angst). Zudem verpuffen Deine Lebensenergien, weil sie auch nicht zur Verbesserung der Lage bei anderen in der Ferne beitragen, was zu gewolltem Frust, Entt\u00e4uschung, Energieverschwendung bei Dir f\u00fchrt. Das bringt keinen positiven Nutzen f\u00fcr Dein Leben.<\/p>\n<p>Friedrich Nietzsche warnte: <em>\u201eUnd wenn du lange in einen Abgrund blickst, blickt der Abgrund auch in dich hinein.\u201c<\/em><\/p>\n<p>Schalte diese Nachrichten ab, sieh Dir die brutalen Filme (Krimi, Action, Block Buster, Horror, Pornos) nicht an. Lenke Deine Aufmerksamkeit und Energie auf etwas Positives, Konstruktives, Gew\u00fcnschtes in Deinem Leben.<\/p>\n<p>&nbsp;<\/p>\n<p>Worauf konzentrierst Du Dich?<\/p>\n<p>Was bekommt Deine (geistige) Energie?<\/p>\n<p>Wo schaust Du hin?<\/p>\n<p>Bist Du bei der \u201eSache\u201c?<\/p>\n<p>H\u00f6rst Du auf Dein Herz oder Deinen Verstand?<\/p>\n<p>(<em>\u201eDas Herz hat seine Gr\u00fcnde, welche die Vernunft nicht kennt.\u201c<\/em> &#8211; Blaise Pascal, 1623 \u2013 1662)<\/p>\n<p>H\u00f6rst Du auf Deine Seele oder auf Deinen K\u00f6rper?<\/p>\n<p><em>\u201eDas Gewissen ist die Stimme der Seele. Die Leidenschaften sind die Stimme des K\u00f6rpers.\u201c <\/em>(Jean-Jacques Rousseau, 1712-1778)<\/p>\n<p>&nbsp;<\/p>\n<p><span style=\"color: #0000ff;\"><strong>ERSCHAFFST DU LEBEN&#8230; ODER ERLAUBST DU DEM LEBEN, DICH ZU ERSCHAFFEN?<\/strong><\/span><\/p>\n<p>The Angels | Broadcast von Ann Albers &#8211; 10. September 2022.<\/p>\n<p><a href=\"https:\/\/t.me\/c\/1799333603\/26763\">https:\/\/t.me\/c\/1799333603\/26763<\/a><\/p>\n<p>Meine lieben Freunde, wir lieben euch so sehr,<\/p>\n<p>Es gibt jetzt gro\u00dfe Bewegung auf eurem Planeten Erde. Es gibt gro\u00dfe Liebe, die als Antwort auf den Ruf vom Himmel zu euch geschickt wird. Es gibt ein gro\u00dfes Potenzial f\u00fcr Manifestationen und die Verwirklichung von Tr\u00e4umen.<\/p>\n<p>Die Frage, die man sich stellen muss, lautet: &#8222;Erschaffst du das Leben oder erlaubst du dem Leben, dich zu erschaffen?&#8220;<\/p>\n<p>In Wahrheit erschaffst du st\u00e4ndig deine eigene Lebenserfahrung &#8211; du ziehst Menschen und Umst\u00e4nde zu dir, die aus deiner Schwingung resultieren. Da jedoch eure Schwingung das Ergebnis eures Fokus und eurer Reaktion auf das ist, worauf ihr euch konzentriert, lassen viele von euch zu, dass ihre Schwingung von der Welt um euch herum diktiert wird.<\/p>\n<p>Aber nur weil die Welt Ihnen etwas anbietet, auf das Sie sich konzentrieren k\u00f6nnen, hei\u00dft das nicht, dass Sie die Wahl treffen m\u00fcssen, die Ihnen angeboten wird. In Ihrer Welt haben Sie zum Beispiel viel Angst vor der Pandemie. Sie hatten die Wahl, sich auf die Angst zu konzentrieren, sich darauf zu konzentrieren, umsichtig und praktisch zu sein, sich darauf zu konzentrieren, gesund und gl\u00fccklich zu sein, oder eine Kombination dieser Ideen. Das eine ist nicht richtiger oder falscher als das andere &#8211; sie bieten einfach eine andere Erfahrung. Die Welt hat Ihnen einen traurigen und pl\u00f6tzlichen Krieg geboten, auf den Sie sich konzentrieren k\u00f6nnen. Ihr h\u00e4ttet euch auf Angst und Hass konzentrieren k\u00f6nnen, aber stattdessen haben sich viele von euch auf Liebe und Gebet konzentriert und so einen Weltkrieg vermieden.<\/p>\n<p>Die Welt hat Ihnen unvorstellbaren Rassismus geboten. Man kann sich auf das Grauen konzentrieren, oder man kann sich auf die Integration, die Liebe zur Vielfalt und die Wertsch\u00e4tzung der Sch\u00f6nheit aller Wesen konzentrieren. Sie k\u00f6nnen in Ihren eigenen Kreisen beginnen und von dort aus Liebe verbreiten.<\/p>\n<p>Die Welt bot Nachrichten \u00fcber Schie\u00dfereien und Gewalt. Sie k\u00f6nnen sich auf den Schrecken, den Hass und die Angst konzentrieren und mit diesen Nachrichten mitschwingen, oder Sie k\u00f6nnen sich auf das Gebet, die Liebe, den Glauben und die Absicht konzentrieren, in der Sicherheit der g\u00f6ttlichen Liebe zu ruhen.<\/p>\n<p>Ihr Lieben, ihr erschafft eure Welt mit eurem bewussten Fokus, oder eure Welt wird euren Fokus bis zu dem Punkt beeinflussen, an dem ihr ihm erlaubt, euch zu erschaffen.<\/p>\n<p>Lassen Sie nicht zu, dass die Welt Sie in Verzweiflung, Hoffnungslosigkeit, Frustration oder Angst st\u00fcrzt. Lassen Sie sich nicht von der Welt vorgaukeln, dass Ihr Klima den Bach runtergeht. Lassen Sie sich nicht von der Welt vorgaukeln, dass Sie nicht sicher sind, dass Wohlstand unerreichbar ist und dass \u00dcberfluss von den M\u00e4rkten diktiert wird.<\/p>\n<p>Beanspruchen Sie stattdessen Ihre von Gott gegebene Macht, sich auf die Realit\u00e4t zu konzentrieren, die Sie sehen wollen. Konzentrieren Sie sich jetzt auf das Gute um Sie herum. Konzentrieren Sie sich auf die L\u00f6sungen, die Sie sehen wollen. Konzentrieren Sie sich auf Wertsch\u00e4tzung, wann und wo Sie k\u00f6nnen.<\/p>\n<p>Wir haben dies schon oft gesagt, und es lohnt sich, es zu wiederholen, denn keiner von euch wurde mit einem Bewusstsein f\u00fcr die Auswirkungen eurer Energieschwingung erschaffen. Ihre Energie ist m\u00e4chtiger als jede Anstrengung, die Sie unternehmen, denn mit einer hohen Schwingung kommen L\u00f6sungen, kommt F\u00fchrung, kommen hilfreiche Menschen, werden Ihre Bed\u00fcrfnisse erf\u00fcllt und Ihre W\u00fcnsche. Sie leben in einem Energiefluss, der in Harmonie mit denen ist, die um Sie herum in Harmonie sind.<\/p>\n<p>Wenn Sie ein Problem haben, erh\u00f6hen Sie Ihre Schwingung und erwarten Sie eine L\u00f6sung. Wenn Sie sich \u00fcber jemanden \u00e4rgern, konzentrieren Sie sich vor\u00fcbergehend, erh\u00f6hen Sie Ihre Schwingung und beten Sie zu Gott, dass er die Situation heilt. Wenn Sie ein schwieriges Gespr\u00e4ch f\u00fchren m\u00fcssen, erh\u00f6hen Sie Ihre Schwingung.<\/p>\n<p>Konzentrieren Sie sich auf das, was Ihnen Freude bereitet.<\/p>\n<p>Konzentrieren Sie sich auf ein f\u00fcr beide Seiten erfreuliches Ergebnis.<\/p>\n<p>Konzentrieren Sie sich auf die guten Eigenschaften von sich selbst und anderen.<\/p>\n<p>Wenn Sie nicht wissen, was Sie tun sollen und sich ziellos f\u00fchlen, erh\u00f6hen Sie Ihre Schwingung. Gebt euch selbst die Erlaubnis zu spielen, zu erforschen, auszuruhen und zu wissen, dass ihr einen Sinn in diesem Weg finden werdet, wenn ihr einfach in Frieden sitzt und Licht ausstrahlt, das immer gebraucht wird.<\/p>\n<p><span style=\"color: #0000ff;\">Wenn Sie sich Sorgen um Ihr Geld machen, erh\u00f6hen Sie Ihre Schwingung<\/span>. Finden Sie g\u00fcnstige oder kostenlose Dinge, die Sie genie\u00dfen k\u00f6nnen. Gehen Sie spazieren. Sch\u00f6ne Videos anschauen. Genie\u00dfen Sie Ihre Mahlzeit. Mit Freunden lachen. Dies sind Schwingungen im \u00dcberfluss, die zwar nichts mit Geld zu tun haben, aber dennoch dazu beitragen werden, dass Geld wieder in Ihr Leben flie\u00dft.<\/p>\n<p>Durch die Linse einer hohen Schwingung betrachtet, wird die Welt wie ein gro\u00dfartiger und magischer Ort erscheinen. Wie das G\u00f6ttliche und seine Engel werdet ihr die Menschheit als eine Gruppe von Wesen sehen, die w\u00e4chst und sich entwickelt, die empf\u00e4nglicher, weniger kritisch und offener wird und sich immer und ewig auf eine gr\u00f6\u00dfere und umfassendere Erfahrung der Liebe zubewegt.<\/p>\n<p>Gott segne Sie! Wir lieben dich sehr.<br \/>\n&#8212; Engel<\/p>\n<p>https:\/\/t.me\/+lkdrke5Aozc1OTNi<\/p>\n<p>https:\/\/t.me\/joinchat\/UDhEMir3-8gZfXGg<\/p>\n<p>&nbsp;<\/p>\n<p>&nbsp;<\/p>\n","protected":false},"excerpt":{"rendered":"<p>Aufmerksamkeit, Fokus, Konzentration (= geistige Sch\u00f6pfungskraft) Wenn du dich daf\u00fcr entscheidest, anderen zu sagen, was sie auf ihrer Reise auf der Erde tun sollten, hemmst du dein eigenes Wachstum. Jede Eigenschaft, jede Handlung, jedes Gef\u00fchl und jedes fehlende St\u00fcck, das du bei einem anderen siehst, musst du bei dir selbst suchen. Richtet eure Aufmerksamkeit dorthin, [&hellip;]<\/p>\n","protected":false},"author":1,"featured_media":0,"parent":2729,"menu_order":4,"comment_status":"closed","ping_status":"closed","template":"members-style1-nosidebar.php","meta":{"footnotes":"","_links_to":"","_links_to_target":""},"class_list":["post-2302","page","type-page","status-publish","hentry"],"_links":{"self":[{"href":"https:\/\/reich-sein.eu\/club\/wp-json\/wp\/v2\/pages\/2302","targetHints":{"allow":["GET"]}}],"collection":[{"href":"https:\/\/reich-sein.eu\/club\/wp-json\/wp\/v2\/pages"}],"about":[{"href":"https:\/\/reich-sein.eu\/club\/wp-json\/wp\/v2\/types\/page"}],"author":[{"embeddable":true,"href":"https:\/\/reich-sein.eu\/club\/wp-json\/wp\/v2\/users\/1"}],"replies":[{"embeddable":true,"href":"https:\/\/reich-sein.eu\/club\/wp-json\/wp\/v2\/comments?post=2302"}],"version-history":[{"count":12,"href":"https:\/\/reich-sein.eu\/club\/wp-json\/wp\/v2\/pages\/2302\/revisions"}],"predecessor-version":[{"id":3305,"href":"https:\/\/reich-sein.eu\/club\/wp-json\/wp\/v2\/pages\/2302\/revisions\/3305"}],"up":[{"embeddable":true,"href":"https:\/\/reich-sein.eu\/club\/wp-json\/wp\/v2\/pages\/2729"}],"wp:attachment":[{"href":"https:\/\/reich-sein.eu\/club\/wp-json\/wp\/v2\/media?parent=2302"}],"curies":[{"name":"wp","href":"https:\/\/api.w.org\/{rel}","templated":true}]}}