{"id":2308,"date":"2022-06-30T18:07:45","date_gmt":"2022-06-30T16:07:45","guid":{"rendered":"http:\/\/reich-sein.eu\/club\/?page_id=2308"},"modified":"2022-11-24T17:24:28","modified_gmt":"2022-11-24T15:24:28","slug":"vorstellen","status":"publish","type":"page","link":"https:\/\/reich-sein.eu\/club\/mittel\/bilder\/vorstellen\/","title":{"rendered":"Vorstellung"},"content":{"rendered":"<h2><span style=\"color: #0000ff;\"><strong>Vorstellung<\/strong><\/span><\/h2>\n<p>(= Bilder, magische Symbole vom Ziel)<\/p>\n<p>Wir k\u00f6nnen alles erschaffen, was wir uns vorstellen k\u00f6nnen.<\/p>\n<p><span style=\"color: #0000ff;\"><strong>BEOBACHTEN<\/strong><\/span> kann zwar bedeuten, ETWAS ZU <strong>SEHEN<\/strong> ODER ZU <strong>ERKENNEN<\/strong>,<\/p>\n<p>ABER ES BEDEUTET AUCH, <span style=\"color: #0000ff;\"><strong>FOKUS<\/strong>, <strong>GEF\u00dcHL<\/strong> ODER <strong>ENERGIE DAF\u00dcR<\/strong> ZU VERWENDEN!<\/span><\/p>\n<p>Im Jahr 1970 wurde eine Studie durchgef\u00fchrt, um den Hauptunterschied von Million\u00e4ren und Milliard\u00e4ren zu ermitteln. Beide Testgruppen sind sehr verm\u00f6gend, doch die Forscher wollten wissen, warum die eine Gruppe dennoch so viel erfolgreicher als die andere war.<\/p>\n<p>Der Punkt, in dem sich beide \u00e4hnelten, war folgender: Beide wussten genau, was sie im Leben wollen.<\/p>\n<p><b>DOCH DIE MILLIARD\u00c4RE UNTER IHNEN HATTEN LISTEN MIT KLAR FORMULIERTEN IDEEN, TR\u00c4UMEN UND ZIELEN.<\/b><\/p>\n<div class=\"title\"><strong>Visualisiere deinen Erfolg und erreiche deine Ziele schneller<\/strong><\/div>\n<p>Die Macht der Visualisierung wurde von Dr. Edmund Jacobson entdeckt. Daf\u00fcr lie\u00df er Probanden bestimmte sportliche Aktivit\u00e4ten visualisieren und entdeckte mithilfe medizinischer Messinstrumente reale Bewegungen der Muskeln, die der Bewegung entsprachen, die die Muskeln vollzogen, wenn sie die imaginierte Aktivit\u00e4t tats\u00e4chlich ausf\u00fchren w\u00fcrden.<\/p>\n<p>Eine bekannte Studie des australischen Psychologen Alan Richardson besta\u0308tigte die Macht der Visualisierung. Richardson wa\u0308hlte willku\u0308rlich drei Gruppen von Studenten aus, von denen keiner je mit Visualisierungen gearbeitet hatte. Die erste Gruppe u\u0308bte 20 Tage lang ta\u0308glich Basketball- Freiwu\u0308rfe, die zweite Gruppe nur am ersten und am 20. Tag. Die Mitglieder der dritten Gruppe machten ebenfalls nur am ersten und am 20. Tag Freiwu\u0308rfe, verbrachten zusa\u0308tzlich aber jeden Tag 20 Minuten damit, Freiwu\u0308rfe im Kopf zu visualisieren. Wenn ein Freiwurf danebenging, u\u0308bten sie, den na\u0308chsten richtig hinzubekommen, doch nur im Kopf.<\/p>\n<p>Am 20. Tag ma\u00df Richardson bei allen Gruppen den Prozentsatz der Verbesserung. Die Gruppe, die ta\u0308glich geu\u0308bt hatte, verbesserte sich um 24 Prozent. Bei der zweiten Gruppe war keine Verbesserung festzustellen. Die Leistungen der dritten Gruppe, die ko\u0308rperlich nicht mehr geu\u0308bt hatte als die zweite Gruppe, aber die Visualisierung genutzt hatte, verbesserten sich um 23 Prozent \u2013 also um fast so viel wie die der ersten Gruppe.<\/p>\n<p><a href=\"https:\/\/visionbook.de\/visionboard\">https:\/\/visionbook.de\/visionboard<\/a><\/p>\n<p>&nbsp;<\/p>\n<p><span class=\"a-text-italic\">Neville Goddard:<\/span><\/p>\n<p><em><span class=\"a-text-italic\">\u201eDas Geheimnis ist, sich es solange vorzustellen, bis man sich selbst \u00fcberzeugt hat. Kannst Du glauben, was Du Dir vorstellst? Es gibt nicht zwei von Dir \u2013 Du und Deine Vorstellungskraft! Du formst nicht ein St\u00fcck Keramik um, wenn Du es Dir vorstellst, sondern Dich selbst! Du trittst in Dein Verlangen ein. Wenn Du so lange darin verweilst, bis Du nur das siehst, was Du sehen willst und diesen Standpunkt mit dem Kleber des Gef\u00fchls fixierst \u2013 dann wird es auf dem Bildschirm der Welt reflektiert, so wie Deine Welt jetzt den Bewusstseinszustand widerspiegelt, von dem aus Du sie wahrnimmst.\u201c<\/span><\/em><br \/>\n<img decoding=\"async\" src=\"https:\/\/m.media-amazon.com\/images\/I\/41D+nsPFpKL.jpg\" alt=\"I AM - Gesetz der Annahme nach Neville Goddard: Das praktische Handbuch f\u00fcr ein Leben in Liebe, Reichtum &amp; Gesundheit von [Kevin Kunert, Neville Goddard]\" \/><\/p>\n<p id=\"title\" class=\"a-spacing-none a-text-normal\"><strong><span id=\"productTitle\" class=\"a-size-extra-large\">Kevin Kunert +\u00a0<span class=\"a-text-italic\">Neville Goddard:\u00a0<\/span>I AM &#8211; Gesetz der Annahme nach Neville Goddard: Das praktische Handbuch f\u00fcr ein Leben in Liebe, Reichtum &amp; Gesundheit<\/span><\/strong><\/p>\n<p><a href=\"https:\/\/amzn.to\/3CcOw63\">https:\/\/amzn.to\/3CcOw63<\/a><\/p>\n","protected":false},"excerpt":{"rendered":"<p>Vorstellung (= Bilder, magische Symbole vom Ziel) Wir k\u00f6nnen alles erschaffen, was wir uns vorstellen k\u00f6nnen. BEOBACHTEN kann zwar bedeuten, ETWAS ZU SEHEN ODER ZU ERKENNEN, ABER ES BEDEUTET AUCH, FOKUS, GEF\u00dcHL ODER ENERGIE DAF\u00dcR ZU VERWENDEN! Im Jahr 1970 wurde eine Studie durchgef\u00fchrt, um den Hauptunterschied von Million\u00e4ren und Milliard\u00e4ren zu ermitteln. Beide Testgruppen [&hellip;]<\/p>\n","protected":false},"author":1,"featured_media":0,"parent":2238,"menu_order":0,"comment_status":"closed","ping_status":"closed","template":"members-style1-nosidebar.php","meta":{"footnotes":"","_links_to":"","_links_to_target":""},"class_list":["post-2308","page","type-page","status-publish","hentry"],"_links":{"self":[{"href":"https:\/\/reich-sein.eu\/club\/wp-json\/wp\/v2\/pages\/2308","targetHints":{"allow":["GET"]}}],"collection":[{"href":"https:\/\/reich-sein.eu\/club\/wp-json\/wp\/v2\/pages"}],"about":[{"href":"https:\/\/reich-sein.eu\/club\/wp-json\/wp\/v2\/types\/page"}],"author":[{"embeddable":true,"href":"https:\/\/reich-sein.eu\/club\/wp-json\/wp\/v2\/users\/1"}],"replies":[{"embeddable":true,"href":"https:\/\/reich-sein.eu\/club\/wp-json\/wp\/v2\/comments?post=2308"}],"version-history":[{"count":10,"href":"https:\/\/reich-sein.eu\/club\/wp-json\/wp\/v2\/pages\/2308\/revisions"}],"predecessor-version":[{"id":2968,"href":"https:\/\/reich-sein.eu\/club\/wp-json\/wp\/v2\/pages\/2308\/revisions\/2968"}],"up":[{"embeddable":true,"href":"https:\/\/reich-sein.eu\/club\/wp-json\/wp\/v2\/pages\/2238"}],"wp:attachment":[{"href":"https:\/\/reich-sein.eu\/club\/wp-json\/wp\/v2\/media?parent=2308"}],"curies":[{"name":"wp","href":"https:\/\/api.w.org\/{rel}","templated":true}]}}