{"id":2317,"date":"2022-06-30T18:10:25","date_gmt":"2022-06-30T16:10:25","guid":{"rendered":"http:\/\/reich-sein.eu\/club\/?page_id=2317"},"modified":"2022-11-24T16:17:53","modified_gmt":"2022-11-24T14:17:53","slug":"rituale","status":"publish","type":"page","link":"https:\/\/reich-sein.eu\/club\/seins-dimensionen\/energie\/rituale\/","title":{"rendered":"Rituale"},"content":{"rendered":"<h2><span style=\"color: #0000ff;\"><strong>Rituale <\/strong><\/span><\/h2>\n<p>(= <strong>Wiederholung<\/strong> von Gedanken, Worten, Taten manifestiert Information und Energie, neuen Glauben, neue Gewohnheit und neue Realit\u00e4t)<\/p>\n<p>Sich neue <strong>Gewohnheiten<\/strong> zu schaffen, erfordert <strong>Zeit. Kraft und Ausdauer<\/strong>, umso mehr, wenn diese Gewohnheiten vom Unterbewusstsein verankert und immer wieder verwendet werden.<\/p>\n<p>Damit sich der Erfolg einstellt, bedarf es<\/p>\n<ul>\n<li><strong>einer ehrlichen Entscheidung und <\/strong><\/li>\n<li><strong>einer starken Absicht.<\/strong><\/li>\n<\/ul>\n<p><strong>Es dauert\u00a0 21 Tage, um eine neue Verbindung in Deinem<span style=\"color: #0000ff;\"><em> Gehirn<\/em><\/span> einzuschalten.<\/strong><\/p>\n<p><strong>Aber dann dauert es etwa 3 Monate, also 90 Tage, bis die neue Verbindung in Deinem gesamten Wesen integriert ist, regelm\u00e4\u00dfig genutzt wird und die alte ersetzt.<br \/>\n<\/strong>Wenn Du zum Beispiel zuckers\u00fcchtig bist und beschlie\u00dft, keinen Zucker mehr zu Dir zu nehmen, braucht Dein Gehirn 21 Tage, um die Verbindung &#8222;Ich nehme keinen Zucker mehr&#8220; einzuschalten, und dann 90 Tage, um diese Verbindung jedes Mal zu nutzen, sodass Deine Sucht keine mehr ist.<br \/>\nWenn Du eine Ver\u00e4nderung vornehmen willst, <strong>mu\u00dft Du sie immer wieder wiederholen, denn nichts h\u00e4lt der Wiederholung stand.<\/strong> Wiederhole jeden Tag die neue Handlung und gebe nicht auf.<\/p>\n<p><span style=\"color: #0000ff;\"><strong>Mantren<\/strong><\/span><\/p>\n<p>&nbsp;<\/p>\n","protected":false},"excerpt":{"rendered":"<p>Rituale (= Wiederholung von Gedanken, Worten, Taten manifestiert Information und Energie, neuen Glauben, neue Gewohnheit und neue Realit\u00e4t) Sich neue Gewohnheiten zu schaffen, erfordert Zeit. Kraft und Ausdauer, umso mehr, wenn diese Gewohnheiten vom Unterbewusstsein verankert und immer wieder verwendet werden. Damit sich der Erfolg einstellt, bedarf es einer ehrlichen Entscheidung und einer starken Absicht. [&hellip;]<\/p>\n","protected":false},"author":1,"featured_media":0,"parent":2729,"menu_order":0,"comment_status":"closed","ping_status":"closed","template":"members-style1-nosidebar.php","meta":{"footnotes":"","_links_to":"","_links_to_target":""},"class_list":["post-2317","page","type-page","status-publish","hentry"],"_links":{"self":[{"href":"https:\/\/reich-sein.eu\/club\/wp-json\/wp\/v2\/pages\/2317","targetHints":{"allow":["GET"]}}],"collection":[{"href":"https:\/\/reich-sein.eu\/club\/wp-json\/wp\/v2\/pages"}],"about":[{"href":"https:\/\/reich-sein.eu\/club\/wp-json\/wp\/v2\/types\/page"}],"author":[{"embeddable":true,"href":"https:\/\/reich-sein.eu\/club\/wp-json\/wp\/v2\/users\/1"}],"replies":[{"embeddable":true,"href":"https:\/\/reich-sein.eu\/club\/wp-json\/wp\/v2\/comments?post=2317"}],"version-history":[{"count":8,"href":"https:\/\/reich-sein.eu\/club\/wp-json\/wp\/v2\/pages\/2317\/revisions"}],"predecessor-version":[{"id":5081,"href":"https:\/\/reich-sein.eu\/club\/wp-json\/wp\/v2\/pages\/2317\/revisions\/5081"}],"up":[{"embeddable":true,"href":"https:\/\/reich-sein.eu\/club\/wp-json\/wp\/v2\/pages\/2729"}],"wp:attachment":[{"href":"https:\/\/reich-sein.eu\/club\/wp-json\/wp\/v2\/media?parent=2317"}],"curies":[{"name":"wp","href":"https:\/\/api.w.org\/{rel}","templated":true}]}}