{"id":2410,"date":"2022-08-10T10:12:22","date_gmt":"2022-08-10T08:12:22","guid":{"rendered":"http:\/\/reich-sein.eu\/club\/?page_id=2410"},"modified":"2022-11-24T15:13:05","modified_gmt":"2022-11-24T13:13:05","slug":"denken","status":"publish","type":"page","link":"https:\/\/reich-sein.eu\/club\/mittel\/denken\/","title":{"rendered":"Denken"},"content":{"rendered":"<pre><strong><em>\"Sie d\u00fcrfen nicht alles glauben, was sie denken.\" <\/em><\/strong> Heinz Erhardt<\/pre>\n<p>&nbsp;<\/p>\n<p>Sobald du dich ALLeine wohlf\u00fchlst, lernst du ganz nat\u00fcrlich deine Gedanken zu kontrollieren.<br \/>\nUnd dann bist du einer der st\u00e4rksten Menschen auf dieser Ebene.<br \/>\nALLein = ALLeEin<\/p>\n<p>&nbsp;<\/p>\n<h3><span style=\"color: #0000ff;\"><strong>Denken\u00a0<\/strong><\/span><\/h3>\n<p>Philosophisches Lexikon:<\/p>\n<div class=\"description\">\n<div class=\"clearfix text-formatted field field--name-body field--type-text-with-summary field--label-hidden field__item\">\n<p><em>Vom lat.\u00a0pensare, \u201eabw\u00e4gen, sch\u00e4tzen\u201c. Eine psychische Aktivit\u00e4t als Ganzes oder eine, die spezifisch auf Erkenntnis\u00a0abzielt. Wird h\u00e4ufig als Gegensatz zum Willen und zum Gef\u00fchl verstanden. \u00a0Platon definiert das Denken als Dialog zwischen der Vernunft mit sich selbst. F\u00fcr Descartes ist es \u201ealles, was derart ins uns geschieht, dass wir uns seiner unmittelbar aus uns selbst bewusst sind\u201c. Es ist damit auch ein Synonym f\u00fcr Bewusstsein. Kant pr\u00e4zisiert, dass die im Bewusstsein gesammelten Anschauungen vom Verstand konzeptualisiert werden, so dass denken urteilen hei\u00dft. Die\u00a0F\u00e4higkeit zu denken ist auch das, was den Menschen charakterisiert und ihm seine W\u00fcrde verleiht. So kommt Pascal zu dem Schluss, \u201eder Mensch ist nur ein Schilfrohr, das schw\u00e4chste der Natur, aber er ist ein denkendes Schilfrohr\u201c. Heidegger wiederum lehnt es ab, das Denken mit der Vernunft gleichzusetzen. Wenn \u201edie Wissenschaft nicht denkt\u201c, liege das daran, dass sie eher erkl\u00e4ren als begreifen wolle. In seiner Schrift \u201eWas hei\u00dft Denken?\u201c l\u00e4dt er seine Leser ein, denken zu lernen, indem sie ihren Horizont \u00fcber den streng rationalen Diskurs hinaus erweitern und die Welt poetischer interpretieren, wie es die Vorsokratiker taten oder die Weisen in der chinesischen und indischen Philosophie.<\/em><\/p>\n<\/div>\n<\/div>\n<p><a href=\"https:\/\/www.philomag.de\/lexikon\/denken\">https:\/\/www.philomag.de\/lexikon\/denken<\/a><\/p>\n<h3><strong><span style=\"color: #0000ff;\">Intuitives Denken<\/span><\/strong><\/h3>\n<p>Inspiration aus dem Herzen (h\u00f6heren Selbst) wahrnehmen<\/p>\n<h3><strong><span style=\"color: #0000ff;\">Kritisches Denken<\/span><\/strong><\/h3>\n<p>Unterscheidungsverm\u00f6gen<\/p>\n<h3><span style=\"color: #0000ff;\"><strong>Lernendes Denken\u00a0<\/strong><\/span><\/h3>\n<p><strong>Studium der Geschichte.<\/strong>\u00a0\u00dcber geschichtliche Hintergr\u00fcnde und Zusammenh\u00e4nge Gedanken machen.<br \/>\nWer die Geschichte nicht kennt, ist dazu verflucht, die alten Fehler zu wiederholen.<br \/>\nDie \u00c4lteren haben die vordringliche Pflicht gegen\u00fcber der j\u00fcngeren Generation, ihre Erfahrungen der nachfolgenden Generation weiterzugeben!<\/p>\n<p>W.I.Lenin: <em>\u201eLernen, lernen, nochmals lernen.\u201c<\/em><\/p>\n<p>Karl Marx <em>\u201eDie Unwissenheit ist eine d\u00e4monische Kraft, und wir f\u00fcrchten, da\u00df sie noch als Ursache vieler Trag\u00f6dien dienen wird.\u201c<\/em><\/p>\n<h3><span style=\"color: #0000ff;\"><strong>Kreatives Denken<\/strong><\/span><\/h3>\n<p>Neues finden, Probleml\u00f6sung finden<\/p>\n<h3><strong><span style=\"color: #0000ff;\">Denken zur Aufgabenmeisterung<\/span><\/strong><\/h3>\n<p>optimalen Ablauf zur Ergebnis-Erreichung kennen und nutzen<\/p>\n","protected":false},"excerpt":{"rendered":"<p>&#8222;Sie d\u00fcrfen nicht alles glauben, was sie denken.&#8220; Heinz Erhardt &nbsp; Sobald du dich ALLeine wohlf\u00fchlst, lernst du ganz nat\u00fcrlich deine Gedanken zu kontrollieren. Und dann bist du einer der st\u00e4rksten Menschen auf dieser Ebene. ALLein = ALLeEin &nbsp; Denken\u00a0 Philosophisches Lexikon: Vom lat.\u00a0pensare, \u201eabw\u00e4gen, sch\u00e4tzen\u201c. Eine psychische Aktivit\u00e4t als Ganzes oder eine, die spezifisch [&hellip;]<\/p>\n","protected":false},"author":1,"featured_media":0,"parent":5069,"menu_order":0,"comment_status":"closed","ping_status":"closed","template":"members-style1-nosidebar.php","meta":{"footnotes":"","_links_to":"","_links_to_target":""},"class_list":["post-2410","page","type-page","status-publish","hentry"],"_links":{"self":[{"href":"https:\/\/reich-sein.eu\/club\/wp-json\/wp\/v2\/pages\/2410","targetHints":{"allow":["GET"]}}],"collection":[{"href":"https:\/\/reich-sein.eu\/club\/wp-json\/wp\/v2\/pages"}],"about":[{"href":"https:\/\/reich-sein.eu\/club\/wp-json\/wp\/v2\/types\/page"}],"author":[{"embeddable":true,"href":"https:\/\/reich-sein.eu\/club\/wp-json\/wp\/v2\/users\/1"}],"replies":[{"embeddable":true,"href":"https:\/\/reich-sein.eu\/club\/wp-json\/wp\/v2\/comments?post=2410"}],"version-history":[{"count":9,"href":"https:\/\/reich-sein.eu\/club\/wp-json\/wp\/v2\/pages\/2410\/revisions"}],"predecessor-version":[{"id":3433,"href":"https:\/\/reich-sein.eu\/club\/wp-json\/wp\/v2\/pages\/2410\/revisions\/3433"}],"up":[{"embeddable":true,"href":"https:\/\/reich-sein.eu\/club\/wp-json\/wp\/v2\/pages\/5069"}],"wp:attachment":[{"href":"https:\/\/reich-sein.eu\/club\/wp-json\/wp\/v2\/media?parent=2410"}],"curies":[{"name":"wp","href":"https:\/\/api.w.org\/{rel}","templated":true}]}}