{"id":2413,"date":"2022-08-10T10:14:10","date_gmt":"2022-08-10T08:14:10","guid":{"rendered":"http:\/\/reich-sein.eu\/club\/?page_id=2413"},"modified":"2022-11-24T15:15:15","modified_gmt":"2022-11-24T13:15:15","slug":"fuehlen","status":"publish","type":"page","link":"https:\/\/reich-sein.eu\/club\/mittel\/fuehlen\/","title":{"rendered":"F\u00fchlen"},"content":{"rendered":"<h2><span style=\"color: #0000ff;\"><strong>Emotionen kontrollieren<\/strong><\/span><\/h2>\n<p>&nbsp;<\/p>\n<h3><strong><span style=\"color: #0000ff;\">Mit den Herzen f\u00fchlen<\/span><\/strong><\/h3>\n<p><a href=\"https:\/\/erstkontakt.wordpress.com\/2017\/10\/21\/dieter-broers-wie-du-deine-gefuehle-und-emotionen-zum-manifestieren-einsetzt\/\">Dieter Broers: Wie du deine Gef\u00fchle und Emotionen zum manifestieren\u00a0einsetzt<\/a><\/p>\n<p>Erstellt am\u00a0<a href=\"https:\/\/erstkontakt.wordpress.com\/2017\/10\/21\/dieter-broers-wie-du-deine-gefuehle-und-emotionen-zum-manifestieren-einsetzt\/\">Oktober 21, 2017<\/a>\u00a0von\u00a0<a href=\"https:\/\/erstkontakt.wordpress.com\/author\/erstkontakt\/\">erstkontakt blog<\/a><\/p>\n<p>Liebe Freunde,<\/p>\n<p>obwohl ich schon seit vielen Monaten an meinem neuen Buch arbeite, ist es immer noch nicht fertig. Aber ich m\u00f6chte euch bereits jetzt einen kleinen Auszug aus einem Kapitel vorstellen.<\/p>\n<p>Wie es die \u00dcberschrift dieses Artikels bereits andeutet, geht es um die Macht unserer Gef\u00fchle und Emotionen und ihre Funktion. Der allgemeinen Definition nach wird\u00a0<strong>F\u00fchlen<\/strong>\u00a0als eine geistige Grundfunktion bewertet.<\/p>\n<p><strong>Emotion<a name=\"_ftnref1\"><\/a><a href=\"http:\/\/www.dieter-broers.de\/gefuehle-und-emotionen-zum-manifestieren\/#_ftn1\">[1]<\/a><\/strong>\u00a0hingegen wird als eine Gem\u00fctsbewegung betrachtet, wobei\u00a0 das Gem\u00fct dabei als Gegenpol zur Intelligenz und dem Verstand gesehen wird. Der k\u00fchle Verstand galt lange als das Kronjuwel der Sch\u00f6pfung. Die moderne Neurowissenschaft aber hat herausgefunden, dass unser gesamtes Denken und Handeln von Emotionen geleitet wird; ohne sie sind wir nichts.<\/p>\n<p>Was f\u00fcr den K\u00f6rper das Immunsystem ist, das sind f\u00fcr unser geistiges Leben die Emotionen. Auch sie sollen abwehren, was uns bedroht, und zulassen, was uns gut tut. Ohne Gef\u00fchle, so die Schlussfolgerung, w\u00fcrden wir uns wohl kaum von noch so intelligenten Computern, bzw. Robotern unterscheiden.<\/p>\n<p><a href=\"https:\/\/app.getresponse.com\/site2\/zirbeldruesen_code?u=qoU9&amp;webforms_id=11868103&amp;v=0\">https:\/\/app.getresponse.com\/site2\/zirbeldruesen_code?u=qoU9&amp;webforms_id=11868103&amp;v=0<\/a><\/p>\n<p>&nbsp;<\/p>\n<p>Gef\u00fchle und Emotionen steuern unser Leben. Schmerzen und Lust, Vertrauen und Entt\u00e4uschung, Langeweile und Neugier, Wut und Z\u00e4rtlichkeit, Freude und Trauer, Liebe, Hass und Eifersucht \u2013 die schier endlose Palette von Stimmungen und Emotionen und all ihren m\u00f6glichen Mischungen und Schattierungen gibt unserem Leben erst Farbe und Gestalt. Der Neurologe Prof. Antonio Damasio<a name=\"_ftnref2\"><\/a><a href=\"http:\/\/www.dieter-broers.de\/gefuehle-und-emotionen-zum-manifestieren\/#_ftn2\">[2]<\/a>\u00a0r\u00e4t uns, eine grunds\u00e4tzliche sprachliche Trennung vorzunehmen:\u00a0<strong>\u201eEmotionen\u201c sind danach die oft nur schwer zu fassenden, unbewussten Seelenregungen, der weit \u00fcberwiegende Teil dessen, was uns im Innersten r\u00fchrt und bewegt.<\/strong><\/p>\n<p>\u201eGef\u00fchl\u201c ist das, was uns bewusst und auch zum Gedanken wird, was wir aussprechen und mitteilen k\u00f6nnen: Ich bin gl\u00fccklich. Ich liebe dich. Ich habe Angst. Ich gehe fest davon aus, dass Computer keine Gef\u00fchle haben und auch niemals welche haben werden, auch wenn allem Anschein nach intensiv daran gearbeitet wird, dass Computer auf dem Wege sind, Gef\u00fchle zu haben.<\/p>\n<p>Bisher jedoch ist die Annahme, dass Computer Gef\u00fchle entwickeln k\u00f6nnen, nur dem Umstand zuzuschreiben, dass man Computer dazu gebracht hat, Gef\u00fchle zu simulieren. Hier werden offenbar Simulationen von Gef\u00fchlen mit echten Gef\u00fchlen verwechselt.<\/p>\n<p><strong>Tats\u00e4chlich ist das Tr\u00e4germedium f\u00fcr nat\u00fcrliche Gef\u00fchle und Emotionen sogenannte (Neuro-)Peptide<a name=\"_ftnref3\"><\/a><a href=\"http:\/\/www.dieter-broers.de\/gefuehle-und-emotionen-zum-manifestieren\/#_ftn3\">[3]<\/a>. Ohne diese Substanzen w\u00e4ren wir zu keinen Gef\u00fchlen f\u00e4hig. Dabei fungieren sie als eine Art K\u00f6rper-Geist-Verbindungen.<\/strong>\u00a0<strong>So sind<\/strong>\u00a0<strong>Gef\u00fchle buchst\u00e4blich an der Verwandlung von Geist in Materie beteiligt.<\/strong><\/p>\n<p><strong>\u00a0<\/strong><\/p>\n<p>Dr. Candace Pert<a name=\"_ftnref4\"><\/a><a href=\"http:\/\/www.dieter-broers.de\/gefuehle-und-emotionen-zum-manifestieren\/#_ftn4\">[4]<\/a>\u00a0ist die Entdeckerin der Gef\u00fchlsmolek\u00fcle. Die \u201e<em>Mutter der Psychoneuroimmunologie<\/em>\u201e, wie sie von Insidern genannt wurde, forschte seit Beginn der 70ger Jahre im Fachbereich der Neurologie und war die Begr\u00fcnderin der \u201eMind-Body Medicine\u201c.\u00a0 Dr. Candace Pert entdeckte Anfang der 70ger Jahre den Opiatrezeptor und war damit ma\u00dfgeblich an der Entdeckung des ersten Gef\u00fchlsmolek\u00fcls beteiligt<a name=\"_ftnref5\"><\/a><a href=\"http:\/\/www.dieter-broers.de\/gefuehle-und-emotionen-zum-manifestieren\/#_ftn5\">[5]<\/a>.<\/p>\n<p>Grunds\u00e4tzlich sind Rezeptoren Molek\u00fcle aus Proteinen, winzigen Aminos\u00e4uren, die zu faltigen Ketten verflochten sind. Gemeinsam mit ihrem Kollegen, dem Physiologen Professor Miles Herkenham<a name=\"_ftnref6\"><\/a><a href=\"http:\/\/www.dieter-broers.de\/gefuehle-und-emotionen-zum-manifestieren\/#_ftn6\">[6]<\/a>, revolutionierten sie die Gehirnforschung durch ihren Nachweis eines neuen Kommunikationssystems. Miles Herkenham hatte bereits 1984 beobachtet, dass der gr\u00f6\u00dfte Teil der Informationen, die im Gehirn ablaufen,\u00a0<strong>nicht von den synaptischen Verbindungen der Gehirnzellen, sondern von der Spezifit\u00e4t der Rezeptoren organisiert wird!<\/strong>\u00a0Der Miles Herkenham<a name=\"_ftnref7\"><\/a><a href=\"http:\/\/www.dieter-broers.de\/gefuehle-und-emotionen-zum-manifestieren\/#_ftn7\">[7]<\/a>\u00a0ging bereits damals davon aus,\u00a0<strong>dass sich weniger als 2% der neuronalen Kommunikation \u00fcber die Synapsen vollzieht<\/strong>.<\/p>\n<p>\u201e<strong><em>Wir d\u00fcrfen nicht l\u00e4nger so tun, als ob Gef\u00fchle eine geringere Bedeutung h\u00e4tten als materielle Substanzen<\/em>.\u201c\u00a0\u00a0<\/strong>sagte Candace Pert,\u00a0<strong>\u201e<em>Vielmehr m\u00fcssen wir sie als Zellsignale begreifen, die an der \u00dcbersetzung von Informationen in physische Realit\u00e4t beteiligt sind \u2013 buchst\u00e4blich an der Verwandlung von Geist in Materie. Gef\u00fchle sind das Bindeglied zwischen Materie und Geist. Gef\u00fchle wechseln zwischen Materie und Geist hin und her und beeinflussen beide<\/em>\u2026<\/strong><\/p>\n<p>Quelle und weiter:\u00a0<a href=\"http:\/\/www.dieter-broers.de\/gefuehle-und-emotionen-zum-manifestieren\/\">http:\/\/www.dieter-broers.de\/gefuehle-und-emotionen-zum-manifestieren\/<\/a><\/p>\n<blockquote class=\"wp-embedded-content\" data-secret=\"H5Cm8L1jB0\"><p><a href=\"https:\/\/erstkontakt.wordpress.com\/2017\/10\/21\/dieter-broers-wie-du-deine-gefuehle-und-emotionen-zum-manifestieren-einsetzt\/\">Dieter Broers: Wie du deine Gef\u00fchle und Emotionen zum manifestieren&nbsp;einsetzt<\/a><\/p><\/blockquote>\n<p><iframe loading=\"lazy\" class=\"wp-embedded-content\" sandbox=\"allow-scripts\" security=\"restricted\" style=\"position: absolute; visibility: hidden;\" title=\"&#8222;Dieter Broers: Wie du deine Gef\u00fchle und Emotionen zum manifestieren&nbsp;einsetzt&#8220; &#8212; erstkontakt blog \" src=\"https:\/\/erstkontakt.wordpress.com\/2017\/10\/21\/dieter-broers-wie-du-deine-gefuehle-und-emotionen-zum-manifestieren-einsetzt\/embed\/#?secret=nnJMDg9ouv#?secret=H5Cm8L1jB0\" data-secret=\"H5Cm8L1jB0\" width=\"500\" height=\"282\" frameborder=\"0\" marginwidth=\"0\" marginheight=\"0\" scrolling=\"no\"><\/iframe><\/p>\n<h3 class=\"title style-scope ytd-video-primary-info-renderer\"><span style=\"color: #0000ff;\"><strong>Die eine Frage, die alles ver\u00e4ndert:\u00a0<\/strong><\/span><\/h3>\n<p>Unsere gr\u00f6\u00dfte Angst ist nicht, ungl\u00fccklich zu sein. Unsere gr\u00f6\u00dfte Angst ist grenzenlos gl\u00fccklich zu sein. Unser Gl\u00fcck, nicht unser Ungl\u00fcck \u00e4ngstigt uns am meisten. Wir fragen uns: Wer bin ich denn, dass ich so brillant sein soll? Aber wer bist Du, es nicht zu sein? Du bist ein Kind Gottes. Es dient der Welt nicht, wenn Du Dich ungl\u00fccklich machst. Sich ungl\u00fccklich zu machen, nur damit sich andere um Dich herum sich nicht unsicher f\u00fchlen, hat nichts Erleuchtetes. Wir wurden geboren, um die Herrlichkeit Gottes, der in uns ist, zu manifestieren. Er ist nicht nur in einigen von uns, er ist in jedem Einzelnen. Und wenn wir unser unendliches Gl\u00fcck scheinen lassen, geben wir damit unbewusst anderen die Erlaubnis, es auch zu tun. Wenn wir von unserem eigenen Ungl\u00fcck befreit sind, befreit unsere Gegenwart automatisch die anderen.<\/p>\n<p>-In Anlehnung an Marianne Williamsons Text \u201eUnsere gr\u00f6\u00dfte Angst\u201c.<\/p>\n<p><iframe loading=\"lazy\" title=\"YouTube video player\" src=\"https:\/\/www.youtube.com\/embed\/ZUtWomxJteE\" width=\"560\" height=\"315\" frameborder=\"0\" allowfullscreen=\"allowfullscreen\"><\/iframe><\/p>\n","protected":false},"excerpt":{"rendered":"<p>Emotionen kontrollieren &nbsp; Mit den Herzen f\u00fchlen Dieter Broers: Wie du deine Gef\u00fchle und Emotionen zum manifestieren\u00a0einsetzt Erstellt am\u00a0Oktober 21, 2017\u00a0von\u00a0erstkontakt blog Liebe Freunde, obwohl ich schon seit vielen Monaten an meinem neuen Buch arbeite, ist es immer noch nicht fertig. Aber ich m\u00f6chte euch bereits jetzt einen kleinen Auszug aus einem Kapitel vorstellen. Wie [&hellip;]<\/p>\n","protected":false},"author":1,"featured_media":0,"parent":5069,"menu_order":0,"comment_status":"closed","ping_status":"closed","template":"members-style1-nosidebar.php","meta":{"footnotes":"","_links_to":"","_links_to_target":""},"class_list":["post-2413","page","type-page","status-publish","hentry"],"_links":{"self":[{"href":"https:\/\/reich-sein.eu\/club\/wp-json\/wp\/v2\/pages\/2413","targetHints":{"allow":["GET"]}}],"collection":[{"href":"https:\/\/reich-sein.eu\/club\/wp-json\/wp\/v2\/pages"}],"about":[{"href":"https:\/\/reich-sein.eu\/club\/wp-json\/wp\/v2\/types\/page"}],"author":[{"embeddable":true,"href":"https:\/\/reich-sein.eu\/club\/wp-json\/wp\/v2\/users\/1"}],"replies":[{"embeddable":true,"href":"https:\/\/reich-sein.eu\/club\/wp-json\/wp\/v2\/comments?post=2413"}],"version-history":[{"count":5,"href":"https:\/\/reich-sein.eu\/club\/wp-json\/wp\/v2\/pages\/2413\/revisions"}],"predecessor-version":[{"id":4141,"href":"https:\/\/reich-sein.eu\/club\/wp-json\/wp\/v2\/pages\/2413\/revisions\/4141"}],"up":[{"embeddable":true,"href":"https:\/\/reich-sein.eu\/club\/wp-json\/wp\/v2\/pages\/5069"}],"wp:attachment":[{"href":"https:\/\/reich-sein.eu\/club\/wp-json\/wp\/v2\/media?parent=2413"}],"curies":[{"name":"wp","href":"https:\/\/api.w.org\/{rel}","templated":true}]}}