{"id":2462,"date":"2022-08-17T09:25:45","date_gmt":"2022-08-17T07:25:45","guid":{"rendered":"http:\/\/reich-sein.eu\/club\/?page_id=2462"},"modified":"2022-11-24T15:42:23","modified_gmt":"2022-11-24T13:42:23","slug":"toenen","status":"publish","type":"page","link":"https:\/\/reich-sein.eu\/club\/seins-dimensionen\/energie\/toenen\/","title":{"rendered":"T\u00f6nen\/Schwingen"},"content":{"rendered":"<h2><span style=\"color: #0000ff;\"><strong>T\u00f6nen<\/strong><\/span><\/h2>\n<p>Vom Mittelhochdeutsch\u00a0<i class=\"Latn mention\" lang=\"de\">d\u0153nen bzw.<\/i>\u00a0<i class=\"Latn mention\" lang=\"de\">t\u0153nen<\/i>, abgeleitet von\u00a0<i class=\"Latn mention\" lang=\"de\">t\u014dn<\/i>, Woher modern der\u00a0<i class=\"Latn mention\" lang=\"de\">Ton<\/i>\u00a0<span class=\"mention-gloss-paren annotation-paren\">(<\/span><span class=\"mention-gloss-double-quote\">&#8222;<\/span><span class=\"mention-gloss\">Ton, Klang<\/span><span class=\"mention-gloss-double-quote\">&#8222;<\/span><span class=\"mention-gloss-paren annotation-paren\">) stammt<\/span>.<\/p>\n<p><strong>als\u00a0Ton oder Schall h\u00f6rbar sein<\/strong><\/p>\n<h3><span style=\"color: #0000ff;\"><strong>Ur-Ton OM oder AUM<\/strong><\/span><\/h3>\n<ul>\n<li>Die Silbe OM ist der Urklang des Universums, aus dem alles andere hervorging und hervorgeht.<\/li>\n<li>Om ist der reine, unangeschlagene Klang (<em>pranava)<\/em>.<\/li>\n<li>Om steht f\u00fcr Vergangenes, Gegenw\u00e4rtiges, Zuk\u00fcnftiges. Es ist das Ganze, das Universelle.<\/li>\n<li>Dieser heilige Urklang schwingt in allem weiter.<\/li>\n<li>in der Bibel hei\u00dft es:\u00a0<em>\u201eA<\/em><span class=\"st\"><em>m<\/em>\u00a0<em>Anfang war das Wort, und das Wort war<\/em>\u00a0<em>bei Gott<\/em>,\u00a0<em>und Gott war das Wort<\/em>.\u00a0<\/span>\u201c<\/li>\n<li>In den altindischen Upanishaden hei\u00dft es: <strong>\u201e<em>Nada Brahma \u2013 die Welt ist Klang\u201c<\/em>.<\/strong><\/li>\n<li><a href=\"https:\/\/om-site.com\/om\/\"><strong>Die Bedeutung von OM \/ AUM wird mit den vier Zust\u00e4nden des Seins beschrieben:<\/strong><\/a><\/li>\n<\/ul>\n<p><a href=\"http:\/\/reich-sein.eu\/club\/wp-content\/uploads\/2022\/09\/Om-Symbol_mit-Erkl\u00e4rung-lila_800x1200_72dpi_Relief-1.jpg\"><img loading=\"lazy\" decoding=\"async\" class=\"aligncenter wp-image-2721\" src=\"http:\/\/reich-sein.eu\/club\/wp-content\/uploads\/2022\/09\/Om-Symbol_mit-Erkl\u00e4rung-lila_800x1200_72dpi_Relief-1-1024x683.jpg\" alt=\"\" width=\"650\" height=\"433\" srcset=\"https:\/\/reich-sein.eu\/club\/wp-content\/uploads\/2022\/09\/Om-Symbol_mit-Erkl\u00e4rung-lila_800x1200_72dpi_Relief-1-1024x683.jpg 1024w, https:\/\/reich-sein.eu\/club\/wp-content\/uploads\/2022\/09\/Om-Symbol_mit-Erkl\u00e4rung-lila_800x1200_72dpi_Relief-1-300x200.jpg 300w, https:\/\/reich-sein.eu\/club\/wp-content\/uploads\/2022\/09\/Om-Symbol_mit-Erkl\u00e4rung-lila_800x1200_72dpi_Relief-1-768x512.jpg 768w, https:\/\/reich-sein.eu\/club\/wp-content\/uploads\/2022\/09\/Om-Symbol_mit-Erkl\u00e4rung-lila_800x1200_72dpi_Relief-1.jpg 1200w\" sizes=\"auto, (max-width: 650px) 100vw, 650px\" \/><\/a><\/p>\n<ul>\n<li>A:\u00a0<em>Jagrat \u2013\u00a0<\/em>Wachbewusstsein, die sichtbare physische Welt, das Alltagsbewusstsein.<\/li>\n<li>U:\u00a0<em>Swapna \u2013\u00a0<\/em>Traumbewusstsein, die Welt der Psyche , das Unterbewusstsein.<\/li>\n<li>M:\u00a0<em>Shushupti<\/em>\u00a0\u2013 Traumloser Tiefschlaf, ohne jede geistige Regung, ohne Sorgen und W\u00fcnsche, ohne Bewusstsein.<\/li>\n<li>Stille nach dem OM \/AUM:\u00a0<em>Turiya<\/em>\u00a0 \u2013 erleuchteter Zustand, Transzendenz, \u00dcberbewusstsein, der Zustand reiner Meditation, h\u00f6chstes Bewusstsein.<\/li>\n<li>Der Punkt symbolisiert das allumfassende nonduale Eine (Turiya) hinter in dem Schleier der Illusion (Maya), die hier als halbmondf\u00f6rmige Schale symbolisiert wird.<\/li>\n<li>Die volle Bedeutung und Wirkung des OM ist nicht erkl\u00e4rbar, es ist nur (teilweise) erfahrbar.<\/li>\n<li>Om ist der Klang der Dich zum Einklang f\u00fchrt.<\/li>\n<li>OM ist das Ur-Mantra.<\/li>\n<li>Durch die verl\u00e4ngerte Ausatmung beim T\u00f6nen, die Vibrationen im K\u00f6rper und die Stimulation des Stimmbandnervs wird der Parasympathikus aktiviert, der Teil des Nervensystems, der uns entspannt.<\/li>\n<\/ul>\n<p><a href=\"https:\/\/om-site.com\/om\/\"><strong>Wirkungen des OM-Klanges:<\/strong><\/a><\/p>\n<ul>\n<li>Wenn Du OM in der richtigen Weise t\u00f6nst, erf\u00fcllt die Vibration Deinen ganzen K\u00f6rper und den Raum dar\u00fcber hinaus.<\/li>\n<li>Der Klang setzt das gesamte\u00a0Fasziennetz\u00a0Deines K\u00f6rpers in\u00a0Schwingung.<\/li>\n<li>Durch das T\u00f6nen (oder allein das Denken) von OM verbindest Du Dich direkt mit der g\u00f6ttlichen Schwingung.<\/li>\n<li>Der Klang des OM\u00a0<strong>reinigt und kl\u00e4rt<\/strong>\u00a0den Raum, in dem es erklingt.<\/li>\n<li>Es hat eine gro\u00dfe\u00a0<strong>Schutzwirkun<\/strong>g\u00a0und st\u00e4rkt unsere Aura.<\/li>\n<li>OM hat eine\u00a0<strong>heilende und befreiende Wirkung<\/strong>\u00a0auf Dein gesamtes K\u00f6rper- und Energiesystem. Du kannst alle Zellen Deines K\u00f6rpers in den \u201eOm-Zustand\u201c versetzen, indem Du sie mit der Om-Vibration erf\u00fcllst.<\/li>\n<li>Die Vibration, die durch den nasalen Klang des mmm entsteht hat eine positive Wirkung auf das\u00a0<strong>Gehirn<\/strong>.<\/li>\n<li>OM soll regenerierend auf das Herz wirken und die Herzkoh\u00e4renz st\u00e4rken.<\/li>\n<li>Au\u00dferdem wird dabei wahrscheinlich die Hypophyse massiert und insofern die\u00a0<strong>Hormonproduktion<\/strong>\u00a0positiv beeinflusst.<\/li>\n<li>OM ist nicht nur das Ur-Bija-Mantra sondern auch das<em>\u00a0bija<\/em>\u00a0(das ist ein einsilbiges Mantra, das wie ein Samen wirkt.) vom Stirnchakra, dem\u00a0<em>ajna-cakra<\/em>. Es verbindet Dich mit Deiner\u00a0<strong>Intuition<\/strong>, gibt Dir <strong>Klarheit<\/strong> und <strong>Erkenntnis<\/strong> \u00a0und f\u00fchrt Dich so zu wahrer\u00a0<strong>Weisheit<\/strong>.<\/li>\n<li>Richte Deine Konzentration auf einen Punkt (z.B. auf das Stirnchakra) und b\u00fcndelt so die Energie.<\/li>\n<li><strong>AUM<\/strong> wirkt auf die\u00a0<strong>Chakren<\/strong>\u00a0und\u00a0<strong>feinstofflichen K\u00f6rper<\/strong>. Das <strong>A<\/strong> wird dem physischen K\u00f6rper und den unteren drei Chakren zugeordnet, das <strong>U<\/strong> dem Astralk\u00f6rper und dem Herzchakra und das <strong>M<\/strong> dem Kausalk\u00f6rper und den oberen drei Chakren zugeordnet.<\/li>\n<li>Als Abschluss einer Meditation oder Yogastunde wirkt es wie ein <strong>Siegel,<\/strong> das die\u00a0<strong>Energie b\u00fcndelt<\/strong>\u00a0und die Wirkung verst\u00e4rkt.<\/li>\n<li>OM st\u00e4rkt den\u00a0<strong>Fokus<\/strong>\u00a0auf das Spirituelle \/ auf Gott und kann Dich zu <strong>Deinem\u00a0Wesenskern\u00a0<\/strong>f\u00fchren.<\/li>\n<\/ul>\n<p>Hier weitere Informationen und Anleitungen:\u00a0<a href=\"https:\/\/om-site.com\/om\/\">https:\/\/om-site.com\/om\/<\/a><\/p>\n<ul>\n<li>T\u00f6nen das OM mehrmals hintereinander.<\/li>\n<\/ul>\n<p><iframe loading=\"lazy\" title=\"YouTube video player\" src=\"https:\/\/www.youtube.com\/embed\/ilM3vH4JBuQ\" width=\"560\" height=\"315\" frameborder=\"0\" allowfullscreen=\"allowfullscreen\"><\/iframe><\/p>\n<h3><span style=\"color: #0000ff;\"><strong>Individueller UrTon<\/strong><\/span><\/h3>\n<p>Lebe dein Leben jetzt, im Einklang mit dir selbst, im Einklang mit deinem ganz pers\u00f6nlichen UrTon<\/p>\n<div class=\"et_pb_module et_pb_text et_pb_text_1 et_pb_text_align_left et_pb_bg_layout_light\">\n<div class=\"et_pb_text_inner\">\n<ul>\n<li><strong>Bist du auf der Suche nach deiner eigenen inneren Kraft und Bestimmung?<\/strong><\/li>\n<li>Sp\u00fcrst du, dass du in deinem Innern Begabungen und Potentiale mit dir tr\u00e4gst, sie aber (noch) nicht so frei und erfolgreich zum Ausdruck bringst, wie du es dir w\u00fcnschst?<\/li>\n<li>Ahnst du, dass noch viel mehr in dir schlummert, das du bislang noch nicht gelebt hast?<\/li>\n<li>Dein Bauchnabel hat einen Ton, und der be\u00b7stimmt dein Leben.<\/li>\n<\/ul>\n<p><strong><a href=\"https:\/\/der-persoenliche-urton.com\/\">der-persoenliche-urton.com<\/a><\/strong><\/p>\n<\/div>\n<\/div>\n<h3><span style=\"color: #0000ff;\"><strong>Manifestationsfrequenzen<\/strong><\/span><\/h3>\n<p>(Solfeggio x Chakra Meditationst\u00f6ne)<\/p>\n<h3><span style=\"color: #0000ff;\"><strong>Solfeggion-T\u00f6ne<\/strong><\/span><\/h3>\n<h3><span style=\"color: #0000ff;\"><strong><span style=\"color: #0000ff;\">Nikola Tesla &amp; Das Geheimnis der Solfeggio Frequenzen<\/span>\u00a0<\/strong><\/span><\/h3>\n<p><em>&#8222;Wenn DU nur die ganze Macht der Zahlen 3, 6 und 9 kennen w\u00fcrden, dann w\u00fcrden Sie den Schl\u00fcssel zum Universum in der Hand halten.&#8220;<\/em><br \/>\n&#8211; Nikola Tesla &#8211;<\/p>\n<p>Diese drei Zahlen bilden die Wurzel der Schwingungen der alten Solfeggio-Frequenzen. Frequenzen sind elektromagnetische Musikt\u00f6ne. <strong>Das Universum ist eine wundersch\u00f6ne Symphonie von Kl\u00e4ngen und Melodien.<\/strong><\/p>\n<p><strong><span style=\"color: #0000ff;\">174 Hz<\/span> <\/strong>&#8211; Diese Frequenz wirkt bet\u00e4ubend, schmerzlindernd und gibt den Organen ein Gef\u00fchl von Geborgenheit und Liebe.<br \/>\n1 + 7 + 4 = 12 = 1 + 2 = 3<\/p>\n<p><strong><span style=\"color: #0000ff;\">285 Hz<\/span><\/strong> &#8211; Frequenz, die bei der Geweberegeneration hilft, Energiefelder beeinflusst, dem K\u00f6rper Energie gibt.<br \/>\n2 + 8 + 5 = 15 = 1 + 5 = 6<\/p>\n<p><strong><span style=\"color: #0000ff;\">396 Hz<\/span><\/strong> &#8211; Eine Frequenz, die hilft, Schuldgef\u00fchle, Angst und Traurigkeit zu lindern.<br \/>\n3 + 9 + 6 = 18 = 1 + 8 = 9<\/p>\n<p><strong><span style=\"color: #0000ff;\">417 Hz<\/span><\/strong> &#8211; Eine Frequenz, die uns hilft, negative Energien und unbewusste Blockaden in unseren tiefen \u00dcberzeugungen, ungesunden Denkmustern und schlechten Gewohnheiten loszuwerden.<br \/>\n4 + 1 + 7 = 12 = 1 + 2 = 3<\/p>\n<p><strong><span style=\"color: #0000ff;\">528 Hz<\/span><\/strong> &#8211; Die Frequenz, die uns hilft, unser Herz zu \u00f6ffnen, bringt Frieden und Freude. DNA-Transformation.<br \/>\n5 + 2 + 8 = 15 = 1 + 5 = 6<\/p>\n<p><strong><span style=\"color: #0000ff;\">639 Hz<\/span> <\/strong>&#8211; Diese Frequenz verbessert Kommunikation, Verst\u00e4ndnis, Toleranz und Liebe. Es kann verwendet werden, um positive Energien zu erzeugen und sich mit einem Seelenverwandten zu verbinden.<br \/>\n6 + 3 + 9 = 18 = 1 + 8 = 9<\/p>\n<p><strong><span style=\"color: #0000ff;\">741 Hz<\/span><\/strong> &#8211; Eine Frequenz, die die F\u00e4higkeit hat, die negativen Energien und Giftstoffe unseres K\u00f6rpers zu reinigen. Es dient der Entspannung, Heilung und Erweckung der Intuition.<br \/>\n7 + 4 + 1 = 12 = 1 + 2 = 3<\/p>\n<p><strong><span style=\"color: #0000ff;\">852 Hz<\/span><\/strong> &#8211; Mit Licht verbundene Frequenz. Es kann verwendet werden, um mit h\u00f6heren Wesen, Intuition und innerer St\u00e4rke zu kommunizieren. Es sensibilisiert und erm\u00f6glicht eine R\u00fcckkehr zur spirituellen Ordnung.<br \/>\n8 + 5 + 2 = 15 = 1 + 5 = 6<\/p>\n<p><strong><span style=\"color: #0000ff;\">963 Hz<\/span><\/strong> &#8211; Frequenz der Zirbeldr\u00fcse. Es verbindet uns mit der Quelle. Es ist die Frequenz des Lichts.<br \/>\n9 + 6 + 3 = 18 = 1 + 8 = 9<\/p>\n<p><span style=\"color: #0000ff;\"><strong>Es gibt eine Wiederholung der Zahlen 3, 6 und 9.<\/strong><\/span> Dies sind <strong><span style=\"color: #0000ff;\">Teslas heilige Zahlen.<\/span><\/strong> Wenn Du auf diese Frequenzen h\u00f6rst, erh\u00e4ltst Du ein Gleichgewicht Deiner eigenen Energie.<br \/>\nUnser physischer K\u00f6rper ist Energie mit hoher Dichte und schwingt bei niedrigeren Frequenzen. Durch das H\u00f6ren dieser musikalischen Frequenz l\u00f6sen wir die verdichtete Materie auf und erh\u00f6hen unsere Schwingung.<\/p>\n<p>Wenn Du alle Solfeggio-Frequenzen addierst, erh\u00e4ltst Du die <span style=\"color: #0000ff;\"><strong>Zahl 9<\/strong><\/span>.<br \/>\n174 + 285 + 396 + 417 + 528 + 639 + 741 + 852 + 963 = 4995 = 4 + 9 + 9 + 5 = 27 = 2 + 7 = 9<\/p>\n<p>Wir haben die dritte Tesla Nummer 9. Es ist uraltes Wissen. Der Mensch ist ein Stern, der im K\u00f6rper leuchtet.<br \/>\nDieser Stern leuchtet, bis er durch seine Anstrengung freigesetzt wird. Wenn Du Liebe bist, wird dieser Stern in Dir endlich in ein neues Leben leuchten.<\/p>\n<p>&nbsp;<\/p>\n<p><strong>Manifestieren von F\u00fclle durch Musik (T\u00f6ne, Frequenzen)<\/strong><\/p>\n<ul>\n<li>Nikola Tesla<\/li>\n<li>Pyramide,<\/li>\n<li>Universum,<\/li>\n<li>Magische Zahlen der Manifestation 369,<\/li>\n<li>Solfeggio<\/li>\n<\/ul>\n<p><strong>963 Hz: Reiner Ton, R\u00fcckkehr zum Einssein, Transformation, Manifestation, Kronenchakra, Solfeggio Frequenz<\/strong><\/p>\n<h2 class=\"a-size-mini a-spacing-none a-color-base s-line-clamp-2\"><\/h2>\n","protected":false},"excerpt":{"rendered":"<p>T\u00f6nen Vom Mittelhochdeutsch\u00a0d\u0153nen bzw.\u00a0t\u0153nen, abgeleitet von\u00a0t\u014dn, Woher modern der\u00a0Ton\u00a0(&#8222;Ton, Klang&#8222;) stammt. als\u00a0Ton oder Schall h\u00f6rbar sein Ur-Ton OM oder AUM Die Silbe OM ist der Urklang des Universums, aus dem alles andere hervorging und hervorgeht. Om ist der reine, unangeschlagene Klang (pranava). Om steht f\u00fcr Vergangenes, Gegenw\u00e4rtiges, Zuk\u00fcnftiges. Es ist das Ganze, das Universelle. Dieser [&hellip;]<\/p>\n","protected":false},"author":1,"featured_media":0,"parent":2729,"menu_order":0,"comment_status":"closed","ping_status":"closed","template":"members-style1-nosidebar.php","meta":{"footnotes":"","_links_to":"","_links_to_target":""},"class_list":["post-2462","page","type-page","status-publish","hentry"],"_links":{"self":[{"href":"https:\/\/reich-sein.eu\/club\/wp-json\/wp\/v2\/pages\/2462","targetHints":{"allow":["GET"]}}],"collection":[{"href":"https:\/\/reich-sein.eu\/club\/wp-json\/wp\/v2\/pages"}],"about":[{"href":"https:\/\/reich-sein.eu\/club\/wp-json\/wp\/v2\/types\/page"}],"author":[{"embeddable":true,"href":"https:\/\/reich-sein.eu\/club\/wp-json\/wp\/v2\/users\/1"}],"replies":[{"embeddable":true,"href":"https:\/\/reich-sein.eu\/club\/wp-json\/wp\/v2\/comments?post=2462"}],"version-history":[{"count":24,"href":"https:\/\/reich-sein.eu\/club\/wp-json\/wp\/v2\/pages\/2462\/revisions"}],"predecessor-version":[{"id":2464,"href":"https:\/\/reich-sein.eu\/club\/wp-json\/wp\/v2\/pages\/2462\/revisions\/2464"}],"up":[{"embeddable":true,"href":"https:\/\/reich-sein.eu\/club\/wp-json\/wp\/v2\/pages\/2729"}],"wp:attachment":[{"href":"https:\/\/reich-sein.eu\/club\/wp-json\/wp\/v2\/media?parent=2462"}],"curies":[{"name":"wp","href":"https:\/\/api.w.org\/{rel}","templated":true}]}}