{"id":2492,"date":"2022-08-17T11:11:39","date_gmt":"2022-08-17T09:11:39","guid":{"rendered":"http:\/\/reich-sein.eu\/club\/?page_id=2492"},"modified":"2022-11-24T15:43:42","modified_gmt":"2022-11-24T13:43:42","slug":"zeit-und-raum","status":"publish","type":"page","link":"https:\/\/reich-sein.eu\/club\/seins-dimensionen\/energie\/zeit-und-raum\/","title":{"rendered":"Zeit und Raum"},"content":{"rendered":"<h2><span style=\"color: #0000ff;\"><strong>Zeit und Raum<\/strong><\/span><\/h2>\n<p><strong>A: \u201eWie viel Uhr ist es?\u201c<\/strong><\/p>\n<p><strong>B: \u201eJetzt!\u201c<\/strong><\/p>\n<p><strong>A: \u201eWo bist du?\u201c<\/strong><\/p>\n<p><strong>B: \u201eHier!\u201c<\/strong><\/p>\n<p><strong>A: \u201eWer bist du?\u201c<\/strong><\/p>\n<p><strong>B: \u201eDer Moment!\u201c<\/strong><\/p>\n<p><strong>Es ist nicht unsere <em>Aufgabe<\/em><\/strong><strong>, etwas zum <span style=\"color: #0000ff;\">WACHSEN und\u00a0WERDEN <\/span><\/strong>zu bringen.<\/p>\n<p><strong>Unsere <em>Herausforderung<\/em> ist es, zu <span style=\"color: #0000ff;\">SEIN<\/span><\/strong>\u00a0(z.B. Ich bin gesund, ich bin gl\u00fccklich, ich bin zufrieden)<\/p>\n<p><strong>Grundformel:<\/strong> <span style=\"color: #0000ff;\"><em><strong>Ich bin REICH. Was ich braucht kommt GLEICH!<\/strong><\/em><\/span><\/p>\n<p>&nbsp;<\/p>\n<h3><span style=\"color: #0000ff;\"><strong>Die 8 Punkte des Lichts im Heiligen Jahr:<\/strong><\/span><\/h3>\n<p>Seit wir die 3. Dimension verlassen und den Aufstiegs- und Transformationsprozess begonnen haben, wurde viel \u00fcber Zeit gesprochen. Wir haben erkannt, dass die lineare Zeit, die Zeitform, die mit der 3. Dimension assoziiert wird, nicht mehr ausreicht, um die 5. dimensionale und multidimensionale Erfahrung auf der Erde zu beschreiben. Viele Menschen verweisen auf das &#8222;<strong>Ende der Zeit<\/strong>&#8222;, so als ob wir in einer zeitlosen Leere existieren w\u00fcrden. Erzengel Michael lehrt jedoch das Konzept des Heiligen Jahres oder des Galaktischen Jahres, in dem die Zeit ein Aspekt der spiralf\u00f6rmigen sch\u00f6pferischen Reise der Erde in Beziehung zur Sonne und den Sternen ist.<\/p>\n<p>Es ist diese spiralf\u00f6rmige Bewegung durch den Raum, die die Raumzeit erschafft und die Plattform f\u00fcr Sch\u00f6pfung und Manifestation sowie f\u00fcr Wachstum und Ausdehnung der Seele bietet.<\/p>\n<p>Erzengel Michael erkl\u00e4rt also, dass es <span style=\"color: #0000ff;\"><strong>8 Lichtpunkte<\/strong><\/span> gibt, die die Spirale des Heiligen Jahres kalibrieren, und dass diese unter der Obhut der Star Lions oder Royal Lions stehen. Diese L\u00f6wen sind m\u00e4chtige Engelwesen, deren Funktion es ist, die H\u00fcter der Zeit-Raum-Portale f\u00fcr die Erde auf ihrer Reise durch die Sterne zu sein.<\/p>\n<p>Die sirianischen Sternenlehrer lehrten die alten \u00c4gypter, dass die Erde wie ein Boot oder ein Schiff ist, das sich durch den Raum bewegt. Die Neter (G\u00f6tter) waren die Steuerm\u00e4nner des &#8222;Bootes der Millionen von Jahren&#8220;, wie die Erde genannt wurde. Jetzt, mit dem Aufstieg und der Transformation der Erde in die Neue Erde, sind wir als Menschenengel der Neuen Erde f\u00fcr die &#8222;Reise&#8220; des Schiffes auf seiner spiralf\u00f6rmigen Reise durch die Sterne verantwortlich geworden. Wir sind Sternennavigatoren f\u00fcr die Erde geworden, und nat\u00fcrlich auch f\u00fcr unsere eigene Reise durch den ZeitRaum. Wir tun dies, indem wir mit Zeitlinien\/Spiralen und Portalen arbeiten, und wir erschaffen Zeit, w\u00e4hrend wir unser Leben erschaffen und manifestieren, sowohl kollektiv als auch als Individuen.<\/p>\n<p>Das Heilige Jahr beginnt am 26. Juli mit dem Galaktischen Neujahr. Diese Zeit war sowohl den alten \u00c4gyptern als auch den Mayas heilig, die mit den galaktischen Lichtimpulsen verbunden waren. Zu dieser Zeit beginnt sich das &#8222;L\u00f6wentor&#8220; in L\u00f6we zu \u00f6ffnen und erreicht seinen H\u00f6hepunkt am 8\/8-Tag am 8. August. Dies ist das wichtigste Zeittor des Heiligen Jahres, das von den L\u00f6wen (Star Lions) von gestern und morgen bewacht wird. Diese L\u00f6wen stellen sicher, dass diejenigen, die das Tor durchschreiten, weder an die Vergangenheit noch an die Zukunft gebunden sind, sondern mit einem Fokus auf das Jetzt oder den gegenw\u00e4rtigen Moment oder den Nullpunkt erschaffen. Die Zeitspirale, die in diesem Moment in Gang gesetzt wird, wird das Erdkollektiv f\u00fcr das n\u00e4chste Heilige Jahr voranbringen.<\/p>\n<p>Die 8 Punkte des Lichts sind die 8 heiligen &#8222;Wendepunkte&#8220; der Spirale. Sie bestehen aus den 4 gro\u00dfen Zeittoren oder Portalen und den 4 saisonalen Portalen oder Toren. Die Zeittore sind<\/p>\n<ul>\n<li>das 8\/8 im August,<\/li>\n<li>das 11\/11 im November,<\/li>\n<li>das 2\/2 im Februar und<\/li>\n<li>das 5\/5 im Mai.<\/li>\n<\/ul>\n<p>Jedes dieser Tore steht unter der Obhut der Sternenr\u00e4te der K\u00f6nigssterne Regulus (8\/8), Antares (11\/11), Formalhaut (2\/2) und Aldebaran (5\/5). Die 8\/8- und 2\/2-L\u00f6we\/Wassermann-Achse wird von den sirianischen Sternenlehrern gehalten und die 11\/11- und 5\/5-Achse wird von den Pleaiden gehalten, die mit der Erde und ihrer Evolution arbeiten.<\/p>\n<p>Die vier jahreszeitlichen Portale sind die beiden Sonnenwenden, wenn die Erde ihre Richtung im Verh\u00e4ltnis zur Sonne \u00e4ndert, und die beiden Tagundnachtgleichen oder Gleichgewichtspunkte.<\/p>\n<p>Diese 8 Lichtpunkte bilden einen 8-zackigen Stern, der ein Symbol f\u00fcr die Beziehung der Erde zur Sonne und zum Goldenen Licht des Christus-Bewusstseins ist, welches die h\u00f6chste Bewusstseinsebene ist, die unsere Sonne zu dieser Zeit auf die Erde ausstrahlt. So wird der 8-zackige Stern mit den Sonnen-Avataren Maria Magdalena und Jeschua als Verk\u00f6rperungen des weiblichen und m\u00e4nnlichen Christus-Bewusstseins assoziiert.<\/p>\n<p>H\u00f6here Wellen des Bewusstseins sind auch von stellaren und galaktischen Quellen verf\u00fcgbar, wie der Platinstrahl und das Diamantlicht. Diese unterst\u00fctzen uns ebenfalls auf unserer Reise der Transformation auf der Erde.<\/p>\n<p>W\u00e4hrend wir uns also in die neue irdische Realit\u00e4t hineinbewegen und nach neuen Wegen suchen, unsere Reise durch den ZeitRaum zu feiern, die nicht verzerrt und linear und an Kr\u00e4fte gebunden sind, die unsere Energie abziehen, werden wir dazu kommen, die 8 Lichtpunkte des Heiligen Jahres zu feiern.<\/p>\n<p>Aus diesem Grund ist das Lions Gate so wichtig. Es ist der Moment, in dem sich die Erde mit Sirius und L\u00f6we ausrichtet, und in dem sich ein neuer Zyklus des Zeit-Raums entfaltet, in dem wir uns manifestieren und gemeinsam als Meister-Sternfahrer erschaffen k\u00f6nnen. Wir m\u00fcssen uns daf\u00fcr entscheiden, in unserem h\u00f6chsten Bewusstsein zu sein und in unserem Herzen zu zentrieren, um die Schwelle mit Anmut und Leichtigkeit zu \u00fcberschreiten und uns in eine h\u00f6here Oktave der Erfahrung zu bewegen.<\/p>\n<p>Hier sind einige Informationen \u00fcber das L\u00f6wentor und die 8 Punkte des Lichts im Heiligen Jahr:<\/p>\n<p>Seit wir die 3. Dimension verlassen und den Aufstiegs- und Transformationsprozess begonnen haben, wurde viel \u00fcber Zeit gesprochen. Wir haben erkannt, dass die lineare Zeit, die Zeitform, die mit der 3. Dimension assoziiert wird, nicht mehr ausreicht, um die 5. dimensionale und multidimensionale Erfahrung auf der Erde zu beschreiben. Viele Menschen verweisen auf das &#8222;Ende der Zeit&#8220;, so als ob wir in einer zeitlosen Leere existieren w\u00fcrden. Erzengel Michael lehrt jedoch das Konzept des Heiligen Jahres oder des Galaktischen Jahres, in dem die Zeit ein Aspekt der spiralf\u00f6rmigen sch\u00f6pferischen Reise der Erde in Beziehung zur Sonne und den Sternen ist.<\/p>\n<p>Es ist diese spiralf\u00f6rmige Bewegung durch den Raum, die die Raumzeit erschafft und die Plattform f\u00fcr Sch\u00f6pfung und Manifestation sowie f\u00fcr Wachstum und Ausdehnung der Seele bietet.<\/p>\n<p>Erzengel Michael erkl\u00e4rt also, dass es 8 Lichtpunkte gibt, die die Spirale des Heiligen Jahres kalibrieren, und dass diese unter der Obhut der Star Lions oder Royal Lions stehen. Diese L\u00f6wen sind m\u00e4chtige Engelwesen, deren Funktion es ist, die H\u00fcter der Zeit-Raum-Portale f\u00fcr die Erde auf ihrer Reise durch die Sterne zu sein.<\/p>\n<p>Die sirianischen Sternenlehrer lehrten die alten \u00c4gypter, dass die Erde wie ein Boot oder ein Schiff ist, das sich durch den Raum bewegt. Die Neter (G\u00f6tter) waren die Steuerm\u00e4nner des &#8222;Bootes der Millionen von Jahren&#8220;, wie die Erde genannt wurde. Jetzt, mit dem Aufstieg und der Transformation der Erde in die Neue Erde, sind wir als Menschenengel der Neuen Erde f\u00fcr die &#8222;Reise&#8220; des Schiffes auf seiner spiralf\u00f6rmigen Reise durch die Sterne verantwortlich geworden. Wir sind Sternennavigatoren f\u00fcr die Erde geworden, und nat\u00fcrlich auch f\u00fcr unsere eigene Reise durch den ZeitRaum. Wir tun dies, indem wir mit Zeitlinien\/Spiralen und Portalen arbeiten, und wir erschaffen Zeit, w\u00e4hrend wir unser Leben erschaffen und manifestieren, sowohl kollektiv als auch als Individuen.<\/p>\n<p>Das Heilige Jahr beginnt am 26. Juli mit dem Galaktischen Neujahr. Diese Zeit war sowohl den alten \u00c4gyptern als auch den Mayas heilig, die mit den galaktischen Lichtimpulsen verbunden waren. Zu dieser Zeit beginnt sich das &#8222;L\u00f6wentor&#8220; in L\u00f6we zu \u00f6ffnen und erreicht seinen H\u00f6hepunkt am 8\/8-Tag am 8. August. Dies ist das wichtigste Zeittor des Heiligen Jahres, das von den L\u00f6wen (Star Lions) von gestern und morgen bewacht wird. Diese L\u00f6wen stellen sicher, dass diejenigen, die das Tor durchschreiten, weder an die Vergangenheit noch an die Zukunft gebunden sind, sondern mit einem Fokus auf das Jetzt oder den gegenw\u00e4rtigen Moment oder den Nullpunkt erschaffen. Die Zeitspirale, die in diesem Moment in Gang gesetzt wird, wird das Erdkollektiv f\u00fcr das n\u00e4chste Heilige Jahr voranbringen.<\/p>\n<p>Die 8 Punkte des Lichts sind die 8 heiligen &#8222;Wendepunkte&#8220; der Spirale. Sie bestehen aus den 4 gro\u00dfen Zeittoren oder Portalen und den 4 saisonalen Portalen oder Toren. Die Zeittore sind das 8\/8 im August, das 11\/11 im November, das 2\/2 im Februar und das 5\/5 im Mai. Jedes dieser Tore steht unter der Obhut der Sternenr\u00e4te der K\u00f6nigssterne Regulus (8\/8), Antares (11\/11), Formalhaut (2\/2) und Aldebaran (5\/5). Die 8\/8- und 2\/2-L\u00f6we\/Wassermann-Achse wird von den sirianischen Sternenlehrern gehalten und die 11\/11- und 5\/5-Achse wird von den Pleaiden gehalten, die mit der Erde und ihrer Evolution arbeiten.<\/p>\n<p>Die vier jahreszeitlichen Tore sind die 2 Sonnenwenden, wenn die Erde ihre Richtung im Verh\u00e4ltnis zur Sonne \u00e4ndert, und die<\/p>\n<p>Diejenigen, die das Tor nicht durchschreiten, kreisen entweder weiter auf der gleichen Ebene oder &#8222;verfallen&#8220; in niedrigere Zeitlinien und scheinen fast in der Zeit r\u00fcckw\u00e4rts zu gehen und alte Dramen zu wiederholen, weil sie sich nicht vorw\u00e4rts bewegen k\u00f6nnen. Deshalb ist es so wichtig, sich nicht von den Dramen der Furcht und der Angst ablenken zu lassen, die sich immer dann abspielen, wenn es ein wichtiges Portal gibt. Sie sollen die Menschen davon abhalten, sich vorw\u00e4rts und aufw\u00e4rts in neue Zyklen der Evolution und Sch\u00f6pfung zu bewegen.<\/p>\n<p>W\u00e4hrend wir uns dem Lions Gate n\u00e4hern, ist es wichtig, dass wir uns auf das konzentrieren, was wir im kommenden Zyklus erschaffen und erleben wollen. Bleibt in einem friedlichen, liebevollen und kreativen Zustand, und ihr werdet das Portal durchqueren und durch die Sterne auf eurer Reise des Seins und Werdens navigieren!<\/p>\n<p>Wenn ihr mehr \u00fcber das Lions Gate erfahren m\u00f6chtet, seid ihr eingeladen, an unserer 5-teiligen Webinarreihe teilzunehmen und euch mit unserer Gemeinschaft des Lichts auszutauschen.<\/p>\n<p>Star Child Global<\/p>\n<p>https:\/\/t.me\/+lkdrke5Aozc1OTNi<\/p>\n<p>https:\/\/t.me\/joinchat\/UDhEMir3-8gZfXGg<\/p>\n<p>&nbsp;<\/p>\n","protected":false},"excerpt":{"rendered":"<p>Zeit und Raum A: \u201eWie viel Uhr ist es?\u201c B: \u201eJetzt!\u201c A: \u201eWo bist du?\u201c B: \u201eHier!\u201c A: \u201eWer bist du?\u201c B: \u201eDer Moment!\u201c Es ist nicht unsere Aufgabe, etwas zum WACHSEN und\u00a0WERDEN zu bringen. Unsere Herausforderung ist es, zu SEIN\u00a0(z.B. Ich bin gesund, ich bin gl\u00fccklich, ich bin zufrieden) Grundformel: Ich bin REICH. Was [&hellip;]<\/p>\n","protected":false},"author":1,"featured_media":0,"parent":2729,"menu_order":0,"comment_status":"closed","ping_status":"closed","template":"members-style1-nosidebar.php","meta":{"footnotes":"","_links_to":"","_links_to_target":""},"class_list":["post-2492","page","type-page","status-publish","hentry"],"_links":{"self":[{"href":"https:\/\/reich-sein.eu\/club\/wp-json\/wp\/v2\/pages\/2492","targetHints":{"allow":["GET"]}}],"collection":[{"href":"https:\/\/reich-sein.eu\/club\/wp-json\/wp\/v2\/pages"}],"about":[{"href":"https:\/\/reich-sein.eu\/club\/wp-json\/wp\/v2\/types\/page"}],"author":[{"embeddable":true,"href":"https:\/\/reich-sein.eu\/club\/wp-json\/wp\/v2\/users\/1"}],"replies":[{"embeddable":true,"href":"https:\/\/reich-sein.eu\/club\/wp-json\/wp\/v2\/comments?post=2492"}],"version-history":[{"count":12,"href":"https:\/\/reich-sein.eu\/club\/wp-json\/wp\/v2\/pages\/2492\/revisions"}],"predecessor-version":[{"id":3026,"href":"https:\/\/reich-sein.eu\/club\/wp-json\/wp\/v2\/pages\/2492\/revisions\/3026"}],"up":[{"embeddable":true,"href":"https:\/\/reich-sein.eu\/club\/wp-json\/wp\/v2\/pages\/2729"}],"wp:attachment":[{"href":"https:\/\/reich-sein.eu\/club\/wp-json\/wp\/v2\/media?parent=2492"}],"curies":[{"name":"wp","href":"https:\/\/api.w.org\/{rel}","templated":true}]}}