{"id":2503,"date":"2022-08-17T11:23:49","date_gmt":"2022-08-17T09:23:49","guid":{"rendered":"http:\/\/reich-sein.eu\/club\/?page_id=2503"},"modified":"2022-11-24T16:58:21","modified_gmt":"2022-11-24T14:58:21","slug":"segen-und-segnen","status":"publish","type":"page","link":"https:\/\/reich-sein.eu\/club\/mittel\/sprechen\/segen-und-segnen\/","title":{"rendered":"Segen und Segnen"},"content":{"rendered":"<h2><span style=\"color: #0000ff;\"><strong>Segen und Segnen<\/strong><\/span><\/h2>\n<p><a href=\"https:\/\/de.wikipedia.org\/wiki\/Segen\">Segen,<\/a><strong> das\u00a0Segnen; die Segnungen, den Segen\u00a0spenden<\/strong><\/p>\n<p>entlehnt aus\u00a0lateinisch\u00a0<span lang=\"la-Latn\"><i>signum<\/i><\/span>\u00a0\u201eZeichen, Abzeichen, Kennzeichen\u201c<\/p>\n<p><em>\u201eJede\u00a0Segnung\u00a0ist ein Lobpreis Gottes und eine Bitte um seinen Schutz.&#8220;<\/em><\/p>\n<p>Segen bzw. Segnen ist in vielen Religionen ein <strong>Gebet<\/strong> oder einen\u00a0<strong>Ritus<\/strong>, wodurch <strong>Personen oder Sachen Anteil an g\u00f6ttlicher Kraft oder Gnade bekommen sollen<\/strong><\/p>\n<p><strong>Unterbegriffe:\u00a0<\/strong>Kinder-Segnung,\u00a0 Tier-Segnung,\u00a0Pferde-Segnung, Speisen-Segnung, Brot-Segnung, Haus-Segnung,\u00a0Kapellen-Segnung,\u00a0Kerzen-Segnung, Auto-Segnung, Motorrad-Segnung,\u00a0Fahrrad-Segnung<\/p>\n<h3><strong><span style=\"color: #0000ff;\">Zum Segnen<\/span><\/strong><\/h3>\n<p>Wie <strong>Segnungen<\/strong>, <strong>Gebete<\/strong>, <strong>heilende Worte<\/strong> und <strong>Ges\u00e4nge<\/strong> wirken.<br \/>\nWie wir damit heilen, aufl\u00f6sen, hochschwingen und\u00a0transformieren k\u00f6nnen.<\/p>\n<p>Die Arbeit mit Informationsfeldern. Die SCH\u00d6PFERKRAFT in Dir. Der gro\u00dfe MATRIX Computer der Erde,\u00a0die Chroniken der Erde und die kosmischen Speicher. Beispiele\u00a0f\u00fcr Segnungen.<\/p>\n<p>Alles ist Frequenz aus dem g\u00f6ttlichen Urfeld der Liebe, Lichtinformation und LiebeSchwingung.<\/p>\n<p>Segnen, \u00e4hnlich wie beten, ist arbeiten mit den\u00a0Informationsfeldern = Frequenzen \u2013 hochschwingen, Lebenskraft und\u00a0Biophotonenenergie verst\u00e4rken, transformieren, heilen, integrieren, anpassen, Informationen eingeben und aufl\u00f6sen, Negatives\u00a0 \u00fcberschreiben und l\u00f6schen. Danken. SCH\u00d6PFERKRAFT.<br \/>\nWenn wir segnen, gehen wir in Kommunikation und Interaktion, d.h.\u00a0unser BewusstSein, im Gro\u00dfen mit den Informationsfeldern der Erde und\u00a0des Multiversums, im Kleinen mit den Informationsfeldern der Speisen,<br \/>\nGetr\u00e4nke, Pflanzen, Naturreiche, W\u00e4lder, Elemente, Gegenst\u00e4nde,\u00a0Menschen, Seelen, Wesen &#8211; ja der gesamten Sch\u00f6pfung und aller\u00a0Sch\u00f6pfungsreiche! Das k\u00f6nnen wir, weil wir die direkte\u00a0GOTTESKINDSCHAFT haben!<br \/>\nUnser Segen, der die h\u00f6chste Liebeschwingung unserer Seele ist, direkt\u00a0mit dem URQUELL der G\u00d6TTLICHEN LIEBE verbunden, strahlt durch alle\u00a0Dimensionen, durch alle R\u00e4ume und Zeiten hindurch und bleibt als\u00a0Energie ewig! Segnen ist immer Erh\u00f6hung der Liebefrequenz und\u00a0Dankbarkeit \u2013 in positive Resonanz gehen, verbinden, Eins-Sein \u2013\u00a0einfach LIEBE geben und danke sagen. Durch unser BewusstSein und\u00a0unsere LIEBE ver\u00e4ndern wir die Informationsfelder zum Positiven. Damit\u00a0ver\u00e4ndern wir die Erde, alle Sch\u00f6pfung auf ihr und die Sternenreiche!<br \/>\nDie Worte der Segnungen sollten wohl gew\u00e4hlt sein, eine klare, sch\u00f6ne,\u00a0positive, hochschwingende Sprache \u2013 direkt aus unserem Herzen! Denn\u00a0jedes Wort hat seine eigene Mystik und Frequenz und ist auf ganz\u00a0spezifische Weise mit unserer Seele, unserem BewusstSeins-Feld\u00a0verbunden.<br \/>\nAm Anfang k\u00f6nnen wir uns einen kleinen Leitfaden f\u00fcr unsere\u00a0Segnungen aufschreiben \u2013 doch so nach und nach wird einfach die Seele\u00a0aus uns heraus segnen. Denn alles ist schon l\u00e4ngst in uns angelegt. Es\u00a0darf jetzt nur wieder aktiviert werden. Die Seele wird sich erinnern.<\/p>\n<h3><span style=\"color: #0000ff;\"><strong>Finanzen (Beispiel &#8211; Segnungstext)<\/strong><\/span><\/h3>\n<p><em><strong>All mein Wohlstand, meine Finanzen, mein Geld, mein\u00a0Verm\u00f6gen, Besitz und Eigentum\u00a0sind gesegnet im\u00a0Inneren wie im \u00c4u\u00dferen,\u00a0 angehoben in ihrer\u00a0G\u00d6TTLICHEN SCHWINGUNG zu meinem Wohle und\u00a0zum Wohle meines Umfeldes.<\/strong><\/em><br \/>\n<em><strong>Ich bin voll LIEBE und DANKBARKEIT.<\/strong><\/em><br \/>\n<em><strong>Ich bin gesegnet und lebe in der g\u00f6ttlichen F\u00fclle.<\/strong><\/em><br \/>\n<em><strong>Ich bejahe den g\u00f6ttlichen Segen auf\u00a0all meinem Wohlstand, meinen Finanzen, Besitz und\u00a0Eigentum, meinem Verm\u00f6gen und Geld.<\/strong><\/em><br \/>\n<em><strong>Ich bin in tiefer LIEBE und DANKBARKEIT.<\/strong><\/em><br \/>\n<em><strong>Ich danke dem EWIGEN LIEBELICHT und dem\u00a0HEILIGEN, EWIG-ALLEINEM SCH\u00d6PFERGEIST.<\/strong><\/em><br \/>\n<em><strong>Ich bin in der F\u00fclle und im universellen Energiefluss.<\/strong><\/em><br \/>\n<em><strong>Ich bin gesegnet und mein innerer Reichtum zeigt\u00a0sich im \u00c4u\u00dferen. Die Sch\u00f6pfung ist F\u00fclle und\u00a0Reichtum im \u00dcberfluss und ich bin Teil der Sch\u00f6pfung.<\/strong><\/em><br \/>\n<em><strong>Alles ist gesegnet.<\/strong><\/em><br \/>\n<em><strong>Danke. Mein Wohlstand ist gesegnet \u2013 meine\u00a0Finanzen, mein Geld, alles was ich bin und habe ist\u00a0gesegnet in der gro\u00dfen, ewigen ALL-LIEBE.<\/strong><\/em><br \/>\n<em><strong>Danke. In tiefer LIEBE und DANKBARKEIT.<\/strong><\/em><\/p>\n<p>Quelle:\u00a0<a href=\"https:\/\/avalon-earth.de\/files\/781\/starborn-1-segnungen.pdf\">https:\/\/avalon-earth.de\/files\/781\/starborn-1-segnungen.pdf<\/a><\/p>\n<p><span style=\"color: #0000ff;\"><strong>SEGNUNG DES WASSERS DURCH DEN ERZENGEL MICHAEL.<\/strong><\/span><\/p>\n<p><a href=\"http:\/\/reich-sein.eu\/club\/wp-content\/uploads\/2022\/09\/EE-Michael-Heilstrahl.jpg\"><img loading=\"lazy\" decoding=\"async\" class=\"aligncenter size-full wp-image-3008\" src=\"http:\/\/reich-sein.eu\/club\/wp-content\/uploads\/2022\/09\/EE-Michael-Heilstrahl.jpg\" alt=\"\" width=\"500\" height=\"720\" srcset=\"https:\/\/reich-sein.eu\/club\/wp-content\/uploads\/2022\/09\/EE-Michael-Heilstrahl.jpg 500w, https:\/\/reich-sein.eu\/club\/wp-content\/uploads\/2022\/09\/EE-Michael-Heilstrahl-208x300.jpg 208w\" sizes=\"auto, (max-width: 500px) 100vw, 500px\" \/><\/a><\/p>\n<p>F\u00fclle ein klares Glasgef\u00e4\u00df mit Wasser und bekr\u00e4ftige (affirmiere):<\/p>\n<p><strong><em>Mit der ganzen Kraft meiner Absicht bitte ich darum, <\/em><\/strong><\/p>\n<p><strong><em>dass die ganze Macht und St\u00e4rke von Erzengel Michael in dieses Wasser hinabsteigt, <\/em><\/strong><\/p>\n<p><strong><em>damit es die Kraft hat, jede Krankheit zu heilen und jeden Mangel auszugleichen <\/em><\/strong><\/p>\n<p><strong><em>und diejenigen, die es benutzen, vor allen Arten von b\u00f6sen Geistern und negativen Wesenheiten zu sch\u00fctzen. <\/em><\/strong><\/p>\n<p><strong><em>Wer dieses Wasser einnimmt oder benutzt, erh\u00e4lt sofort die Hilfe des Erzengels Michael in seinem Leben und in seinen Handlungen. <\/em><\/strong><\/p>\n<p><strong><em>Dieses Wasser ist nun auf g\u00f6ttliche Anordnung hin gesegnet. <\/em><\/strong><\/p>\n<p><strong><em>So soll es sein.<\/em><\/strong><\/p>\n","protected":false},"excerpt":{"rendered":"<p>Segen und Segnen Segen, das\u00a0Segnen; die Segnungen, den Segen\u00a0spenden entlehnt aus\u00a0lateinisch\u00a0signum\u00a0\u201eZeichen, Abzeichen, Kennzeichen\u201c \u201eJede\u00a0Segnung\u00a0ist ein Lobpreis Gottes und eine Bitte um seinen Schutz.&#8220; Segen bzw. Segnen ist in vielen Religionen ein Gebet oder einen\u00a0Ritus, wodurch Personen oder Sachen Anteil an g\u00f6ttlicher Kraft oder Gnade bekommen sollen Unterbegriffe:\u00a0Kinder-Segnung,\u00a0 Tier-Segnung,\u00a0Pferde-Segnung, Speisen-Segnung, Brot-Segnung, Haus-Segnung,\u00a0Kapellen-Segnung,\u00a0Kerzen-Segnung, Auto-Segnung, Motorrad-Segnung,\u00a0Fahrrad-Segnung Zum Segnen [&hellip;]<\/p>\n","protected":false},"author":1,"featured_media":0,"parent":3147,"menu_order":0,"comment_status":"closed","ping_status":"closed","template":"members-style1-nosidebar.php","meta":{"footnotes":"","_links_to":"","_links_to_target":""},"class_list":["post-2503","page","type-page","status-publish","hentry"],"_links":{"self":[{"href":"https:\/\/reich-sein.eu\/club\/wp-json\/wp\/v2\/pages\/2503","targetHints":{"allow":["GET"]}}],"collection":[{"href":"https:\/\/reich-sein.eu\/club\/wp-json\/wp\/v2\/pages"}],"about":[{"href":"https:\/\/reich-sein.eu\/club\/wp-json\/wp\/v2\/types\/page"}],"author":[{"embeddable":true,"href":"https:\/\/reich-sein.eu\/club\/wp-json\/wp\/v2\/users\/1"}],"replies":[{"embeddable":true,"href":"https:\/\/reich-sein.eu\/club\/wp-json\/wp\/v2\/comments?post=2503"}],"version-history":[{"count":14,"href":"https:\/\/reich-sein.eu\/club\/wp-json\/wp\/v2\/pages\/2503\/revisions"}],"predecessor-version":[{"id":5083,"href":"https:\/\/reich-sein.eu\/club\/wp-json\/wp\/v2\/pages\/2503\/revisions\/5083"}],"up":[{"embeddable":true,"href":"https:\/\/reich-sein.eu\/club\/wp-json\/wp\/v2\/pages\/3147"}],"wp:attachment":[{"href":"https:\/\/reich-sein.eu\/club\/wp-json\/wp\/v2\/media?parent=2503"}],"curies":[{"name":"wp","href":"https:\/\/api.w.org\/{rel}","templated":true}]}}