{"id":2647,"date":"2022-08-29T13:18:32","date_gmt":"2022-08-29T11:18:32","guid":{"rendered":"http:\/\/reich-sein.eu\/club\/?page_id=2647"},"modified":"2022-11-24T15:38:37","modified_gmt":"2022-11-24T13:38:37","slug":"beten","status":"publish","type":"page","link":"https:\/\/reich-sein.eu\/club\/seins-dimensionen\/informieren\/beten\/","title":{"rendered":"Beten"},"content":{"rendered":"<h2><span style=\"color: #0000ff;\"><strong>Beten, Gebet<\/strong><\/span><\/h2>\n<p>Beten ist Kommunizieren mit Gott bzw. Deinem h\u00f6heren g\u00f6ttlichen Selbst<\/p>\n<p><strong>verschiedene (identische) Ansprachen der Adresse: <\/strong><\/p>\n<p>Gott, Vater-Mutter Gott, G\u00f6ttliche Energie, die Gro\u00dfe Mutter &#8230;<\/p>\n<p><strong>Exakte Formulierung des Gebets nach Erwin Blaschke:<\/strong><\/p>\n<p><span style=\"color: #0000ff;\"><em><strong>\u201eLiebe Gro\u00dfe Mutter,<\/strong><\/em><\/span><\/p>\n<p><span style=\"color: #0000ff;\"><em><strong>bitte gleiche jetzt in und bei<\/strong><\/em><\/span><\/p>\n<p><span style=\"color: #0000ff;\"><em><strong>MIR<\/strong>\u00a0<\/em><\/span><\/p>\n<p><span style=\"color: #0000ff;\"><em><strong>die Energien aus und <\/strong><\/em><\/span><\/p>\n<p><span style=\"color: #0000ff;\"><em><strong>f\u00fchre sie in Harmonie.<\/strong><\/em><\/span><\/p>\n<p><span style=\"color: #0000ff;\"><em><strong>Danke!\u201c<\/strong><\/em><\/span><\/p>\n<p><span style=\"color: #ff0000;\"><strong>\u00a0 UND<\/strong><\/span><\/p>\n<p><em><span style=\"color: #0000ff;\"><strong>\u201eLieber Gro\u00dfe Mutter,<\/strong><\/span><\/em><\/p>\n<p><em><span style=\"color: #0000ff;\"><strong>bitte gib MIR<\/strong><\/span><\/em><\/p>\n<p><em><span style=\"color: #0000ff;\"><strong>\u00a0jetzt Heilung.<\/strong><\/span><\/em><\/p>\n<p><em><span style=\"color: #0000ff;\"><strong>Danke!\u201c<\/strong><\/span><\/em><\/p>\n<h3><span style=\"color: #0000ff;\"><strong>Das Heil-Gebet nach <em>Edwin Blaschke<\/em><\/strong><\/span><\/h3>\n<p><span style=\"color: #0000ff;\"><strong>1. Zwei Seiten der Manifestation &#8211; ganz und m\u00f6glich<\/strong><\/span><\/p>\n<p>Die Manifestierung eines Zieles bzw. die Erf\u00fcllung eines Wunsches bedeutet zweierlei:<\/p>\n<p><strong>1) einerseits ist Manifestation eine Form von HEILUNG (Ganz-Werden, Energieauff\u00fcllung).<\/strong><\/p>\n<p>Jeder Mensch ist von Natur aus gesund, ganz (heil) und vollkommen. Krankheit entsteht nur, wenn wir aus dieser naturgegebenen Ganzheit herausfallen.<\/p>\n<p>Es mu\u00df gleichzeitig HEILUNG in allen Seins-Dimensionen und Lebens-Bereichen erfolgen.<\/p>\n<p><strong>2) andererseits ist Manifestation im heilen (ganzen, verbundenen) Seins-Zustand erst m\u00f6glich.<\/strong><\/p>\n<p>Der \u201ewunschlos Gl\u00fcckliche\u201c \u00a0ist heil, erlebt keinen Mangel, kein Bed\u00fcrfnis und Bedarf. In diesem Zustand der F\u00fclle und des Reichseins kann er leichter und direkter seine inneren Qualit\u00e4ten im \u00e4u\u00dferen Leben verwirklichen.<\/p>\n<p>Geschieht also diese Heilung, so werden alle Absichten und W\u00fcnsche verwirklicht, deren Erf\u00fcllung im \u201eBuch des Lebens\u201c f\u00fcr diesen Menschen vorgesehen sind.<\/p>\n<p>Das ist der <strong>Zustand des Supra-Leiters<\/strong>, Da gibt daf\u00fcr keine Blockierung, keinen Widerstand mehr.<\/p>\n<p><strong>SUPRA &#8211; LEITER<\/strong> = kein WIDERSTAND = <strong>ungehinderter ENERGIEFLUSS<\/strong><\/p>\n<p>(Nobelpreis 1987 f\u00fcr <em>Johannes Georg Bednorz<\/em>\u00a0und Kollege\u00a0<em>Karl Alexander M\u00fcller<\/em>)\u00a0<strong>\u00a0<\/strong><\/p>\n<p><span style=\"color: #0000ff;\"><strong>2. Ein Gebet heilt alle Krankheiten <\/strong><\/span><\/p>\n<p>Genau das wird durch das Heil-Gebet von Edwin Blaschke bewirkt:<\/p>\n<p><strong><em>\u00a0\u201eLieber Gott (G\u00f6ttliche Energie), bitte gleiche jetzt in und bei <\/em>(\u201emir\u201c <\/strong>oder einen Namen einsetzen)<strong> <em>die Energien aus und f\u00fchre sie in Harmonie. Danke!\u201c<\/em><\/strong><\/p>\n<p>Dieses eine Gebet ist ausreichend, um gleichzeitig HEILUNG in allen K\u00f6rpern, Ebenen und Bereichen zu erlangen.<\/p>\n<p>Edwin Blaschke erhielt die Erkenntnisse auf radi\u00e4sthetischem Wege im Zusammenwirken mit geistigen Helfern beim &#8222;Arbeiten mit dem Spirituellen Lot&#8220;.<\/p>\n<p><span style=\"color: #0000ff;\"><strong>3. Alles in und bei uns ist Energie!\u00a0<\/strong><\/span><\/p>\n<p>Hier die Information und Anleitung von Edwin Blachke aus seinem Merkblatt<strong>\u00a0<\/strong><\/p>\n<p><em>Die\u00a0<strong>UR<\/strong>sache f\u00fcr ALLE Krankheiten und alles, was das Wohlbefinden eines Menschen st\u00f6rt, ist immer\u00a0<strong>die Unausgeglichenheit und die Disharmonie der Energien<\/strong>\u00a0in und bei unserem \u201eSystem Mensch\u201c. Dazu geh\u00f6ren:<\/em><\/p>\n<ul>\n<li><strong><em>Die K\u00f6rper<\/em><\/strong><em>(Physischer K\u00f6rper, \u00c4therk\u00f6rper, Astralk\u00f6rper, Mentalk\u00f6rper)<\/em><\/li>\n<li><strong><em>Die Ebenen<\/em><\/strong><em>(Bewusstsein, Unterbewusstsein)<\/em><\/li>\n<li><strong><em>Die Bereiche<\/em><\/strong><em>(Heilkraft, Finanzen, Erfolg, Schule, Beruf, Arbeitsplatz, Familie, Wohnort, Wohnung, Freundschaft, Partnerschaft, Gef\u00fchle, Sexualit\u00e4t, Denken, Sprechen, Handeln, Verhalten, Funktionen)<\/em><\/li>\n<li><strong><em>Das Energiefeld<\/em><\/strong><\/li>\n<li><strong><em>Das \u00dcberbewusstsein = Die G\u00f6ttliche Energie<\/em><\/strong><\/li>\n<\/ul>\n<p><em>Will ein kranker Mensch gesund werden und ein gesunder Mensch gesund bleiben, dann muss er daf\u00fcr sorgen, dass in und bei ihm die Energien (es sind viele Millionen) ausgeglichen sind und in Harmonie miteinander arbeiten. Gro\u00dfe Ansammlungen destruktiver Energien m\u00fcssen aufgel\u00f6st, entfernt werden. Das erreicht er nicht mit Tabletten oder Tropfen. Das geht nur mit Energie. Die gr\u00f6\u00dftm\u00f6gliche Energie, die ein Mensch in der Lage ist zu aktivieren, ist diejenige, die beim Sprechen eines Gebetes entsteht.<\/em><\/p>\n<p><em>Die beiden Gebete von Edwin Blachkee sind \u00fcber einen Zeitraum von mehreren Jahren entstanden. <\/em><\/p>\n<p><em>Im Laufe der letzten Jahre wurden in unsere beiden Gebete viele Erkenntnisse eingearbeitet, so dass sie jetzt in der Lage sind, mit ihren Energien alle \u201everborgenen\u201c, \u201emehrfach verborgenen\u201c und \u201ezeitschlossgesicherten\u201c \u00a0<\/em><\/p>\n<ul>\n<li><em>destruktive Energien,\u00a0<\/em><\/li>\n<li><em>manipulierende Energien,<\/em><\/li>\n<li><em>St\u00f6renergien,<\/em><\/li>\n<li><em>Energiequellen,<\/em><\/li>\n<li><em>Programme,<\/em><\/li>\n<li><em>Programmierungen,<\/em><\/li>\n<li><em>Giftstoffe,<\/em><\/li>\n<li><em>Krankheitserreger,<\/em><\/li>\n<li><em>Informationen dar\u00fcber<\/em><\/li>\n<\/ul>\n<p><em>sowie die Blockaden der Funktionen in K\u00f6rper, Bereichen und Energiefeld in unserem \u201eSystem Mensch\u201c aufzul\u00f6sen und aus ihm auszuleiten \u2013 und das ohne Beeintr\u00e4chtigung des Wohlbefindens. <\/em><\/p>\n<p>(Quelle: www.ernaehrung-gesundheit-wellness-plus.de)<\/p>\n<p><span style=\"color: #0000ff;\"><strong>4. Das Vorgehen beim Gebet<\/strong><\/span><\/p>\n<p><strong>1) Vorgegebene Formulierung der Gebete genau so nutzen<\/strong><\/p>\n<p><em>\u201eDie Formulierungen unserer beiden Gebete sind genau ausgelotet. Sie aktivieren genau die Energie, die erforderlich ist, um genau das zu erreichen, worum gebeten wird. Bitte die Formulierung unserer beiden Gebete NICHT \u00e4ndern, KEIN einziges Wort ver\u00e4ndern. Dann haben die Gebete nicht mehr die richtige Energie, sie helfen nicht. Unsere beiden Gebete sind optimal, sie k\u00f6nnen nicht mehr verbessert werden.\u201c<\/em><\/p>\n<p>(Quelle: Blaschke: <a href=\"http:\/\/www.ernaehrung-gesundheit-wellness-plus.de\">www.ernaehrung-gesundheit-wellness-plus.de<\/a>)<\/p>\n<p><strong>\u201eLieber Gott\u00a0<\/strong>(G\u00f6ttliche Energie)<strong>,<\/strong><\/p>\n<p><strong>bitte gleiche jetzt in und bei<\/strong><\/p>\n<p><strong>MIR<\/strong>\u00a0(oder einen Namen einsetzen)<\/p>\n<p><strong>die Energien aus und f\u00fchre sie in Harmonie.<\/strong><\/p>\n<p><strong>Danke!\u201c<\/strong><\/p>\n<p><strong>\u00a0\u00a0<\/strong><strong><u>und<\/u><\/strong><\/p>\n<p><strong>\u201eLieber Gott\u00a0<\/strong>(G\u00f6ttliche Energie)<strong>,<\/strong><\/p>\n<p><strong>bitte gib MIR\u00a0<\/strong>(oder einen Namen einsetzen)<\/p>\n<p><strong>\u00a0jetzt Heilung.<\/strong><\/p>\n<p><strong>Danke!\u201c<\/strong><\/p>\n<p><strong>2) Einfach nur t\u00e4glich die beiden Gebete 1x beten\u00a0<\/strong><\/p>\n<p>1x t\u00e4glich beten ist erforderlich aber auch ausreichend. Sind die Energien ausgeglichen und in Harmonie, ist das Ziel, das wir mit dem Gebet erreichen wollen, erreicht: BLOCKADEN werden abgebaut, die <strong>LEBENSENERGIE = HEILENERGIE<\/strong> flie\u00dft optimal und erreicht wieder 100 %.<\/p>\n<p><strong>3) GEDULD<\/strong>\u00a0<strong>haben. <\/strong><\/p>\n<p>Heilung bzw. Manifestierung im irdischen Leben braucht Zeit.<strong>\u00a0<\/strong><\/p>\n<p><span style=\"color: #0000ff;\"><strong>5. Das Turbo-Gebet zur Beschleunigung der Manifestierung <\/strong><\/span><\/p>\n<p>Dieses grundlegende Heil-Gebet kann f\u00fcr bestimmte Lebensbereiche sehr gezielt eingesetzt werden. Wir k\u00f6nnen dieses Gebet f\u00fcr alles benutzen, was unser Wohlbefinden st\u00f6rt &#8211; f\u00fcr die gr\u00f6\u00dftm\u00f6gliche wirksame Formulierung eines Wunsches und f\u00fcr die Erh\u00f6hung des Energiewertes im betreffenden Gebiet<\/p>\n<p>Das ist immer eine ZUS\u00c4TZLICHE Ma\u00dfnahme zu dem normalen t\u00e4glichen Beten unseres Gebetes. Mit diesem ZUS\u00c4TZLICHEN Beten schalten wir f\u00fcr den im Gebet angesprochenen Bereich eine Beschleunigung (den \u201eTurbo\u201c) ein. Wir geben f\u00fcr die Heilung dieses Bereiches einen zus\u00e4tzlichen kr\u00e4ftigen Impuls zur Unterst\u00fctzung und Beschleunigung der normal ablaufenden Heilung in diesem Bereich.<\/p>\n<p>Die Grundformulierung des Turbo-Gebetes ist dann<\/p>\n<p><strong><em>\u201eLieber Gott,<\/em><\/strong><\/p>\n<p><strong><em>bitte gleiche jetzt in und bei<\/em><\/strong><\/p>\n<p><strong><em>\u00a0<\/em><\/strong><\/p>\n<p><strong><em>(Begriff)__________________________<\/em><\/strong><\/p>\n<p><strong><em>\u00a0<\/em><\/strong><\/p>\n<p><strong><em>die Energien aus und f\u00fchre sie in Harmonie.<\/em><\/strong><\/p>\n<p><strong><em>Danke!\u201c<\/em><\/strong><\/p>\n<p>&nbsp;<\/p>\n<p><strong><u>Beispiel: Finanzen<\/u><\/strong><\/p>\n<p>&nbsp;<\/p>\n<p><strong><em>Lieber Gott <\/em><\/strong><em>(G\u00f6ttliche Energie).<br \/>\n<strong>Bitte gleiche jetzt in und bei <\/strong><\/em><\/p>\n<p><strong><em>meinen Finanzen <\/em><\/strong><\/p>\n<p><strong><em>die Energien aus und f\u00fchre sie in Harmonie.<br \/>\nDanke!<\/em><\/strong><\/p>\n<p>&nbsp;<\/p>\n<p>Oder:<\/p>\n<p><strong><em>Lieber Gott <\/em><\/strong><em>(G\u00f6ttliche Energie)<\/em><em>,<\/em><\/p>\n<p><strong><em>bitte gleiche jetzt in und bei<\/em><\/strong><\/p>\n<p><strong><em><u>meinem Konto<\/u><\/em><\/strong><\/p>\n<p><strong><em>die Energien aus und f\u00fchre sie in Harmonie.<\/em><\/strong><\/p>\n<p><strong><em>Danke!<\/em><\/strong><\/p>\n<p>Oder:<\/p>\n<p>&nbsp;<\/p>\n<p><strong><em>Lieber Gott <\/em><\/strong><em>(G\u00f6ttliche Energie)<\/em><em>,<\/em><\/p>\n<p><strong><em>bitte beschleunige jetzt<\/em><\/strong><\/p>\n<p><strong><em>meine finanzielle Unabh\u00e4ngigkeit<\/em><\/strong><\/p>\n<p><strong><em>und meine Karriere optimal.<\/em><\/strong><\/p>\n<p><strong><em>Danke!<\/em><\/strong><\/p>\n<p><strong>\u00a0<\/strong><\/p>\n<p><strong><u>Beispiel: Trinkwasser<\/u><\/strong><\/p>\n<p><strong><em>\u201eLieber Gott (G\u00f6ttliche Energie),<\/em><\/strong><\/p>\n<p><strong><em>bitte gleiche jetzt\u00a0in und bei <\/em><\/strong><\/p>\n<p><strong><em>diesem Wasser<\/em><\/strong><strong><em>\u00a0<\/em><\/strong><\/p>\n<p><strong><em>die Energien aus und f\u00fchre sie in Harmonie.<\/em><\/strong><\/p>\n<p><strong><em>Danke!\u201c<\/em><\/strong><\/p>\n<p><strong>\u00a0<\/strong><\/p>\n<p><strong><u>Beispiel: andere Menschen<\/u><\/strong><\/p>\n<p><strong><em>\u201eLieber Gott (G\u00f6ttliche Energie),<\/em><\/strong><\/p>\n<p><strong><em>bitte gleiche jetzt\u00a0in und bei <\/em><\/strong><\/p>\n<p><strong><em>allen anwesenden Menschen (allen Teilnehmern dieser Veranstaltung)<\/em><\/strong><\/p>\n<p><strong><em>die Energien aus und f\u00fchre sie in Harmonie.<\/em><\/strong><\/p>\n<p><strong><em>Danke!&#8220;<\/em><\/strong><\/p>\n<p><strong><em>urspr\u00fcngliche Quelle:\u00a0<\/em><\/strong><a href=\"http:\/\/www.ernaehrung-gesundheit-wellness-plus.de\">www.ernaehrung-gesundheit-wellness-plus.de<\/a><\/p>\n<p>&nbsp;<\/p>\n","protected":false},"excerpt":{"rendered":"<p>Beten, Gebet Beten ist Kommunizieren mit Gott bzw. Deinem h\u00f6heren g\u00f6ttlichen Selbst verschiedene (identische) Ansprachen der Adresse: Gott, Vater-Mutter Gott, G\u00f6ttliche Energie, die Gro\u00dfe Mutter &#8230; Exakte Formulierung des Gebets nach Erwin Blaschke: \u201eLiebe Gro\u00dfe Mutter, bitte gleiche jetzt in und bei MIR\u00a0 die Energien aus und f\u00fchre sie in Harmonie. Danke!\u201c \u00a0 UND \u201eLieber [&hellip;]<\/p>\n","protected":false},"author":1,"featured_media":0,"parent":1672,"menu_order":0,"comment_status":"closed","ping_status":"closed","template":"members-style1-nosidebar.php","meta":{"footnotes":"","_links_to":"","_links_to_target":""},"class_list":["post-2647","page","type-page","status-publish","hentry"],"_links":{"self":[{"href":"https:\/\/reich-sein.eu\/club\/wp-json\/wp\/v2\/pages\/2647","targetHints":{"allow":["GET"]}}],"collection":[{"href":"https:\/\/reich-sein.eu\/club\/wp-json\/wp\/v2\/pages"}],"about":[{"href":"https:\/\/reich-sein.eu\/club\/wp-json\/wp\/v2\/types\/page"}],"author":[{"embeddable":true,"href":"https:\/\/reich-sein.eu\/club\/wp-json\/wp\/v2\/users\/1"}],"replies":[{"embeddable":true,"href":"https:\/\/reich-sein.eu\/club\/wp-json\/wp\/v2\/comments?post=2647"}],"version-history":[{"count":4,"href":"https:\/\/reich-sein.eu\/club\/wp-json\/wp\/v2\/pages\/2647\/revisions"}],"predecessor-version":[{"id":2757,"href":"https:\/\/reich-sein.eu\/club\/wp-json\/wp\/v2\/pages\/2647\/revisions\/2757"}],"up":[{"embeddable":true,"href":"https:\/\/reich-sein.eu\/club\/wp-json\/wp\/v2\/pages\/1672"}],"wp:attachment":[{"href":"https:\/\/reich-sein.eu\/club\/wp-json\/wp\/v2\/media?parent=2647"}],"curies":[{"name":"wp","href":"https:\/\/api.w.org\/{rel}","templated":true}]}}