{"id":2649,"date":"2022-08-29T13:19:44","date_gmt":"2022-08-29T11:19:44","guid":{"rendered":"http:\/\/reich-sein.eu\/club\/?page_id=2649"},"modified":"2022-11-24T15:38:22","modified_gmt":"2022-11-24T13:38:22","slug":"meditieren","status":"publish","type":"page","link":"https:\/\/reich-sein.eu\/club\/seins-dimensionen\/informieren\/meditieren\/","title":{"rendered":"Meditieren"},"content":{"rendered":"<p>Meditieren ist Gott zuh\u00f6ren bzw. Deinem h\u00f6heren Selbst mit seiner inneren Stimme zuh\u00f6ren<\/p>\n","protected":false},"excerpt":{"rendered":"<p>Meditieren ist Gott zuh\u00f6ren bzw. Deinem h\u00f6heren Selbst mit seiner inneren Stimme zuh\u00f6ren<\/p>\n","protected":false},"author":1,"featured_media":0,"parent":1672,"menu_order":0,"comment_status":"closed","ping_status":"closed","template":"members-style1-nosidebar.php","meta":{"footnotes":"","_links_to":"","_links_to_target":""},"class_list":["post-2649","page","type-page","status-publish","hentry"],"_links":{"self":[{"href":"https:\/\/reich-sein.eu\/club\/wp-json\/wp\/v2\/pages\/2649","targetHints":{"allow":["GET"]}}],"collection":[{"href":"https:\/\/reich-sein.eu\/club\/wp-json\/wp\/v2\/pages"}],"about":[{"href":"https:\/\/reich-sein.eu\/club\/wp-json\/wp\/v2\/types\/page"}],"author":[{"embeddable":true,"href":"https:\/\/reich-sein.eu\/club\/wp-json\/wp\/v2\/users\/1"}],"replies":[{"embeddable":true,"href":"https:\/\/reich-sein.eu\/club\/wp-json\/wp\/v2\/comments?post=2649"}],"version-history":[{"count":1,"href":"https:\/\/reich-sein.eu\/club\/wp-json\/wp\/v2\/pages\/2649\/revisions"}],"predecessor-version":[{"id":2650,"href":"https:\/\/reich-sein.eu\/club\/wp-json\/wp\/v2\/pages\/2649\/revisions\/2650"}],"up":[{"embeddable":true,"href":"https:\/\/reich-sein.eu\/club\/wp-json\/wp\/v2\/pages\/1672"}],"wp:attachment":[{"href":"https:\/\/reich-sein.eu\/club\/wp-json\/wp\/v2\/media?parent=2649"}],"curies":[{"name":"wp","href":"https:\/\/api.w.org\/{rel}","templated":true}]}}