{"id":2734,"date":"2022-09-06T17:05:43","date_gmt":"2022-09-06T15:05:43","guid":{"rendered":"http:\/\/reich-sein.eu\/club\/?page_id=2734"},"modified":"2022-11-25T22:23:51","modified_gmt":"2022-11-25T20:23:51","slug":"zahlen","status":"publish","type":"page","link":"https:\/\/reich-sein.eu\/club\/ressourcen\/zahlen\/","title":{"rendered":"Zahlen"},"content":{"rendered":"<h3><span style=\"color: #0000ff;\"><strong>Gemantia<\/strong><\/span><\/h3>\n<p><span id=\"Zahlen_haben_nicht_nur_eine_mathematische_Bedeutung_sondern_transportieren_vielmehr_bestimmte_Ideen_und_Bedeutungen_Dadurch_ist_es_dem_Weisen_moeglich_mittels_Zahlen_komplexe_verborgene_Inhalte_zu_kommunizieren_Gematria_ist_eine_Teildisziplin_der_Kabbalah_die_oftmals_falsch_verstanden_und_lediglich_als_Numerologie_der_Wahrsagerei_missbraucht_wird\">Zahlen haben nicht nur eine mathematische Bedeutung, sondern transportieren vielmehr bestimmte Ideen und Bedeutungen. Dadurch ist es dem Weisen m\u00f6glich, mittels Zahlen komplexe verborgene Inhalte zu kommunizieren. Gematria ist eine Teildisziplin der Kabbalah, die oftmals falsch verstanden und lediglich als Numerologie der Wahrsagerei missbraucht wird.<\/span><\/p>\n<p><strong>Gematria<\/strong> \u2013 Die Zahlensymbolik steht in Zusammenhang mit der Zuweisung einer Bedeutung an Zahlen und Zahlenkombinationen. Die Zahlen 0 bis 9 stellen einen vollkommenen Zyklus dar. Dieser Zyklus beginnt mit 0 und endet mit 9, um dann auf einer h\u00f6heren Ebene wieder neu zu starten. Dies ist ein sich wiederholender Rhythmus. Jede Zahl \u00fcber der 9 kann mithilfe der theosophischen Reduktion durch Bilden der Quersumme letztlich auf diese 9 Grundzahlen reduziert werden. Jede Zahl hat eine bestimmte Bedeutung und transportiert somit eine einzigartige Information. Beispielsweise steht jede Ziffer f\u00fcr eine Sph\u00e4re (Sephirah) im Lebensbaum der Kabbalah. Im Lebensbaum gibt es 10 Sephiroth.<\/p>\n<p><strong>0 symbolisiert das Nichts<\/strong>, die undifferenzierte Kraft, die der Offenbarung vorausgeht. Sie versinnbildlicht auch das grenzenlose Licht und die grenzenlose Freiheit. Die Null ist die ewige und unendliche Quelle. Sie stellt die wurzellose Wurzel der Sch\u00f6pfung dar. Sie entspricht der heiligen Ellipse, der endlosen Linie der Ewigkeit, dem kosmischen Ei und dem \u00dcberbewusstsein.<\/p>\n<p><strong>Die Zahl 1 steht f\u00fcr den Anfang und Beginn<\/strong>. Sie ist die \u201eerste\u201c Zahl und somit der Ur-Wille, die Einheit und Einzigartigkeit. Gleicherma\u00dfen entspricht sie der Individualit\u00e4t und Konzentration. So ist sie auch das Selbstbewusstsein, das Definierte im Gegensatz zur undefinierten Quelle. In der Kabbalah gibt es einen Zusammenhang zur Krone des Lebensbaums.<\/p>\n<p><strong>Die Zahl 2 ist die Verdopplung, also die Wiederholung<\/strong>. Sie steht auch f\u00fcr die Wissenschaft. Gleichzeitig stellt sie Opposition und Polarit\u00e4t dar. Demnach weist sie einen Zusammenhang zur Unterteilung, Zweitrangigkeit, Unterordnung und Abh\u00e4ngigkeit auf. Sie entspricht dem Unterbewusstsein. In der Kabbalah gibt es einen Bezug zur Sephirah der Weisheit.<\/p>\n<p>In der Gematria symbolisiert <strong>die Zahl 3 Vervielf\u00e4ltigung, Wachstum, Erweiterung und Ausdehnung, sowie Produktivit\u00e4t und Fruchtbarkeit.<\/strong> Sie (Zahl 3) ist die Antwort der unterbewussten Aktivit\u00e4t (Zahl 2) auf den selbstbewussten Impuls (Zahl 1). Geistige Bilder, die vom Selbstbewusstsein wie Samen ins Unterbewusstsein ges\u00e4t werden, vermehren und vervielf\u00e4ltigen sich dort und bringen dem befruchteten Unterbewusstsein in Aktivit\u00e4t. In der Kabbalah findet sich ein Bezug zur Sephirah des Verstehens.<\/p>\n<p><strong>Die Zahl 4 steht in der Gematria in Zusammenhang zur Ordnung, Kontrolle und Autorit\u00e4t<\/strong>. Ebenso finden sich hier Aspekte des Befehls und der Dominanz. Diese Zahl weist auf eine klassifizierende Autorit\u00e4t des Selbstbewusstseins hin, n\u00e4mlich dem Verstand. Diese Ordnung wird durch die Vermittlung einer absoluten abstrakten Gesetzm\u00e4\u00dfigkeit entwickelt. In der Kabbalah entspricht sie der Sephirah der Barmherzigkeit.<\/p>\n<p><strong>Die Zahl 5 symbolisiert die Idee der Vermittlung, denn sie steht in der Mitte der Zahlenreihe von 1 bis 9.<\/strong> Sie ist die Zahl des Menschen, der zwischen Himmel und Erde vermittelt und entspricht Hermes, dem G\u00f6tterboten. Daher hat sie auch die Bedeutung Vers\u00f6hnung, Anpassung und Einmischung. Sie weist auch auf die 5 Sinne hin. In der Kabbalah wird diese Zahl der Sephirah der Gerechtigkeit zugewiesen, was auf die korrekte Anwendung des Gesetzes hinweist.<\/p>\n<p><strong>Die Zahl 6 ist die Zahl der Wechselwirkung, des Austauschs, der Entsprechung und der Erwiderung<\/strong>. So steht sie f\u00fcr Harmonie und Einklang, f\u00fcr Zusammenarbeit und \u00dcbereinstimmung. In der Kabbalah symbolisiert sie ebenso Ausgleich und Symmetrie. Im Lebensbaum der Kabbalah wird dieser Zahl die Sephirah der Sch\u00f6nheit zugeordnet. In der Kabbalah wird sie der Sephirah des Triumphs zugewiesen.<\/p>\n<p><strong>Die Zahl 7 steht f\u00fcr Gleichgewicht<\/strong>. Sie ist das Ergebnis der exakten Anwendung der Gesetzm\u00e4\u00dfigkeit von Symmetrie und Wechselwirkung. Sie verk\u00f6rpert Meisterschaft und Gelassenheit sowie Sicherheit und Gewissheit, Ruhe, Eroberung und Sieg. Sie ist die Zahl der Bibel, eine heilige Zahl. Es gibt 7 antike Planeten in der Astrologie, 7 Metalle in der Alchemie, 7 Wochentage, 7 Energiezentren (Chakras). Von der 7 wird gesagt wird, dass es jene Zahl sei, die der Sch\u00f6pfer am meisten liebt. In der Kabbalah wird sie der Sephirah des Triumphs zugewiesen.<\/p>\n<p><strong>Die Zahl 8 entspricht dem Rhythmus, der Periodizit\u00e4t und Abwechslung, wie Ebbe und Flut, Involution und Evolution.<\/strong> Sie weist auf Vibration hin, was bereits ihr Linienverlauf ausdr\u00fcckt. In der Mathematik ist die horizontale 8 das Zeichen der Unendlichkeit. In der Gnosis ist sie die Zahl von Christus. In der Kabbalah wird ihr die Sephirah des Ruhms zugeordnet.<\/p>\n<p><strong>Die Zahl 9 ist die Vollendung von einem Zyklus und beschreibt daher Ideen wie Abschluss, Ende und Erf\u00fcllung<\/strong>. Sie stellt das Endergebnis der vorangegangenen Zahlen dar. In der Mystik weist sie auf die Vervollkommnung und Adeptschaft hin. Es gibt 3 Triaden mit jeweils 3 Sph\u00e4ren im Lebensbaum der Kabbalah. Auch entspricht sie der kabbalistischen Sephirah des Fundaments.<\/p>\n<p><strong>Die Zahl 10 weist auf die Verbindung der Ziffern 1 und 0 hin, also dem Selbstbewusstsein (1) und dem \u00dcberbewusstsein (0)<\/strong>. Sie stellt auch eine Wiederholung der 1 auf einer h\u00f6heren Ebene dar. Sie steht somit f\u00fcr die Vollendung der Herrschaft und wird von den Kabbalisten als das K\u00f6nigreich bezeichnet.<\/p>\n<p>Mystischen Zahlen k\u00f6nnen auch in den 22 hebr\u00e4ischen Buchstaben gefunden werden. Diese sind n\u00e4mlich nicht nur blo\u00dfe Buchstaben, sondern auch Zahlen. Jeder Buchstabe hat einen bestimmten Zahlenwert. Auf diese Weise k\u00f6nnen nun auch mithilfe von Worten okkulte Ideen und Bedeutungen hinter den Worten vermittelt werden. Anhand der einzelnen Buchstaben lassen sich die betreffenden Zahlenwerte des jeweiligen Wortes ermitteln.<\/p>\n<p>V\u00f6llig verschiedene Worte, die vordergr\u00fcndig eine v\u00f6llig unterschiedliche Bedeutung aufweisen, k\u00f6nnen dennoch in der Gematria denselben Zahlenwert haben, was dann auf eine okkulte Beziehung oder Analogie hinweist. Die Bibel ist gef\u00fcllt mit derartigen Hinweisen.<\/p>\n<p>Der hebr\u00e4ische Begriff NECHASCH (NChSh) hei\u00dft \u00fcbersetzt \u201eSchlange\u201c und hat den Zahlenwert 358.<\/p>\n<p>N (50)<br \/>\nCh (8)<br \/>\nSh (300)<\/p>\n<p>Gleichzeitig hat der hebr\u00e4ische Begriff MESCHIACH (MShYCH), das Erl\u00f6ser (Messias) bedeutet, ebenso den Zahlenwert 358.<\/p>\n<p>M (40)<br \/>\nSh (300)<br \/>\nY (10)<br \/>\nCh (8)<\/p>\n<p>In diesem Beispiel wird die verborgene Zahlensymbolik zwischen der Schlange der Versuchung und dem Erl\u00f6ser (Messias) sichtbar. Die Schlangenkraft ist sowohl f\u00fcr den Fall aus dem Garten Eden mitverantwortlich aber auch f\u00fcr die R\u00fcckkehr ins verlorene Paradies. Deshalb finden sich in gnostischen Abbildungen parallelen zwischen Jesus und der Schlange. So gibt es Darstellungen mit einer gekreuzigten Schlange.<\/p>\n<p class=\"result-title\" title=\"Gematria \u2013 Die Numerologie und Zahlensymbolik \ud83d\udd38 - Hermetik Akademie\"><a href=\"https:\/\/www.hermetik-akademie.com\/gematria-das-geheimnis-der-numerologie-und-der-zahlensymbolik\/\" target=\"_self\" rel=\"noopener\">(Gematria \u2013 Die Numerologie und Zahlensymbolik )<\/a><\/p>\n<p>Nachschlagewerk f\u00fcr Wahrheit<\/p>\n<p><a href=\"https:\/\/www.gematriacalculator.us\/\"><strong>https:\/\/www.gematriacalculator.us\/<\/strong><\/a><\/p>\n<p><em><strong>Die Deutsche Sprache ist gef\u00e4hrlich, da sie sehr\u00a0<\/strong><strong>pr\u00e4zise ist.<\/strong><\/em><\/p>\n<p>Value In Gematria Calculator<\/p>\n<p><a href=\"https:\/\/www.gematrix.org\">https:\/\/www.gematrix.org<\/a><\/p>\n<p>Aufl\u00f6sung der Dualit\u00e4t, des dunklen Pols, in die Singularit\u00e4t, des Lichts, der Macht, Pr\u00e4senz und Wirken Gottes<\/p>\n<p><a href=\"https:\/\/gematriacalculator.org\">https:\/\/gematriacalculator.org<\/a><\/p>\n<p class=\"title\"><strong>Gematria Calculator &#8211; Gematria Decoder:\u00a0<a href=\"https:\/\/charactercalculator.com\/gematria-calculator\/\">https:\/\/charactercalculator.com\/gematria-calculator\/<\/a><\/strong><\/p>\n","protected":false},"excerpt":{"rendered":"<p>Gemantia Zahlen haben nicht nur eine mathematische Bedeutung, sondern transportieren vielmehr bestimmte Ideen und Bedeutungen. Dadurch ist es dem Weisen m\u00f6glich, mittels Zahlen komplexe verborgene Inhalte zu kommunizieren. Gematria ist eine Teildisziplin der Kabbalah, die oftmals falsch verstanden und lediglich als Numerologie der Wahrsagerei missbraucht wird. Gematria \u2013 Die Zahlensymbolik steht in Zusammenhang mit der [&hellip;]<\/p>\n","protected":false},"author":1,"featured_media":0,"parent":368,"menu_order":0,"comment_status":"closed","ping_status":"closed","template":"members-style1-nosidebar.php","meta":{"footnotes":"","_links_to":"","_links_to_target":""},"class_list":["post-2734","page","type-page","status-publish","hentry"],"_links":{"self":[{"href":"https:\/\/reich-sein.eu\/club\/wp-json\/wp\/v2\/pages\/2734","targetHints":{"allow":["GET"]}}],"collection":[{"href":"https:\/\/reich-sein.eu\/club\/wp-json\/wp\/v2\/pages"}],"about":[{"href":"https:\/\/reich-sein.eu\/club\/wp-json\/wp\/v2\/types\/page"}],"author":[{"embeddable":true,"href":"https:\/\/reich-sein.eu\/club\/wp-json\/wp\/v2\/users\/1"}],"replies":[{"embeddable":true,"href":"https:\/\/reich-sein.eu\/club\/wp-json\/wp\/v2\/comments?post=2734"}],"version-history":[{"count":15,"href":"https:\/\/reich-sein.eu\/club\/wp-json\/wp\/v2\/pages\/2734\/revisions"}],"predecessor-version":[{"id":2750,"href":"https:\/\/reich-sein.eu\/club\/wp-json\/wp\/v2\/pages\/2734\/revisions\/2750"}],"up":[{"embeddable":true,"href":"https:\/\/reich-sein.eu\/club\/wp-json\/wp\/v2\/pages\/368"}],"wp:attachment":[{"href":"https:\/\/reich-sein.eu\/club\/wp-json\/wp\/v2\/media?parent=2734"}],"curies":[{"name":"wp","href":"https:\/\/api.w.org\/{rel}","templated":true}]}}