{"id":2752,"date":"2022-09-07T09:29:23","date_gmt":"2022-09-07T07:29:23","guid":{"rendered":"http:\/\/reich-sein.eu\/club\/?page_id=2752"},"modified":"2022-11-24T15:37:38","modified_gmt":"2022-11-24T13:37:38","slug":"traeumen","status":"publish","type":"page","link":"https:\/\/reich-sein.eu\/club\/seins-dimensionen\/informieren\/traeumen\/","title":{"rendered":"Tr\u00e4umen"},"content":{"rendered":"<h2><span style=\"color: #0000ff;\"><strong>Tr\u00e4umen und Tr\u00e4ume<\/strong><\/span><\/h2>\n<p><b>Den<\/b>\u00a0<b>Seinen<\/b>\u00a0<b>gibts<\/b>\u00a0<b>der<\/b>\u00a0<b>Herr<\/b>\u00a0<b>im<\/b>\u00a0<b>Schlaf. <\/b>(Bibel<b>,\u00a0<\/b>Psalm 127)<\/p>\n<p><em>Tr\u00e4ume gro\u00dfe Tr\u00e4ume und wie du tr\u00e4umst, so sollst du werden.<\/em><br \/>\n(James Allen, Autor von &#8222;Wie der Mensch denkt, so lebt er&#8220;)<\/p>\n<p><strong>Wach-Tr\u00e4ume (Klartr\u00e4ume)<\/strong><\/p>\n","protected":false},"excerpt":{"rendered":"<p>Tr\u00e4umen und Tr\u00e4ume Den\u00a0Seinen\u00a0gibts\u00a0der\u00a0Herr\u00a0im\u00a0Schlaf. (Bibel,\u00a0Psalm 127) Tr\u00e4ume gro\u00dfe Tr\u00e4ume und wie du tr\u00e4umst, so sollst du werden. (James Allen, Autor von &#8222;Wie der Mensch denkt, so lebt er&#8220;) Wach-Tr\u00e4ume (Klartr\u00e4ume)<\/p>\n","protected":false},"author":1,"featured_media":0,"parent":1672,"menu_order":0,"comment_status":"closed","ping_status":"closed","template":"members-style1-nosidebar.php","meta":{"footnotes":"","_links_to":"","_links_to_target":""},"class_list":["post-2752","page","type-page","status-publish","hentry"],"_links":{"self":[{"href":"https:\/\/reich-sein.eu\/club\/wp-json\/wp\/v2\/pages\/2752","targetHints":{"allow":["GET"]}}],"collection":[{"href":"https:\/\/reich-sein.eu\/club\/wp-json\/wp\/v2\/pages"}],"about":[{"href":"https:\/\/reich-sein.eu\/club\/wp-json\/wp\/v2\/types\/page"}],"author":[{"embeddable":true,"href":"https:\/\/reich-sein.eu\/club\/wp-json\/wp\/v2\/users\/1"}],"replies":[{"embeddable":true,"href":"https:\/\/reich-sein.eu\/club\/wp-json\/wp\/v2\/comments?post=2752"}],"version-history":[{"count":3,"href":"https:\/\/reich-sein.eu\/club\/wp-json\/wp\/v2\/pages\/2752\/revisions"}],"predecessor-version":[{"id":2853,"href":"https:\/\/reich-sein.eu\/club\/wp-json\/wp\/v2\/pages\/2752\/revisions\/2853"}],"up":[{"embeddable":true,"href":"https:\/\/reich-sein.eu\/club\/wp-json\/wp\/v2\/pages\/1672"}],"wp:attachment":[{"href":"https:\/\/reich-sein.eu\/club\/wp-json\/wp\/v2\/media?parent=2752"}],"curies":[{"name":"wp","href":"https:\/\/api.w.org\/{rel}","templated":true}]}}