{"id":2806,"date":"2022-09-07T18:17:48","date_gmt":"2022-09-07T16:17:48","guid":{"rendered":"http:\/\/reich-sein.eu\/club\/?page_id=2806"},"modified":"2022-11-24T15:17:14","modified_gmt":"2022-11-24T13:17:14","slug":"subliminals","status":"publish","type":"page","link":"https:\/\/reich-sein.eu\/club\/mittel\/subliminals\/","title":{"rendered":"Subliminals"},"content":{"rendered":"<h2><span style=\"color: #0000ff;\"><strong>Subliminals\u00a0<\/strong><\/span><\/h2>\n<h3 class=\"elementor-heading-title elementor-size-default\"><span style=\"color: #0000ff;\"><strong>Erstelle Deine eigenen Subliminals<\/strong><\/span><\/h3>\n<p><a href=\"https:\/\/moderndaymanifestations.com\/create-your-own-subliminals\/\">https:\/\/moderndaymanifestations.com\/create-your-own-subliminals\/<\/a><\/p>\n<h3><span style=\"color: #0000ff;\"><strong>UNTERSCHWERLICHES AUDIO<\/strong><\/span><\/h3>\n<div><strong><span style=\"color: #0000ff;\">Innere Emotionen heilen<\/span><\/strong><\/div>\n<div>Nur, wenn wir nicht mehr von unseren Emotionen kontrolliert werden, k\u00f6nnen wir wirklich frei sein.\u00a0Wir sind nicht Opfer unserer Emotionen, sondern sie sind Boten, die uns wertvolle Informationen dar\u00fcber geben, was in uns vorgeht.\u00a0Wenn wir unsere Emotionen verstehen und annehmen, k\u00f6nnen wir sie nutzen, um uns zu mehr Frieden, Gl\u00fcck und Erf\u00fcllung im Leben zu f\u00fchren.<\/div>\n<div>Und dieses unterschwellige Audio f\u00fcr &#8222;Mending Inner Emotions&#8220; kann Dir helfen, Dich von den negativen Denk- und Verhaltensmustern zu befreien, die Dich bisher zur\u00fcckgehalten haben.<\/div>\n","protected":false},"excerpt":{"rendered":"<p>Subliminals\u00a0 Erstelle Deine eigenen Subliminals https:\/\/moderndaymanifestations.com\/create-your-own-subliminals\/ UNTERSCHWERLICHES AUDIO Innere Emotionen heilen Nur, wenn wir nicht mehr von unseren Emotionen kontrolliert werden, k\u00f6nnen wir wirklich frei sein.\u00a0Wir sind nicht Opfer unserer Emotionen, sondern sie sind Boten, die uns wertvolle Informationen dar\u00fcber geben, was in uns vorgeht.\u00a0Wenn wir unsere Emotionen verstehen und annehmen, k\u00f6nnen wir sie nutzen, [&hellip;]<\/p>\n","protected":false},"author":1,"featured_media":0,"parent":5069,"menu_order":0,"comment_status":"closed","ping_status":"closed","template":"members-style1-nosidebar.php","meta":{"footnotes":"","_links_to":"","_links_to_target":""},"class_list":["post-2806","page","type-page","status-publish","hentry"],"_links":{"self":[{"href":"https:\/\/reich-sein.eu\/club\/wp-json\/wp\/v2\/pages\/2806","targetHints":{"allow":["GET"]}}],"collection":[{"href":"https:\/\/reich-sein.eu\/club\/wp-json\/wp\/v2\/pages"}],"about":[{"href":"https:\/\/reich-sein.eu\/club\/wp-json\/wp\/v2\/types\/page"}],"author":[{"embeddable":true,"href":"https:\/\/reich-sein.eu\/club\/wp-json\/wp\/v2\/users\/1"}],"replies":[{"embeddable":true,"href":"https:\/\/reich-sein.eu\/club\/wp-json\/wp\/v2\/comments?post=2806"}],"version-history":[{"count":12,"href":"https:\/\/reich-sein.eu\/club\/wp-json\/wp\/v2\/pages\/2806\/revisions"}],"predecessor-version":[{"id":4709,"href":"https:\/\/reich-sein.eu\/club\/wp-json\/wp\/v2\/pages\/2806\/revisions\/4709"}],"up":[{"embeddable":true,"href":"https:\/\/reich-sein.eu\/club\/wp-json\/wp\/v2\/pages\/5069"}],"wp:attachment":[{"href":"https:\/\/reich-sein.eu\/club\/wp-json\/wp\/v2\/media?parent=2806"}],"curies":[{"name":"wp","href":"https:\/\/api.w.org\/{rel}","templated":true}]}}