{"id":2830,"date":"2022-09-08T19:58:55","date_gmt":"2022-09-08T17:58:55","guid":{"rendered":"http:\/\/reich-sein.eu\/club\/?page_id=2830"},"modified":"2022-11-24T15:37:53","modified_gmt":"2022-11-24T13:37:53","slug":"hoeren","status":"publish","type":"page","link":"https:\/\/reich-sein.eu\/club\/seins-dimensionen\/informieren\/hoeren\/","title":{"rendered":"H\u00f6ren"},"content":{"rendered":"<h2><span style=\"color: #0000ff;\"><strong>Mit dem Herzen h\u00f6ren<\/strong><\/span><\/h2>\n<p>Mit dem Herzen \u201czu h\u00f6ren\u201d bedeutet,<br \/>\nes gibt keine Missverst\u00e4ndnisse,<br \/>\nMissverst\u00e4ndnisse entstehen nur im Kopf.<br \/>\nMit dem Herzen h\u00f6rst du das nicht Gesagte, die wahre Botschaft.<\/p>\n<p>Mit dem Herzen \u201czu sehen\u201d bedeutet,<br \/>\nhinter die Kulissen und Masken der Menschen zu blicken<br \/>\nMit dem Herzen siehst du das G\u00f6ttliche in deinen Mitmenschen.<\/p>\n<p>Mit dem Herzen \u201czu f\u00fchlen\u201d bedeutet,<br \/>\nes gibt kein Ego mehr das Spiele spielt.<br \/>\nMit dem Herzen f\u00fchlst du nur Liebe.<\/p>\n<p>Mit dem Herzen \u201czu denken\u201d bedeutet,<br \/>\nimmer und in jedem Moment im Einklang mit dem Universum<br \/>\nund den g\u00f6ttlichen Gesetzen zu sein.<br \/>\nMit dem Herzen zu denken macht unser Leben einfach.<\/p>\n<p>Wenn dein H\u00f6ren, Sehen, F\u00fchlen und Denken auf der Herzens Ebene verankert ist,<br \/>\nwirst du von dort auch agieren, antworten, Bezug nehmen \u2026<br \/>\nAuf der Herzens Ebene anderen Menschen zu begegnen, bedeutet auch, dass es kein Werten, kein Urteilen, kein Verurteilen gibt.<\/p>\n<p>Auf der Herzens Ebene leben wir unser g\u00f6ttliches Potential, hier ist alles gut.<br \/>\nHier erlebst du die Realit\u00e4t der allumfassenden g\u00f6ttlichen Liebe.<br \/>\nErlaube einfach, dass diese Reine Liebe von dir aus zu jedem Menschen flie\u00dfen darf.<br \/>\nDenn der gr\u00f6\u00dfte Hunger der Menschen ist der nach Liebe!<\/p>\n<p>Text: Ursula Wagner<\/p>\n","protected":false},"excerpt":{"rendered":"<p>Mit dem Herzen h\u00f6ren Mit dem Herzen \u201czu h\u00f6ren\u201d bedeutet, es gibt keine Missverst\u00e4ndnisse, Missverst\u00e4ndnisse entstehen nur im Kopf. Mit dem Herzen h\u00f6rst du das nicht Gesagte, die wahre Botschaft. Mit dem Herzen \u201czu sehen\u201d bedeutet, hinter die Kulissen und Masken der Menschen zu blicken Mit dem Herzen siehst du das G\u00f6ttliche in deinen Mitmenschen. [&hellip;]<\/p>\n","protected":false},"author":1,"featured_media":0,"parent":1672,"menu_order":0,"comment_status":"closed","ping_status":"closed","template":"members-style1-nosidebar.php","meta":{"footnotes":"","_links_to":"","_links_to_target":""},"class_list":["post-2830","page","type-page","status-publish","hentry"],"_links":{"self":[{"href":"https:\/\/reich-sein.eu\/club\/wp-json\/wp\/v2\/pages\/2830","targetHints":{"allow":["GET"]}}],"collection":[{"href":"https:\/\/reich-sein.eu\/club\/wp-json\/wp\/v2\/pages"}],"about":[{"href":"https:\/\/reich-sein.eu\/club\/wp-json\/wp\/v2\/types\/page"}],"author":[{"embeddable":true,"href":"https:\/\/reich-sein.eu\/club\/wp-json\/wp\/v2\/users\/1"}],"replies":[{"embeddable":true,"href":"https:\/\/reich-sein.eu\/club\/wp-json\/wp\/v2\/comments?post=2830"}],"version-history":[{"count":1,"href":"https:\/\/reich-sein.eu\/club\/wp-json\/wp\/v2\/pages\/2830\/revisions"}],"predecessor-version":[{"id":2831,"href":"https:\/\/reich-sein.eu\/club\/wp-json\/wp\/v2\/pages\/2830\/revisions\/2831"}],"up":[{"embeddable":true,"href":"https:\/\/reich-sein.eu\/club\/wp-json\/wp\/v2\/pages\/1672"}],"wp:attachment":[{"href":"https:\/\/reich-sein.eu\/club\/wp-json\/wp\/v2\/media?parent=2830"}],"curies":[{"name":"wp","href":"https:\/\/api.w.org\/{rel}","templated":true}]}}