{"id":2952,"date":"2022-09-11T16:52:33","date_gmt":"2022-09-11T14:52:33","guid":{"rendered":"http:\/\/reich-sein.eu\/club\/?page_id=2952"},"modified":"2022-11-24T15:41:34","modified_gmt":"2022-11-24T13:41:34","slug":"energetisieren","status":"publish","type":"page","link":"https:\/\/reich-sein.eu\/club\/seins-dimensionen\/energie\/energetisieren\/","title":{"rendered":"Energetisieren"},"content":{"rendered":"<h2><span style=\"color: #0000ff;\"><strong>Energetisieren bzw. mehr Energie bereitstellen<\/strong><\/span><\/h2>\n<p>Vor allem Ver\u00e4nderungen des Gesamtsystems brauchen (zeitweilig) mehr Energie f\u00fcr die Sch\u00f6pfung des Neuen.<\/p>\n<p>Daf\u00fcr k\u00f6nnen zus\u00e4tzliche Energiequellen genutzt werden.<\/p>\n<p><strong>1 G\u00f6ttliche Quelle<\/strong><\/p>\n<p><strong>2 geistige Helfer (Erzengel, Plejadier u.a.)<\/strong><\/p>\n<p><strong>3 Energiesymbole<\/strong><\/p>\n<p><strong>4 Selbst (Aktivierung von Lichtk\u00f6rper, Chakren und Aura, Zirbeldr\u00fcse, Herz)<\/strong><\/p>\n<p><strong>5 Andere Menschen: Meister oder Menschen-Gruppen<\/strong><\/p>\n<p><strong>6 Tiere (Krafttiere)<\/strong><\/p>\n<p><strong>7 Pflanzen (Heilpflanzen, lichtvolle Pflanzen, B\u00e4ume)<\/strong><\/p>\n<p><strong>8 Mineralien (Kraftsteine, Kristalle)<\/strong><\/p>\n<div class=\"et_pb_module et_pb_text et_pb_text_0 et_pb_text_align_center et_pb_bg_layout_light\">\n<div class=\"et_pb_text_inner\">\n<ul>\n<li><a href=\"https:\/\/www.disclosurenews.it\/cintamani-stone-ethic-metals\/\">Cintamani Steine (Ethische Metalle)<\/a><\/li>\n<\/ul>\n<\/div>\n<\/div>\n<div class=\"et_pb_module et_pb_text et_pb_text_1 et_pb_text_align_left et_pb_bg_layout_light\">\n<div class=\"et_pb_text_inner\">\n<p>Wir n\u00e4hern uns der Ankunft starker Energien von der galaktischen Zentralsonne, die sich mit dem planetaren Energiegitter verbinden werden, von dem die Cintamani-Steine \u200b\u200beine der Komponenten sind, der kapillare Teil.<\/p>\n<p>Einen Cintamani-Stein bei sich zu haben, h\u00e4lt die Verbindung mit diesem galaktischen Energiegitter st\u00e4ndig offen und ein Kupferjuwel ist f\u00fcr all dies ideal.<\/p>\n<\/div>\n<\/div>\n<p><strong>9 Mutter Erde<\/strong>\u00a0<strong>(Schumann-Resonanz)<\/strong><\/p>\n<p><strong>10 Kraftorte auf der Erde<\/strong><\/p>\n<p><strong>11 Energielinien auf der Erde (u.a. Jakobsweg)<\/strong><\/p>\n<p><strong>12 Rituale<\/strong><\/p>\n<p><strong>13 Musik<\/strong><\/p>\n<h2><span style=\"color: #0000ff;\"><strong>\u00dcbungen, die deine Energien ausgleichen und sie anheben.<\/strong><\/span><\/h2>\n<p>Du musst nicht alles aus eigener Kraft bewerkstelligen &#8211; es gibt zahlreiche M\u00f6glichkeiten, dir Hilfe und Unterst\u00fctzung zu holen!<\/p>\n<p><strong>Bewusstes Atmen<\/strong><br \/>\nBewusste Atmung ist die einfachste M\u00f6glichkeit, blockierte Energie in Bewegung zu bringen und loslassen zu k\u00f6nnen. Indem du dich auf deine Atmung konzentrierst, kommst du ins JETZT, in den gegenw\u00e4rtigen Augenblick und du entspannst gleichzeitig deinen Verstand.<\/p>\n<p><strong>Vertikales Atmen<\/strong><br \/>\nAtme von oben nach unten. Verbinde in Gedanken dein h\u00f6heres Selbst \u00fcber deinem Kopf mit dem Mittelpunkt der Erde. <strong>Atme immer wieder von oben nach unten und von unten nach oben.<\/strong> Du erdest dich durch die vertikale Atmung und verbindest gleichzeitig deine Seele mit deinem K\u00f6rper.<\/p>\n<p><strong>Horizontales Atmen<\/strong><br \/>\nAtme horizontal, indem du von vorne in deinen Herzraum einatmest und hinten in der Mitte deines R\u00fcckens ausatmest. Du kannst dir vorstellen, dass du <strong>von vorn frische Atemluft einatmest und nach hinten alles ausatmest<\/strong>, was du loslassen m\u00f6chtest. Auf diese Weise reinigst und kl\u00e4rst du deinen K\u00f6rper.<\/p>\n<p><strong>Transformation (Umwandlung)<\/strong><br \/>\nWenn du in Kontakt mit einem Thema bist, dass du in dir transformieren und erl\u00f6sen m\u00f6chtest, wende dich an Sankt Germain, den Meister der Transformation. Rufe ihn herbei und bitte ihn, dein Thema mit der <strong>&#8218;violetten Flamme der Transformation&#8216;<\/strong> sowie mit all seinen Aspekten, Zusammenh\u00e4ngen und karmischen Verkn\u00fcpfungen in Liebe zu transformieren und ins All zu entlassen. Vertraue darauf: Er ist bei dir und waltet seines Amtes!<\/p>\n<p><strong>Beschleunigung deines Aufstiegs<\/strong><br \/>\nSage zu dir selbst regelm\u00e4\u00dfig:<strong> &#8218;Ich richte mich darauf aus, meinen Aufstieg zu beschleunigen&#8216;!<\/strong> Und dann nimm alles wahr, was dir in den Sinn kommt und deiner Ausrichtung dient.<\/p>\n<p><strong>Hilfe bei Problemen und Herausforderungen<\/strong><br \/>\nDu kannst bei Problemen und in schwierigen Situationen die von deinem Herzen kommende Bitte aussprechen, dass neue L\u00f6sungen und neue Gestaltungsm\u00f6glichkeiten in deinem Bewusstsein erscheinen m\u00f6gen. Bitte &#8211; und dir wird gegeben!<\/p>\n<p><strong>Aus dem Herzen leben<\/strong><br \/>\nWenn du dich bewusst auf deinen Herzraum konzentrierst, kommst du automatisch in deine Mitte und findest dort Ruhe, Unabh\u00e4ngigkeit und Schutz. Willst du mehr aus der Kraft deines Herzens leben, sp\u00fcre regelm\u00e4\u00dfig in dein Herz hinein. Zudem kannst du z.B. um Unterst\u00fctzung der Aufgestiegenen Meisterin Lady Nada bitten. Sie hat zur Zeit von Jesus und in vielen, vielen weiteren Leben die energetische Reinigung und Schwingungsanhebung des menschlichen K\u00f6rpers erforscht. Sie unterst\u00fctzt dich auch bei der Erh\u00f6hung und Ausbalancierung deiner Chakren. Dein Herzchakra verbindet dich mit der Welt und mit dem Leben auf der Erde. Du findest allein aus der Kraft deines Herzens Frieden. Es gibt B\u00fccher und Channelings von Lady Nada &#8211; bei Interesse erkundige dich!<\/p>\n<p><strong>Die Liebe in dir erweitern<\/strong><br \/>\nWenn jetzt immer mehr Menschen die Schwingung ihres Herzchakras anheben, ver\u00e4ndert sich die Welt. Im Herzen flie\u00dft die Energie des gesamten Lichtk\u00f6rpers zusammen und ist dort komprimiert. Mit der folgenden \u00dcbung kannst du die Schwingung der allumfassenden Liebe in deinem Herzchakra ausdehnen: Begib dich mit deiner Aufmerksamkeit in dein Herzchakra. Im Herzen er\u00f6ffnest du den Raum der Liebe, indem du innerlich sagst:<strong> &#8218;Ich er\u00f6ffne den Raum der allumfassenden Liebe in mir und au\u00dferhalb von mir&#8216;.<\/strong> W\u00e4hrend du ruhig atmest, f\u00fchlst du, wie sich Liebe und Mitgef\u00fchl in deinem Herzraum ausbreiten. In einem zweiten Schritt kannst du, wenn du m\u00f6chtest, auch andere Menschen in den Raum der allumfassenden Liebe in deinem Herzen einladen. Du brauchst nichts weiter zu tun, als sie dort zu empfangen.<\/p>\n<p><strong>Dein Herzchakra ausgleichen und energetisieren<\/strong><br \/>\nMit der folgenden \u00dcbung energetisierst dein Herzchakra, indem du <strong>Energie in Form der liegenden Acht bewegst<\/strong>, dem Symbol f\u00fcr Unendlichkeit. Du verbindest auf diese Weise deine rechte und linke K\u00f6rperseite sowie deine obere und untere K\u00f6rperh\u00e4lfte. Auch werden auf diese Weise die Energien von Manie und Depression ausbalanciert. Insbesondere, wenn du schwierige Tage erlebst, kannst du dich immer wieder an die liegende Acht in deinem Herzen erinnern:<\/p>\n<p>Stelle dir vor, dass sich in der Mitte deiner Brust eine liegende Acht befindet. Dann zeichnest du die liegende Acht mit deinen inneren Augen und mit deiner Aufmerksamkeit nach. Du gehst mit deinem Bewusstsein immer der liegenden Acht in deinem Herzraum nach. Sp\u00fcre nach, was diese \u00dcbung in dir bewirkt!<\/p>\n<p><strong>Das g\u00f6ttliche Bewusstsein in dir st\u00e4rken<\/strong><br \/>\nIndem du sagst: &#8218;Ich bin ein Teil Gottes!&#8216; verbindest du dich mit dem universellen, g\u00f6ttlichen Bewusstsein.<\/p>\n<p><strong>Deine Tatkraft st\u00e4rken<\/strong><br \/>\nWenn es dir gerade an Umsetzungskraft fehlt, um bestimmte Dinge anzugehen, setze dich vor ein Feuer. Beispielsweise einem Kamin- oder Lagerfeuer oder vor die Flamme einer Kerze. Und dann nimm die Kraft und Leidenschaft des Feuers in dich auf. Das Feuer ist das h\u00f6chste der vier Elemente, es ist die eigentliche T\u00e4tigkeit des Geistes. Auf Gedanken folgen Taten. Das Feuer symbolisiert die Energie, die bei der Umsetzung des m\u00e4nnlichen Pols freigegeben wird.<\/p>\n<p><strong>Deinen Gef\u00fchlen Raum geben<\/strong><br \/>\nDas Wasser steht f\u00fcr die Gef\u00fchle. Es entspringt der weiblichen Quelle, dem weiblichen Pol. Wenn du deinen Gef\u00fchlen mehr Raum geben m\u00f6chtest, nimm Kontakt mit dem Element Wasser auf. Beispielsweise, indem du ein entspannendes Bad nimmst. Besonders gut wirkt hier k\u00f6rperwarmes Salzwasser, in dem du dich sanft tragen l\u00e4sst. Auch eine besinnliche Fahrt auf dem Wasser, bei der du das sanfte Schaukeln, das Pl\u00e4tschern und das Wesen des Wassers bewusst in dich aufnimmst, wird dich mit deinen Gef\u00fchlen intensiver verbinden. Gleiches gilt, wenn du eine Zeit lang ganz bewusst flie\u00dfendes Wasser in Form eines Bachs oder Fluss beobachtest.<\/p>\n<p><strong>Mentaler Stress<\/strong><br \/>\nWenn du mental sehr gestresst bist, kann es dir guttun, Wasser \u00fcber deinen Kopf laufen zu lassen.<\/p>\n<p><strong>Deine Stimmung verbessern<\/strong><br \/>\nWenn du dich in die Sonne oder ans offene Feuer setzt, tankst du dich auf und hebst deine Stimmung an. Auch das Licht der Sterne schenkt deiner Seele Heilung und Frieden. Wenn du barfu\u00df \u00fcber die Erde l\u00e4ufst, heilst du deine F\u00fc\u00dfe und kann dich energetisch auftanken.<\/p>\n<p><strong>Verdr\u00e4ngtes in dir entlassen<\/strong><br \/>\nWenn du den Mond anschaust, \u00f6ffnet sich dein Unbewusstsein und du kannst Verdr\u00e4ngtes entlassen.<\/p>\n<p><strong>Erf\u00fcllt und gl\u00fccklich leben<\/strong><br \/>\nImmer wieder auf Neue kannst du zustimmen, im Leben gl\u00fccklich zu sein und deine Ziele in Leichtigkeit zu erreichen. Es ist eine Entscheidung, die du triffst. Sage dir selbst laut: <strong>&#8218;Ich bin es wert, gl\u00fccklich, erf\u00fcllt und in Sicherheit zu leben&#8216;! <\/strong>Schaue, welche Gedanken und Gef\u00fchle dann in dir aufsteigen. Wenn in dir Widerst\u00e4nde oder Ablehnung bei diesem Satz sp\u00fcrst, kannst du daran erkennen, welche Aspekte in dir noch Aufmerksamkeit und Heilung ben\u00f6tigen. Ich empfehle, dich dann (ggf. nochmals) mit den in meinem Portal erl\u00e4uterten Themen <a href=\"https:\/\/www.spiritwissen.de\/selbstliebe\">Selbstliebe<\/a>, <a href=\"https:\/\/www.spiritwissen.de\/selbstwert\">Selbstwert<\/a> und <a href=\"https:\/\/www.spiritwissen.de\/freude\">Freude<\/a> zu besch\u00e4ftigen.<\/p>\n<p><strong>Der neutrale Raum, in dem sich alle Gegens\u00e4tze vereinigen.<\/strong><br \/>\nVon Zeit zu Zeit schwappt auch eine Welle des Hasses durch das kollektive Bewusstsein. Viele Menschen lassen sich von Gef\u00fchlen der Frustration, der Wut und des Hasses einnehmen und davontragen. Wenn dich diese Welle erreicht, kannst du dich den Raum &#8218;Soluna&#8216; begeben, um dich dort von den kollektiven Schwingungen auf der Erde zu erholen. Du betrittst dann einen vollkommen neutralen Raum, in dem sich alle Gegens\u00e4tze vereinigen. Dies ist ein Raum im Universum jenseits dieser Galaxie. Wenn du dich hierhin begibst, fallen die Energien, die in den erdnahen Bereichen wirken, von dir ab. Du gelangst ganz einfach Kraft deiner Gedanken dorthin: Entspanne dich und sage innerlich: <strong>&#8218;Ich er\u00f6ffne den Raum Soluna in mir und au\u00dferhalb von mir!&#8216;<\/strong>. Dann wirst du f\u00fchlen, wie Anspannung, Stress und alle Gef\u00fchle, die nicht deine eigenen sind, von dir abfallen.<\/p>\n<p><strong>Raum des Friedens<\/strong><br \/>\nWenn du aufh\u00f6rst zu k\u00e4mpfen, kannst du einen ganz neuen Fluss im Leben erfahren. Aufgeben beendet den Kampf. Im Moment der Kapitulation sagst du zu Gott, zum Universum oder zu dir selbst: Dein Wille geschehe. Das menschliche Ich gibt auf und der g\u00f6ttliche Plan kann sich vollziehen. In diesem Moment bricht dein Widerstand zusammen, Heilenergie wirklich anzunehmen. Wenn du Frieden f\u00fcr dich und andere manifestieren m\u00f6chtest, begebe dich am besten zuerst in den Raum Soluna (siehe oben) und gehe von dort in den Raum des Friedens. Entspanne dich und sage dir innerlich: <strong>&#8218;Ich er\u00f6ffne den Raum des Friedens in mir und au\u00dferhalb von mir&#8216;.<\/strong> Du befindest dich dann in einer neutralen Dimension der Ruhe und des Friedens.<\/p>\n<p><strong>Der Raum der Erhabenheit<\/strong><br \/>\nDu betrittst den Raum der Erhabenheit, indem du innerlich sagst: &#8218;Ich er\u00f6ffne den Raum der Erhabenheit in mir und au\u00dferhalb von mir.&#8216; Dann f\u00fchlt es sich so an, als wenn du einen hohen Berggipfel besteigst, dort Ruhe findest und die Turbulenzen der Welt vergisst. Du kannst die Welt von dieser Anh\u00f6he aus in neuem Licht sehen. Du siehst weiter, als es dir im Trubel der allt\u00e4glichen Gesch\u00e4fte gelingt. Du gewinnst neue Einsichten. Im Raum der Erhabenheit kannst du dich den existenziellen Themen des Menschseins, wie zum Beispiel Inkarnation, Tod oder dem Sinn des Lebens.<\/p>\n<p>Im Raum der Erhabenheit kannst du wie von einem hohen Berg aus auf dein Leben schauen und deinen Blick erweitern. Nimm alle Informationen, Bilder und Gef\u00fchle war, die du in diesem Raum empf\u00e4ngst. Verbinde dich mit dem alles regierenden Geist des Lebens. Er ist es, der das Drehbuch f\u00fcr dein Leben geschrieben hat. Frage ihn, was du dir f\u00fcr dieses Leben vorgenommen hast und warum du zu dieser Zeit auf die Erde gekommen bist.<\/p>\n<p>Du kannst in diesem Raum Einblick in eine allgemein menschliche Perspektive erhalten, die jenseits des \u00dcber-Ichs liegt. Kollektive Fesseln fallen hier von dir ab und du kannst der Essenz des menschlichen Lebens begegnen. Sie begegnet dir in einer f\u00fcr dich angemessenen Gestalt, vielleicht auch als Gef\u00fchl, k\u00f6rperliche Wahrnehmung, Bild oder Symbol. Du bekommst ein Gesp\u00fcr f\u00fcr die Essenz der menschlichen Existenz jenseits des Geschlechts, Religion oder der Kultur.<\/p>\n<p>Quelle:\u00a0\u00a0Sven@Spiritwissen.de<\/p>\n","protected":false},"excerpt":{"rendered":"<p>Energetisieren bzw. mehr Energie bereitstellen Vor allem Ver\u00e4nderungen des Gesamtsystems brauchen (zeitweilig) mehr Energie f\u00fcr die Sch\u00f6pfung des Neuen. Daf\u00fcr k\u00f6nnen zus\u00e4tzliche Energiequellen genutzt werden. 1 G\u00f6ttliche Quelle 2 geistige Helfer (Erzengel, Plejadier u.a.) 3 Energiesymbole 4 Selbst (Aktivierung von Lichtk\u00f6rper, Chakren und Aura, Zirbeldr\u00fcse, Herz) 5 Andere Menschen: Meister oder Menschen-Gruppen 6 Tiere (Krafttiere) [&hellip;]<\/p>\n","protected":false},"author":1,"featured_media":0,"parent":2729,"menu_order":0,"comment_status":"closed","ping_status":"closed","template":"members-style1-nosidebar.php","meta":{"footnotes":"","_links_to":"","_links_to_target":""},"class_list":["post-2952","page","type-page","status-publish","hentry"],"_links":{"self":[{"href":"https:\/\/reich-sein.eu\/club\/wp-json\/wp\/v2\/pages\/2952","targetHints":{"allow":["GET"]}}],"collection":[{"href":"https:\/\/reich-sein.eu\/club\/wp-json\/wp\/v2\/pages"}],"about":[{"href":"https:\/\/reich-sein.eu\/club\/wp-json\/wp\/v2\/types\/page"}],"author":[{"embeddable":true,"href":"https:\/\/reich-sein.eu\/club\/wp-json\/wp\/v2\/users\/1"}],"replies":[{"embeddable":true,"href":"https:\/\/reich-sein.eu\/club\/wp-json\/wp\/v2\/comments?post=2952"}],"version-history":[{"count":11,"href":"https:\/\/reich-sein.eu\/club\/wp-json\/wp\/v2\/pages\/2952\/revisions"}],"predecessor-version":[{"id":3049,"href":"https:\/\/reich-sein.eu\/club\/wp-json\/wp\/v2\/pages\/2952\/revisions\/3049"}],"up":[{"embeddable":true,"href":"https:\/\/reich-sein.eu\/club\/wp-json\/wp\/v2\/pages\/2729"}],"wp:attachment":[{"href":"https:\/\/reich-sein.eu\/club\/wp-json\/wp\/v2\/media?parent=2952"}],"curies":[{"name":"wp","href":"https:\/\/api.w.org\/{rel}","templated":true}]}}