{"id":2976,"date":"2022-09-11T17:39:49","date_gmt":"2022-09-11T15:39:49","guid":{"rendered":"http:\/\/reich-sein.eu\/club\/?page_id=2976"},"modified":"2022-11-24T12:22:49","modified_gmt":"2022-11-24T10:22:49","slug":"meditation-mitschoepfen","status":"publish","type":"page","link":"https:\/\/reich-sein.eu\/club\/home\/reichtums-manifestation\/meditation-mitschoepfen\/","title":{"rendered":"Meditation Mitsch\u00f6pfen"},"content":{"rendered":"<h2><span style=\"color: #0000ff;\"><strong>Basis-Meditation zum Mit-Sch\u00f6pfen des g\u00f6ttlichen Lebens<\/strong><\/span><\/h2>\n<p>Diese grundlegende Meditation ist 30 Tage lang durchzuf\u00fchren.<strong>\u00a0<\/strong><\/p>\n<h3><span style=\"color: #0000ff;\"><strong>Ablauf der Meditation:<\/strong><\/span><\/h3>\n<p><span style=\"color: #0000ff;\"><strong>1) K\u00f6rperliche ENTSPANNUNG<\/strong><\/span><\/p>\n<p>Ich sitze oder liege ruhig, entspannt und gel\u00f6st.<\/p>\n<p><span style=\"color: #0000ff;\"><strong>2) Fokussierung auf meine SEELE<\/strong><\/span><\/p>\n<p>Ich schlie\u00dfe meine Augen.<\/p>\n<p>Konzentration auf das 3. Auge (Stirnchakra)<\/p>\n<p>Konzentration auf das Scheitelchakra<\/p>\n<p>Ich fokussiere mich auf meine Seele.<\/p>\n<p><span style=\"color: #0000ff;\"><strong>3) Vorstellen von leuchtendem LICHT<\/strong><\/span><\/p>\n<p>Ich stelle mir herrlich leuchtendes Sonnen-Licht vor \u2013 in alle Ewigkeit und Unendlichkeit strahlend.<\/p>\n<p>Ich mische in das Licht die Farben Silber, Aquamarienblau und Violett hinein.<\/p>\n<p><span style=\"color: #0000ff;\"><strong>4) STILLE<\/strong><\/span><\/p>\n<p>Ich denke an Nichts.<\/p>\n<p>Auftauchende Gedanken beobachte ich passiv, lasse sie ziehen und kehre zur Stille zur\u00fcck<\/p>\n<p><span style=\"color: #0000ff;\"><strong>5) Atmen der Lebens-ENERGIE <\/strong><\/span><\/p>\n<p>Bei der Konzentration auf das Licht atme ich dieses Licht ein,\u00a0so dass ich das Licht bin.<\/p>\n<p>Ich ern\u00e4hre mich mit Licht.<\/p>\n<p>Ich atme durch die Nase <strong>Macht, universelle Liebe und Freiheit<\/strong> ein.<\/p>\n<p>Ich atme durch den Mund alles aus, <strong>was ich loslassen will<\/strong> (Angst, Wut, Krankheit, Mangel usw.)<\/p>\n<p><span style=\"color: #0000ff;\"><strong>6) Dank der inneren (h\u00f6heren) F\u00fchrung\u00a0<\/strong><\/span><\/p>\n<p><span style=\"color: #0000ff;\"><strong><em>\u201eIch, Gott, danke der Sch\u00f6pfung und meinem inneren Meisterlehrer,<\/em><\/strong><\/span><\/p>\n<p><span style=\"color: #0000ff;\"><strong><em>dass Ihr immer eng mit mir zusammenarbeitet und mir alle T\u00fcren in meinem Leben \u00f6ffnet.<\/em><\/strong><\/span><\/p>\n<p><span style=\"color: #0000ff;\"><strong><em>Und alles hat sich bereits im Leben realisiert,<\/em><\/strong><\/span><\/p>\n<p><span style=\"color: #0000ff;\"><strong><em>besser als ich es mir jemals vorgestellt habe.\u201c<\/em><\/strong><\/span><\/p>\n<p><span style=\"color: #0000ff;\"><strong>7) NEUVEREINBARUNG mit meiner Seele<\/strong><\/span><\/p>\n<p><span style=\"color: #0000ff;\"><strong><em>\u201eIch, Gott, danke der Sch\u00f6pfung, dass ich von jetzt an immer meine Lektionen im Leben auf die einfache Art lerne,<\/em><\/strong><\/span><\/p>\n<ul>\n<li><span style=\"color: #0000ff;\"><strong><em>durch Freude,<\/em><\/strong><\/span><\/li>\n<li><span style=\"color: #0000ff;\"><strong><em>durch Liebe geben und empfangen und<\/em><\/strong><\/span><\/li>\n<li><span style=\"color: #0000ff;\"><strong><em>durch all die wunderbaren Dinge im Leben.\u201c<\/em><\/strong><\/span><\/li>\n<\/ul>\n<p><span style=\"color: #0000ff;\"><strong>8) STILLE<\/strong><\/span><\/p>\n<p>Ich denke an Nichts.<\/p>\n<p>Auftauchende Gedanken beobachte ich passiv, lasse sie ziehen und kehre zur Stille zur\u00fcck.<\/p>\n<p><span style=\"color: #0000ff;\"><strong>9) TON mit g\u00f6ttlicher Frequenz singen<\/strong><\/span><\/p>\n<p><strong>HUM oder OM<\/strong><\/p>\n<p>(Anzahl nach Gef\u00fchl)<\/p>\n<p><span style=\"color: #0000ff;\"><strong>10) STILLE<\/strong><\/span><\/p>\n<p>Absicht der Stille:<\/p>\n<p>In der Stille erwarte ich meine Seelenkraft im h\u00f6chsten und reinsten Zentrum.<\/p>\n","protected":false},"excerpt":{"rendered":"<p>Basis-Meditation zum Mit-Sch\u00f6pfen des g\u00f6ttlichen Lebens Diese grundlegende Meditation ist 30 Tage lang durchzuf\u00fchren.\u00a0 Ablauf der Meditation: 1) K\u00f6rperliche ENTSPANNUNG Ich sitze oder liege ruhig, entspannt und gel\u00f6st. 2) Fokussierung auf meine SEELE Ich schlie\u00dfe meine Augen. Konzentration auf das 3. Auge (Stirnchakra) Konzentration auf das Scheitelchakra Ich fokussiere mich auf meine Seele. 3) Vorstellen [&hellip;]<\/p>\n","protected":false},"author":1,"featured_media":0,"parent":192,"menu_order":0,"comment_status":"closed","ping_status":"closed","template":"members-style1-nosidebar.php","meta":{"footnotes":"","_links_to":"","_links_to_target":""},"class_list":["post-2976","page","type-page","status-publish","hentry"],"_links":{"self":[{"href":"https:\/\/reich-sein.eu\/club\/wp-json\/wp\/v2\/pages\/2976","targetHints":{"allow":["GET"]}}],"collection":[{"href":"https:\/\/reich-sein.eu\/club\/wp-json\/wp\/v2\/pages"}],"about":[{"href":"https:\/\/reich-sein.eu\/club\/wp-json\/wp\/v2\/types\/page"}],"author":[{"embeddable":true,"href":"https:\/\/reich-sein.eu\/club\/wp-json\/wp\/v2\/users\/1"}],"replies":[{"embeddable":true,"href":"https:\/\/reich-sein.eu\/club\/wp-json\/wp\/v2\/comments?post=2976"}],"version-history":[{"count":4,"href":"https:\/\/reich-sein.eu\/club\/wp-json\/wp\/v2\/pages\/2976\/revisions"}],"predecessor-version":[{"id":2981,"href":"https:\/\/reich-sein.eu\/club\/wp-json\/wp\/v2\/pages\/2976\/revisions\/2981"}],"up":[{"embeddable":true,"href":"https:\/\/reich-sein.eu\/club\/wp-json\/wp\/v2\/pages\/192"}],"wp:attachment":[{"href":"https:\/\/reich-sein.eu\/club\/wp-json\/wp\/v2\/media?parent=2976"}],"curies":[{"name":"wp","href":"https:\/\/api.w.org\/{rel}","templated":true}]}}