{"id":2990,"date":"2022-09-11T19:03:02","date_gmt":"2022-09-11T17:03:02","guid":{"rendered":"http:\/\/reich-sein.eu\/club\/?page_id=2990"},"modified":"2022-11-24T15:43:25","modified_gmt":"2022-11-24T13:43:25","slug":"emotionen","status":"publish","type":"page","link":"https:\/\/reich-sein.eu\/club\/seins-dimensionen\/energie\/emotionen\/","title":{"rendered":"Emotionen"},"content":{"rendered":"<h2><span style=\"color: #0000ff;\"><strong>Emotionen <\/strong><\/span><\/h2>\n<p><span style=\"color: #0000ff;\"><strong>(= Energien zum Mobilisieren von Bewegung auf ein Ziel)<\/strong><\/span><\/p>\n<p>Einfl\u00fcsse auf Dein F\u00fclle-Bewu\u00dftsein durch das, was Du <strong>f\u00fchlst.<\/strong><\/p>\n<p>Welche Gef\u00fchle (Emotionen) sind das?<\/p>\n<p>Welche Gef\u00fchle verbinden sich mit Deinen Vorstellungen und Worten?<\/p>\n<h3><strong>Beachte:<\/strong><\/h3>\n<p>Mit den Gef\u00fchlen sind die elektromagnetischen Kr\u00e4fte zur Verwirklichung verbunden.<\/p>\n<p>Gef\u00fchle (Emotionen) aktivieren die not-wendige (Lebens-)Energie<\/p>\n<p>&#8211; zum Wahrnehmen und Erleben (passives Freuen, Genie\u00dfen, Verarbeiten oder Aktivieren von Handlungsenergien),<\/p>\n<p>&#8211; zur Ausrichtung (Zuwendung oder Abwendung)<\/p>\n<p>&#8211; zum K\u00e4mpfen (gegen Bedrohungen, f\u00fcr Ziele),<\/p>\n<p>&#8211; zur Verteidigung (Bewahren des Erreichten, Aufrechterhalten der Energien),<\/p>\n<p>&#8211; zum R\u00fcckzug (von Bedrohung und falschen Zielen),<\/p>\n<p>&#8211; zum Verarbeiten von Verlusten (Trauern)<\/p>\n<h3><strong>Grundgef\u00fchle<\/strong><\/h3>\n<p>(mit typischen EEG-Mustern der Hirnsteuerung verbunden)<\/p>\n<p><strong>(1) Intention (milit\u00e4risch Ziel)<\/strong><\/p>\n<p>Intentionale Gef\u00fchle sind Gef\u00fchle des erlebten \u201eHungers\u201c (einer Spannung, die zum Ausgleich f\u00fchren soll), zur Bewahrung, Verwirklichung, Eroberung, R\u00fcckzug.<\/p>\n<p><strong>(2) Angst (milit\u00e4risch Bedrohung)<\/strong><\/p>\n<p>Gef\u00fchl bei Wahrnehmung einer (tats\u00e4chlichen oder scheinbaren) Bedrohung.<\/p>\n<p><em>\u201eWir zittern nicht, weil wir Angst erleben, sondern wir erleben Angst, weil wir zittern.\u201c<\/em><\/p>\n<p><strong>(3) Wut (milit\u00e4risch Angriff)<\/strong><\/p>\n<p>&#8211; Aggression (Kampf- und Streitgef\u00fchl) und<\/p>\n<p>&#8211; Schmerz (Kr\u00e4nkungs- und Verletzungsgef\u00fchl)<\/p>\n<p><strong>(4) Trauer (milit\u00e4risch Verlust)<\/strong><\/p>\n<p>Verlustgef\u00fchl, die Reaktion auf den Verlust eines geliebten Objektes<\/p>\n<p><strong>(5) Freude (milit\u00e4risch Sieg)<\/strong><\/p>\n<p>Gef\u00fchl des Sieges, des Erfolgs und Stolzes darauf, bei der Erreichung eines Zieles, ein Gef\u00fchl des Erf\u00fclltseins<\/p>\n<p>&#8211; Verwandte Gef\u00fchle: Vertrauen, solides Selbstwertgef\u00fchl, Gef\u00fchle von Ganzsein und Vollendung, als Mensch akzeptiert und geliebt zu werden. &#8211; Das Gen\u00fcssliche an Freude: Audr\u00fccke wie Behagen, Wonne, Vergn\u00fcgen, Exstase, Orgasmus<\/p>\n<p>&#8211; Freude ist ein Erf\u00fcllungsgef\u00fchl am Ende eines Handlungsablaufs.<\/p>\n<p>&#8211; An Freude schlie\u00dfen sich neue intentionale Gef\u00fchle an.<\/p>\n<p><strong>(6) Ekel (milit\u00e4risch Flucht)<\/strong><\/p>\n<p>Gef\u00fchl des Widerstrebens und Widerwillens und des Sich-Abwendens und Absto\u00dfens, des R\u00fcckzuges;<\/p>\n<p>Gef\u00fchl der Feindschaft, Ablehnung, Abneigung, Abscheu, des Hasses.<\/p>\n<p><strong>(7) \u00dcberraschung (milit\u00e4risch T\u00e4uschung)<\/strong><\/p>\n<p>Gef\u00fchl beim Eintritt einer unerwarteten Situation, dem pl\u00f6tzlich auftauchenden Neuen<\/p>\n<p>&#8211; mit positivem Aspekt (sch\u00f6nes Geschenk) oder<\/p>\n<p>&#8211; mit negativem Aspekt (z.B. K\u00fcndigung, Blitzkrieg)<\/p>\n<p>Sich reich f\u00fchlen, auch wenn man kein oder wenig Geld hat.<\/p>\n<p>Mit den Gef\u00fchlen sind die elektromagnetischen Kr\u00e4fte zur Verwirklichung verbunden.<\/p>\n<p>Aktiviere und sende (strahle aus) Energien von<\/p>\n<ul>\n<li><strong>LIEBE<\/strong> und Wohlwollen (ohne Bedingung);<\/li>\n<li><strong>FRIEDEN<\/strong> und Zufriedenheit mit dem, was ist;<\/li>\n<li><strong>WOHLBEFINDEN <\/strong>und Gesundheit (in allen Hinsichten);<\/li>\n<li><strong>REICHSEIN <\/strong>(im Inneren durch Deine Gaben) f\u00fcr WOHLSTAND (im Au\u00dfen);<\/li>\n<li><strong>FREUDE und Gl\u00fcck<\/strong><\/li>\n<\/ul>\n<h3><span style=\"color: #0000ff;\"><strong>Emotionale Stabilit\u00e4t<\/strong><\/span><\/h3>\n<p>https:\/\/t.me\/fufmedia\/50709<\/p>\n<p>Hier sind 8 Dinge, die ihr tun k\u00f6nnt, um euer Leben emotional stabiler zu machen. Emotionale Stabilit\u00e4t ist der Schl\u00fcssel, um sich zufrieden und erf\u00fcllt zu f\u00fchlen.<\/p>\n<p>1. Stellt keine Vermutungen an: Wenn ihr euch fragt, warum jemand etwas getan, oder nicht getan hat, fragt nach. Wir alle erfinden in unseren K\u00f6pfen Geschichten \u00fcber die Absichten anderer, die selten der Wahrheit entsprechen. Kommunikation ist der Schl\u00fcssel.<\/p>\n<p>2. Sprecht eure Bed\u00fcrfnisse und Erwartungen aus: So viele von uns erwarten, dass andere Menschen Gedanken lesen k\u00f6nnen. Niemand kann verstehen, was wir brauchen, wenn wir es ihm nicht offen sagen.<\/p>\n<p>3. Gew\u00f6hnt euch daran, Nein zu sagen: Sagt regelm\u00e4\u00dfig Nein zu Dingen, die euch Energie rauben, die euch uninspiriert machen, oder die euch von euren Priorit\u00e4ten ablenken. Alle erf\u00fcllten Menschen haben klare Grenzen.<\/p>\n<p>4. Findet eine M\u00f6glichkeit, etwas zur\u00fcckzugeben: Das kann bedeuten, dass ihr Zeit, Energie, eure F\u00e4higkeiten, oder finanzielle Unterst\u00fctzung anbietet. Etwas zur\u00fcckzugeben und einer Sache zu dienen, die gr\u00f6\u00dfer ist als man selbst, hilft, eine Verbindung zur Gemeinschaft herzustellen. Dieses Gef\u00fchl der Zugeh\u00f6rigkeit ist heilsam.<\/p>\n<p>5. Nehmt euch jede Woche Zeit, um etwas zu tun, was ihr liebt, nur f\u00fcr euch. Es ist wichtig, unstrukturierte Zeit f\u00fcr Spiel, Kreativit\u00e4t und Erkundung zu haben, ohne ein bestimmtes Endergebnis zu erwarten.<\/p>\n<p>6. Lernt, eure Emotionen zu regulieren. Das bedeutet, dass ihr lernt, Gef\u00fchle zu empfinden und zu akzeptieren, anstatt gewohnheitsm\u00e4\u00dfig auf eure Emotionen zu reagieren. Dadurch habt ihr mehr Kontrolle \u00fcber eure Reaktionen und euer Verhalten insgesamt.<\/p>\n<p>7. Verbringt Zeit in der Natur. Die Natur ist der gr\u00f6\u00dfte Heiler. Geht in die Sonne, seid unter den B\u00e4umen und entdeckt einen neuen Weg. Das ist ein kompletter Reset f\u00fcr euer Nervensystem.<\/p>\n<p>8. Verabschiedet euch von der Dringlichkeitskultur. Lasst Abstand zwischen der automatischen Beantwortung von Texten, E-Mails, oder der Krise anderer Menschen. \u00dcberpr\u00fcft euch selbst: Seid ihr in der Lage, zu antworten? Wenn nicht, antwortet, wenn ihr es k\u00f6nnt.<\/p>\n","protected":false},"excerpt":{"rendered":"<p>Emotionen (= Energien zum Mobilisieren von Bewegung auf ein Ziel) Einfl\u00fcsse auf Dein F\u00fclle-Bewu\u00dftsein durch das, was Du f\u00fchlst. Welche Gef\u00fchle (Emotionen) sind das? Welche Gef\u00fchle verbinden sich mit Deinen Vorstellungen und Worten? Beachte: Mit den Gef\u00fchlen sind die elektromagnetischen Kr\u00e4fte zur Verwirklichung verbunden. Gef\u00fchle (Emotionen) aktivieren die not-wendige (Lebens-)Energie &#8211; zum Wahrnehmen und Erleben [&hellip;]<\/p>\n","protected":false},"author":1,"featured_media":0,"parent":2729,"menu_order":0,"comment_status":"closed","ping_status":"closed","template":"members-style1-nosidebar.php","meta":{"footnotes":"","_links_to":"","_links_to_target":""},"class_list":["post-2990","page","type-page","status-publish","hentry"],"_links":{"self":[{"href":"https:\/\/reich-sein.eu\/club\/wp-json\/wp\/v2\/pages\/2990","targetHints":{"allow":["GET"]}}],"collection":[{"href":"https:\/\/reich-sein.eu\/club\/wp-json\/wp\/v2\/pages"}],"about":[{"href":"https:\/\/reich-sein.eu\/club\/wp-json\/wp\/v2\/types\/page"}],"author":[{"embeddable":true,"href":"https:\/\/reich-sein.eu\/club\/wp-json\/wp\/v2\/users\/1"}],"replies":[{"embeddable":true,"href":"https:\/\/reich-sein.eu\/club\/wp-json\/wp\/v2\/comments?post=2990"}],"version-history":[{"count":4,"href":"https:\/\/reich-sein.eu\/club\/wp-json\/wp\/v2\/pages\/2990\/revisions"}],"predecessor-version":[{"id":4048,"href":"https:\/\/reich-sein.eu\/club\/wp-json\/wp\/v2\/pages\/2990\/revisions\/4048"}],"up":[{"embeddable":true,"href":"https:\/\/reich-sein.eu\/club\/wp-json\/wp\/v2\/pages\/2729"}],"wp:attachment":[{"href":"https:\/\/reich-sein.eu\/club\/wp-json\/wp\/v2\/media?parent=2990"}],"curies":[{"name":"wp","href":"https:\/\/api.w.org\/{rel}","templated":true}]}}