{"id":2999,"date":"2022-09-11T19:33:52","date_gmt":"2022-09-11T17:33:52","guid":{"rendered":"http:\/\/reich-sein.eu\/club\/?page_id=2999"},"modified":"2022-11-24T15:52:46","modified_gmt":"2022-11-24T13:52:46","slug":"richtige-zahlen","status":"publish","type":"page","link":"https:\/\/reich-sein.eu\/club\/seins-dimensionen\/informieren\/richtige-zahlen\/","title":{"rendered":"Richtige Zahlen"},"content":{"rendered":"<h2><span style=\"color: #0000ff;\"><strong>Richtige Zahlen<\/strong><\/span><\/h2>\n<p><strong><em>\u201eDie Zahl ist das Wesen aller Dinge\u201c\u00a0\u00a0<\/em><\/strong>Pythagoras von Samos (570 v. Chr. bis 510 v. Chr.)<strong>\u00a0<\/strong><\/p>\n<h3><span style=\"color: #0000ff;\"><strong>Die heilige Wissenschaft der Numerologie<\/strong><\/span><\/h3>\n<p>Numerologie ist ganz einfach das Studium der Vibrationsbedeutungen von Zahlen. Mit anderen Worten, es beschreibt die Beziehungen zwischen der Bedeutung von Zahlen und wie sie bestimmte Eigenschaften, Qualit\u00e4ten und Begabungen widerspiegeln, die sich auf das Leben beziehen.<\/p>\n<p>Die Geschichte und die Details der Numerologie sind ziemlich faszinierend, und obwohl es keine klare Antwort darauf gibt, wann die Numerologie zum ersten Mal entstand, gibt es historische Aufzeichnungen \u00fcber die Verwendung der Numerologie bereits in \u00e4gyptischer und babylonischer Zeit!<\/p>\n<p data-slot-rendered-dynamic=\"true\">Im Mittelpunkt der heiligen Wissenschaft der Numerologie steht die Vorstellung, dass das Universum mathematisch pr\u00e4zise ist und dass jede Zahl eine klare und pr\u00e4zise Bedeutung hat, auf die wir uns einstellen k\u00f6nnen, um unser Leben zu verstehen.<\/p>\n<p><span style=\"color: #0000ff;\"><strong>999<\/strong><\/span> &#8211; g\u00f6ttliche Zahl<\/p>\n<p><span style=\"color: #0000ff;\"><strong>888<\/strong>\u00a0<\/span>= manifestiere F\u00fclle. Alles kommt an seinen Platz.<strong>\u00a0<\/strong><\/p>\n<p><strong><span style=\"color: #0000ff;\">666<\/span> <\/strong>&#8211;\u00a0 satanische Zahl, Zahl des Tieres<\/p>\n<h3><span style=\"color: #0000ff;\"><strong>1) Engelszahlen:<\/strong><\/span><\/h3>\n<p>Obwohl wir alle die ganze Zeit Engel um uns herum haben, kommunizieren unsere Schutzengel nicht immer auf einfache oder klare Weise mit uns, die leicht zu interpretieren und zu verstehen ist.<\/p>\n<p>Meistens kommt die Engelsf\u00fchrung in mysteri\u00f6sen Zeichen und ungew\u00f6hnlichen synchronistischen Ereignissen, mit denen man in Einklang sein muss, um sie zu verstehen.<\/p>\n<p>Denke daran, dass Engel himmlische Wesen sind, die in einem Reich leben, das eine h\u00f6here Vibrationsfrequenz hat als die physische Welt.<\/p>\n<p>Als himmlische Boten unserer h\u00f6chsten Wahrheit, Gottes oder der Quelle, sind Engel an die Gesetze Gottes gebunden und k\u00f6nnen daher ohne unsere direkte Zustimmung nicht in die Ereignisse in unserem Leben eindringen.<\/p>\n<p>Deshalb m\u00fcssen unsere Besch\u00fctzer ihre Hilfe an uns in Zeichen und symbolischen Botschaften senden.<\/p>\n<p><span style=\"color: #0000ff;\"><strong>Was sind Engelszahlen?<\/strong><\/span><\/p>\n<p>Eine der h\u00e4ufigsten und aufregendsten Arten, wie unsere Engel ihre Leitung und Weisheit senden, ist die Verwendung von Engelszahlen.<\/p>\n<p data-slot-rendered-dynamic=\"true\">Engelszahlen sind <strong>Zahlenreihen<\/strong>, die g\u00f6ttliche F\u00fchrung tragen, indem sie sich auf bestimmte numerologische Bedeutungen beziehen.<\/p>\n<p data-slot-rendered-dynamic=\"true\">Was in der Numerologie wichtig ist, um Engelszahlen zu verstehen und mit den Engeln zu kommunizieren, ist, dass jede Zahl 1-9, und dann auch die \u201eMasterzahlen\u201c\u00a0<a href=\"https:\/\/mystischerrabe.de\/numerologie\/engelszahlen\/engelszahl-11-und-ihre-bedeutung-warum-siehst-du-11\/\">11<\/a>,\u00a0<a href=\"https:\/\/mystischerrabe.de\/numerologie\/engelszahlen\/engelszahl-22-und-ihre-bedeutung-warum-siehst-du-22\/\">22<\/a>\u00a0und\u00a0<a href=\"https:\/\/mystischerrabe.de\/numerologie\/engelszahlen\/engelszahl-33-und-ihre-bedeutung-warum-siehst-du-33\/\">33<\/a>\u00a0eine eindeutige und signifikante Bedeutung haben.<\/p>\n<p><strong>Grundlegender Leitfaden f\u00fcr die Schl\u00fcssel zum Verst\u00e4ndnis der Bedeutung von Engelszahlen:<\/strong><\/p>\n<p data-slot-rendered-dynamic=\"true\"><strong>1<\/strong>\u00a0\u2013 Dies ist die Zahl der Originalit\u00e4t, F\u00fchrung und Unabh\u00e4ngigkeit. Wenn diese Zahl erscheint, k\u00f6nnte sie den Beginn von etwas Neuem und Originellem in deinem Leben signalisieren.<\/p>\n<p><strong>2<\/strong>\u00a0\u2013 Dies ist die Zahl der Zusammenarbeit, der Assoziation und der Sensibilit\u00e4t gegen\u00fcber anderen und k\u00f6nnte ein Zeichen daf\u00fcr sein, dass du mehr zusammenarbeiten oder sensibler gegen\u00fcber anderen sein musst.<\/p>\n<p><strong>3<\/strong>\u00a0\u2013 Die Zahl der Spiritualit\u00e4t, Kreativit\u00e4t und Selbstdarstellung. Die Engel k\u00f6nnen diese Zahl verwenden, um dir neue Wege der Geselligkeit und Kreativit\u00e4t zu zeigen.<\/p>\n<p><strong>4<\/strong>\u00a0\u2013 Dies ist die Zahl, die mit Stabilit\u00e4t, Arbeit und Karriere verbunden ist. Wenn du diese Zahl siehst, ist sie oft eine Warnung vor deiner Karriere.<\/p>\n<p><strong>5<\/strong>\u00a0\u2013 Verbunden mit Abenteuer, Aufregung und h\u00f6herem Bewusstsein, ist es ein Zeichen daf\u00fcr, dass gute Zeiten auf dem Weg sind.<\/p>\n<p><strong>6<\/strong>\u00a0\u2013 Diese Zahl steht f\u00fcr alles, was mit dem Haus zu tun hat, einschlie\u00dflich famili\u00e4rer Bindungen und Verpflichtungen.<\/p>\n<p><strong>7<\/strong>\u00a0\u2013 Dies ist ein Zeichen daf\u00fcr, dass du mit deinem geistigen Ziel \u00fcbereinstimmst, denn 7 ist die Zahl der Geister. Gelegenheiten, sich mit der g\u00f6ttlichen Bestimmung in Einklang zu bringen, werden sich dir er\u00f6ffnen.<\/p>\n<p data-slot-rendered-dynamic=\"true\"><strong>8<\/strong>\u00a0\u2013 Die Zahl der \u00dcberfluss und materiellen Wohlstand, die Engel senden dir eine Anleitung, wie du diese \u00dcberfluss anziehen und gleichzeitig deinen tieferen spirituellen Zweck erreichen kannst.<\/p>\n<div class=\"mv-ad-box\" data-slotid=\"content_9_btf\">\n<div class=\"mv-rail-frame\" data-slotid=\"content_9_btf\">\n<div class=\"mv-rail-slide mv-inview-sticky\" data-slotid=\"content_9_btf\">\n<div class=\"mv-rail-sticky mv-inview-sticky\" data-slotid=\"content_9_btf\">\n<div id=\"content_9_btf_wrapper\" class=\"adunitwrapper content_btf_wrapper mv-size-336x280\" data-wrapper=\"content_9_btf\" data-nosnippet=\"\">\n<div id=\"content_9_btf\" class=\"content_btf adunit\" data-google-query-id=\"CI-Wgsj48foCFao84Aod_8IL7g\">\n<div id=\"google_ads_iframe_\/1030006,21792944988\/mystischerrabe\/content_8__container__\"><strong>9<\/strong>\u00a0\u2013 Dies ist die Zahl der Erf\u00fcllung des tieferen Zwecks deiner Seele. Es ist ein Zeichen von den Engeln, dass es an der Zeit ist, mit der echten Arbeit zu beginnen.<\/div>\n<\/div>\n<\/div>\n<\/div>\n<\/div>\n<\/div>\n<\/div>\n<p><a href=\"https:\/\/mystischerrabe.de\/numerologie\/engelszahlen\/engelszahl-11-und-ihre-bedeutung-warum-siehst-du-11\/\"><strong>11<\/strong>\u00a0<\/a>\u2013 Die Zahl 11 ist eine Meisterzahl und bedeutet, dass du auf deine tieferen Intuitionen h\u00f6ren solltest. Vielleicht wirst du gleich jemanden treffen, dessen hohe Energie deine Vibration auf neue H\u00f6hen heben wird!<\/p>\n<p><a href=\"https:\/\/mystischerrabe.de\/numerologie\/engelszahlen\/engelszahl-22-und-ihre-bedeutung-warum-siehst-du-22\/\"><strong>22<\/strong>\u00a0<\/a>\u2013 Dies ist die Nummer des Baumeisters, der dir sagt, dass du die F\u00e4higkeit hast, deine Tr\u00e4ume in die Realit\u00e4t umzusetzen.<\/p>\n<ul>\n<li class=\"article-heading\"><a href=\"https:\/\/mystischerrabe.de\/numerologie\/engelszahlen\/engelszahlen-ihre-aussagen-und-bedeutungen\/\">Engelszahlen, ihre Aussagen und Bedeutungen<\/a><\/li>\n<\/ul>\n<h3><span style=\"color: #0000ff;\"><strong>2) Grigori Petrovich Grabovoi: Manifestieren mit Zahlen<\/strong><\/span><\/h3>\n<p>Grabovoi ist russischer Wissenschaftler mit h\u00f6herem Bewusstsein und gr\u00f6\u00dferer Wahrnehmung, Heiler \u2013 Erfinder \u2013 Hellsichtiger \u2013 Mathematiker \u2013 Naturwissenschaftler \u2013 5-facher Doktor \u2013 4 Professuren<\/p>\n<p>Grabovoi empfing <strong>Zahlengebete<\/strong> zur Neuordnung der Sch\u00f6pfung in die Welt.<\/p>\n<p><a href=\"https:\/\/wissenschaft3000.wordpress.com\/2012\/09\/10\/anleitungen-und-erfahrung-zur-arbeit-mit-den-methoden-nach-grabovoi\/\">Anleitungen und Erfahrung zur Arbeit mit den Methoden nach Grabovoi<\/a><\/p>\n<p>Konzentrationen auf spezifische Zahlenreihen von G. P. Grabovoi:<\/p>\n<p>&#8211; Zahlen immer einzeln lesen, aufsagen 1-2-3-4-5 \u2026,<\/p>\n<p>&#8211; geistig vorstellen,<\/p>\n<p>&#8211; gedanklich aufsagen.<\/p>\n<p>&#8211; Nimm die jeweilige Zahlenreihe deutlich wahr!<\/p>\n<p><span style=\"color: #0000ff;\"><strong>L\u00f6sung aller Fragen und Probleme: 212309909<\/strong><\/span><\/p>\n<p>&gt; Konzentration und Visualisierung<\/p>\n<p>&gt; benenne die anstehenden oder aktuellen Probleme genau<\/p>\n<p>&gt; Zahlenreihe aufsagen<\/p>\n<p>&gt; Danke, f\u00fcr die L\u00f6sung<\/p>\n<p>&gt; <strong>212309909<\/strong><\/p>\n<p>Finanzielle F\u00fclle: <strong>318 798 <\/strong><\/p>\n<p>Unerwartetes Geld:<strong> 520<\/strong><\/p>\n<p>Verk\u00e4ufe:<strong> 54121381948<\/strong><\/p>\n<p>Geldflu\u00df:<strong> 619 71421841<\/strong><\/p>\n<p>Wirtschaftliche Unabh\u00e4ngigkeit: <strong>819 419 714<\/strong><\/p>\n<p>Normalisierung finanzieller Situationen: <strong>71427321893<\/strong><\/p>\n<p>Transformierung Zeit in Geld<strong>: 4148188<\/strong><\/p>\n<p>Arbeit besorgen: <strong>493151 864 1491<\/strong><\/p>\n<p>Ziele erreichen:<strong> 894 719 78 48<\/strong><\/p>\n<p>Ehrenrettung der Finanzlage:<strong> 64889498871<\/strong><\/p>\n<p>Effektiver Ertrag:<strong> 518 617219 71<\/strong><\/p>\n<p><a href=\"http:\/\/www.grigori-grabovoi.ru\/#-1\">http:\/\/www.grigori-grabovoi.ru<\/a><\/p>\n<p>Grigori Grabovoi: <a href=\"https:\/\/amzn.to\/3xVlyCC\"><em>Zahlen f\u00fcr ein erfolgreiches Business<\/em><\/a> (2014)<\/p>\n","protected":false},"excerpt":{"rendered":"<p>Richtige Zahlen \u201eDie Zahl ist das Wesen aller Dinge\u201c\u00a0\u00a0Pythagoras von Samos (570 v. Chr. bis 510 v. Chr.)\u00a0 Die heilige Wissenschaft der Numerologie Numerologie ist ganz einfach das Studium der Vibrationsbedeutungen von Zahlen. Mit anderen Worten, es beschreibt die Beziehungen zwischen der Bedeutung von Zahlen und wie sie bestimmte Eigenschaften, Qualit\u00e4ten und Begabungen widerspiegeln, die [&hellip;]<\/p>\n","protected":false},"author":1,"featured_media":0,"parent":1672,"menu_order":0,"comment_status":"closed","ping_status":"closed","template":"members-style1-nosidebar.php","meta":{"footnotes":"","_links_to":"","_links_to_target":""},"class_list":["post-2999","page","type-page","status-publish","hentry"],"_links":{"self":[{"href":"https:\/\/reich-sein.eu\/club\/wp-json\/wp\/v2\/pages\/2999","targetHints":{"allow":["GET"]}}],"collection":[{"href":"https:\/\/reich-sein.eu\/club\/wp-json\/wp\/v2\/pages"}],"about":[{"href":"https:\/\/reich-sein.eu\/club\/wp-json\/wp\/v2\/types\/page"}],"author":[{"embeddable":true,"href":"https:\/\/reich-sein.eu\/club\/wp-json\/wp\/v2\/users\/1"}],"replies":[{"embeddable":true,"href":"https:\/\/reich-sein.eu\/club\/wp-json\/wp\/v2\/comments?post=2999"}],"version-history":[{"count":8,"href":"https:\/\/reich-sein.eu\/club\/wp-json\/wp\/v2\/pages\/2999\/revisions"}],"predecessor-version":[{"id":4271,"href":"https:\/\/reich-sein.eu\/club\/wp-json\/wp\/v2\/pages\/2999\/revisions\/4271"}],"up":[{"embeddable":true,"href":"https:\/\/reich-sein.eu\/club\/wp-json\/wp\/v2\/pages\/1672"}],"wp:attachment":[{"href":"https:\/\/reich-sein.eu\/club\/wp-json\/wp\/v2\/media?parent=2999"}],"curies":[{"name":"wp","href":"https:\/\/api.w.org\/{rel}","templated":true}]}}