{"id":3015,"date":"2022-09-12T20:28:31","date_gmt":"2022-09-12T18:28:31","guid":{"rendered":"http:\/\/reich-sein.eu\/club\/?page_id=3015"},"modified":"2022-11-24T15:42:01","modified_gmt":"2022-11-24T13:42:01","slug":"chakren","status":"publish","type":"page","link":"https:\/\/reich-sein.eu\/club\/seins-dimensionen\/energie\/energetisieren\/chakren\/","title":{"rendered":"Chakren"},"content":{"rendered":"<h2><strong>Die sieben Chakren&#8230;<\/strong><\/h2>\n<p>Verstehen, was Chakren sind und warum sie ausgerichtet werden m\u00fcssen&#8230;<\/p>\n<p>Auch wenn Sie es nicht sehen k\u00f6nnen, konzentriert Ihr K\u00f6rper die Energie an mehreren bestimmten Punkten.<\/p>\n<p>Diese Energiezentren werden Chakren genannt, die, wenn sie im Gleichgewicht und in Harmonie sind, das f\u00fcr ein gesundes Leben notwendige Wohlbefinden vermitteln.<\/p>\n<p>Lesen Sie den folgenden Artikel und erfahren Sie mehr \u00fcber sie:<\/p>\n<p>Die Chakren oder Chakren sind Energiepunkte, die entlang unserer Wirbels\u00e4ule miteinander verbunden sind und dazu dienen, die Lebensenergie aufzunehmen und sie im K\u00f6rper, im Geist und in der Seele zu verteilen, um sie sp\u00e4ter nach au\u00dfen abzugeben.<\/p>\n<p>Sie k\u00f6nnen sich in geistigen, k\u00f6rperlichen oder emotionalen Aspekten manifestieren.<\/p>\n<p>Wenn wir uns k\u00f6rperlich unwohl f\u00fchlen oder negative Gedanken und Gef\u00fchle haben, ist wahrscheinlich ein Chakra geschlossen, so dass die Energie nicht mehr zirkulieren kann und Ungleichgewichte entstehen k\u00f6nnen.<\/p>\n<p>In den orientalischen Religionen wie dem Hinduismus und dem Buddhismus sind es diese Energiezentren, die unsere k\u00f6rperliche, intellektuelle, emotionale und geistige Stabilit\u00e4t bestimmen. Das Wort &#8222;Chakra&#8220; kommt aus dem Sanskrit und bedeutet &#8222;Rad&#8220;, da man glaubt, dass es sich um Wirbel handelt, die sich st\u00e4ndig bewegen und an bestimmten Stellen unseres K\u00f6rpers Signale der Lebensenergie empfangen und aussenden.<\/p>\n<p>Die \u00e4ltesten Aufzeichnungen \u00fcber die Chakren stammen aus den Veden, den heiligen Schriften des Hinduismus, die im 2. Jahrhundert v. Chr. erschienen. Seitdem ist der Glaube so popul\u00e4r geworden, dass er die Grenzen der hinduistischen Kultur \u00fcberwunden hat und bis in die westlichen L\u00e4nder vorgedrungen ist.<\/p>\n<p>Den Hindus zufolge treffen sich die Chakren und verschmelzen in den Nadis, die unsichtbare Pfade in unserem Organismus sind und als Leitbahnen fungieren, durch die unsere Lebensenergie zirkuliert. Jeder von ihnen beeinflusst einen oder mehrere spezifische Bereiche unserer Pers\u00f6nlichkeit und Gesundheit.<\/p>\n<p>In unserem hektischen und stressigen Alltag ger\u00e4t man leicht aus dem Gleichgewicht und f\u00fcttert das, was einem nicht gut tut, seien es mentale oder emotionale Probleme, Schmerzen, Krankheiten, M\u00fcdigkeit oder Verschlei\u00df.<\/p>\n<p>Durch die Ausrichtung der Chakren ist es m\u00f6glich, all diese Schmerzen und Probleme, die unser K\u00f6rper im Laufe des Lebens erf\u00e4hrt, zu verarbeiten, weil wir die Revitalisierung unserer inneren Kraft und den Wiederaufbau des K\u00f6rpers erm\u00f6glichen.<\/p>\n<p>Ein Beispiel: Ein Chakra, das in der Frequenz der Angst liegt, verursacht bei uns Unbehagen und Unwohlsein, wenn wir daran denken. Andererseits, wenn es in der Frequenz der Liebe ist, entstehen F\u00fclle, Frieden und Freude auf unserem Weg. Ganz zu schweigen von dem, was wir aus diesen Erfahrungen lernen und was uns motiviert, an uns selbst zu arbeiten.<\/p>\n<p>Manche sagen, dass es 32 bis 88 Tausend Chakren in unserem K\u00f6rper gibt. Sicher ist jedoch, dass es unter ihnen sieben Haupttypen gibt.<\/p>\n<p>Jeder von ihnen ist einer Farbe und einer Dr\u00fcse des physischen K\u00f6rpers zugeordnet und f\u00fcr die Steuerung eines bestimmten Teils der Funktionsweise unseres psychischen K\u00f6rpers verantwortlich.<\/p>\n<p>Lernen Sie die 7 Hauptchakren kennen:<\/p>\n<p>1. Grundlegendes oder erstes Chakra<br \/>\nFarbe: rot;<br \/>\nElement: Erde<br \/>\nK\u00f6rperregion: Stei\u00dfbein;<br \/>\nBezogen auf: \u00dcberleben, Vitalit\u00e4t und Sexualit\u00e4t;<br \/>\nDas Basis-Chakra ist rot und befindet sich in der Dammregion. Es ist dem Boden zugewandt und steht f\u00fcr die Verbindung des Menschen mit dem Planeten Erde. Es ist verantwortlich f\u00fcr unsere Vitalit\u00e4t und f\u00fcr die primitivsten Instinkte des Menschen, sexuelle Impulse und \u00dcberlebensfragen &#8211; vor allem Grundbed\u00fcrfnisse wie Essen und Schlafen. Wenn sie falsch ausgerichtet ist, verursacht sie ein Gef\u00fchl st\u00e4ndiger Unsicherheit, mangelnden Enthusiasmus oder \u00fcberm\u00e4\u00dfige Anhaftung an die materielle Welt.<\/p>\n<p>2. Sakral- oder Nabelchakra<br \/>\nFarbe: orange.<br \/>\nElement: Wasser;<br \/>\nK\u00f6rperregion: Nabel;<br \/>\nBezogen auf: Sexualit\u00e4t, Gef\u00fchle, sexuelle und affektive Beziehungen;<br \/>\nDas orangefarbene Sakralchakra befindet sich in der Schamgegend. Es ist f\u00fcr die Aufrechterhaltung unseres Fortpflanzungssystems verantwortlich und wirkt haupts\u00e4chlich auf zwei unserer st\u00e4rksten Impulse ein: den kreativen und den sexuellen, die beide mit dem Wunsch nach Ver\u00e4nderung und Vergn\u00fcgen verbunden sind. Es \u00fcbt Macht \u00fcber die Fruchtbarkeit, die sexuellen Impulse und auch \u00fcber unsere sch\u00f6pferische F\u00e4higkeit aus.<br \/>\nEs wird angenommen, dass sie in der Jugend ihre gr\u00f6\u00dfte Wirkung entfaltet. Eifersucht, Impotenz, Unentschlossenheit, Sexual- und Blasenprobleme weisen darauf hin, dass dieses Chakra aus dem Gleichgewicht geraten ist. Wenn sie jedoch ausgewogen ist, zeichnet sich die F\u00e4higkeit zur Aufnahme neuer Ideen aus.<\/p>\n<p>3. Solarplexus-Chakra<br \/>\nFarbe: gelb;<br \/>\nElement: Feuer;<br \/>\nK\u00f6rperregion: Magen;<br \/>\nBezogen auf: Pers\u00f6nlichkeit, Macht und Identit\u00e4t;<br \/>\nDas Solarplexus-Chakra ist mit dem Verdauungssystem verbunden, insbesondere mit der Bauchspeicheldr\u00fcse. Sein Element ist das Feuer und seine Farbe ist gelb. Da er sich in der zentralen Region befindet, spielt er eine wichtige Rolle bei der Verteilung der Energie im K\u00f6rper und bei der Kommunikation zwischen Geist und physischem K\u00f6rper.<br \/>\nHier wohnt auch Ihr Ego. Wenn sie falsch ausgerichtet ist, kann sie eine Person narzisstisch und egoistisch machen oder sie im Gegenteil sehr unsicher werden lassen. Sie hat auch eine wichtige Funktion f\u00fcr die Pers\u00f6nlichkeit und die pers\u00f6nliche Kraft. Gute F\u00fchrungspers\u00f6nlichkeiten zum Beispiel haben normalerweise eine gute Ausrichtung dieses Chakras.<\/p>\n<p>4. Herz-Chakra<br \/>\nFarbe: gr\u00fcn<br \/>\nElement: Luft;<br \/>\nK\u00f6rperregion: Herz;<br \/>\nBezogen auf: menschliche und g\u00f6ttliche Liebe;<br \/>\nDas gr\u00fcne Herzchakra ist f\u00fcr die Energetisierung des Kreislauf- und Herz-Atem-Systems zust\u00e4ndig.<br \/>\nEs gilt als das Zentrum der Liebe und der Weisheit und hat die Funktion, affektive Beziehungen und Gef\u00fchle zu steuern. Wenn sie also gut ausgearbeitet ist, hilft sie den Beziehungen und macht uns au\u00dferdem empf\u00e4nglicher f\u00fcr Mitgef\u00fchl. Wenn sie falsch ausgerichtet ist, kann sie emotionale, kardiale und immunologische Probleme verursachen. Freude st\u00e4rkt dieses Chakra.<\/p>\n<p>5. Kehlkopf-Chakra<br \/>\nFarbe: Himmelblau;<br \/>\nElement: \u00c4ther;<br \/>\nK\u00f6rperregion: Kehle;<br \/>\nBezogen auf: Manifestation und Ausdruck der Wahrheit;<br \/>\nDas Kehlkopfchakra liegt in der N\u00e4he des Halses und steuert die Funktionen der Schilddr\u00fcse. Sie h\u00e4ngt mit unserer F\u00e4higkeit zur Kommunikation zusammen, sei es k\u00f6rperlich oder verbal.<br \/>\nWenn sie ausgeglichen ist, werden Sie zu einem gut gestikulierenden und ausdrucksstarken Menschen. Wenn sie unausgeglichen ist, kann sie zu Kommunikationsschwierigkeiten, Unsicherheit oder Problemen im Rachen, Kehlkopf und in den anderen Komponenten der Region f\u00fchren. Es kann auch dazu f\u00fchren, dass man zu denen wird, die &#8222;Kr\u00f6ten&#8220; schlucken, ohne sich zu beschweren, und alles f\u00fcr sich behalten.<\/p>\n<p>6. Frontal-Chakra<br \/>\nFarbe: Indigoblau;<br \/>\nElement: \u00c4ther;<br \/>\nK\u00f6rperregion: Stirn, oberhalb der Augenbraue;<br \/>\nBezogen auf: Intuition, Verbindung mit der Welt;<br \/>\nIn der hinduistischen Tradition wird das Stirnchakra zwischen den Augenbrauen als &#8222;drittes Auge&#8220; bezeichnet, weil es Dinge jenseits des Materiellen sehen kann. Sie ist nicht nur f\u00fcr die Belebung des Nervensystems und der Sehkraft verantwortlich, sondern wirkt auch auf die Konzentrationsf\u00e4higkeit und vor allem auf die Intuition.<br \/>\nWenn es falsch ausgerichtet ist, kann es zu Streuung, st\u00e4ndigen Kopfschmerzen, Sehst\u00f6rungen und Albtr\u00e4umen f\u00fchren. Wenn es ein Gleichgewicht erreicht, kann es gute Ergebnisse hervorbringen, wie z. B. Konzentration, fruchtbare Phantasie und die F\u00e4higkeit, klar zu denken.<\/p>\n<p>7. Kronenchakra<br \/>\nFarbe: violett<br \/>\nElement: Keine<br \/>\nK\u00f6rperregion: Oberseite des Kopfes<\/p>\n<p>Bezogen auf: Einstimmung und subtile Gedanken, Weisheit und Erinnerung;<br \/>\nDas violette Kronenchakra befindet sich oben auf dem Kopf und ist das wichtigste und am schwierigsten zu erreichende Chakra, da es uns mit der h\u00f6heren Energie, dem Universum, verbindet. Es reagiert auf unsere Verbindung mit der geistigen Welt, mit den Energien der Au\u00dfenwelt und auch mit dem Gehirn und dem Bewusstsein. Daf\u00fcr ist es aber notwendig, dass alle anderen sechs Chakren im maximalen Gleichgewicht sind.<br \/>\nSie ist mit Weisheit und Ged\u00e4chtnis verbunden und tr\u00e4gt in Harmonie dazu bei, dass der Mensch ein Gleichgewicht zwischen dem, was er denkt, und dem, was er spricht, findet.<br \/>\nDas Gleichgewicht der einzelnen Chakren kann durch verschiedene Techniken erreicht werden, darunter Reiki, Meditation, Kristalltherapie, Farbtherapie, kreative Visualisierungen mit Mandalas und Farben.<br \/>\nEs ist m\u00f6glich, sie allein oder gemeinsam zu balancieren, aus der Ferne (virtuelle Konsultationen) oder in Anwesenheit eines Therapeuten. Alles h\u00e4ngt von der gew\u00e4hlten Linie und der Behandlung ab, mit der man sich identifiziert. Jedes Chakra hat seinen eigenen Stein, seine eigene Farbe und sein eigenes Mantra, was die Aus\u00fcbung der Harmonisierung erleichtert.<br \/>\nEs gibt Techniken, um deine Chakren auszugleichen. Es ist sehr wichtig, dass wir unsere Chakren gut kennen. Nur so ist es m\u00f6glich, den physischen, spirituellen, emotionalen und mentalen K\u00f6rper ins Gleichgewicht zu bringen und die Harmonie zu finden, die uns innewohnt.<\/p>\n<p>https:\/\/t.me\/+lkdrke5Aozc1OTNi<\/p>\n<p>https:\/\/t.me\/joinchat\/UDhEMir3-8gZfXGg<\/p>\n","protected":false},"excerpt":{"rendered":"<p>Die sieben Chakren&#8230; Verstehen, was Chakren sind und warum sie ausgerichtet werden m\u00fcssen&#8230; Auch wenn Sie es nicht sehen k\u00f6nnen, konzentriert Ihr K\u00f6rper die Energie an mehreren bestimmten Punkten. Diese Energiezentren werden Chakren genannt, die, wenn sie im Gleichgewicht und in Harmonie sind, das f\u00fcr ein gesundes Leben notwendige Wohlbefinden vermitteln. Lesen Sie den folgenden [&hellip;]<\/p>\n","protected":false},"author":1,"featured_media":0,"parent":2952,"menu_order":0,"comment_status":"closed","ping_status":"closed","template":"members-style1-nosidebar.php","meta":{"footnotes":"","_links_to":"","_links_to_target":""},"class_list":["post-3015","page","type-page","status-publish","hentry"],"_links":{"self":[{"href":"https:\/\/reich-sein.eu\/club\/wp-json\/wp\/v2\/pages\/3015","targetHints":{"allow":["GET"]}}],"collection":[{"href":"https:\/\/reich-sein.eu\/club\/wp-json\/wp\/v2\/pages"}],"about":[{"href":"https:\/\/reich-sein.eu\/club\/wp-json\/wp\/v2\/types\/page"}],"author":[{"embeddable":true,"href":"https:\/\/reich-sein.eu\/club\/wp-json\/wp\/v2\/users\/1"}],"replies":[{"embeddable":true,"href":"https:\/\/reich-sein.eu\/club\/wp-json\/wp\/v2\/comments?post=3015"}],"version-history":[{"count":3,"href":"https:\/\/reich-sein.eu\/club\/wp-json\/wp\/v2\/pages\/3015\/revisions"}],"predecessor-version":[{"id":5077,"href":"https:\/\/reich-sein.eu\/club\/wp-json\/wp\/v2\/pages\/3015\/revisions\/5077"}],"up":[{"embeddable":true,"href":"https:\/\/reich-sein.eu\/club\/wp-json\/wp\/v2\/pages\/2952"}],"wp:attachment":[{"href":"https:\/\/reich-sein.eu\/club\/wp-json\/wp\/v2\/media?parent=3015"}],"curies":[{"name":"wp","href":"https:\/\/api.w.org\/{rel}","templated":true}]}}