{"id":3019,"date":"2022-09-12T20:31:34","date_gmt":"2022-09-12T18:31:34","guid":{"rendered":"http:\/\/reich-sein.eu\/club\/?page_id=3019"},"modified":"2022-11-24T15:40:43","modified_gmt":"2022-11-24T13:40:43","slug":"energieleck","status":"publish","type":"page","link":"https:\/\/reich-sein.eu\/club\/seins-dimensionen\/energie\/energieleck\/","title":{"rendered":"Energieleck"},"content":{"rendered":"<p>Energie-Leck<\/p>\n<p>Ein Leck ist ein ungewollter Abflu\u00df von Energie (aus der verf\u00fcgbaren Lebensenergie).<\/p>\n<p><strong><em>Die ziehen uns jedes mal wieder die Energie ab. <\/em><\/strong><\/p>\n<p><em>Wir sind die Erwachten. Wer sind die st\u00e4rkste und kraftvollsten Menschen? Wer sind die mit der am meisten zu kanalisierenden Energie? Sie tun es immer wieder! Entweder machen sie Massenrituale wie Weihnachten, Ostern, Demonstrationen, Beerdigung der Queen, etc. (An denen die Bewussten wie Unbewussten teilnehmen.) Oder sie steuern \u00fcber Szenarien wie Corona mit der kraft der Angst oder des Widerstandes&#8230; Und wir kapieren es einfach nicht und tappen immer wieder in die Falle. Die Energie die wir dabei verschwenden ist die Energie die uns Menschen fehlt um die Erde tats\u00e4chlich zu wandeln, zu heilen, um den Eisring schmelzen zu lassen um die wandelnden Demonen, Klone und was wei\u00df ich was es da nich gibt ins Licht zu schicken. Wir haben die Kraft alles zu verwandeln. Wir sind Wasser und k\u00f6nnen das Wasser das wir trinken wandeln in Reihnheit. Wir sind Feuer und haben die Kraft diesen Eisring zu schmelzen. Wir sind Erde und k\u00f6nnen N\u00e4hren, Erschaffen, Zeugen, Geb\u00e4ren. Wir sind Luft, wir k\u00f6nnen diese giftige Luft in reine Luft wandeln und die Botschaften dem Wind mitgeben, usw. Es ist so einleuchtend wenn man mal dar\u00fcber nachdenkt\/ f\u00fchlt. <\/em><br \/>\n<em>Sie lenken uns ab.. dem Menschen stehen die Ressourcen der Welt zur Verf\u00fcgung, es ist ihr Geburtsrecht und was tun sie und wir machen mit&#8230; sie erz\u00e4hlen uns mal wieder von Knappheit. Strom, Wasser, Lebensmittel, etc. Was l\u00f6sen sie in dem Fall aus? Knappheit! Nicht F\u00fclle. Wir fokussieren uns schon wieder woanders hin. Das gleiche bei Corona.. Angst-Vertrauen. Bei Verletzungen.. Trauer\/Wut-Freude\/Liebe, Krankheit-Gesundheit&#8230; es ist immer das Gleiche Spiel und wir machen den Schwachsinn ( der schwache im Sinn) mit&#8230; Ich bin raus! Vor ein paar Tagen war Nachts jemand bei mir und ich h\u00e4tte gehen k\u00f6nnen von hier.. es hat sich fast wie sterben angef\u00fchlt, ich habe mich f\u00fcrs bleiben entschieden. Du kannst mich gerne f\u00fcr verr\u00fcckt erkl\u00e4ren, aber als ich bei Bewusstsein wieder was hat mein Herz gerasst wie noch nie. Ich habe so etwas noch nie, nicht mal ann\u00e4hernd erlebt und ich habe dir von meinen Panikattacken erz\u00e4hlt.. wie auch immer &#8211; ich lasse lieber Eisringe schmelzen und verwandle die welt aif meine Weise mit meiner vollen Energie. Es wird niemand kommen und es wird nichts gravierendes passieren. Wei\u00dft du warum, weil der Wandel in uns stattfinden muss.<\/em><\/p>\n<p><a href=\"https:\/\/t.me\/AstroDoQu\/3443\">https:\/\/t.me\/AstroDoQu\/3443<\/a><\/p>\n<p><span style=\"color: #0000ff;\"><strong>Wes kann unsere Energie verlieren lassen?<\/strong><\/span><\/p>\n<p>Konzentration auf das Falsche im Leben (nicht unserem inneren Verm\u00f6gen und unserer Lebensaufgabe entsprechendes)<\/p>\n<ul>\n<li>falsche Lebens-Partner<\/li>\n<li>falsche &#8222;Freunde&#8220;<\/li>\n<li>falsche Arbeits-Partner<\/li>\n<li>falsche Arbeit (in Kooperation oder Konkurrenz mit Mitarbeitern)<\/li>\n<li>Mobbing<\/li>\n<li>Stress<\/li>\n<li>mangelnde Life-Work-Balance<\/li>\n<li>energetische Besetzung<\/li>\n<\/ul>\n<p>&nbsp;<\/p>\n<p>&nbsp;<\/p>\n<p>&nbsp;<\/p>\n<p><span style=\"color: #0000ff;\"><strong>Was sind Energielecks?<\/strong><\/span><\/p>\n<p>Leckende Energie ist, wenn die Ausrichtung von jemandem nicht mit der Projektion dessen \u00fcbereinstimmt, was er sagt, wer er ist, und dann stimmt auch das, was er anzieht, nicht mit dem \u00fcberein, was er sieht, erlebt und empf\u00e4ngt.<\/p>\n<p>Zum Beispiel:<\/p>\n<p>Stellen Sie sich vor, Sie sind spirituell\/religi\u00f6s, aber Sie ziehen viele sehr gest\u00f6rte und verzerrte Menschen an, oder solche, von denen Sie das Gef\u00fchl haben, dass sie Sie <strong>bel\u00e4stigen<\/strong> oder <strong>auslaugen<\/strong> oder sogar <strong>verraten<\/strong>. Menschen mit <strong>niedriger<\/strong> Energie neigen dazu, die Schuld f\u00fcr die Art und Weise, wie sie behandelt werden, auf Menschen zu schieben, die sie schlecht behandeln, und bezeichnen diejenigen, die sich ihnen anschlie\u00dfen, als &#8222;erb\u00e4rmlich, Verlierer, nicht auf meinem Niveau usw.&#8220; &#8211; das wird zu einer Weltsicht.<\/p>\n<p>Was wirklich passiert, ist, dass du nicht in der Schwingung bist, in die du dich projizierst, und was in anderen reflektiert wird, ist dein verwundetes Ich &#8211; um dir zu helfen, zur Ganzheit zur\u00fcckzukehren.<\/p>\n<p>Dies sollte ein Aufruf zur Selbstbeobachtung sein, bei dem Sie die Art und Weise bewerten, wie Sie nicht gerne behandelt werden, und sich fragen, welche ungeheilten Teile von Ihnen diese verletzten Gef\u00e4hrten anziehen.<\/p>\n<p>Leider ist es oft so, dass<br \/>\nSie f\u00fchlen sich von anderen \u00fcberw\u00e4ltigt, angegriffen und viktimisiert, so dass Sie diese Schuld nach au\u00dfen tragen und den Fokus immer auf sie und nicht auf sich selbst richten. Sie machen Sie zu &#8222;allen anderen&#8220; und nicht zu einem Spiegelbild Ihrer \u00dcbereinstimmung mit Ihrer Seele.<\/p>\n<p>Das kann sich so anf\u00fchlen, als w\u00fcrden Sie zu viele &#8222;idiotische M\u00e4nner in Ihrem Posteingang&#8220; kritisieren oder &#8222;zu viele idiotische M\u00e4nner, die idiotische Kommentare abgeben&#8220; oder &#8222;zu viel Drama und schreckliches Verhalten, das Ihnen oder anderen widerf\u00e4hrt, das Sie besch\u00fctzen m\u00fcssen&#8220; oder das Gef\u00fchl, dass ein ganzes Geschlecht &#8222;verzerrt&#8220; ist oder sogar &#8222;die Welt im Allgemeinen verzerrt ist&#8220; &#8212;&#8211; Wenn Sie ein Mann sind, kann es sich oft so anf\u00fchlen, als h\u00e4tten alle Frauen irrationale Ma\u00dfst\u00e4be oder Frauen seien sch\u00fcchtern und eitel oder als seien Frauen nichts als widerspr\u00fcchliche Huren mit doppeltem Standard.<\/p>\n<p>Leckende Energie wird sich auf viele verschiedene Arten manifestieren, weil wir alle unterschiedliche Wunden und Schwingungsebenen in unserem Aufstieg zur\u00fcck in unsere Seelenpr\u00e4senz haben.<\/p>\n<p>Das Wichtigste ist, dass wir mit unserer Energie bescheiden bleiben. Wir sind nie weniger wert. Selbst unsere verletzten Mitmenschen sind nicht weniger wert &#8211; wir sind hier, um zu lernen und nicht, um in der Besessenheit unserer eigenen externalisierten Schwingung zu verharren.<\/p>\n<p>Alles, was wir um uns herum sehen, ist einfach ein Wegweiser zur\u00fcck zu unserer Seele. Sobald wir sie als unsere Landkarte nach Hause betrachten, beginnen wir, stromabw\u00e4rts in Einheit mit dem, was wir sind, zu schwimmen, anstatt gegen die Str\u00f6mung des Egos und des Bildes stromaufw\u00e4rts im Trennungsbewusstsein zu k\u00e4mpfen.<\/p>\n<p>Wir werden uns eine harmonische Anziehung erlauben, indem wir dem \u00c4u\u00dferen erlauben, unser Lehrer zu sein, unser innerer Spiegel &#8212; der uns in die Gegenwart und Beobachtung ruft<\/p>\n<p>Dann k\u00f6nnen wir die Dankbarkeit, die wir erfahren werden, all das Gute, das uns zur\u00fcckgegeben wird, all die Dinge, die uns erscheinen, wirklich mit Klarheit uns selbst zuschreiben und als Belohnung f\u00fcr unsere Ausrichtung auf unsere Seele annehmen.<\/p>\n<p>Und das braucht keine Projektion oder Validierung.<\/p>\n<p>Es ist etwas, das Ihnen einfach Spa\u00df macht. Frei von jeglichem Feedback.<\/p>\n<p>&#8211; Matthew Cullen<\/p>\n<p>https:\/\/t.me\/+lkdrke5Aozc1OTNi<\/p>\n<p>https:\/\/t.me\/joinchat\/UDhEMir3-8gZfXGg<\/p>\n","protected":false},"excerpt":{"rendered":"<p>Energie-Leck Ein Leck ist ein ungewollter Abflu\u00df von Energie (aus der verf\u00fcgbaren Lebensenergie). Die ziehen uns jedes mal wieder die Energie ab. Wir sind die Erwachten. Wer sind die st\u00e4rkste und kraftvollsten Menschen? Wer sind die mit der am meisten zu kanalisierenden Energie? Sie tun es immer wieder! Entweder machen sie Massenrituale wie Weihnachten, Ostern, [&hellip;]<\/p>\n","protected":false},"author":1,"featured_media":0,"parent":2729,"menu_order":0,"comment_status":"closed","ping_status":"closed","template":"members-style1-nosidebar.php","meta":{"footnotes":"","_links_to":"","_links_to_target":""},"class_list":["post-3019","page","type-page","status-publish","hentry"],"_links":{"self":[{"href":"https:\/\/reich-sein.eu\/club\/wp-json\/wp\/v2\/pages\/3019","targetHints":{"allow":["GET"]}}],"collection":[{"href":"https:\/\/reich-sein.eu\/club\/wp-json\/wp\/v2\/pages"}],"about":[{"href":"https:\/\/reich-sein.eu\/club\/wp-json\/wp\/v2\/types\/page"}],"author":[{"embeddable":true,"href":"https:\/\/reich-sein.eu\/club\/wp-json\/wp\/v2\/users\/1"}],"replies":[{"embeddable":true,"href":"https:\/\/reich-sein.eu\/club\/wp-json\/wp\/v2\/comments?post=3019"}],"version-history":[{"count":5,"href":"https:\/\/reich-sein.eu\/club\/wp-json\/wp\/v2\/pages\/3019\/revisions"}],"predecessor-version":[{"id":3948,"href":"https:\/\/reich-sein.eu\/club\/wp-json\/wp\/v2\/pages\/3019\/revisions\/3948"}],"up":[{"embeddable":true,"href":"https:\/\/reich-sein.eu\/club\/wp-json\/wp\/v2\/pages\/2729"}],"wp:attachment":[{"href":"https:\/\/reich-sein.eu\/club\/wp-json\/wp\/v2\/media?parent=3019"}],"curies":[{"name":"wp","href":"https:\/\/api.w.org\/{rel}","templated":true}]}}