{"id":3036,"date":"2022-09-13T20:33:08","date_gmt":"2022-09-13T18:33:08","guid":{"rendered":"http:\/\/reich-sein.eu\/club\/?page_id=3036"},"modified":"2022-11-24T15:56:34","modified_gmt":"2022-11-24T13:56:34","slug":"mind-control","status":"publish","type":"page","link":"https:\/\/reich-sein.eu\/club\/seins-dimensionen\/informieren\/mind-control\/","title":{"rendered":"Mind Control"},"content":{"rendered":"<h2><span style=\"color: #0000ff;\"><strong>Mind Control (Kontrolle von Bewu\u00dftsein und Gehirn)<\/strong><\/span><\/h2>\n<p><strong>Kontrolle Deiner Welt-Anschauung und Wahr-Nehmung durch Massen-Programmierung.<\/strong><\/p>\n<p><em>&#8222;Eine Bev\u00f6lkerung, die Stunde f\u00fcr Stunde, Tag f\u00fcr Tag, Woche f\u00fcr Woche, Monat f\u00fcr Monat, Jahr f\u00fcr Jahr, Jahrzehnt f\u00fcr Jahrzehnt belogen wurde, verf\u00fcgt nicht \u00fcber verl\u00e4ssliche Informationen, um die Realit\u00e4t zu verstehen. Das ist heute das Schicksal der gesamten westlichen Welt. &#8220; <\/em>(<a href=\"https:\/\/www.paulcraigroberts.org\/2022\/10\/15\/trumps-response-to-the-nazi-democrats\/\">Paul Craig Roberts<\/a>)<\/p>\n<p>Jede &#8222;Information&#8220; kann genutzt werden, um Euch so lange wie m\u00f6glich in der Dualit\u00e4t &#8222;gefangen&#8220; zu halten.<\/p>\n<p>Alle PsyOps sind dazu da, um uns, unser Gef\u00fchle, unsere Gedankeng\u00e4nge und unsere Seele zu &#8222;kartographieren&#8220;, unsere k\u00fcnftigen Reaktionen (Taten) vorherzusagen oder zu bestimmten.<\/p>\n<p>Solange wir Menschen in der Dualit\u00e4t bleiben, \u00fcber Gut &amp; B\u00f6se streiten, uns gegenseitig angreifen und zerfleischen, bleiben die Herzen geschlossen <strong><span style=\"color: #0000ff;\">und das &#8222;Gew\u00fcnschte&#8220; unerreichbar..<\/span><\/strong>.<\/p>\n<p>Und nur deshalb zwingen sie uns zur <span style=\"color: #0000ff;\"><strong>Re-Aktion.\u00a0<\/strong><\/span>Der Grund ist egal, Hauptsache SIE erzeugen die gewollte <strong>Energie<\/strong>, die aus der niedrigen Frequenz der Schwingung entsteht.<br \/>\nWenn SIE uns nicht direkt versuchen zu zwingen, dann zwingen SIE diejenigen, die unter ihrem Einfluss stehen.<\/p>\n<p><span style=\"color: #0000ff;\"><strong>Frequenz-Zucht.<\/strong><\/span><\/p>\n<p><em>Ist es nicht ziemlich surreal zu sehen, wie die \u00fcberwiegende Mehrheit der \u201eMenschen\u201c einfach \u201eihrem Leben\u201c nachgeht, als ob nichts Au\u00dfergew\u00f6hnliches passiert??<\/em><br \/>\n<em>Sie machen einfach weiter.<\/em><\/p>\n<p><em>Das nennt man Frequenzzucht.<\/em><br \/>\n<em>Die verbundenen Menschen werden in einer Frequenz gehalten, in der sie ALLes verdr\u00e4ngen.<\/em><br \/>\n<em>Sie sehen ALLes, aber sie verdr\u00e4ngen es gleichzeitig.<\/em><br \/>\n<em>Sie leben im Traum des Traumes.<\/em><br \/>\n<em>Sie haben sich damit eine eigene Blase der Illusion aufgebaut, die jeden Moment platzen k\u00f6nnte.<\/em><br \/>\n<em>Und genau das wollen die Spielmacher.<\/em><br \/>\n<em>Dieser Zustand wird mit einem Schockmoment die Psyche der Menschen brechen.<\/em><br \/>\n<em>Amnesie setzt ein und das Gehirn setzt aus.<\/em><br \/>\n<em>ALLes wird vergessen, was vorher war, damit das NEUE blind akzeptiert werden kann.<\/em><br \/>\n<em>Warum?<\/em><br \/>\n<em>Weil Menschen keine Zeit haben werden um nachzudenken.<\/em><br \/>\n<em>Flucht und \u00dcberlegungsmodus.<\/em><\/p>\n<p>@AstroDoQu<\/p>\n<h3><span style=\"color: #0000ff;\"><strong>Verhinderung des wahrhaften Menschens<\/strong><\/span><\/h3>\n<p>Eines der wichtigsten Ziele des Globalen Pr\u00e4diktors ist es, die Menschen daran zu hindern, wahrhaft menschlich zu werden.<\/p>\n<p>Es gibt einen wahren Schatz jenseits der Vorstellungskraft f\u00fcr diejenigen, die hinter die Illusionen der Welt sehen k\u00f6nnen und erkennen, dass die Ablenkungen nur dazu bestimmt sind, ihren wirklich Aufstieg zu blockieren.<\/p>\n<p>Die psychische Struktur eines wahrhaft MENSCHLICHEN Menschen (https:\/\/t.me\/fktarchiv\/57) ist der Reihenfolge nach folgenderma\u00dfen aufgebaut:\u00a0<strong>Gewissen &gt; Intuition &gt; Intellekt &gt; Instinkte<\/strong><\/p>\n<p><span style=\"color: #0000ff;\"><strong>1 Gewissen<\/strong><\/span><\/p>\n<p><span style=\"color: #0000ff;\"><strong>2 Intuition<\/strong><\/span><\/p>\n<p><span style=\"color: #0000ff;\"><strong>3 Intellekt<\/strong><\/span><\/p>\n<p><span style=\"color: #0000ff;\"><strong>4. Instinkte<\/strong><\/span><\/p>\n<p>Diese Struktur erm\u00f6glicht ein <strong>Leben in Harmonie mit der Biosph\u00e4re<\/strong><\/p>\n<ul>\n<li>kein Mensch unterdr\u00fcckt den anderen,<\/li>\n<li>keiner m\u00f6chte nur seine Triebe befriedigen.<\/li>\n<\/ul>\n<p>Doch solche wahrhaftigen MENSCHEN sind nicht steuerbar f\u00fcr den Globalen Pr\u00e4diktor &amp; seine Steuerungsmechanismen. Deshalb mu\u00df er diese Menschwerdung verhindern!<\/p>\n<p><span style=\"color: #0000ff;\"><strong>WIE IST DER ABLAUF EINES STEUERUNGSVORGANGES?<\/strong><\/span><\/p>\n<p>Wir nennen diesen Ablauf die &#8222;vollst\u00e4ndige Steuerungsfunktion (https:\/\/t.me\/fktarchiv\/145)&#8220; (VSF).<\/p>\n<p>Um diese VOLLST\u00c4NDIG ausf\u00fchren zu k\u00f6nnen, sind jedoch 5 Machtarten\u00a0 notwendig<\/p>\n<p>(https:\/\/t.me\/fktarchiv\/177)<\/p>\n<p>Allgemein sind nur die 3 Gewalten bekannt: <strong>Judikative, Exekutive, Legislative\u00a0<\/strong><\/p>\n<p>Es gibt jedoch 2 weitere Machtarten, die\u00a0vom GP und dessen Machtstrukturen bereitgestellt werden:<\/p>\n<p>&#8211;\u00a0<strong>die konzeptuelle Macht<\/strong> (https:\/\/t.me\/fktarchiv\/171) &amp;<\/p>\n<p>&#8211; <strong>die ideologische Macht\u00a0<\/strong><\/p>\n<p><span style=\"color: #0000ff;\"><strong>Wir Menschen haben unsere pers\u00f6nliche Souver\u00e4nit\u00e4t und Autorit\u00e4t ausgelagert.<\/strong><\/span><br \/>\nBis wir Menschen sie zur\u00fcckfordern, werden wir Opfer von fremden Kr\u00e4ften sein, die sich unserer Kontrolle entziehen.<\/p>\n<p>Menschen haben<\/p>\n<ul>\n<li>ihre Gesundheit den \u00c4rzten und dem Krankheitssystem anvertraut,<\/li>\n<li>den Verstand ihrer Kinder den Schulen und dem Bildungssystem \u00fcbertragen,<\/li>\n<li>ihren eigenen Verstand den Medien und dem Massenmedien (inkl. Internet) \u00fcberlassen,<\/li>\n<li>ihren Wohlstand den Superreichen und ihren Firmen (Staatssimulation) abgegeben,<\/li>\n<li>ihre Sicherheit den Politikern und den Regierungen \u00fcbergeben.<\/li>\n<\/ul>\n<p><span style=\"color: #0000ff;\"><strong>Wir Menschen m\u00fcssen JETZT Verantwortung f\u00fcr uns \u00fcbernehmen!<\/strong><\/span><\/p>\n<h3 class=\"entry-title\"><strong><a href=\"https:\/\/terraherz.wpcomstaging.com\/2022\/09\/23\/unbedingt-televisionen-werden-wahr-mainstream-manipulation-magie-monster\/\" rel=\"bookmark\">Televisionen werden wahr ::: Mainstream Manipulation Magie Monster<\/a><\/strong><\/h3>\n<p><iframe loading=\"lazy\" title=\"YouTube video player\" src=\"https:\/\/www.youtube.com\/embed\/yKerC6y02MA\" width=\"560\" height=\"315\" frameborder=\"0\" allowfullscreen=\"allowfullscreen\"><\/iframe><\/p>\n<h3><span style=\"color: #0000ff;\"><strong>Das am tiefsten verwurzelte Programm der Matrix war die Religion<\/strong> <\/span><\/h3>\n<p>&#8211; sie ist mit Geld verbunden und die Wurzel allen \u00dcbels.<\/p>\n<p>Ihre Agent Smiths\/Bots k\u00f6nnen mit Ger\u00e4ten mit DARPA\/Milit\u00e4rischer K\u00fcnstlicher Intelligenz kommunizieren und sie in Drohnen verwandeln.<\/p>\n<p>Sie haben dieses System geschaffen, um ihre negative Energie anzuheizen und die Menschen in einer niedrigen Schwingung und einem niedrigen Bewusstseinsniveau zu halten.<\/p>\n<p>Sie halten SIE in einem sich wiederholenden Zyklus innerhalb ihrer Systemkontrolle. Es ist eine <strong>Massenbildungspsychose<\/strong> auf h\u00f6chstem Niveau.<\/p>\n<p>Sie halten das Gehirn mit ihrer Simulation des Betrugs verbunden, dessen Ausma\u00df durch die Executive Order 13818 mit Kegelmarkern und Masken visuell gezeigt wurde.<\/p>\n<p>Das Gleiche gilt f\u00fcr die <strong>Informationen hinter Religionen,<\/strong> einem von den Reptilianern und Grauen geschaffenen Werkzeug.<\/p>\n<p>Wie jedes Softwareprogramm l\u00e4uft es in einer Systemumgebung mit Variablen, die SIE kontrollieren. Schauen Sie hinter den Schleier.<br \/>\nWWG1WGA<br \/>\nhttps:\/\/t.me\/CodezVII<\/p>\n<p>Die Reptilianer, die zusammen mit der Nazi-Weltordnung auf der dunklen Seite des Mondes einen galaktischen Krieg gegen die Galaktische Allianz f\u00fchrten, wurden besiegt. Die verbleibenden Menschen in ihrer unterirdischen Matrix werden jetzt in den medizinischen Betten vollst\u00e4ndig geheilt. Dies bringt das wichtige Thema zur Sprache, das ich dem amerikanischen Volk direkt vermitteln m\u00f6chte: die Technologie hinter &#8222;NeuraLink&#8220;, die das menschliche Gehirn direkt mit einer Maschine verbindet. Der &#8222;Film&#8220; begann 1999, unser gro\u00dfes Milit\u00e4r hat die Kontrolle, seit &#8222;Clinton&#8220; NESARA unterzeichnet hat. Das wird den Amerikanern und der Welt die Freiheiten geben, die sie brauchen, um zu w\u00e4hlen, was sie gerne tun. Eine sch\u00f6ne neue Welt erwartet uns alle, eine Welt, in der es keine Armut, keine Obdachlosigkeit, kein Leid, keine Ungerechtigkeiten gibt und unsere unschuldigen Kinder FREI sind. Mit Hilfe fortschrittlicher Technologien wurden viele Menschen get\u00f6tet und geklont oder einfach holographisch projiziert. Die Infiltration erfolgte auf h\u00f6chstem Niveau, da ihre b\u00f6sen KI-Nanos &#8211; wie in unseren Kan\u00e4len besprochen &#8211; aus einer anderen Dimension \u00fcber die Einstein-Rosen-Br\u00fccke kamen. Was uns erlaubt, eine neue Realit\u00e4t und unsere kreativen Freiheiten zu bringen.<br \/>\n&gt;&gt;&gt;<br \/>\nWo wir einen gehen, gehen wir alle.<br \/>\nMeine amerikanischen Mitb\u00fcrger, der Sturm ist \u00fcber uns&#8230;<br \/>\n&gt;&gt;&gt;<br \/>\nJohn F. Kennedy Jr., 19. Vizepr\u00e4sident<br \/>\n&gt;&gt;&gt;&gt;&gt;&gt;&gt;&gt;&gt;&gt;&gt;&gt;&gt;&gt;&gt;&gt;&gt;&gt;&gt;&gt;&gt;&gt;&gt;&gt;&gt;&gt;&gt;&gt;&gt;&gt;&gt;&gt;&gt;&gt;<br \/>\nhttps:\/\/t.me\/CodezVII<\/p>\n<p>&gt;&gt;&gt;&gt;&gt;&gt;&gt;&gt;&gt;&gt;&gt;&gt;&gt;&gt;&gt;&gt;&gt;&gt;&gt;&gt;&gt;&gt;&gt;&gt;&gt;&gt;&gt;&gt;&gt;&gt;&gt;&gt;&gt;&gt;<\/p>\n<p><span style=\"color: #0000ff;\"><strong>MKULTRA: Die CIA machte B\u00fcrger zu Versuchskaninchen<\/strong><\/span><br \/>\n<em>&#8222;Das Projekt MKULTRA geh\u00f6rt zu den dunkelsten Kapiteln in der Geschichte der Geheimdienste. In den 1950ern und -60ern benutzte die CIA die Bev\u00f6lkerung f\u00fcr Experimente zur &#8222;Gedankenkontrolle&#8220;. &#8230; Tests an Menschen \u201eaus allen Schichten&#8220;. Als m\u00f6gliche Mittel zu diesem Zweck fasste man halluzinogene Drogen, Elektroschocks, Hypnose, Operationen und Methoden der Psychologie ins Auge. Getestet werden sollten Menschen \u201eaus allen sozialen Schichten&#8220;, Amerikaner wie Ausl\u00e4nder. Insgesamt 86 Universit\u00e4ten, Krankenh\u00e4user und andere Institutionen waren an den Versuchen beteiligt &#8211; oft, ohne zu wissen, dass sie f\u00fcr den Geheimdienst forschten. Und auch viele der Versuchspersonen wussten nichts von ihrem Schicksal. &#8230;&#8220;<\/em> [die Presse 22.6.12]<\/p>\n<p>Verschiedene Namen und Programme von wissenschaftlichen Experten f\u00fcr das Gleiche:<\/p>\n<ul>\n<li>Mind Control<\/li>\n<li>MK Ultra (Ultra Mind Kontrolle)<\/li>\n<li>Gehirnw\u00e4sche<\/li>\n<li>Mikrowellen-Frequenzen<\/li>\n<li>Psychologische Kriegsf\u00fchrung<\/li>\n<\/ul>\n<p>Auch solche gesellschaftliche Gegen-Prozesse werden programmiert, wie<\/p>\n<ul>\n<li>Widerstand<\/li>\n<li>Proteste<\/li>\n<li>Demonstrationen<\/li>\n<li>Wahrheitsbewegung (Truther)<\/li>\n<\/ul>\n<p><strong><span style=\"color: #0000ff;\">Montauk-Projekt<\/span><\/strong><\/p>\n<p>Wir sind im Land der G\u00f6tter und wir sind die G\u00f6tter.<br \/>\nNur wir liegen da und schlafen.<br \/>\nWir tr\u00e4umen.<br \/>\nWir sind in einem Montauk-Projekt.<br \/>\nDiese Simulation ist eine Traumwelt.<br \/>\nDu bist gerade mitten in einem Traum.<\/p>\n<p>Aufwachen wirst du mit dieser Einstellung nicht.<br \/>\nEs ist unm\u00f6glich aufzuwachen, w\u00e4hrend du dir nicht bewusst bist, dass du schl\u00e4fst.<br \/>\nAufwachen k\u00f6nnen nur eine Handvoll Menschen.<br \/>\nUnd sie wachen gerade auf.<br \/>\nImmer mehr Menschen werden aus der Matrix rausgeholt.<br \/>\nAber nicht von Putin oder Trump.<br \/>\nSondern von ihm Selbst, den Einen, also dem Menschen Selbst.<br \/>\nUnsere Ahnen sind geistig ausgetreten und wirken mit.<\/p>\n<p>An ALLe Sternsaaten, wir haben die Software, um ALLes zu erschaffen!<br \/>\nIhr braucht nur die Qualit\u00e4t eures Traumes bewusst zu ver\u00e4ndern.<\/p>\n<p>Worauf wartest du??!<br \/>\nDu musst nicht mehr von den Quellenlosen, den Nachahmern beherrscht werden!!<\/p>\n<h3><span style=\"color: #0000ff;\"><strong>Bletchley Park<\/strong><\/span><\/h3>\n<p>\u00dcber 200 Gelehrte von Eliteuniversit\u00e4ten sind von den Westallierten beauftragt worden, sich ab Mitte 1943 bis Anfang 1946 zu beraten, wie man die verhasste deutsche Mentalit\u00e4t auf Dauer brechen k\u00f6nne. Mit einer perfiden Psycho-Strategie, ausgearbeitet von einer gro\u00dfz\u00fcgig finanzierten Denkfabrik, wurde die deutsche Seele und das Deutschsein im Verlauf von 75 Jahren beinahe ausgemerzt. Unter h\u00f6chster Geheihaltung wohnten und tagten diese teils mit dem\u00a0<a class=\"external\" href=\"http:\/\/de.wikipedia.org\/wiki\/Victoria-Kreuz\" target=\"_blank\" rel=\"nofollow noopener\">Viktoriakreuz<\/a>\u00a0ausgezeichneten Zivilisten in dem weitl\u00e4ufigen britischen Landsitz\u00a0<a class=\"external\" href=\"http:\/\/de.wikipedia.org\/wiki\/Bletchley_Park\" target=\"_blank\" rel=\"nofollow noopener\"><strong>Bletchley Park<\/strong><\/a>\u00a0eine Autostunde nordwestlich von London.<br \/>\nDer bis heute geheim gehaltene Coup war ein \u00fcbles PsyOp-Kriegsverbrechen, das insbesondere den Westdeutschen \u00fcber 3-4 Generationen eine ausgekl\u00fcgelte\u00a0<a class=\"wikilink\" title=\"\" href=\"https:\/\/de.spiritualwiki.org\/Wiki\/Bewusstseinskontrolle\">Bewusstseinskontrolle<\/a>\u00a0einschleuste. Es gelang, sie zu <strong>schuld- und schambesetzten<\/strong> <strong>gehorsamen<\/strong> Untertanen und <em><strong>&#8222;zweit-klassigen Amerikanern&#8220;<\/strong> <\/em>umzuformen, die sich untereinander zerkriegen und fordernden Nationen bereitwillig als Goldesel dienen.<\/p>\n<p>Von allen Seiten \u2013 Politik, Bildungswesen, Medien, Unterhaltungsindustrie \u2013 wurde den Deutschen die l\u00e4hmende L\u00fcge eingebleut, im Grunde ihres Wesens b\u00f6se zu sein.<\/p>\n<div class=\"indent\"><span class=\"z\"><em><strong>&#8222;Es ist die Angst, dass ein Deutscher \u2013 im Unterschied zu allen anderen Menschen \u2013 eine gr\u00f6\u00dfere Veranlagung zum B\u00f6sen bes\u00e4\u00dfe.&#8220; (Flip-Brosch\u00fcre von William und Lisa Toel\u00a0<a class=\"external\" href=\"https:\/\/simplebooklet.com\/esistguteindeutscherzusein#page=5\" target=\"_blank\" rel=\"nofollow noopener\">Es ist gut Deutscher zu sein<\/a>, S. 5, 10. M\u00e4rz 2020\u00a0<a href=\"https:\/\/de.spiritualwiki.org\/Wiki\/Deutschland#fnr1_3\">\u21d1<\/a>)<\/strong><\/em><\/span><\/div>\n<h3 id=\"video-title\" class=\"page-title\"><span style=\"color: #0000ff;\"><strong>NWO DIE NEUE WELTORDNUNG TEIL 6 -ILLUMINATI THE NEW WORLD ORDER<\/strong><\/span><\/h3>\n<p><iframe loading=\"lazy\" style=\"border: none;\" src=\"https:\/\/www.bitchute.com\/embed\/CAU27gxvy1Tk\/\" width=\"640\" height=\"360\" frameborder=\"0\" scrolling=\"no\"><\/iframe><\/p>\n<h3 id=\"video-title\" class=\"page-title\"><span style=\"color: #0000ff;\"><strong>NWO DIE NEUE WELTORDNUNG TEIL 7 MIND CONTROL<\/strong><\/span><\/h3>\n<p><iframe loading=\"lazy\" style=\"border: none;\" src=\"https:\/\/www.bitchute.com\/embed\/Frc599lCLnBj\/\" width=\"640\" height=\"360\" frameborder=\"0\" scrolling=\"no\"><\/iframe><\/p>\n<p>Hier mehrere Videos \u00fcber das System der manipulierten Weltanschauung:\u00a0<a href=\"https:\/\/www.bitchute.com\/channel\/j2gI19Ule5L2\/\"><span class=\"OrganicTitleContentSpan organic__title\" role=\"text\"><b>ILLUMINATI<\/b>&#8211;<b>NEWS<\/b>\u00a0<b>TV<\/b><\/span><\/a><\/p>\n<p><a href=\"https:\/\/t.me\/ILLUMINATI_NEWS_TV\">https:\/\/t.me\/ILLUMINATI_NEWS_TV<\/a><\/p>\n<h3 class=\"title style-scope ytd-video-primary-info-renderer\"><span style=\"color: #0000ff;\"><strong>Was hier wirklich geschieht<\/strong><\/span><\/h3>\n<p><iframe loading=\"lazy\" title=\"YouTube video player\" src=\"https:\/\/www.youtube.com\/embed\/AmthGp1sY6c\" width=\"560\" height=\"315\" frameborder=\"0\" allowfullscreen=\"allowfullscreen\"><\/iframe><\/p>\n<p>WIESO H\u00c4LT SICH IN DER GESELLSCHAFT EINEE MEINUNG?<\/p>\n<p>Auf diese Frage bieten die 6 Priorit\u00e4ten der Steuerung (https:\/\/t.me\/fktarchiv\/16) eine Antwort<\/p>\n<p>\u2014 Priorit\u00e4t 1 (<strong>Weltanschauung<\/strong>), Priorit\u00e4t 2 (<strong>Chronologie<\/strong>), Priorit\u00e4t 3 (<strong>Faktologie<\/strong>) verhindern, dass der Mensch, die Objektive Realit\u00e4t als Wahrheit anerkennt, weil sie die Realit\u00e4t verzerren.<\/p>\n<p><a href=\"http:\/\/reich-sein.eu\/club\/wp-content\/uploads\/2022\/09\/6-prioritaeten-steuerung.jpg-nggid0224-ngg0dyn-1280x720x100-00f0w010c010r110f110r010t010.jpg\"><img loading=\"lazy\" decoding=\"async\" class=\"alignleft size-large wp-image-3397\" src=\"http:\/\/reich-sein.eu\/club\/wp-content\/uploads\/2022\/09\/6-prioritaeten-steuerung.jpg-nggid0224-ngg0dyn-1280x720x100-00f0w010c010r110f110r010t010-1024x576.jpg\" alt=\"\" width=\"1024\" height=\"576\" srcset=\"https:\/\/reich-sein.eu\/club\/wp-content\/uploads\/2022\/09\/6-prioritaeten-steuerung.jpg-nggid0224-ngg0dyn-1280x720x100-00f0w010c010r110f110r010t010-1024x576.jpg 1024w, https:\/\/reich-sein.eu\/club\/wp-content\/uploads\/2022\/09\/6-prioritaeten-steuerung.jpg-nggid0224-ngg0dyn-1280x720x100-00f0w010c010r110f110r010t010-300x169.jpg 300w, https:\/\/reich-sein.eu\/club\/wp-content\/uploads\/2022\/09\/6-prioritaeten-steuerung.jpg-nggid0224-ngg0dyn-1280x720x100-00f0w010c010r110f110r010t010-768x432.jpg 768w, https:\/\/reich-sein.eu\/club\/wp-content\/uploads\/2022\/09\/6-prioritaeten-steuerung.jpg-nggid0224-ngg0dyn-1280x720x100-00f0w010c010r110f110r010t010.jpg 1280w\" sizes=\"auto, (max-width: 1024px) 100vw, 1024px\" \/><\/a><\/p>\n<h3><span style=\"color: #0000ff;\"><b>Das Gehirn des B\u00fcrgers ist das Schlachtfeld in der Kriegsf\u00fchrung des 21. Jahrhunderts<\/b><\/span><\/h3>\n<p>Die NATO hat den traditionellen Bereichen der Kriegsf\u00fchrung &#8211; <span style=\"color: #0000ff;\"><strong>Land, See, Luft, Raum und Cyberspace<\/strong><\/span> &#8211; einen neuen hinzugef\u00fcgt: den &#8222;<strong><span style=\"color: #0000ff;\">kognitiven Bereich<\/span><\/strong>&#8222;. Dabei geht es nicht nur darum, bestimmte Ideen oder Verhaltensweisen durchzusetzen, wie dies bei der traditionellen Propaganda und den psychologischen Operationen der Fall ist, sondern auch darum, die Wahrnehmung zu ver\u00e4ndern, d.h. den Prozess zu beeinflussen, durch den wir selbst zu Ideen, Einsichten, \u00dcberzeugungen, Entscheidungen und Verhaltensweisen gelangen. Das Ziel ist nicht in erster Linie eine feindliche Armee, sondern der B\u00fcrger. Der Krieg wird nicht mehr durch das Verschieben einer Grenze auf einer Landkarte gewonnen, sondern durch die ideologische Bekehrung des Ziels.<br \/>\n<a href=\"https:\/\/www.globalresearch.ca\/citizen-brain-battlefield-21st-century-warfare\/5794156\" target=\"_blank\" rel=\"noopener\">https:\/\/www.globalresearch.ca\/citizen-brain-battlefield-21st-century-warfare\/5794156<\/a><\/p>\n<p><strong>Du bist das ALL, das sich in einem zerbrechlichen Gef\u00e4\u00df erf\u00e4hrt.<\/strong><br \/>\n<em>Dein Geist kann gefangen sein, aber deine Seele ist st\u00e4rker als die Programmierung!<\/em><br \/>\n<em>Du hast keine Begrenzung. <\/em><br \/>\n<em>Du glaubst es nur nicht.<\/em><br \/>\n<em>Du wei\u00dft es, aber du kannst es nicht umsetzen.<\/em><br \/>\n<em>Es gibt eigentlich nichts, was du nicht tun kannst!<\/em><br \/>\n<em>Du bist das Universum, das sich Selbst durch einen blo\u00dfen menschlichen K\u00f6rper vollst\u00e4ndig erf\u00e4hrt.<\/em><\/p>\n<p><em>Jemand wird jetzt aber fragen: \u201ewie kommt es dann, dass wir leiden und so viele Schwierigkeiten haben? <\/em><br \/>\n<em>Warum passiert es, wenn wir das ALL sind?&#8220;<\/em><br \/>\n<em>Nun, uns wurde beigebracht, uns Selbst zu vergiften. <\/em><br \/>\n<em>Uns wurde beigebracht, dass wir nicht gut genug sind. <\/em><br \/>\n<em>Wir wurden dazu programmiert und fast schon geschaffen, Gott im Au\u00dfen zu suchen.<\/em><br \/>\n<em>Diese T\u00e4uschung deformierte unser Unterbewusstsein und eine Sklavenmentalit\u00e4t wurde geboren.<\/em><\/p>\n<p><em>Genau deshalb wird Religion gelehrt. <\/em><br \/>\n<em>Deshalb wird immer eine Abh\u00e4ngigkeit gegen\u00fcber einer Figur aufgebaut.<\/em><br \/>\n<em>Das ist immer IHR Spiel.<\/em><br \/>\n<em>Genau deshalb wird rund um die Uhr programmiert.<\/em><br \/>\n<em>Es geht ihnen nicht darum, dich zu retten, sondern um dich unbewusst zu deformieren. <\/em><br \/>\n<em>Deshalb die unglaublich emotionalen Geschichten und M\u00e4rchen.<\/em><br \/>\n<em>Ich wei\u00df du glaubst mir nicht, nur deshalb scheint ALLes an der Oberfl\u00e4che so vorteilhaft zu sein, aber eigentlich das Gegenteil der Fall ist!<\/em><\/p>\n<p><a href=\"https:\/\/t.me\/AstroDoQu\/3456\">https:\/\/t.me\/AstroDoQu\/3456<\/a><\/p>\n","protected":false},"excerpt":{"rendered":"<p>Mind Control (Kontrolle von Bewu\u00dftsein und Gehirn) Kontrolle Deiner Welt-Anschauung und Wahr-Nehmung durch Massen-Programmierung. &#8222;Eine Bev\u00f6lkerung, die Stunde f\u00fcr Stunde, Tag f\u00fcr Tag, Woche f\u00fcr Woche, Monat f\u00fcr Monat, Jahr f\u00fcr Jahr, Jahrzehnt f\u00fcr Jahrzehnt belogen wurde, verf\u00fcgt nicht \u00fcber verl\u00e4ssliche Informationen, um die Realit\u00e4t zu verstehen. Das ist heute das Schicksal der gesamten westlichen [&hellip;]<\/p>\n","protected":false},"author":1,"featured_media":0,"parent":1672,"menu_order":0,"comment_status":"closed","ping_status":"closed","template":"members-style1-nosidebar.php","meta":{"footnotes":"","_links_to":"","_links_to_target":""},"class_list":["post-3036","page","type-page","status-publish","hentry"],"_links":{"self":[{"href":"https:\/\/reich-sein.eu\/club\/wp-json\/wp\/v2\/pages\/3036","targetHints":{"allow":["GET"]}}],"collection":[{"href":"https:\/\/reich-sein.eu\/club\/wp-json\/wp\/v2\/pages"}],"about":[{"href":"https:\/\/reich-sein.eu\/club\/wp-json\/wp\/v2\/types\/page"}],"author":[{"embeddable":true,"href":"https:\/\/reich-sein.eu\/club\/wp-json\/wp\/v2\/users\/1"}],"replies":[{"embeddable":true,"href":"https:\/\/reich-sein.eu\/club\/wp-json\/wp\/v2\/comments?post=3036"}],"version-history":[{"count":36,"href":"https:\/\/reich-sein.eu\/club\/wp-json\/wp\/v2\/pages\/3036\/revisions"}],"predecessor-version":[{"id":4013,"href":"https:\/\/reich-sein.eu\/club\/wp-json\/wp\/v2\/pages\/3036\/revisions\/4013"}],"up":[{"embeddable":true,"href":"https:\/\/reich-sein.eu\/club\/wp-json\/wp\/v2\/pages\/1672"}],"wp:attachment":[{"href":"https:\/\/reich-sein.eu\/club\/wp-json\/wp\/v2\/media?parent=3036"}],"curies":[{"name":"wp","href":"https:\/\/api.w.org\/{rel}","templated":true}]}}