{"id":3061,"date":"2022-09-17T18:25:18","date_gmt":"2022-09-17T16:25:18","guid":{"rendered":"http:\/\/reich-sein.eu\/club\/?page_id=3061"},"modified":"2022-11-24T15:14:00","modified_gmt":"2022-11-24T13:14:00","slug":"fragen","status":"publish","type":"page","link":"https:\/\/reich-sein.eu\/club\/mittel\/fragen\/","title":{"rendered":"Fragen"},"content":{"rendered":"<h2><span style=\"color: #0000ff;\"><strong>Frage und h\u00f6re auf Deine innere Stimme<\/strong><\/span><\/h2>\n<p><strong><em>\u201eAlle echten, aus dem Geiste geborenen Bitten k\u00f6nnen einer Antwort sicher sein. Bittet, und ihr werdet empfangen.\u201c<\/em><\/strong>\u00a0(Urantiabuch, 168:4.13 (1849.4)<\/p>\n<p><em><strong>Wer fragt ist ein Narr f\u00fcr eine Minute. Wer nicht fragt, ist ein Narr sein Leben lang.\u00a0<\/strong><\/em>(Konfuzius)<\/p>\n<p><span style=\"color: #0000ff;\"><strong>1) Wer fragt, der f\u00fchrt andere!<\/strong><\/span><\/p>\n<p>andere durch Fragen im Gespr\u00e4ch f\u00fchren, in dem sie (zielgerichtet) Antworten geben<\/p>\n<ul>\n<li><strong>Sokrates<\/strong>-Gespr\u00e4chsf\u00fchrung<\/li>\n<\/ul>\n<p><span style=\"color: #0000ff;\"><strong>2) Wer fragt, der wird selbst gef\u00fchrt<\/strong><\/span><\/p>\n<p>sich selbst mit Fragen f\u00fchren, indem das H\u00f6here Selbst Antworten gibt<\/p>\n<p><em>Es ist dein Herz, auf das du dich konzentrieren solltest.<\/em><br \/>\n<em>Deine Kraft liegt in deinem Jetzt-Moment und in deinem Jetzt-Leben. <\/em><br \/>\n<em>Die anderen Leben bieten dir Weisheit, Wissen und Gaben. <\/em><br \/>\n<em>Dein H\u00f6heres Selbst kann dich mit deiner ewigen Kraft und deinen Gaben verbinden. <\/em><br \/>\n<em>Einfach fragen.<\/em> (@DoQusThreads)<\/p>\n<h3><span style=\"color: #0000ff;\"><strong>Grundfrage beim Manifestieren:<\/strong><\/span><\/h3>\n<p><span style=\"color: #0000ff;\"><em><strong>Was will ich wirklich (in meinem Leben) erreichen?<\/strong><\/em><\/span><\/p>\n<p>Die erste (und beste!) Quelle f\u00fcr die Beantwortung deiner Fragen ist nat\u00fcrlich deine <strong>&#8222;innere Stimme&#8220;. <\/strong><\/p>\n<p>Sie kann sich z.B. ausdr\u00fccken \u00fcber<\/p>\n<ul>\n<li>Dein Gef\u00fchl,<\/li>\n<li>Deinen Bauch (&#8222;Bauchgef\u00fchl&#8220;) oder<\/li>\n<li>Deine Intuition.<\/li>\n<\/ul>\n<h3 class=\"blueHeading slogan\"><strong><span style=\"color: #0000ff;\">Das Orakel &#8211; kommuniziere mit der Intelligenz des Universums!<\/span><\/strong><\/h3>\n<p><a href=\"https:\/\/www.spiritwissen.de\/cgi-bin\/guide?p=orakel\"><strong>Das Orakel kann Dir auf Wunsch\u00a0eine pers\u00f6nliche Frage beantworten,\u00a0<\/strong><\/a>wenn Du von Deiner inneren Stimme keine klare Antwort erh\u00e4ltst. So funktioniert es:<\/p>\n<div id=\"inhalt\"><strong>Das Universum antwortet dir immer mit der gleichen Energie, mit der Du Deine Frage stellst.<\/strong>\u00a0Daher empfehle ich, keine Frage aus reiner Neugier zu stellen! Wenn du nur fragst, weil du ohnehin nicht daran glaubst, dass du hier und jetzt mit einer h\u00f6heren Intelligenz kommunizieren kannst, wird dich das Orakel genau darin best\u00e4tigen. Denn du hast einen freien Willen der dar\u00fcber entscheidet, was du glauben m\u00f6chtest und was nicht. Das Universum hat kein Interesse daran, dich vom Gegenteil zu \u00fcberzeugen! Es wird das best\u00e4tigen, was du glaubst. Daher hei\u00dft es:\u00a0<strong><em>&#8222;Jedem schieht nach seinem Glauben&#8220;<\/em>.<\/strong>\u00a0Wie du in den Wald hineinrufst&#8230; Wenn dir etwas wirklich wichtig ist, wird die Antwort vom Orakel auch entsprechend ernst und tief sein.<br \/>\n&#8211; Hintergrund daf\u00fcr, dass dieses Orakel funktioniert, ist die Tatsache, dass es\u00a0<strong>keine Zuf\u00e4lle<\/strong>\u00a0gibt. Alles, was geschieht, unterliegt ganz bestimmten Regeln und Gesetzen. Siehe mehr dazu auch hier: -&gt;\u00a0<a class=\"blue bold\" href=\"https:\/\/www.spiritwissen.de\/geistige-gesetze\">Geistige Gesetze<\/a>. Du bezeichnest etwas als &#8222;Zufall&#8220;, wenn du die Regeln und Gesetze, die Ursache f\u00fcr ein Ereignis sind, nicht erkennen kannst oder verstehst.<br \/>\n<strong>&#8211; Wenn es keine Zuf\u00e4lle gibt, kann auch die &#8222;Zufallsantwort&#8220; auf deine Frage kein Zufall sein!<\/strong>\u00a0Tatsache ist: Hinter jeglichem Geschehen steckt eine allumfassende Intelligenz, die die Abl\u00e4ufe unsichtbar steuert. Diese Intelligenz kann auch \u00fcber dieses &#8222;Orakel&#8220; spielerisch mit dir kommunizieren, wenn du es denn willst.\u00dcberlege, welche Frage dich heute am meisten besch\u00e4ftigt. Etwas, das Dir zu Zeit am meisten am Herzen liegt.<\/div>\n<div>1 Dann\u00a0<strong>spreche diese Frage laut aus,<\/strong><\/div>\n<div>2 Halte dann einen Moment lang inne.<\/div>\n<div>3 Und dann w\u00e4hle unten die gew\u00fcnschte Art der Antwort!<\/div>\n<div><span style=\"color: #0000ff;\"><strong>Die\u00a0Herzensqualit\u00e4t,<\/strong> <\/span>die hinter deiner Frage steht, entscheidet \u00fcber die Qualit\u00e4t der Antwort, die du bekommst!<\/div>\n<p><a href=\"https:\/\/www.spiritwissen.de\/cgi-bin\/guide?p=orakel\">https:\/\/www.spiritwissen.de\/cgi-bin\/guide?p=orakel<\/a><\/p>\n<h3><span style=\"color: #0000ff;\"><strong>Afformieren<\/strong><\/span><\/h3>\n<p>Affirmationen (positive Glaubenss\u00e4tze aus Aussagen) sind in der Pers\u00f6nlichkeitsentwicklung weit verbreitet und angewendet.<br \/>\nIndem ich mir 1.000 Mal am Tag sage, dass ich reich bin und ein Geldmagnet bin, ist mein Unterbewusstsein irgendwann davon \u00fcberzeugt. Erst dann befinde ich mich in einer anderen Schwingung, denke, f\u00fchle und verhalte mich anders und ziehe dadurch neue Situationen und Menschen an. Ich verhalte mich wie ein reicher Mensch und werde letztendlich ebenfalls reich.<br \/>\nDas Problem ist dabei, da\u00df sie oft nicht helfen, weil die innere Glaubens-Realit\u00e4t dagegen steht. Affirmationen bewirken nichts oder nur langfristig mit viel Disziplin und M\u00fche, wenn Du Dich emotional zu weit entfernt vom Angestrebten f\u00fchlst.<br \/>\nAffirmationen sind jedoch Afformationen in der Wirkung unterlegen.<\/p>\n<p><strong>Noah St. John ist der Verbreiter der Methode der \u201eAfformationen\u201c<\/strong><br \/>\n(https:\/\/youtu.be\/RjUIarUAioY)<\/p>\n<p><iframe loading=\"lazy\" title=\"YouTube video player\" src=\"https:\/\/www.youtube.com\/embed\/RjUIarUAioY\" width=\"560\" height=\"315\" frameborder=\"0\" allowfullscreen=\"allowfullscreen\" data-mce-fragment=\"1\"><\/iframe><\/p>\n<p>Mit\u00a0<strong>Affirmationen<\/strong>\u00a0machst Du Dir wei\u00df, da\u00df Du schon jetzt etwas erreicht hast.<br \/>\nDas Prinzip der\u00a0<strong>Afformationen<\/strong>\u00a0ist anders:<br \/>\nDu stellst Dir dabei eine Frage und forderst dadurch Dein Unterbewusstsein auf, Dir Antworten zu liefern.<br \/>\n<strong>Afformationen sind mehrfach st\u00e4rker als Affirmationen.<\/strong><\/p>\n<p>Alle echten, aus dem Geiste geborenen Bitten k\u00f6nnen einer Antwort sicher sein. Bittet, und ihr werdet empfangen.\u201c (Urantiabuch, 168:4.13 (1849.4)<\/p>\n<p>Affirmationen (positive Glaubenss\u00e4tze aus Aussagen) sind in der Pers\u00f6nlichkeitsentwicklung weit verbreitet und angewendet.<br \/>\nIndem ich mir 1.000 Mal am Tag sage, dass ich reich bin und ein Geldmagnet bin, ist mein Unterbewusstsein irgendwann davon \u00fcberzeugt. Erst dann befinde ich mich in einer anderen Schwingung, denke, f\u00fchle und verhalte mich anders und ziehe dadurch neue Situationen und Menschen an. Ich verhalte mich wie ein reicher Mensch und werde letztendlich ebenfalls reich.<br \/>\nDas Problem ist dabei, da\u00df sie oft nicht helfen, weil die innere Glaubens-Realit\u00e4t dagegen steht. Affirmationen bewirken nichts oder nur langfristig mit viel Disziplin und M\u00fche, wenn Du Dich emotional zu weit entfernt vom Angestrebten f\u00fchlst.<br \/>\nAffirmationen unterliegen Afformationen.<\/p>\n<p>Noah St. John ist der Verbreiter der Methode der \u201eAfformationen\u201c<br \/>\n(https:\/\/youtu.be\/RjUIarUAioY)<\/p>\n<p>Mit Affirmationen machst Du Dir wei\u00df, da\u00df Du schon jetzt etwas erreicht hast.<br \/>\nDas Prinzip der Afformationen ist anders:<br \/>\nDu stellst Dir dabei eine Frage und forderst dadurch Dein Unterbewusstsein auf, Dir Antworten zu liefern.<br \/>\nAfformationen sind mehrfach st\u00e4rker als Affirmationen.<\/p>\n<h3 class=\"title\"><strong><a class=\"book-title\" href=\"https:\/\/www.urantia.org\/de\/inspirierende-fragen\">Inspirierende Fragen (Urantia-Buch)<\/a><\/strong><\/h3>\n<ul class=\"menu\">\n<li class=\"leaf first\"><a href=\"https:\/\/www.urantia.org\/de\/inspirierende-fragen\/bestraft-gott-uns\">Bestraft Gott uns?<\/a><\/li>\n<li class=\"leaf\"><a href=\"https:\/\/www.urantia.org\/de\/inspirierende-fragen\/gibt-es-die-holle\">Gibt es die H\u00f6lle?<\/a><\/li>\n<li class=\"leaf\"><a href=\"https:\/\/www.urantia.org\/de\/inspirierende-fragen\/gibt-es-noch-anderes-intelligentes-leben-im-universum\">Gibt es noch anderes intelligentes Leben im Universum?<\/a><\/li>\n<li class=\"leaf active-trail\"><a class=\"active\" href=\"https:\/\/www.urantia.org\/de\/inspirierende-fragen\/hat-sich-der-mensch-entwickelt-oder-wurde-er-erschaffen\">Hat sich der Mensch entwickelt oder wurde er erschaffen?<\/a><\/li>\n<li class=\"leaf\"><a href=\"https:\/\/www.urantia.org\/de\/inspirierende-fragen\/hatte-jesus-bruder-und-schwestern\">Hatte Jesus Br\u00fcder und Schwestern?<\/a><\/li>\n<li class=\"leaf\"><a href=\"https:\/\/www.urantia.org\/de\/inspirierende-fragen\/ist-gott-in-mir\">Ist Gott in mir?<\/a><\/li>\n<li class=\"leaf\"><a href=\"https:\/\/www.urantia.org\/de\/inspirierende-fragen\/ist-jesus-wirklich-auferstanden\">Ist Jesus wirklich auferstanden?<\/a><\/li>\n<li class=\"leaf\"><a href=\"https:\/\/www.urantia.org\/de\/inspirierende-fragen\/ist-es-falsch-materiellen-reichtum-erwerben-zu-wollen\">Ist es falsch, materiellen Reichtum erwerben zu wollen?<\/a><\/li>\n<li class=\"leaf\"><a href=\"https:\/\/www.urantia.org\/de\/inspirierende-fragen\/ist-unser-planet-etwas-besonderes\">Ist unser Planet etwas Besonderes?<\/a><\/li>\n<li class=\"leaf\"><a href=\"https:\/\/www.urantia.org\/de\/inspirierende-fragen\/sind-engel-real\">Sind Engel real?<\/a><\/li>\n<li class=\"leaf\"><a href=\"https:\/\/www.urantia.org\/de\/inspirierende-fragen\/sind-wir-unsterblich\">Sind wir unsterblich?<\/a><\/li>\n<li class=\"leaf\"><a href=\"https:\/\/www.urantia.org\/de\/inspirierende-fragen\/sollten-wir-angst-haben\">Sollten wir Angst haben?<\/a><\/li>\n<li class=\"leaf\"><a href=\"https:\/\/www.urantia.org\/de\/inspirierende-fragen\/um-dahin-zu-gehen-wo-niemand-zuvor-gewesen-ist\">Um dahin zu gehen, wo niemand zuvor gewesen ist<\/a><\/li>\n<li class=\"leaf\"><a href=\"https:\/\/www.urantia.org\/de\/inspirierende-fragen\/was-bedeutet-es-gerettet-zu-werden\">Was bedeutet es, gerettet zu werden?<\/a><\/li>\n<li class=\"leaf\"><a href=\"https:\/\/www.urantia.org\/de\/inspirierende-fragen\/was-hat-jesus-uber-die-liebe-gesagt\">Was hat Jesus \u00fcber die Liebe gesagt?<\/a><\/li>\n<li class=\"leaf\"><a href=\"https:\/\/www.urantia.org\/de\/inspirierende-fragen\/was-ist-sunde\">Was ist S\u00fcnde?<\/a><\/li>\n<li class=\"leaf\"><a href=\"https:\/\/www.urantia.org\/de\/inspirierende-fragen\/was-ist-das-gebet\">Was ist das Gebet?<\/a><\/li>\n<li class=\"leaf\"><a href=\"https:\/\/www.urantia.org\/de\/inspirierende-fragen\/was-ist-das-himmelreich\">Was ist das Himmelreich?<\/a><\/li>\n<li class=\"leaf\"><a href=\"https:\/\/www.urantia.org\/de\/inspirierende-fragen\/was-ist-der-sinn-des-lebens\">Was ist der Sinn des Lebens?<\/a><\/li>\n<li class=\"leaf\"><a href=\"https:\/\/www.urantia.org\/de\/inspirierende-fragen\/was-ist-der-wert-des-familienlebens\">Was ist der Wert des Familienlebens?<\/a><\/li>\n<li class=\"leaf\"><a href=\"https:\/\/www.urantia.org\/de\/inspirierende-fragen\/was-ist-der-wille-gottes\">Was ist der Wille Gottes?<\/a><\/li>\n<li class=\"leaf\"><a href=\"https:\/\/www.urantia.org\/de\/inspirierende-fragen\/was-ist-die-seele\">Was ist die Seele?<\/a><\/li>\n<li class=\"leaf\"><a href=\"https:\/\/www.urantia.org\/de\/inspirierende-fragen\/was-passiert-wenn-wir-sterben\">Was passiert, wenn wir sterben?<\/a><\/li>\n<li class=\"leaf\"><a href=\"https:\/\/www.urantia.org\/de\/inspirierende-fragen\/was-sagte-jesus-uber-die-goldene-regel\">Was sagte Jesus \u00fcber die Goldene Regel?<\/a><\/li>\n<li class=\"leaf\"><a href=\"https:\/\/www.urantia.org\/de\/inspirierende-fragen\/wer-hat-unser-universum-erschaffen\">Wer hat unser Universum erschaffen?<\/a><\/li>\n<li class=\"leaf\"><a href=\"https:\/\/www.urantia.org\/de\/inspirierende-fragen\/wer-ist-jesus\">Wer ist jesus?<\/a><\/li>\n<li class=\"leaf\"><a href=\"https:\/\/www.urantia.org\/de\/inspirierende-fragen\/wer-waren-die-ersten-menschen\">Wer waren die ersten Menschen?<\/a><\/li>\n<li class=\"leaf\"><a href=\"https:\/\/www.urantia.org\/de\/inspirierende-fragen\/werde-ich-in-den-himmel-kommen\">Werde ich in den Himmel kommen?<\/a><\/li>\n<li class=\"leaf\"><a href=\"https:\/\/www.urantia.org\/de\/inspirierende-fragen\/wie-begann-das-leben-auf-der-erde\">Wie begann das Leben auf der Erde?<\/a><\/li>\n<li class=\"leaf\"><a href=\"https:\/\/www.urantia.org\/de\/inspirierende-fragen\/wie-finde-ich-gott\">Wie finde ich Gott?<\/a><\/li>\n<li class=\"leaf\"><a href=\"https:\/\/www.urantia.org\/de\/inspirierende-fragen\/wie-funktioniert-vergebung\">Wie funktioniert Vergebung?<\/a><\/li>\n<li class=\"leaf\"><a href=\"https:\/\/www.urantia.org\/de\/inspirierende-fragen\/wie-gehe-ich-mit-enttauschungen-um\">Wie gehe ich mit Entt\u00e4uschungen um?<\/a><\/li>\n<li class=\"leaf\"><a href=\"https:\/\/www.urantia.org\/de\/inspirierende-fragen\/wie-halte-ich-einer-krise-fest\">Wie halte ich an einer Krise fest?<\/a><\/li>\n<li class=\"leaf\"><a href=\"https:\/\/www.urantia.org\/de\/inspirierende-fragen\/wie-lebe-ich-wie-jesus\">Wie lebe ich wie Jesus?<\/a><\/li>\n<li class=\"leaf last\"><a href=\"https:\/\/www.urantia.org\/de\/inspirierende-fragen\/wie-aussert-sich-die-liebe-gottes\">Wie \u00e4u\u00dfert sich die Liebe Gottes?<\/a><\/li>\n<\/ul>\n<p>&nbsp;<\/p>\n<p>&nbsp;<\/p>\n<p>&nbsp;<\/p>\n<p>Eine Grundfrage ist: <em>\u201eWas will ich wirklich in meinem Leben erreichen?\u201c<\/em><\/p>\n<p>Statt \u201cIch kann mir das nicht leisten\u201d fragst Du \u201eWIE kann ich mir das leisten?\u201d<br \/>\nDadurch f\u00e4ngt Dein Unterbewusstsein an, nach einer Antwort und L\u00f6sung zu suchen. Ich habe eine Frage gestellt und warte auf eine Antwort.<br \/>\nMein Inneres zeigt mir schlie\u00dflich einige Wege, die ich gehen kann, um mein Ziel zu erreichen.<\/p>\n<p>Benutzt Du die Afformation \u201cWARUM kann ich mir das leisten?\u201d mehrmals \u00fcber den Tag verteilt, ist die Intention noch ein bisschen anders. In diesem Fall geht Dein Unterbewusstsein davon aus, dass Du Dein Ziel schon erreicht hast! Und es wird Dir Beweise daf\u00fcr liefern, dass Du damit richtig liegst.<br \/>\nDen inneren Widerstand, der bei Affirmationen wirken kann, weil Du noch nicht im gew\u00fcnschten Zustand bist und Dich nicht darin erf\u00fchlen kannst, umgehst Du mit Afformationen.<\/p>\n<p>Beispiel-Afformation \u201cWarum bin ich reich?\u201d<br \/>\nIch bin reich, weil<br \/>\n&#8211; der Postbote mir gerade zwei B\u00fccher gebracht hat, die ich mir bestellt hatte. Viele Menschen k\u00f6nnen nicht lesen, weil sie sich keine Schulausbildung leisten k\u00f6nnen.<br \/>\n&#8211; ich auf der Couch mit dem Laptop auf den Knien sitze und arbeite. Andere sitzen auf der Stra\u00dfe und betteln.<br \/>\n&#8211; ich zum Nachtisch zwischen Fr\u00fcchte-Joghurt und normalem Joghurt w\u00e4hlen konnte. Andere finden drei Tage nichts zu essen.<br \/>\nDarum bin ich reich. Schon jetzt.<\/p>\n<p>Mit ein wenig Nachdenken k\u00e4men wir garantiert auf viele weitere Beweise daf\u00fcr, da\u00df Du reich bist.<br \/>\nDadurch f\u00fchlst Du Dich besser und besser.<br \/>\nDadurch \u00e4nderst Du Deine Realit\u00e4t, findest neue Wege und erreichst Dein Ziel viel fr\u00fcher, als Du dachtest.<\/p>\n<p>Afformationen sind die st\u00e4rkste Form von Glaubenss\u00e4tzen.<br \/>\nAfformationen sind positive, aufbauende Fragen.<br \/>\nAnders als bei Affirmationen, ist es mit Afformationen leichter, unseren kritischen Verstand und die innere Ablehnung durch alte Glaubensmuster zu umgehen und uns auf das auszurichten, was wir gerne in unserem Leben erreichen wollen.<br \/>\nEs ist egal, ob wir uns positive oder negative Fragen stellen, wir geben damit immer unserem Unterbewusstsein den Auftrag, uns die passenden Antworten zu liefern.<br \/>\nDie Qualit\u00e4t unserer Fragen, bestimmt die Qualit\u00e4t unseres Lebens.<br \/>\nLass die Afformationen einfach auf Dich wirken. Dein Unterbewusstsein \u00fcbernimmt den Rest f\u00fcr dich.<\/p>\n<p>Cornelia Inden:<br \/>\nAFFORMATIONEN Reichtum &#8211; finanzielle Freiheit (nicht Affirmationen) \/ Aufbauende Fragen<\/p>\n<p>Afformationen:<br \/>\nWarum liebe ich es, viel Geld zu haben?<br \/>\nWie f\u00fchlt es sich an, Wohlhabend zu sein?<br \/>\nWieso f\u00fchre ich ein so reiches Leben?<br \/>\nWarum macht es mir gro\u00dfe Freude, immer mehr Geld in mein Leben zu ziehen?<br \/>\nWie f\u00fchlt es sich an, mir meine W\u00fcnsche zu erf\u00fcllen?<br \/>\nWieso bin ich erf\u00fcllt, mit dem was ich tue?<br \/>\nWarum lebe ich meinen Traum?<br \/>\nWie f\u00fchlt es sich an, Anderen zu helfen?<br \/>\nWieso erlaube ich mir, ein Leben in F\u00fclle?<br \/>\nWarum habe ich immer so gute Ideen?<br \/>\nWie f\u00fchlt es sich an, meinen Traumurlaub zu buchen?<br \/>\nWieso flie\u00dft Geld pl\u00f6tzlich, aus allen Richtungen, in mein Leben?<br \/>\nWarum strahle ich Wohlstand aus?<br \/>\nWie f\u00fchlt es sich an, voller Freude zu geben?<br \/>\nWieso ist es so einfach f\u00fcr mich, immer mehr Geld zu manifestieren?<br \/>\nWarum ist es so leicht f\u00fcr mich, dankbar f\u00fcr die F\u00fclle in meinem Leben zu sein?<br \/>\nWie f\u00fchlt es sich an, mit Liebe zu schenken?<br \/>\nWieso bieten sich mir pl\u00f6tzlich, immer neue M\u00f6glichkeiten meinen Reichtum zu vermehren?<br \/>\n(Quelle: https:\/\/youtu.be\/cjN026vsyPg)<\/p>\n<p>Robert Weber<br \/>\n<iframe loading=\"lazy\" title=\"Reichtums Afformationen | Jede K\u00f6rperzelle auf Erfolg, Reichtum und Wohlstand neu programmieren\" width=\"500\" height=\"281\" src=\"https:\/\/www.youtube.com\/embed\/GcxJqZaohZ4?feature=oembed\" frameborder=\"0\" allow=\"accelerometer; autoplay; clipboard-write; encrypted-media; gyroscope; picture-in-picture; web-share\" referrerpolicy=\"strict-origin-when-cross-origin\" allowfullscreen><\/iframe><br \/>\nDie folgenden Afformationen programmieren deinen Geist und dein Unterbewusstsein v\u00f6llig neu zum Thema Reichtum, Wohlstand, Geld und F\u00fclle.<br \/>\nNicht zu verwechseln mit Affirmationen. Die Wirkung von Afformationen ist um ein Hundertfaches st\u00e4rker und sind die mit Abstand beste Methode, um jede deiner Zellen neu zu programmieren. Afformationen sind positive Fragestellungen. Fragen, die du dir nicht aktiv beantwortest. Du wiederholst sie und l\u00e4sst sie einfach auf dich wirken.<br \/>\nViele Menschen, vielleicht ja auch du, benutzen sogar regelm\u00e4\u00dfig negative Afformationen, ohne es zu merken. Sie laufen durch den Tag und stellen sich Fragen wie \u201eWarum kann ich das nicht?\u201c Warum bin ich so dumm?\u201c \u201eWarum bin ich pleite?\u201c \u201eWarum werde ich immer verlassen?\u201c \u201eWarum glaubt niemand an mich?\u201c oder \u201eWarum passiert immer mir so etwas?\u201c<br \/>\nJetzt wei\u00dft du, warum diese Menschen nicht aus dieser Spirale rauskommen. Sie stellen sich immer wieder diese negativen Fragen und Ihr Unterbewusstsein liefert Ihnen verl\u00e4sslich die dazu passenden Gef\u00fchle und weiteren Situationen und Ereignisse, die diese Fragen beantworten und best\u00e4tigen. Diese Fragen werden mehr und mehr zu einer Gewohnheit und dadurch manifestieren sich auch die dazugeh\u00f6rigen Ergebnisse immer st\u00e4rker. Wenn du dich jetzt dabei erwischt hast, dass du solche Fragestellungen selbst regelm\u00e4\u00dfig anwendest, dann gratuliere ich dir. Denn heute ist der Tag, an dem du alles ver\u00e4ndern kannst. Um eine radikal positive Ver\u00e4nderung zu bewirken, lade ich dich dazu ein, die Afformationen von dieser Audio-Datei f\u00fcr die n\u00e4chsten 30 Tage jeden Tag anzuh\u00f6ren. Ob bewusstes Hinh\u00f6ren und Nachsprechen oder nur nebenbei w\u00e4hrend du etwas anderes tust wie zum Beispiel beim Sport, Autofahren oder beim Haushalt.<\/p>\n<p>Hier ein Beispiel, damit du gleich den Unterschied von Afformationen und Affirmationen sp\u00fcrst.<br \/>\nWiederhole jetzt folgende Affirmation: Ich lebe jetzt im finanziellen \u00dcberfluss<br \/>\nUnd wiederhole jetzt folgende Frage, ohne sie zu beantworten: Wie habe ich es geschafft, jetzt im finanziellen \u00dcberfluss zu leben?<\/p>\n<p>Die Afformation, also die Frage, ist ein Auftrag an das Unterbewusstsein, mit der dein Ego zu arbeiten hat. Dein Verstand gelangt kurz in einen Leerlauf und das ist gut so. Denn genau hier wird das Unterbewusstsein aktiv.<br \/>\nEine Affirmation hingegen ist eine blo\u00dfe Feststellung. Entspricht sie der Wahrheit, verst\u00e4rkst du das bereits Vorhandene. Also wenn jemand im finanziellen \u00dcberfluss lebt und sich selbst sagt \u201eIch lebe jetzt im finanziellen \u00dcberfluss\u201c, dann ist es die Wahrheit und er verst\u00e4rkt diesen Glauben. Entspricht es jedoch nicht der aktuellen Realit\u00e4t, wehrt sich das Ego, weil es wei\u00df, dass es eine L\u00fcge ist.<br \/>\nNur bei den wenigsten Menschen funktioniert diese Art des sich selbst Bel\u00fcgens.<br \/>\nDurch Afformationen jedoch trickst du dein Ego aus und erteilst sogar deinem Unterbewusstsein einen Auftrag. Dein Unterbewusstsein will dir eine Antwort auf die Frage liefern, wie es das auch schon von den negativen Fragestellungen gewohnt ist.<br \/>\nDu musst dir des Weges noch nicht einmal bewusst sein. Denn durch die Fragestellung \u201eWie habe ich es geschafft?\u201c \u00f6ffnest du dem Universum unendlich viele M\u00f6glichkeiten, wie es geschehen darf.<br \/>\nSei dir der unglaublichen Macht dieser Fragestellungen bewusst und wende sie richtig f\u00fcr dich an.<br \/>\nDurch die Fragestellung \u201eWie habe ich es geschafft, jetzt finanziell frei zu sein\u201c geht man davon aus, dass es schon in der Vergangenheit liegt, aber man wei\u00df noch nicht, wie es geschehen ist. Das Unterbewusstsein sucht nun den effektivsten Weg, wie es stattgefunden hat. Oder durch die Frage \u201eWie f\u00fchlt es sich an, jetzt finanziell frei zu sein?\u201c gibst du dir die Erlaubnis und den Auftrag, zu f\u00fchlen, wie es ist, finanziell frei zu sein. Du wirst nach und nach intuitiv anders denken, anders f\u00fchlen und anders handeln, wenn du diese Fragen st\u00e4ndig wiederholst. Also gib dir das Committment und bleib die n\u00e4chsten 30 Tage dabei.<\/p>\n<p>Reichtums Afformationen: Jede K\u00f6rperzelle auf Erfolg, Reichtum und Wohlstand neu programmieren<br \/>\nQuelle: https:\/\/youtu.be\/GcxJqZaohZ4<\/p>\n","protected":false},"excerpt":{"rendered":"<p>Frage und h\u00f6re auf Deine innere Stimme \u201eAlle echten, aus dem Geiste geborenen Bitten k\u00f6nnen einer Antwort sicher sein. Bittet, und ihr werdet empfangen.\u201c\u00a0(Urantiabuch, 168:4.13 (1849.4) Wer fragt ist ein Narr f\u00fcr eine Minute. Wer nicht fragt, ist ein Narr sein Leben lang.\u00a0(Konfuzius) 1) Wer fragt, der f\u00fchrt andere! andere durch Fragen im Gespr\u00e4ch f\u00fchren, [&hellip;]<\/p>\n","protected":false},"author":1,"featured_media":0,"parent":5069,"menu_order":0,"comment_status":"closed","ping_status":"closed","template":"members-style1-nosidebar.php","meta":{"footnotes":"","_links_to":"","_links_to_target":""},"class_list":["post-3061","page","type-page","status-publish","hentry"],"_links":{"self":[{"href":"https:\/\/reich-sein.eu\/club\/wp-json\/wp\/v2\/pages\/3061","targetHints":{"allow":["GET"]}}],"collection":[{"href":"https:\/\/reich-sein.eu\/club\/wp-json\/wp\/v2\/pages"}],"about":[{"href":"https:\/\/reich-sein.eu\/club\/wp-json\/wp\/v2\/types\/page"}],"author":[{"embeddable":true,"href":"https:\/\/reich-sein.eu\/club\/wp-json\/wp\/v2\/users\/1"}],"replies":[{"embeddable":true,"href":"https:\/\/reich-sein.eu\/club\/wp-json\/wp\/v2\/comments?post=3061"}],"version-history":[{"count":9,"href":"https:\/\/reich-sein.eu\/club\/wp-json\/wp\/v2\/pages\/3061\/revisions"}],"predecessor-version":[{"id":4694,"href":"https:\/\/reich-sein.eu\/club\/wp-json\/wp\/v2\/pages\/3061\/revisions\/4694"}],"up":[{"embeddable":true,"href":"https:\/\/reich-sein.eu\/club\/wp-json\/wp\/v2\/pages\/5069"}],"wp:attachment":[{"href":"https:\/\/reich-sein.eu\/club\/wp-json\/wp\/v2\/media?parent=3061"}],"curies":[{"name":"wp","href":"https:\/\/api.w.org\/{rel}","templated":true}]}}