{"id":3080,"date":"2022-09-18T09:47:31","date_gmt":"2022-09-18T07:47:31","guid":{"rendered":"http:\/\/reich-sein.eu\/club\/?page_id=3080"},"modified":"2022-11-24T15:36:21","modified_gmt":"2022-11-24T13:36:21","slug":"programmierung","status":"publish","type":"page","link":"https:\/\/reich-sein.eu\/club\/seins-dimensionen\/informieren\/programmierung\/","title":{"rendered":"Programmierung"},"content":{"rendered":"<h2><span style=\"color: #0000ff;\"><strong>Programmierung des Weltbildes und Selbstbildes<\/strong><\/span><\/h2>\n<dl>\n<dd><em><b>Programm<\/b>\u00a0&#8211; hier wird das Programm als Energie-Informations-Komplex verstanden, der zu einer einzigen strukturellen Formation verbunden ist und die Eigenschaften der Funktionseinheiten von Organen und Systemen widerspiegelt.\u00a0Auf der Grundlage der Referenzprogramme wird eine regelm\u00e4\u00dfige \u00dcberwachung der Arbeit der Stelle durchgef\u00fchrt;\u00a0werden Abweichungen festgestellt, wird das Korrektursystem aktiviert.<\/em><\/dd>\n<\/dl>\n<dl>\n<dd><em>Ein Programm ist ein Informationskomplex auf einem Tr\u00e4ger, der durch eine Reihe von Merkmalen zu einer einzigen Einheit verbunden ist, die das charakteristische Merkmal eines Objekts oder Ph\u00e4nomens widerspiegeln.<\/em><a href=\"http:\/\/www.x-intellect.org\/wiki\/index.php?title=%D0%9F%D1%80%D0%BE%D0%B3%D1%80%D0%B0%D0%BC%D0%BC%D0%B0\">(www.x-intellect.org<\/a>)<\/dd>\n<\/dl>\n<p class=\"post-title entry-title\"><em>\u201eWas ihr als \u201cschr\u00e4g und ver-r\u00fcckt\u201d empfindet, ist in Wahrheit ein \u201cZurecht-R\u00fccken\u201d eures urspr\u00fcnglich verschobenen Weltbildes; ein Verlassen eurer jahrtausende alten Illusionen.\u201c<\/em><\/p>\n<p><a href=\"https:\/\/albrechtsiriusblog.home.blog\/2022\/09\/19\/was-ihr-als-schrag-und-ver-ruckt-empfindet-ist-in-wahrheit-ein-zurecht-rucken-eures-ursprunglich-verschobenen-weltbildes-ein-verlassen-eurer-jahrtausende-alten\/\">Die Sirianer<\/a><\/p>\n<p><strong>1 % kontrolliert die Welt.<br \/>\n4% sind Puppen.<br \/>\n90% schlafen.<br \/>\n5% wissen was los ist und versuchen die 90% aufzuwecken.<br \/>\nDie 1% wollen nicht, dass die 5% die 90% aufwecken.<\/strong><\/p>\n<p><em>Um eine Situation klar zu sehen und zu verstehen, MUSS man die Erz\u00e4hlung erst einmal abschalten und ihr keine Aufmerksamkeit mehr schenken!<\/em><\/p>\n<p><em><strong>Achte ALLein auf die Daten.<\/strong><\/em><br \/>\n<em>Ereignisse passieren.<\/em><br \/>\n<em>Sie passieren immer.<\/em><br \/>\n<em>Wir erleben sie anders durch unsere eigenen einzigartigen Filter.<\/em><br \/>\n<em>Dies ist ein Programm, dass dich immer auf gewisse Themen bringt, dich von dir Selbst ablenkt.<\/em><br \/>\n<em>So entsteht ein Kanal der dich zwingt zu handeln.<\/em><\/p>\n<p><em>Aus dem, was wir erfahren haben und durch diese Einfl\u00fcsse, entwickeln wir dann eine Geschichte.<\/em><\/p>\n<p><em><strong>Daten &gt; Geschichte<\/strong><\/em><\/p>\n<p><em><strong>Es ist ALLes Programmierung.<\/strong><\/em><br \/>\n<em>Jetzt pass bitte auf.<\/em><br \/>\n<em>Achte auf die Erz\u00e4hlung nur soweit, dass du dar\u00fcber informiert bist, wie ANDERE PERSONEN die Informationen interpretieren.<\/em><br \/>\n<em>Nur darum geht es.<\/em><br \/>\n<em>Dass ist dein Filter.<\/em><br \/>\n<em>Achte nur soweit darauf, damit du verstehst wieso sie das tun, achte nicht auf den Inhalt.<\/em><br \/>\n<em>So erkennst du diejenigen, die hier f\u00fcr SIE PROGRAMMIEREN.<\/em><br \/>\n<em>ALLe, die \u00fcber Fake News interpretieren, dies und das \u00fcber diese ganzen bewussten Erz\u00e4hlungen sprechen, sind in ihrer Frequenz.<\/em><br \/>\n<em>Man muss blind sein um das nicht mehr zu erkennen.<\/em><br \/>\n<em>Erkenne diese Situationen, aber geh bitte nicht ins Labyrinth mit ihnen!<\/em><br \/>\n<em>Du verstehst mich.<\/em><\/p>\n<p>@AstroDoQu<\/p>\n<p><a href=\"https:\/\/t.me\/AstroDoQu\/3433\">https:\/\/t.me\/AstroDoQu\/3433<\/a><\/p>\n<p>In einer Welt, in der Mechanismus und Merkantilismus regiert, ist man leider gezwungen durch erzwungene Zust\u00e4nde sich in einem endlosen Rennen zu befinden.<br \/>\nDieser Mechanismus zielt darauf ab, das programmierte Ego zu f\u00fcttern, aber gleichzeitig ist die Leere im Menschen dann gr\u00f6\u00dfer, weil man somit auf das falsche Ziel zielt.<br \/>\nMan sieht es nicht, aber f\u00fchlt es.<\/p>\n<p><strong>H\u00f6re nur auf deine Seele<\/strong><\/p>\n<p><a href=\"http:\/\/reich-sein.eu\/club\/wp-content\/uploads\/2022\/10\/Mechanismus-und-Merkantilismus2.mp4\">Mechanismus und Merkantilismus2<\/a><\/p>\n<p>https:\/\/t.me\/AstroDoQu\/3435<\/p>\n<p>Wenn du nicht sehen kannst, womit du es zu tun hast, dann wirst du nie gut genug vorbeireitet sein.<br \/>\nGenau das wollen sie!<\/p>\n<p>Geistig sehende Augen zu haben ist kein Luxus, sondern obligatorisch.<br \/>\n<strong>Du hast Macht \u00fcber deinen Verstand, aber nicht \u00fcber die \u00e4u\u00dferen Ereignisse.<\/strong><br \/>\nErkenne dies und du wirst Kraft finden.<\/p>\n<p><a href=\"https:\/\/t.me\/AstroDoQu\/3440\">https:\/\/t.me\/AstroDoQu\/3440<\/a><\/p>\n<p>Ignoriert die Nachrichten und sorgt euch um euch!<\/p>\n<p>Seid smart.<br \/>\n0 Angst und Panik.<br \/>\nSondern schlau, bewusst und zielgerichtet.<\/p>\n<p>Hey Mensch, dieses Schauspiel da drau\u00dfen betrifft dich nicht!<br \/>\nNoch nicht.<br \/>\nK\u00fcmmere dich jetzt um dich und bereite dich so langsam darauf vor, dass du bald erst einmal ALLEINE AUF DICH gestellt sein wirst.<br \/>\nDu schaffst das!<br \/>\nH\u00f6re auf niemand und fang an deinen Instinkten mehr zu vertrauen.<\/p>\n<p><a href=\"https:\/\/t.me\/AstroDoQu\/3442\">https:\/\/t.me\/AstroDoQu\/3442<\/a><\/p>\n<p>&nbsp;<\/p>\n<h3><strong><em>Sch\u00fctze dich vor deinen einprogrammierten Gedanken.<\/em><\/strong><\/h3>\n<p>Es gibt Programmierer und Programmiert. Du wirst programmiert &#8211; auch von fremden. Werde selbst zum Programmierer Deiner Lebensprogramme.<\/p>\n<p>Spiritualit\u00e4t ist nicht frei von T\u00e4uschung!<br \/>\nSie ist nur frei von Interpretationen!<br \/>\nErkenne dies.<br \/>\nDeine Spiritualit\u00e4t ist nicht Deine Eigene.<br \/>\nDu wurdest lange gef\u00fchrt und programmiert.<\/p>\n<p>Wahre Spiritualit\u00e4t entfernt jeglichen Einfluss und auch externe Kraftquellen.<br \/>\nNicht nur die vielen Mittelsm\u00e4nner werden entfernt, sondern ALLe falschen Wegweiser, Gurus, Yogis oder was wei\u00df ich was es ALLes gibt.<br \/>\nDiese Ebene funktioniert nicht ohne Anh\u00e4ngerschaft.<br \/>\nDaher brauchen sie euch als Kollektiv.<br \/>\nIhr seid ihre Kraft.<\/p>\n<p>Wenn du bereit bist, dann wird die gesamte ABH\u00c4NGIGKEIT von der Logik dieses begrenzten Verstandes beseitigt!!<br \/>\n<span style=\"color: #0000ff;\"><strong>Du Selbst bist die direkt Quelle durch Methoden jenseits der Logik.<\/strong><\/span><\/p>\n<p>Wenn du m\u00f6chtest, begleite ich dich ein St\u00fcck.<br \/>\nAber ich bin niemand und m\u00f6chte, dass du dabei nur auf dich Selbst h\u00f6rst, wenn du mit mir gehst.<\/p>\n<p>&nbsp;<\/p>\n<p><strong><em>&#8222;Bei ihrer Geburt sind die Insekten bereits voll ausgebildet und f\u00fcr das Leben ausger\u00fcstet \u2014 f\u00fcr eine allerdings sehr enge und rein instinktive Existenz. Der menschliche S\u00e4ugling wird ohne Erziehung geboren; deshalb hat der Mensch die Macht, durch die Kontrolle von Erziehung und Schulung der j\u00fcngeren Generation den evolution\u00e4ren Lauf der Zivilisation sehr stark zu ver\u00e4ndern.\u201c<\/em><\/strong> (Urantiabuch, 81:6.24 (909.5)<\/p>\n<p><a href=\"http:\/\/reich-sein.eu\/club\/wp-content\/uploads\/2022\/09\/BAAL.jpg\"><img loading=\"lazy\" decoding=\"async\" class=\"alignleft size-large wp-image-3330\" src=\"http:\/\/reich-sein.eu\/club\/wp-content\/uploads\/2022\/09\/BAAL-1024x580.jpg\" alt=\"\" width=\"1024\" height=\"580\" srcset=\"https:\/\/reich-sein.eu\/club\/wp-content\/uploads\/2022\/09\/BAAL-1024x580.jpg 1024w, https:\/\/reich-sein.eu\/club\/wp-content\/uploads\/2022\/09\/BAAL-300x170.jpg 300w, https:\/\/reich-sein.eu\/club\/wp-content\/uploads\/2022\/09\/BAAL-768x435.jpg 768w, https:\/\/reich-sein.eu\/club\/wp-content\/uploads\/2022\/09\/BAAL.jpg 1075w\" sizes=\"auto, (max-width: 1024px) 100vw, 1024px\" \/><\/a><br \/>\nAls vor ganz langer Zeit die menschliche Rasse auf diese Ebene gebracht wurde, gab es ein unglaublich starkes Wesen aus Feuer erschaffen namens BAAL und seine Rasse.<br \/>\nH\u00fcter der dunklen B\u00fccher.<br \/>\nVater der Magie. (uralte Technologie)<br \/>\nViele Zivilisationen akzeptieren ihn seitdem als Gott.<br \/>\nIm laufe der Jahre verehrten sie ALLe diese Kult-ur weiter und weiter, indem sie sie El, Anu, Malekith, Horus, Ra, Zeus El-ilah und und und nannten.<\/p>\n<p>Die Baal-Linie besteht immer noch in dieser Ebene und ist die erste Linie der K.I.<\/p>\n<p>(AstroDoQu)<\/p>\n<p>Gier, Macht, Geld, Korruption, T\u00e4uschung, Illusion, Religion, Wissenschaft und Unwissenheit haben mehr Menschen get\u00f6tet als alle Krankheiten und Kriege zusammen\u2026.<\/p>\n<p>&nbsp;<\/p>\n<p><em>Alle \u201enormalen Menschen\u201c (und Du betrachtest Dich doch auch als einen \u201enormalen Menschen\u201c, oder etwa nicht?) sind bei genauer Betrachtung und Analyse ihres geistigen Zustandes blo\u00dfe \u201e<span style=\"color: #0000ff;\"><strong>Nach-denker<\/strong><\/span>\u201c ihres \u201epers\u00f6nlichen Glaubens\u201c. Jeder \u201enormale Mensch\u201c ist daher auch ein \u201enormierter Mensch\u201c. Als \u201enormal-normierter Mensch\u201c ist man ohne <span style=\"color: #0000ff;\"><strong>\u201ewirklicht eigene Meinung\u201c<\/strong> <\/span>\u2013 und damit auch ohne das geringste<strong><span style=\"color: #0000ff;\"> Verstehen \u00fcber den Sinn seines eigenen Daseins.<\/span><\/strong> <span style=\"color: #0000ff;\">Wenn Du Dein eigenes \u201eLebensgeheimnis\u201c auch rational verstehen m\u00f6chtest, musst Du zuerst einmal das g\u00f6ttliche Geheimnis der von Dir bisher immer nur \u201eeinseitig ver-wendeten\u201c Worte l\u00f6sen.<\/span><\/em><\/p>\n<p><a href=\"http:\/\/www.holofeeling.de\">http:\/\/www.holofeeling.de<\/a><\/p>\n<h3><span style=\"color: #0000ff;\"><strong>Die informations-algorithmische Unterst\u00fctzung des Menschen Verhalten umfasst:<\/strong><\/span><\/h3>\n<p><span style=\"color: #0000ff;\"><strong>1) angeborene Instinkte und bedingungslose Reflexe<\/strong><\/span> (sowohl auf intrazellul\u00e4rer als auch auf zellul\u00e4rer Ebene und auf der Ebene von Gewebetypen, Organen, Systemen und des Organismus als Ganzes) sowie ihre in Kultur entwickelten Membranen;<br \/>\n<strong><span style=\"color: #0000ff;\">2) kulturelle Traditionen,<\/span><\/strong> die \u00fcber Instinkten stehen;<br \/>\n<strong><span style=\"color: #0000ff;\">3) eigenes Verst\u00e4ndnis,<\/span><\/strong> begrenzt durch Gef\u00fchle und Erinnerungen;<br \/>\n<strong><span style=\"color: #0000ff;\">4) &#8222;Intuition im Allgemeinen&#8220; &#8211;<\/span><\/strong> das, was aus den unbewussten Ebenen der Psyche des Individuums hervorgeht, ihm aus der kollektiven Psyche zukommt, das Produkt von Obsessionen von au\u00dfen und Besessenheit im inquisitorischen Verst\u00e4ndnis dieses Begriffs ist;<br \/>\n<strong><span style=\"color: #0000ff;\">5) Gottes F\u00fchrung im Einklang mit der Vorsehung<\/span><\/strong>, ausgef\u00fchrt auf der Grundlage von allem, was vorangegangen ist, mit Ausnahme von\u00a0<i>Besessenheit und Besessenheit als direkte Eingriffe von au\u00dfen in die Psyche eines anderen gegen den Willen und den bewussten Willen seines Besitzers<\/i>\u00a0.<\/p>\n<h3><span style=\"color: #0000ff;\"><strong>ALLes ist manipuliert.<\/strong><\/span><\/h3>\n<ul>\n<li>Aber es gibt Wahrheiten zwischen den Zeilen.<\/li>\n<li>Und ALLes, was die satanischen Kr\u00e4fte planen, m\u00fcssen SIE uns Menschen sagen. Sie machen es \u00fcber Symbole, \u00fcber die Kunst (Filme, Bilder, B\u00fccher)<\/li>\n<\/ul>\n<p>Beispiele:<\/p>\n<ul>\n<li><a href=\"https:\/\/t.me\/Ahnenfreundin\/414\"><strong>Das Buch Henoch (Die \u00e4lteste apokalyptische Schrift)<\/strong><\/a><\/li>\n<\/ul>\n<p>Nutzte Deine Intuition!<\/p>\n<p><strong>L\u00f6se Dich von allen satanischen Indoktrinationen.<\/strong><\/p>\n<p>&nbsp;<\/p>\n<p><a href=\"http:\/\/reich-sein.eu\/club\/wp-content\/uploads\/2022\/09\/faktoren-weltanschauung-beinflussung.jpg-nggid0235-ngg0dyn-1280x854x100-00f0w010c010r110f110r010t010.jpg\"><img loading=\"lazy\" decoding=\"async\" class=\"aligncenter size-large wp-image-3082\" src=\"http:\/\/reich-sein.eu\/club\/wp-content\/uploads\/2022\/09\/faktoren-weltanschauung-beinflussung.jpg-nggid0235-ngg0dyn-1280x854x100-00f0w010c010r110f110r010t010-1024x683.jpg\" alt=\"\" width=\"1024\" height=\"683\" srcset=\"https:\/\/reich-sein.eu\/club\/wp-content\/uploads\/2022\/09\/faktoren-weltanschauung-beinflussung.jpg-nggid0235-ngg0dyn-1280x854x100-00f0w010c010r110f110r010t010-1024x683.jpg 1024w, https:\/\/reich-sein.eu\/club\/wp-content\/uploads\/2022\/09\/faktoren-weltanschauung-beinflussung.jpg-nggid0235-ngg0dyn-1280x854x100-00f0w010c010r110f110r010t010-300x200.jpg 300w, https:\/\/reich-sein.eu\/club\/wp-content\/uploads\/2022\/09\/faktoren-weltanschauung-beinflussung.jpg-nggid0235-ngg0dyn-1280x854x100-00f0w010c010r110f110r010t010-768x512.jpg 768w, https:\/\/reich-sein.eu\/club\/wp-content\/uploads\/2022\/09\/faktoren-weltanschauung-beinflussung.jpg-nggid0235-ngg0dyn-1280x854x100-00f0w010c010r110f110r010t010.jpg 1280w\" sizes=\"auto, (max-width: 1024px) 100vw, 1024px\" \/><\/a><\/p>\n","protected":false},"excerpt":{"rendered":"<p>Programmierung des Weltbildes und Selbstbildes Programm\u00a0&#8211; hier wird das Programm als Energie-Informations-Komplex verstanden, der zu einer einzigen strukturellen Formation verbunden ist und die Eigenschaften der Funktionseinheiten von Organen und Systemen widerspiegelt.\u00a0Auf der Grundlage der Referenzprogramme wird eine regelm\u00e4\u00dfige \u00dcberwachung der Arbeit der Stelle durchgef\u00fchrt;\u00a0werden Abweichungen festgestellt, wird das Korrektursystem aktiviert. Ein Programm ist ein Informationskomplex [&hellip;]<\/p>\n","protected":false},"author":1,"featured_media":0,"parent":1672,"menu_order":0,"comment_status":"closed","ping_status":"closed","template":"members-style1-nosidebar.php","meta":{"footnotes":"","_links_to":"","_links_to_target":""},"class_list":["post-3080","page","type-page","status-publish","hentry"],"_links":{"self":[{"href":"https:\/\/reich-sein.eu\/club\/wp-json\/wp\/v2\/pages\/3080","targetHints":{"allow":["GET"]}}],"collection":[{"href":"https:\/\/reich-sein.eu\/club\/wp-json\/wp\/v2\/pages"}],"about":[{"href":"https:\/\/reich-sein.eu\/club\/wp-json\/wp\/v2\/types\/page"}],"author":[{"embeddable":true,"href":"https:\/\/reich-sein.eu\/club\/wp-json\/wp\/v2\/users\/1"}],"replies":[{"embeddable":true,"href":"https:\/\/reich-sein.eu\/club\/wp-json\/wp\/v2\/comments?post=3080"}],"version-history":[{"count":25,"href":"https:\/\/reich-sein.eu\/club\/wp-json\/wp\/v2\/pages\/3080\/revisions"}],"predecessor-version":[{"id":4006,"href":"https:\/\/reich-sein.eu\/club\/wp-json\/wp\/v2\/pages\/3080\/revisions\/4006"}],"up":[{"embeddable":true,"href":"https:\/\/reich-sein.eu\/club\/wp-json\/wp\/v2\/pages\/1672"}],"wp:attachment":[{"href":"https:\/\/reich-sein.eu\/club\/wp-json\/wp\/v2\/media?parent=3080"}],"curies":[{"name":"wp","href":"https:\/\/api.w.org\/{rel}","templated":true}]}}