{"id":3087,"date":"2022-09-18T09:53:24","date_gmt":"2022-09-18T07:53:24","guid":{"rendered":"http:\/\/reich-sein.eu\/club\/?page_id=3087"},"modified":"2022-11-24T15:40:59","modified_gmt":"2022-11-24T13:40:59","slug":"energie-blockaden","status":"publish","type":"page","link":"https:\/\/reich-sein.eu\/club\/seins-dimensionen\/energie\/energie-blockaden\/","title":{"rendered":"Energie-Blockaden"},"content":{"rendered":"<p>Das &#8222;Bed\u00fcrfnis, Recht zu haben&#8220; h\u00e4lt Sie in einem Gef\u00e4ngnis der Begrenzung gefangen. Befreie dich, indem du dich entscheidest, loszulassen.<\/p>\n<p>~Christine Day<\/p>\n<p>&nbsp;<\/p>\n<p><strong>Psycho-spirituelle Kriegsf\u00fchrung&#8230;<\/strong><\/p>\n<p><em><span style=\"color: #0000ff;\"><strong>&#8222;Archonten<\/strong><\/span> sind psycho-spirituelle Parasiten, die unterschwellig in den menschlichen Verstand eindringen und uns dazu bringen, unser unmenschliches Verhalten in unheimlichen und gewaltt\u00e4tigen Extremen auszuleben.&#8220;<\/em><\/p>\n<p>Es gibt einen Kampf um die Kontrolle dieses Planeten und des menschlichen Bewusstseins sowie um die Kontrolle \u00fcber den menschlichen K\u00f6rper, d.h. seine DNA, durch eine sehr dunkle Entit\u00e4t. Die Akteure sind menschlich und nicht-menschlich, und die Macht und Kontrolle geht viel weiter als die Machtelite dieses Planeten.<\/p>\n<p>Sie versuchen, die menschliche Bev\u00f6lkerung davon abzuhalten, sich zu einem h\u00f6heren Licht zu entwickeln. Erinnert euch, Licht ist Information und Dunkelheit ist Mangel an Information! Die Dunkelheit der k\u00fcnstlichen Intelligenz wird bedroht und sie wehrt sich. Die meisten dieser Softwaresysteme der k\u00fcnstlichen Intelligenz, die im planetarischen Bewusstseinsk\u00f6rper installiert sind, st\u00fctzen sich auf ein niedrig schwingendes Bewusstseinsfeld, das mit sehr niedrigen Frequenzen schwingt.<\/p>\n<p>In dem Ma\u00dfe, wie die h\u00f6heren Frequenzen das Bewusstsein der Menschen ver\u00e4ndern, wird die dunkle Agenda, die der Satanismus ist, immer deutlicher. Die Menschen auf der Erde beginnen, die Verbrechen, die der Menschheit angetan wurden, sehr deutlich zu sehen. Diejenigen, die in Machtpositionen gebracht wurden, haben zugestimmt, diese negative Agenda auf die menschliche Rasse zu \u00fcbertragen und im Gegenzug erhalten sie Macht, Ressourcen und eine vor\u00fcbergehende Lebensverl\u00e4ngerung, die ihnen von diesen negativen ET-Rassen versprochen wurde.<\/p>\n<p>Die Sternensaaten, die auf diesem Planeten inkarniert sind, wurden von diesen dunklen Wesenheiten mit k\u00fcnstlicher Intelligenz und Technologien auf dem Weg der negativen Bel\u00e4stigung angegriffen. Die Energie eines hochbewussten menschlichen Wesens erzeugt ein h\u00f6heres Bewusstseinsfrequenzsignal, das eine Bedrohung ausl\u00f6st, daher diese dunklen psychischen Angriffe. Viele von uns haben sie erlebt.<\/p>\n<p>Diese dunklen Wesen werden die Menschheit so lange bel\u00e4stigen, bis wir aufh\u00f6ren, sie zu f\u00fcttern. Verlieren Sie alle Angst! Diese dunklen Kr\u00e4fte des Satanismus sind keine geistigen Kr\u00e4fte, sie sind nichts anderes als gefallene Engel. Diese dunklen Wesen k\u00f6nnen in einen menschlichen K\u00f6rper h\u00fcpfen, der geschw\u00e4cht ist, und auf einer sehr niedrigen Frequenz schwingen. Diese satanischen Wesen sind keine souver\u00e4nen Wesenheiten, sie sind parasit\u00e4r und brauchen menschliche Energie, um zu existieren.<\/p>\n<p>Wir holen uns unsere geistige Souver\u00e4nit\u00e4t von ihnen zur\u00fcck, aber dazu m\u00fcssen wir aufwachen und erkennen, wer sie sind, warum sie hier sind und wie sie die Kontrolle behalten. Das ist der Grund, warum wir zu diesem Zeitpunkt in unserer Geschichte hier sind. Wir k\u00f6nnen unseren Planeten nicht heilen, bevor wir nicht herausgefunden haben, wie er von diesem Archon-Netzwerk und ihrer synthetischen Reptilien-Maschinerie korrumpiert wurde. Darum geht es beim Erwachen der Menschheit!<br \/>\nBy Teri Wade<\/p>\n<p>https:\/\/t.me\/+lkdrke5Aozc1OTNi<\/p>\n<p>https:\/\/t.me\/joinchat\/UDhEMir3-8gZfXGg<\/p>\n","protected":false},"excerpt":{"rendered":"<p>Das &#8222;Bed\u00fcrfnis, Recht zu haben&#8220; h\u00e4lt Sie in einem Gef\u00e4ngnis der Begrenzung gefangen. Befreie dich, indem du dich entscheidest, loszulassen. ~Christine Day &nbsp; Psycho-spirituelle Kriegsf\u00fchrung&#8230; &#8222;Archonten sind psycho-spirituelle Parasiten, die unterschwellig in den menschlichen Verstand eindringen und uns dazu bringen, unser unmenschliches Verhalten in unheimlichen und gewaltt\u00e4tigen Extremen auszuleben.&#8220; Es gibt einen Kampf um die [&hellip;]<\/p>\n","protected":false},"author":1,"featured_media":0,"parent":2729,"menu_order":0,"comment_status":"closed","ping_status":"closed","template":"members-style1-nosidebar.php","meta":{"footnotes":"","_links_to":"","_links_to_target":""},"class_list":["post-3087","page","type-page","status-publish","hentry"],"_links":{"self":[{"href":"https:\/\/reich-sein.eu\/club\/wp-json\/wp\/v2\/pages\/3087","targetHints":{"allow":["GET"]}}],"collection":[{"href":"https:\/\/reich-sein.eu\/club\/wp-json\/wp\/v2\/pages"}],"about":[{"href":"https:\/\/reich-sein.eu\/club\/wp-json\/wp\/v2\/types\/page"}],"author":[{"embeddable":true,"href":"https:\/\/reich-sein.eu\/club\/wp-json\/wp\/v2\/users\/1"}],"replies":[{"embeddable":true,"href":"https:\/\/reich-sein.eu\/club\/wp-json\/wp\/v2\/comments?post=3087"}],"version-history":[{"count":3,"href":"https:\/\/reich-sein.eu\/club\/wp-json\/wp\/v2\/pages\/3087\/revisions"}],"predecessor-version":[{"id":3304,"href":"https:\/\/reich-sein.eu\/club\/wp-json\/wp\/v2\/pages\/3087\/revisions\/3304"}],"up":[{"embeddable":true,"href":"https:\/\/reich-sein.eu\/club\/wp-json\/wp\/v2\/pages\/2729"}],"wp:attachment":[{"href":"https:\/\/reich-sein.eu\/club\/wp-json\/wp\/v2\/media?parent=3087"}],"curies":[{"name":"wp","href":"https:\/\/api.w.org\/{rel}","templated":true}]}}