{"id":3130,"date":"2022-09-18T14:13:48","date_gmt":"2022-09-18T12:13:48","guid":{"rendered":"http:\/\/reich-sein.eu\/club\/?page_id=3130"},"modified":"2022-11-24T15:08:55","modified_gmt":"2022-11-24T13:08:55","slug":"besondere-reich-sein","status":"publish","type":"page","link":"https:\/\/reich-sein.eu\/club\/mittel\/besondere-reich-sein\/","title":{"rendered":"Besondere f\u00fcr Reich-Sein"},"content":{"rendered":"<h2><strong><span style=\"color: #0000ff;\">Werkzeuge und Mittel f\u00fcr Reichsein (Wohlstand, Geld f\u00fcr &#8230;)<\/span><\/strong><\/h2>\n<p><strong><span style=\"color: #0000ff;\">1 PR\u00dcFEN<\/span>\u00a0<\/strong><\/p>\n<ul>\n<li><strong><span style=\"color: #0000ff;\">Flowcharts\u00a0<\/span><\/strong><\/li>\n<li><span style=\"color: #0000ff;\"><strong>Glaubensmuster<\/strong><\/span><\/li>\n<\/ul>\n<p><strong><span style=\"color: #0000ff;\">2 WEISHEITEN<\/span> <\/strong>(Erfahrungen)<\/p>\n<p><span style=\"color: #0000ff;\"><strong>3 WORTE <\/strong><\/span>(sinnhafte T\u00f6ne)<\/p>\n<ul>\n<li><span style=\"color: #0000ff;\"><strong>Segnen<\/strong><\/span><\/li>\n<li><span style=\"color: #0000ff;\"><strong>Fragen <\/strong><\/span>(Afformation) zur Erkundigung<\/li>\n<li><span style=\"color: #0000ff;\"><strong>Aussagen <\/strong><\/span>(Affirmation) zur Bekr\u00e4ftigung<\/li>\n<li><span style=\"color: #0000ff;\"><strong>Audios <\/strong><\/span>(Frequenzen von T\u00f6nen und Sprach-Inhalten)<\/li>\n<\/ul>\n<p><strong><span style=\"color: #0000ff;\">4 BILDER<\/span> <\/strong>(Vorstellungen) zur Visualisierung und Imagination<\/p>\n<ul>\n<li><span style=\"color: #0000ff;\"><strong>Mindmap<\/strong><\/span><\/li>\n<li><strong><span style=\"color: #0000ff;\">Videos<\/span>\u00a0<\/strong><\/li>\n<li><span style=\"color: #0000ff;\"><strong>VisionMovies<\/strong>\u00a0<\/span>(Filme, die das Unterbewusstsein beeinflussen)<\/li>\n<\/ul>\n<p><strong><span style=\"color: #0000ff;\">5 SYMBOLE<\/span> <\/strong>(Formelzeichen) zur Manifestierung<\/p>\n<ul>\n<li><span style=\"color: #0000ff;\"><strong>Zahlen\u00a0<\/strong><\/span>(Wertzeichen) zur Manifestierung<\/li>\n<li><span style=\"color: #0000ff;\"><strong>Energie-Symbole<\/strong><\/span><\/li>\n<\/ul>\n<p><span style=\"color: #0000ff;\"><strong>6 UNTERBEWUSSTSEIN<\/strong><\/span><\/p>\n<ul>\n<li><strong><span style=\"color: #0000ff;\">Subliminals<\/span>\u00a0<\/strong>(direkte Beeinflussung des Unterbewu\u00dftseins)<\/li>\n<li><span style=\"color: #0000ff;\"><strong>Hypnosen<\/strong>\u00a0<\/span>(direkte Beeinflussung des Unterbewu\u00dftseins)<\/li>\n<\/ul>\n<p><strong>Bewegte Bilder<\/strong> nennt man eine Folge von Bildern, die durch Anzeigen in kurzen Zeitabst\u00e4nden mit geeigneter Technik f\u00fcr den Betrachter die Illusion der Bewegung erzeugen<\/p>\n","protected":false},"excerpt":{"rendered":"<p>Werkzeuge und Mittel f\u00fcr Reichsein (Wohlstand, Geld f\u00fcr &#8230;) 1 PR\u00dcFEN\u00a0 Flowcharts\u00a0 Glaubensmuster 2 WEISHEITEN (Erfahrungen) 3 WORTE (sinnhafte T\u00f6ne) Segnen Fragen (Afformation) zur Erkundigung Aussagen (Affirmation) zur Bekr\u00e4ftigung Audios (Frequenzen von T\u00f6nen und Sprach-Inhalten) 4 BILDER (Vorstellungen) zur Visualisierung und Imagination Mindmap Videos\u00a0 VisionMovies\u00a0(Filme, die das Unterbewusstsein beeinflussen) 5 SYMBOLE (Formelzeichen) zur Manifestierung Zahlen\u00a0(Wertzeichen) [&hellip;]<\/p>\n","protected":false},"author":1,"featured_media":0,"parent":5069,"menu_order":0,"comment_status":"closed","ping_status":"closed","template":"members-style1-nosidebar.php","meta":{"footnotes":"","_links_to":"","_links_to_target":""},"class_list":["post-3130","page","type-page","status-publish","hentry"],"_links":{"self":[{"href":"https:\/\/reich-sein.eu\/club\/wp-json\/wp\/v2\/pages\/3130","targetHints":{"allow":["GET"]}}],"collection":[{"href":"https:\/\/reich-sein.eu\/club\/wp-json\/wp\/v2\/pages"}],"about":[{"href":"https:\/\/reich-sein.eu\/club\/wp-json\/wp\/v2\/types\/page"}],"author":[{"embeddable":true,"href":"https:\/\/reich-sein.eu\/club\/wp-json\/wp\/v2\/users\/1"}],"replies":[{"embeddable":true,"href":"https:\/\/reich-sein.eu\/club\/wp-json\/wp\/v2\/comments?post=3130"}],"version-history":[{"count":13,"href":"https:\/\/reich-sein.eu\/club\/wp-json\/wp\/v2\/pages\/3130\/revisions"}],"predecessor-version":[{"id":4690,"href":"https:\/\/reich-sein.eu\/club\/wp-json\/wp\/v2\/pages\/3130\/revisions\/4690"}],"up":[{"embeddable":true,"href":"https:\/\/reich-sein.eu\/club\/wp-json\/wp\/v2\/pages\/5069"}],"wp:attachment":[{"href":"https:\/\/reich-sein.eu\/club\/wp-json\/wp\/v2\/media?parent=3130"}],"curies":[{"name":"wp","href":"https:\/\/api.w.org\/{rel}","templated":true}]}}