{"id":3139,"date":"2022-09-18T14:30:50","date_gmt":"2022-09-18T12:30:50","guid":{"rendered":"http:\/\/reich-sein.eu\/club\/?page_id=3139"},"modified":"2022-11-24T15:42:40","modified_gmt":"2022-11-24T13:42:40","slug":"farben","status":"publish","type":"page","link":"https:\/\/reich-sein.eu\/club\/seins-dimensionen\/energie\/farben\/","title":{"rendered":"Farben"},"content":{"rendered":"<h3><span style=\"color: #0000ff;\"><b>Farben im INGMAR-System<\/b><\/span><\/h3>\n<p>Quelle:\u00a0<a href=\"https:\/\/www.paranormal.de\/paramirr\/geo\/symbol\/info\/ingmar\/farben.html\">https:\/\/www.paranormal.de\/paramirr\/geo\/symbol\/info\/ingmar\/farben.html<\/a><\/p>\n<blockquote>\n<p align=\"center\"><span style=\"color: blue;\"><b>Bedeutung der Farben<\/b><\/span><\/p>\n<p align=\"justify\">Wie in der Beschreibung der einzelnen Symbol-Kr\u00e4fte ersichtlich, werden diesen im besonderen nicht nur bestimmten Zahlen, Chakren und Eigenschaften, sondern dar\u00fcber hinaus auch Farben bzw. Farb-Kombinationen zugeordnet. Etliche dieser Farben sind gel\u00e4ufig, andere Farb-Mischungen kann man sich gerade noch vorstellen, wenn auch mit individuellen Abweichungen.<\/p>\n<p align=\"justify\">Nicht selten werden allerdings Farben oder Kompositionen genannt, mit denen wir zun\u00e4chst unsere Identifizierungs-Schwierigkeiten haben, weil es uns an den entsprechenden Wahrnehmungs-M\u00f6glichkeiten im physischen Bereich der organisch angelegten Sinnes-Organe mangelt.<\/p>\n<div align=\"left\">\n<p>Wie gehen wir demnach mit Beschreibungen um, die so lauten:<\/p>\n<blockquote>\n<blockquote>\n<div align=\"left\">\n<ul>\n<li>wachsfarben gegen Sonnenaufgang (\u00a0<a href=\"https:\/\/www.paranormal.de\/paramirr\/geo\/symbol\/ingmar\/ins.htm\">INS\u00a0<\/a>)<\/li>\n<li>kr\u00e4ftiges rosa, von schwarzen Str\u00e4ngen durchzogen (\u00a0<a href=\"https:\/\/www.paranormal.de\/paramirr\/geo\/symbol\/ingmar\/plasta.htm\">PLASTA\u00a0<\/a>)<\/li>\n<li>wei\u00df kariert im schwarzen Netz (\u00a0<a href=\"https:\/\/www.paranormal.de\/paramirr\/geo\/symbol\/ingmar\/obus.htm\">OBUS\u00a0<\/a>)<\/li>\n<\/ul>\n<\/div>\n<\/blockquote>\n<\/blockquote>\n<p align=\"justify\">Ohne die physisch konzipierten Farb-Rezeptoren sind wir dazu angehalten, solche bildhaft beschriebenen Farb-Definitionen f\u00fcrs erste als solche gelten zu lassen, ohne dabei konkrete Vorstellungen hineinzuinterpretieren.<\/p>\n<p align=\"justify\">Das gesamte Universum, das genaugenommen ein Multi-Versum, die Summe unendlich vieler Universen ist, zeigt sich erf\u00fcllt von Licht(strahlen), die jeweils im einzelnen auf einem Grund-Ton und einer Basis-Farbe aufgebaut sind. Mittels unserer physischen Sinne sind wir allerdings, wie in so vielen anderen Wahrnehmungs-Bereichen auch, auf einen kleinen Ausschnitt, gemeinhin als Spektral- oder Regenbogen-Farben definiert, beschr\u00e4nkt, den wir auch tats\u00e4chlich als Teil der Konsens-Realit\u00e4t akzeptieren k\u00f6nnen.<\/p>\n<p align=\"justify\">Das hei\u00dft allerdings noch lange nicht, da\u00df es daneben (in Parallel-Welten) nicht noch eine Unzahl weiterer Farben und Farb-Kombinationen gibt, die zugleich mit ihren charakteristischen Kl\u00e4ngen den f\u00fcr uns normalerweise unerreichbaren Hyper-Raum erf\u00fcllen.<\/p>\n<p align=\"justify\">Da\u00df jede Lichtfrequenz Bewu\u00dftsein darstellt und somit noch weitere zu entschl\u00fcsselnde Informationen enth\u00e4lt, soll erg\u00e4nzend hinzugef\u00fcgt werden.<\/p>\n<p align=\"justify\">Im Solar-System des\u00a0<span style=\"color: blue;\">SIRIUS<\/span>\u00a0gibt es in der Anordnung von\u00a0<span style=\"color: blue;\">Sirius C<\/span>\u00a0einen spindelf\u00f6rmigen Planeten &#8222;<span style=\"color: blue;\">LEANDER 0<\/span>&#8220; (Oh gehaucht), der von einer dichten Gaswolke umh\u00fcllt und f\u00fcr herk\u00f6mmliche astronomische Ger\u00e4te unsichtbar ist, weil er sich zu sehr im feinstofflichen Bereich aufh\u00e4lt. Dieser Planet ist Ursprung und Heimat all jener Farben, die in diesem (unserem) Sonnen-System existent und bis dato nur teilweise bekannt sind.<\/p>\n<p align=\"justify\">Hellsichtige Menschen und auch Tiere besitzen allerdings durchaus die F\u00e4higkeit, nicht zu beschreibende Farb-Wahrnehmungen zu erhalten. Diese Unm\u00f6glichkeit, solche Farben in entsprechend passende menschliche Begriffe einzuordnen, f\u00fchrt letztendlich u.a. zu der etwas befremdlich klingenden Umschreibung &#8211; &#8222;wei\u00df im Schatten&#8220; (\u00a0<a href=\"https:\/\/www.paranormal.de\/paramirr\/geo\/symbol\/ingmar\/zier.htm\">ZIER<\/a>\u00a0).<\/p>\n<\/div>\n<p align=\"justify\">\n<\/blockquote>\n","protected":false},"excerpt":{"rendered":"<p>Farben im INGMAR-System Quelle:\u00a0https:\/\/www.paranormal.de\/paramirr\/geo\/symbol\/info\/ingmar\/farben.html Bedeutung der Farben Wie in der Beschreibung der einzelnen Symbol-Kr\u00e4fte ersichtlich, werden diesen im besonderen nicht nur bestimmten Zahlen, Chakren und Eigenschaften, sondern dar\u00fcber hinaus auch Farben bzw. Farb-Kombinationen zugeordnet. Etliche dieser Farben sind gel\u00e4ufig, andere Farb-Mischungen kann man sich gerade noch vorstellen, wenn auch mit individuellen Abweichungen. Nicht selten werden [&hellip;]<\/p>\n","protected":false},"author":1,"featured_media":0,"parent":2729,"menu_order":0,"comment_status":"closed","ping_status":"closed","template":"members-style1-nosidebar.php","meta":{"footnotes":"","_links_to":"","_links_to_target":""},"class_list":["post-3139","page","type-page","status-publish","hentry"],"_links":{"self":[{"href":"https:\/\/reich-sein.eu\/club\/wp-json\/wp\/v2\/pages\/3139","targetHints":{"allow":["GET"]}}],"collection":[{"href":"https:\/\/reich-sein.eu\/club\/wp-json\/wp\/v2\/pages"}],"about":[{"href":"https:\/\/reich-sein.eu\/club\/wp-json\/wp\/v2\/types\/page"}],"author":[{"embeddable":true,"href":"https:\/\/reich-sein.eu\/club\/wp-json\/wp\/v2\/users\/1"}],"replies":[{"embeddable":true,"href":"https:\/\/reich-sein.eu\/club\/wp-json\/wp\/v2\/comments?post=3139"}],"version-history":[{"count":2,"href":"https:\/\/reich-sein.eu\/club\/wp-json\/wp\/v2\/pages\/3139\/revisions"}],"predecessor-version":[{"id":3141,"href":"https:\/\/reich-sein.eu\/club\/wp-json\/wp\/v2\/pages\/3139\/revisions\/3141"}],"up":[{"embeddable":true,"href":"https:\/\/reich-sein.eu\/club\/wp-json\/wp\/v2\/pages\/2729"}],"wp:attachment":[{"href":"https:\/\/reich-sein.eu\/club\/wp-json\/wp\/v2\/media?parent=3139"}],"curies":[{"name":"wp","href":"https:\/\/api.w.org\/{rel}","templated":true}]}}