{"id":3151,"date":"2022-09-18T14:55:00","date_gmt":"2022-09-18T12:55:00","guid":{"rendered":"http:\/\/reich-sein.eu\/club\/?page_id=3151"},"modified":"2022-11-24T15:51:35","modified_gmt":"2022-11-24T13:51:35","slug":"richtiges-gewahrsein","status":"publish","type":"page","link":"https:\/\/reich-sein.eu\/club\/seins-dimensionen\/informieren\/richtiges-gewahrsein\/","title":{"rendered":"Richtiges Gewahrsein"},"content":{"rendered":"<h2><strong><span style=\"color: #0000ff;\">Gewahrsein<\/span><\/strong><\/h2>\n<p><span style=\"color: #0000ff;\"><strong>Erkenne Dich SELBST!<\/strong><\/span><\/p>\n<p>Stilles Gewahrsein Deines Einsseins mit Gott.<\/p>\n<p>Das Ich, mit dem wir uns identifizieren, befindet sich zu jedem Zeitpunkt in einem mehr oder weniger stabilen Gleichgewicht.<\/p>\n<ul>\n<li>Identifikation = schwarzer Kreis,<\/li>\n<li>Zeitpunkt = Kreuzung der Raum-Zeit-Koordinaten im Kreisinneren<\/li>\n<\/ul>\n<p><span style=\"color: #0000ff;\"><strong><em>Gewahrsein ist die Kraft, die unser K\u00f6rper-Geist-Seele-System permanent ausbalanciert.<\/em><\/strong><\/span><\/p>\n<p><strong>Im Licht des Gewahrseins werden all die Konflikte sichtbar, die unsere Lebensenergie blockieren. Das tut weh.<\/strong><\/p>\n<p><strong>Es ist dasselbe Licht, welches die Konflikte aufl\u00f6st und uns ein selbstbestimmtes Leben erm\u00f6glicht. Das tut gut.<\/strong><\/p>\n<p>Wenn wir uns nun gemeinsam auf das Abenteuer der <strong>Selbstentdeckung<\/strong> begeben, werden wir sehen, dass es identisch ist mit der Entdeckung des Seienden selbst. Gewahrsein ist die Liebe zur Wirklichkeit, mit allen M\u00f6glichkeiten, die sie bereith\u00e4lt.<\/p>\n<p>Wer den Mut hat, der Wirklichkeit eins zu eins ins Auge zu blicken, den wird man nicht zuletzt an seiner heiteren Gelassenheit erkennen.<\/p>\n<p><strong><span style=\"color: #0000ff;\">Die heitere Gelassenheit des Gewahrseins<\/span><\/strong> verschlie\u00dft nicht die Augen vor den Aspekten der Wirklichkeit, die nach Ver\u00e4nderung schreien. Das unbedingte Ja zu ihr beinhaltet auch die kritische Offenlegung der Strukturen und Situationen, in denen das Leben sein Gleichgewicht verloren zu haben scheint.<\/p>\n<p><a href=\"https:\/\/www.gewahrsein.net\/\">https:\/\/www.gewahrsein.net\/<\/a><\/p>\n<h3><span style=\"color: #0000ff;\"><strong>Drei Gewahrseins-Ebenen:<\/strong><\/span><\/h3>\n<p><em><strong>Hoffnung, Glaube und Wissen.<\/strong><\/em><\/p>\n<p>Bei der spirituellen Meisterschaft geht es darum, von der dritten Ebene aus zu\u00a0leben.<\/p>\n<p><span style=\"color: #0000ff;\"><strong>1. Wissen <\/strong><\/span>(Wissen ist Macht! Weisheit ist die h\u00f6chste Macht!)<\/p>\n<p>Alles <strong>IST<\/strong> gut, fl\u00fcstert das UR-Vertrauen. Dieses Wissen ist<strong> Ge-Wiss-Heit.<\/strong><\/p>\n<p><em>&#8222;Wir k\u00f6nnen Gott nicht durch Kenntnisse ausfindig machen, aber ihn in unseren Herzen durch pers\u00f6nliche Erfahrung kennen. Mag seine Gerechtigkeit unserem Forschen auch unzug\u00e4nglich sein, so kann doch seine Barmherzigkeit vom einfachsten Erdenwesen empfangen werden.\u201c<\/em> (Urantiabuch,\u00a0\u00a0<a href=\"https:\/\/r20.rs6.net\/tn.jsp?f=001ZatdshV3wZ6vZfDTE0d3aG71T-rpzyBIrrOYz2sbl84RYBuEF5wgmsuYBK8mIdQBblB7gYPGQCsU3KhHN5rY0nIvp1GBVyKXdEXuI2l4VrrcBYRNCCUhQDoVpvW1JyZT6IeCIx7zDSwiAxmelr-uvWNQ4tF8ys7K0LYJjKFiXI-zLIFsd4ZEshw8k7JO4A0UkJ1AiEBfGh5y-TNLzKe4A9yiG9xqZeqD3kefotTlb62AGkbHy0HaxldkbEQB_9NVMKawCcCMIXXI-o772B7wUkrW2UDWxJg82rMziWz7TcPoGDqFEaSQgw==&amp;c=kSi-781GcBc_HC2_2CbnmOKWUIIdcogWIM6YwPEKwWzsCvNvR5NH9g==&amp;ch=6lz0u3AW33B0OkH6yDqK0jvaiQWImZ_3QksGAUob5aEN0cjpOwRFgg==\">\u201cUnsere Religion,\u201d 131:10.3 (1453.5)<\/a><\/p>\n<p><strong>Wissen ist Macht! <\/strong><\/p>\n<ul>\n<li><strong>Deshalb wird mit geheim gehaltenem Wissen, Geheimgesellschaften (Logen) und Geheimdiensten Macht etabliert und realisiert.<\/strong><\/li>\n<li><a href=\"https:\/\/bumibahagia.com\/2022\/09\/21\/das-neue-goldene-zeitalter-ist-nicht-aufzuhalten\/\">Nur die Wahrheit kann die Menschen frei machen,<\/a> deshalb wird sie von den M\u00e4chtigen gef\u00fcrchtet und mit Bergen von L\u00fcgen bedeckt gehalten.\u2026<\/li>\n<li>F\u00fcr die Steuerung der Gesellschaft bzw. der Menschheit braucht es konzeptuelle Macht und Wissen.<\/li>\n<li><em>&#8222;Eine eigene Schrift ist Ausdruck von Hochkultur und deutsches Wissen, Denken, Forschen, Dichten und F\u00fchlen wurde 400 Jahre lang exklusiv in der deutschen Schrift (Fraktur) gespeichert.&#8220; (<a href=\"https:\/\/reichsverfassungsurkunde.bismarckserben.org\">https:\/\/reichsverfassungsurkunde.bismarckserben.org<\/a>)<\/em><\/li>\n<li>Deshalb haben die Herrschenden einen Grund, da\u00df deutsche Schrift heute nicht mehr gelehrt, sondern h\u00e4ufig eher sogar verteufelt wird.<\/li>\n<\/ul>\n<p>Wenn aber Dumme herrschen, dann herrscht die Dummheit (das Nicht-Wissen, Halb-Wissen, L\u00fcgen)<\/p>\n<p>Die herrschende Dummheit ist stets die Dummheit der Herrschenden!<\/p>\n<ul>\n<li><strong>M. Schmidt-Salomon:<\/strong> <a href=\"https:\/\/amzn.to\/3SnFjwG\"><strong><em>Keine Macht den Doofen.\u00a0<span id=\"productTitle\" class=\"a-size-extra-large\">Eine Streitschrift (2012)<\/span><\/em><\/strong><\/a><\/li>\n<li><strong>Sarah Wagenknecht<\/strong>: <em><a href=\"https:\/\/youtu.be\/UevnlH8npEo\">\u201eD\u00fcmmste Regierung in Europa\u201d (8.9.2022 im deutschen Bundestag)<\/a><\/em><\/li>\n<li><a href=\"https:\/\/youtu.be\/PkDi-ZxONjo\">&#8222;Die d\u00fcmmste Regierung Europas&#8220; \/ Themencheck mit Hans A. Bernecker am 14.09.2022<\/a><\/li>\n<\/ul>\n<p>Der wahre Stand der Dinge wird nicht nur durch Vertuschen und Eliminieren von Wissensquellen, sondern auch durch &#8222;Geschw\u00e4tz&#8220; von L\u00fcgen, Halbwahrheiten und gelegentlichen Wahrheiten verborgen und gesch\u00fctzt &#8230;<\/p>\n<p class=\"absatz\"><strong>Bewu\u00dftsein kommt von Wissen bzw. Weisheit.<\/strong><\/p>\n<p><em>Geld erwerben, erfordert Klugheit;<\/em><br \/>\n<em>Geld bewahren erfordert eine gewisse Weisheit,<\/em><br \/>\n<em>und Geld sch\u00f6n auszugeben, ist eine Kunst.<\/em><br \/>\nBerthold Auerbach<\/p>\n<p><span style=\"color: #0000ff;\"><strong>2. Glauben <\/strong><\/span>(ist nicht wissen, sondern\u00a0<strong>F\u00fcr-wahr-halten<\/strong>, also annehmen, da\u00df etwas wahr oder wahrscheinlich ist, und <strong>darauf vertrauen<\/strong>.)<\/p>\n<p><span style=\"color: #993366;\">Der Glaube ist die h\u00f6chste Form des Wissens und gleichzeitig eine Willenstat.<\/span><\/p>\n<p><span style=\"color: #993366;\">Deshalb versuchen die Religionen unseren Glauben zu binden an ihre Version. Re-ligio hei\u00dft wieder-binden bzw. r\u00fcck-verbinden.<\/span><\/p>\n<p>Deshalb: <em>&#8222;Er soll nur glauben, was er selbst gepr\u00fcft hat.&#8220;<\/em><\/p>\n<p><span style=\"color: #0000ff;\"><strong>3. Hoffen <\/strong><\/span>(ist nicht Gewi\u00dfheit,\u00a0 sondern Glauben als zuversichtliche Erwartung und Vorstellung von K\u00fcnftigem, ist im Vertrauen begr\u00fcndet, da\u00df das Ausges\u00e4te oder Erbetene nach einer Zeit Fr\u00fcchte tragen wird bzw. gegeben wird. Hoffnung tr\u00e4gt uns durch die Wartezeit)<\/p>\n<p>Alles <strong>WIRD<\/strong>\u00a0gut, posaunt das Positive Denken.<\/p>\n<ul>\n<li><a href=\"https:\/\/wikiunterschied.com\/hoffnung-vs-zuversicht\/\">Hoffnung ist der Glaube bzw. die Erwartung<\/a> eines erw\u00fcnschten Ereignisses in der Zukunft, ohne da\u00df Gewissheit dar\u00fcber besteht, ob es auch wirklich eintreten wird<\/li>\n<li>Mensch, Gegenstand oder Handlung, der oder die zu solchem Glauben Anlass gibt<\/li>\n<\/ul>\n<p>Hoffnung\u00a0kann im besten Sinn Gewissheit, Standhaftigkeit und Handeln bedeuten.<\/p>\n<p>Dem Glauben und Hoffen m\u00fcssen Taten folgen! Denn: Hilf Dir selbst, dann hilft Dir Gott!<\/p>\n<p><em>&#8222;Hoffnung ist in Wahrheit das \u00fcbelste der \u00dcbel, weil sie die Qual der Menschen verl\u00e4ngert.&#8220;<\/em>\u00a0(Friedrich Nietzsche)<\/p>\n<p><em>&#8222;Hoffnung ist des Kaufmanns Tod!&#8220;<\/em>\u00a0(Verk\u00e4uferspruch)<\/p>\n<h3><span id=\"Glaube_Liebe_Hoffnung_als_drei_Aspekte_des_spirituellen_Weges\" class=\"mw-headline\" style=\"color: #0000ff;\">Drei Aspekte des spirituellen Weges:<strong>\u00a0<\/strong><\/span><strong><span style=\"color: #0000ff;\">Glaube Liebe Hoffnung<span style=\"font-size: 16px;\">\u00a0<\/span><\/span><\/strong><\/h3>\n<p><a href=\"https:\/\/wiki.yoga-vidya.de\/Glaube_Liebe_Hoffnung\"><b>Glaube Liebe Hoffnung<\/b>\u00a0<\/a>gelten als die drei besonders wichtige\u00a0Tugenden\u00a0jedes\u00a0spirituellen\u00a0Suchers. Glaube Liebe Hoffnung sind eine Grundlage des spirituellen Lebens:<\/p>\n<ul>\n<li><strong>Glaube<\/strong> ist der\u00a0Glaube\u00a0an eine H\u00f6here\u00a0Wirklichkeit.<\/li>\n<li><strong>Liebe\u00a0<\/strong>ist die wichtigste Tugend im\u00a0Alltag.<\/li>\n<li><strong>Hoffnung<\/strong>\u00a0ist die Hoffnung auf\u00a0Erl\u00f6sung, die Hoffnung auf\u00a0Erleuchtung, die Hoffnung auf\u00a0Gottverwirklichung,\u00a0Selbstverwirklichung.<\/li>\n<\/ul>\n<p>&nbsp;<\/p>\n<h3><span style=\"color: #0000ff;\"><strong>Drei Rollen des Menschen im Leben:<\/strong><\/span><\/h3>\n<ol>\n<li>Regisseur und Drehbuchautor<\/li>\n<li>Schauspieler (Produzent)<\/li>\n<li>Zuschauer, Beobachter, Zeuge<\/li>\n<\/ol>\n<p>+++++++++++++++++<\/p>\n<p><em><strong>\u201eICH BI&lt;N\u201c (als der diese S\u00e4tze\u00a0wahrnehmende Geist) in \u201emeiner\u00a0pers\u00f6nlichen Welt\u201c (= Daseinssph\u00e4re) der Einzige, der dies verstehen kann.<\/strong><\/em><\/p>\n<p>+++++++++++++++++++++++++++++++++++<\/p>\n<p><span style=\"color: #0000ff;\"><strong>Grenzen des menschlichen Erkennens<\/strong><\/span><\/p>\n<p><em>Die Kosmologie dieser Offenbarungen ist\u00a0nicht inspiriert.\u00a0Sie h\u00e4lt sich in den Grenzen unserer Erlaubnis zur Koordinierung und Sortierung des heutigen Wissens. <span style=\"color: #0000ff;\">G\u00f6ttliche oder geistige Schau ist eine Gabe, aber\u00a0menschliche Weisheit muss sich entwickeln.<\/span><\/em><\/p>\n<p><em><a href=\"https:\/\/www.urantia.org\/de\/das-urantia-buch\/schrift-101-die-wahre-natur-der-religion#U101_4_3#U101_4_3\">(1109.4) 101:4.3<\/a>\u00a0Wahrheit ist immer eine Offenbarung: eine Eigenoffenbarung, wenn sie als Ergebnis der Arbeit des innewohnenden Justierers erscheint; eine epochale Offenbarung, wenn sie durch irgendeine andere himmlische Vermittlung, Gruppe oder Pers\u00f6nlichkeit dargeboten wird.<\/em><\/p>\n<p><em><a href=\"https:\/\/www.urantia.org\/de\/das-urantia-buch\/schrift-106-realitatsebenen-des-universums#U106_0_10#U106_0_10\">(1163.4) 106:0.10<\/a>\u00a0Diese Realit\u00e4tsebenen sind brauchbare <span style=\"color: #0000ff;\">Kompromisssymbolisierungen<\/span> f\u00fcr das gegenw\u00e4rtige Universumszeitalter und f\u00fcr die menschliche Perspektive. Es gibt eine ganze Reihe anderer Betrachtungsweisen der Realit\u00e4t aus anderen Perspektiven als der menschlichen und vom Standpunkt anderer Universumszeitalter aus. Man sollte deshalb zur Kenntnis nehmen, dass die hier vorgestellten Konzepte g\u00e4nzlich relativ sind, relativ in dem Sinne, dass sie bedingt und begrenzt sind durch:<\/em><\/p>\n<ol>\n<li><em>Die Beschr\u00e4nkungen der menschlichen Sprache.<\/em><\/li>\n<li><em>Die Beschr\u00e4nkungen des menschlichen Verstandes.<\/em><\/li>\n<li><em>Die beschr\u00e4nkte Entwicklung der sieben Superuniversen.<\/em><\/li>\n<li><em>Eure Unkenntnis jener sechs Hauptziele der Superuniversumsentwicklung, die den menschlichen Aufstieg zum Paradies nicht betreffen.<\/em><\/li>\n<li><em>Eure Unf\u00e4higkeit, euch auch nur einen teilweisen Gesichtspunkt der Ewigkeit zu eigen zu machen.<\/em><\/li>\n<li><em>Die Unm\u00f6glichkeit, kosmische Evolution und Bestimmung im Zusammenhang mit allen Universumszeitaltern zu beschreiben, und nicht blo\u00df im Hinblick auf das gegenw\u00e4rtige Zeitalter evolution\u00e4rer Entfaltung der sieben Superuniversen.<\/em><\/li>\n<li><em>Die Unf\u00e4higkeit jeglichen Gesch\u00f6pfes zu begreifen, was mit vorexistentiellen und nach erfahrungsm\u00e4\u00dfigen Realit\u00e4ten wirklich gemeint ist \u2014 mit dem, was vor den Anf\u00e4ngen und nach den Bestimmungen liegt.<\/em><\/li>\n<\/ol>\n<p><a href=\"https:\/\/www.urantia.org\/de\/das-urantia-buch\/faq\/wie-sind-die-urantia-schriften-entstanden\">https:\/\/www.urantia.org\/de\/das-urantia-buch\/faq\/wie-sind-die-urantia-schriften-entstanden<\/a><\/p>\n<p><span style=\"color: #0000ff;\"><strong>Drei Gewahrseins-Ebenen:<\/strong><\/span><\/p>\n<p><em><strong>Hoffnung, Glaube und Wissen.<\/strong><\/em><\/p>\n<p>Bei der spirituellen Meisterschaft geht es darum, von der dritten Ebene aus zu\u00a0leben.<\/p>\n<ol>\n<li><span style=\"color: #0000ff;\"><strong>Wissen<\/strong><\/span><\/li>\n<li><span style=\"color: #0000ff;\"><strong>Glauben<\/strong><\/span><\/li>\n<li><span style=\"color: #0000ff;\"><strong>Hoffen<\/strong><\/span><\/li>\n<\/ol>\n","protected":false},"excerpt":{"rendered":"<p>Gewahrsein Erkenne Dich SELBST! Stilles Gewahrsein Deines Einsseins mit Gott. Das Ich, mit dem wir uns identifizieren, befindet sich zu jedem Zeitpunkt in einem mehr oder weniger stabilen Gleichgewicht. Identifikation = schwarzer Kreis, Zeitpunkt = Kreuzung der Raum-Zeit-Koordinaten im Kreisinneren Gewahrsein ist die Kraft, die unser K\u00f6rper-Geist-Seele-System permanent ausbalanciert. Im Licht des Gewahrseins werden all [&hellip;]<\/p>\n","protected":false},"author":1,"featured_media":0,"parent":1672,"menu_order":0,"comment_status":"closed","ping_status":"closed","template":"members-style1-nosidebar.php","meta":{"footnotes":"","_links_to":"","_links_to_target":""},"class_list":["post-3151","page","type-page","status-publish","hentry"],"_links":{"self":[{"href":"https:\/\/reich-sein.eu\/club\/wp-json\/wp\/v2\/pages\/3151","targetHints":{"allow":["GET"]}}],"collection":[{"href":"https:\/\/reich-sein.eu\/club\/wp-json\/wp\/v2\/pages"}],"about":[{"href":"https:\/\/reich-sein.eu\/club\/wp-json\/wp\/v2\/types\/page"}],"author":[{"embeddable":true,"href":"https:\/\/reich-sein.eu\/club\/wp-json\/wp\/v2\/users\/1"}],"replies":[{"embeddable":true,"href":"https:\/\/reich-sein.eu\/club\/wp-json\/wp\/v2\/comments?post=3151"}],"version-history":[{"count":46,"href":"https:\/\/reich-sein.eu\/club\/wp-json\/wp\/v2\/pages\/3151\/revisions"}],"predecessor-version":[{"id":4155,"href":"https:\/\/reich-sein.eu\/club\/wp-json\/wp\/v2\/pages\/3151\/revisions\/4155"}],"up":[{"embeddable":true,"href":"https:\/\/reich-sein.eu\/club\/wp-json\/wp\/v2\/pages\/1672"}],"wp:attachment":[{"href":"https:\/\/reich-sein.eu\/club\/wp-json\/wp\/v2\/media?parent=3151"}],"curies":[{"name":"wp","href":"https:\/\/api.w.org\/{rel}","templated":true}]}}