{"id":3162,"date":"2022-09-18T15:20:59","date_gmt":"2022-09-18T13:20:59","guid":{"rendered":"http:\/\/reich-sein.eu\/club\/?page_id=3162"},"modified":"2022-11-30T14:56:09","modified_gmt":"2022-11-30T12:56:09","slug":"geheimnisse","status":"publish","type":"page","link":"https:\/\/reich-sein.eu\/club\/seins-dimensionen\/bewusstsein\/geheimnisse\/","title":{"rendered":"Geheimnisse"},"content":{"rendered":"<h2><strong><span style=\"color: #0000ff;\">Geheimnisse<\/span><\/strong><\/h2>\n<p><em>&#8222;Als eine Realit\u00e4t in der menschlichen geistigen Erfahrung ist Gott kein Geheimnis. Aber sobald der Versuch unternommen wird, physischen Verstandeswesen der materiellen Ordnung die Realit\u00e4ten der geistigen Welt klarzumachen, tritt Geheimnis auf.&#8220;<\/em> (Urantiabuch,\u00a01:4.7 (27.2)<\/p>\n<p><b><span><em>\u201eWenn Sie die Geheimnisse des Universums finden wollen, denken Sie in Begriffen wie Energie, Frequenz und Schwingung.\u201c<\/em> (Nikola Tesla)<\/span><\/b><\/p>\n<h2><span style=\"color: #0000ff;\"><strong>Offenbarte Geheimnisse!<\/strong><\/span><\/h2>\n<p data-css=\"tve-u-61f62d2d2a9024\"><span data-css=\"tve-u-17ea9a9b3d8\"><em>\u201eEs gibt zwei Arten von Weltgeschichte: Die eine ist die offizielle, verlogene, \u00a0<\/em><em>f\u00fcr den Schulunterricht bestimmte \u2013 \u00a0die andere ist die geheime Geschichte,\u00a0\u00a0<\/em><em>welche die wahren Ursachen der Ereignisse birgt.\u201c<\/em><\/span><\/p>\n<p data-css=\"tve-u-61f62d2d2a9084\"><strong><span data-css=\"tve-u-17ea9a9b423\">Honore de Balzac\u00a0<\/span><\/strong><span data-css=\"tve-u-61f62d2d2a90d8\">(franz. Schriftsteller; 1799 &#8211; 1850)<\/span><\/p>\n<p><small>Weil es mehr Dinge zwischen Himmel und Erde gibt, als sich die Schulweisheit tr\u00e4umen l\u00e4\u00dft!<\/small><\/p>\n<p class=\"h3 quote-single__quote\"><strong><em>Man kann einige Menschen die ganze Zeit und alle Menschen eine Zeit lang zum Narren halten; aber man kann nicht alle Menschen allezeit zum Narren halten. (<\/em><\/strong>Abraham Lincoln)<\/p>\n<p><em>\u00a0<strong>\u201eEine Illusion wird es sein, so gro\u00df, so weitgehend, dass sie ihre Vorstellungskraft \u00fcbersteigt!\u201c<\/strong>!<\/em><\/p>\n<p><b><small>Ein einziger Mensch mit Mut bildet eine Mehrheit!<\/small><\/b><\/p>\n<p><span style=\"color: #0000ff;\"><strong>Auswahl von Geheimnissen<\/strong><\/span><\/p>\n<ul>\n<li>Die Erforschung der Tunnelsysteme der rum\u00e4nischen\u00a0<strong>Bucegi-Berge<\/strong>,<\/li>\n<li>die Geheimnisse deutscher Wissenschaftler des fr\u00fchen amerikanischen\u00a0<strong>Weltraumprogramms<\/strong>, biblische\u00a0<strong>Prophezeiungen der Endzeit<\/strong>,<\/li>\n<li>das Eintreffen von schweren globalen\u00a0<strong>Erdver\u00e4nderungen<\/strong>,<\/li>\n<li>paranormale Erscheinungen auf der\u00a0<strong>Skinwalker-Ranch<\/strong>,<\/li>\n<li>die R\u00fcckkehr der\u00a0<strong>Anunnaki<\/strong>\u00a0und neue Informationen \u00fcber\u00a0<strong>Planet X<\/strong>,<\/li>\n<li>verbotenes Wissen aus den verschlossenen\u00a0<strong>Archiven des Vatikans<\/strong>,<\/li>\n<li>unterdr\u00fcckte neue Forschungsergebnisse zu den\u00a0<strong>Nazca-Mumien<\/strong>\u00a0aus Peru,<\/li>\n<li>das Alien-Hybridenprogramm,<\/li>\n<li>Basen au\u00dferirdischer und interdimensionaler Zivilisationen auf dem Grund der Ozeane und dem Mond,<\/li>\n<li>der Great Reset und die Agenda des Transhumanismus der geplanten Neuen Weltordnung.<\/li>\n<\/ul>\n<h3><span style=\"color: #0000ff;\"><b>Geheimnisse<\/b><\/span><\/h3>\n<ul>\n<li><a href=\"https:\/\/www.paranormal.de\/paramirr\/geheimnis.html\">Geheimnis aller Geheimnisse<\/a><\/li>\n<li><a href=\"https:\/\/www.paranormal.de\/paramirr\/sein.html\">Geheimnis des Bewu\u00dftseins<\/a><\/li>\n<li><a href=\"https:\/\/www.paranormal.de\/paramirr\/gedanke\/index.html\">Geheimnis der Gedanken<\/a><\/li>\n<li><a href=\"https:\/\/www.paranormal.de\/paramirr\/geo\/mer\/mer.html\">Geheimnis der Unsterblichkeit &#8211; die Merkaba<\/a><\/li>\n<li><a href=\"https:\/\/www.paranormal.de\/paramirr\/geo\/geo.html\">Geheimnis des Geistes &#8211; Geometrie als prim\u00e4re Sprache<\/a><\/li>\n<li><a href=\"https:\/\/www.paranormal.de\/paramirr\/geo\/gem\/col.html\">Geheimnis der Kristalle, Edelsteine, Chakras &#8211; LichtGeometrien und FarbCodes<\/a><\/li>\n<li><a href=\"https:\/\/www.paranormal.de\/paramirr\/geo\/en\/energie.html\">Geheimnis der Energie-Kristalle &#8211; freie Energie und Raumflug<\/a><\/li>\n<li><a href=\"https:\/\/www.paranormal.de\/paramirr\/local\/water\/water.html\">Geheimnis der Heilung &#8211; Wasser des Lebens \u00a0=\u00a0 super-ionisiertes Wasser<\/a><\/li>\n<li><a href=\"https:\/\/www.paranormal.de\/paramirr\/mandala.html\">Geheimnis der Mandalas<\/a><\/li>\n<li><a href=\"https:\/\/www.paranormal.de\/paramirr\/face.html\">Geheimnis des Mars-Gesichts<\/a><\/li>\n<li><a href=\"https:\/\/www.paranormal.de\/paramirr\/u.html\">Geheimnis der UFOs<\/a><\/li>\n<li><a href=\"https:\/\/www.paranormal.de\/paramirr\/local\/letter\/index.html\">Geheimnis der Anschl\u00e4ge auf World Trade Center und Pentagon<\/a><\/li>\n<li>Wer sind die W\u00e4chter des Goldes<\/li>\n<li>Was ist der Schwur der Jesuiten?<\/li>\n<li><a href=\"http:\/\/www.kath-zdw.ch\/maria\/texte\/24.protokolle.html\">Was steht in den <strong>\u201eProtokolle der Weisen von Zion\u201c<\/strong><\/a><\/li>\n<li>Die wahre Geschichte von Jesuiten, Khasaren und Geheimb\u00fcnden.<\/li>\n<\/ul>\n<p><a href=\"https:\/\/amzn.to\/3dtwSRx\"><strong>A.W. von Staufen, M.J. L\u00fctzeler von Roden:\u00a0Der geheime Pakt der Freimaurer, Khasaren und Jesuiten<\/strong><\/a><\/p>\n<p class=\"h3 pb-1\"><strong>Wir bleiben durch unser Blut verbunden. Tod dem, der dar\u00fcber spricht!<\/strong><\/p>\n<p class=\"gray author-text mb-0\"><a href=\"https:\/\/amzn.to\/3dtwSRx\"><img loading=\"lazy\" decoding=\"async\" class=\"size-full wp-image-3290 alignnone\" src=\"http:\/\/reich-sein.eu\/club\/wp-content\/uploads\/2022\/09\/Der-geheime-Pakt-der-Freimaurer-Khasaren-und-Jesuiten.jpg\" alt=\"\" width=\"244\" height=\"346\" srcset=\"https:\/\/reich-sein.eu\/club\/wp-content\/uploads\/2022\/09\/Der-geheime-Pakt-der-Freimaurer-Khasaren-und-Jesuiten.jpg 244w, https:\/\/reich-sein.eu\/club\/wp-content\/uploads\/2022\/09\/Der-geheime-Pakt-der-Freimaurer-Khasaren-und-Jesuiten-212x300.jpg 212w\" sizes=\"auto, (max-width: 244px) 100vw, 244px\" \/><\/a><\/p>\n<p><a href=\"https:\/\/amzn.to\/3dtwSRx\">Buch HIER bestellen<\/a><\/p>\n<p><span style=\"color: #0000ff;\"><strong>Die Khasaren planten und steuerten das komplette Weltgeschehen!\u00a0<\/strong><\/span><\/p>\n<p>Die Ablenkung wurde durchgef\u00fchrt mit der Manipulation mit Musik, im Kino, im Fernseher, in der Presse oder anderen Medien.<\/p>\n<p><a href=\"https:\/\/www.freunde-der-erkenntnis.net\/blutlinie-und-rosenholzakte-wir-bleiben-durch-unser-blut-verbunden-tod-dem-der-darueber-spricht\/\">W\u00e4hrend des \u201eKalten Krieges\u201c wurden wahrscheinlich weltweit Menschen aus und durch \u201edie Familie\u201c so manipuliert,<\/a> dass sie im Anschluss gute Arbeit f\u00fcr \u201edie Familie\u201c leisten konnten\/d\u00fcrfen!<\/p>\n<p><em>Der Mensch sieht nur, was er denkt zu sehen, glaubt zu sehen oder was ihm gesagt wird, was er sieht!<\/em><\/p>\n<p><em>Wir alle sollten anfangen, ALLES zu hinterfragen. Wenn man beginnt zu \u201eerwachen\u201c ist es nur schwer auszuhalten. Pl\u00f6tzlich sieht man, dass die ganze Welt in der man lebte und lebt nur Phantasie, eine Illusion und ein L\u00fcgenkonstrukt war\/ist. Wir alle sind einem \u201egenialen Plan\u201c auf dem Leim gegangen, den sich sehr kluge K\u00f6pfe ausdachten, damit wir unsere Versklavung nicht bemerken.<\/em><\/p>\n<blockquote class=\"wp-embedded-content\" data-secret=\"StR1bInlGQ\"><p><a href=\"https:\/\/www.freunde-der-erkenntnis.net\/blutlinie-und-rosenholzakte-wir-bleiben-durch-unser-blut-verbunden-tod-dem-der-darueber-spricht\/\">Blutlinie und Rosenholzakte: Wir bleiben durch unser Blut verbunden. Tod dem, der dar\u00fcber spricht!<\/a><\/p><\/blockquote>\n<p><iframe loading=\"lazy\" class=\"wp-embedded-content\" sandbox=\"allow-scripts\" security=\"restricted\" style=\"position: absolute; visibility: hidden;\" title=\"&#8222;Blutlinie und Rosenholzakte: Wir bleiben durch unser Blut verbunden. Tod dem, der dar\u00fcber spricht!&#8220; &#8212; Freunde der Erkenntnis\" src=\"https:\/\/www.freunde-der-erkenntnis.net\/blutlinie-und-rosenholzakte-wir-bleiben-durch-unser-blut-verbunden-tod-dem-der-darueber-spricht\/embed\/#?secret=rKbVVMT2AK#?secret=StR1bInlGQ\" data-secret=\"StR1bInlGQ\" width=\"500\" height=\"282\" frameborder=\"0\" marginwidth=\"0\" marginheight=\"0\" scrolling=\"no\"><\/iframe><\/p>\n<h2><span style=\"color: #0000ff;\"><strong>Die OHRENBARUNGEN des JHWH<\/strong><\/span><\/h2>\n<p>Neuoffenbarungen f\u00fcr das\u00a0<ins>3.<\/ins>\u00a0Jahrtausend der\u00a0<ins>LIEBE<\/ins>.<\/p>\n<p><ins>HOLOFEELING<\/ins>\u00a0ist Naturwissenschaft in ihrer reinsten\u00a0<ins>urg\u00f6ttlichen Form<\/ins>!<\/p>\n<div class=\"element-with-custom-line-height\">\n<p class=\"section-title ut-flowtyped\" data-title=\"JCHBINDU ... Dein geistig h\u00f6heres SELBST!!!\" data-responsive-font=\"section_title\" data-responsive-font-settings=\"{&quot;base-font-size&quot;:&quot;global&quot;,&quot;font-size&quot;:{&quot;desktop_large&quot;:&quot;50&quot;},&quot;base-line-height&quot;:&quot;global&quot;,&quot;line-height&quot;:{&quot;desktop_large&quot;:&quot;60&quot;},&quot;base-letter-spacing&quot;:&quot;global&quot;,&quot;letter-spacing&quot;:{&quot;desktop_large&quot;:&quot;-0.03&quot;}}\"><strong>JCHBINDU &#8230; Dein geistig h\u00f6heres SELBST!!!<\/strong><\/p>\n<\/div>\n<div class=\"lead \" data-delay=\"0\">\n<p>Viele warten auf die R\u00fcckkehr des Messias, doch\u00a0<ins><b>JCHUP = g\u00f6ttlich verbundene Weisheit<\/b><\/ins>\u00a0bin wie versprochen zur\u00fcck \u2026\u00a0ja, genau hier und jetzt \u2026 n\u00e4mlich\u00a0<ins><b>in Dir GEIST selbst!<\/b><\/ins><\/p>\n<\/div>\n<p><a href=\"http:\/\/www.holofeeling.de\/\">Geheimnis der Weltformel &#8211; Holofeeling<\/a>\u00a0&gt;&gt;\u00a0<a href=\"https:\/\/www.paranormal.de\/paramirr\/local\/holofeel\/index.html\">download pdf-files<\/a><\/p>\n<h3><span style=\"color: #0000ff;\"><strong>&#8222;Die geheime Geschichte &#8211; Wie eine satanische Sekte die Welt kaperte (1+2)&#8220;<\/strong><\/span><\/h3>\n<p>von Wolfgang Eggert. Quellenangabe zum Gesprochenen im Video.<\/p>\n<p><iframe loading=\"lazy\" title=\"YouTube video player\" src=\"https:\/\/www.youtube-nocookie.com\/embed\/jqwX_kA23IA\" width=\"560\" height=\"315\" frameborder=\"0\" allowfullscreen=\"allowfullscreen\"><\/iframe><\/p>\n<p>&nbsp;<\/p>\n<p><b>Links<\/b><br \/>\n<a href=\"http:\/\/www.eichhorn.ws\/html\/body_grenzwissensch..htm\">Geheimnis der Pyramidenstadt im Meer<\/a><\/p>\n<p><a href=\"http:\/\/www.holoenergetic.com\/TX-trafomat.htm\">Geheimnis kosmischer Synchronisation &#8211; der Photonen-Ring<\/a><br \/>\n<a href=\"http:\/\/www.joytopia.info\/joystory.html\">Geheimnis kosmischer Wirtschafts-Systeme &#8211; der frei schenkende Staat<\/a><br \/>\n<a href=\"https:\/\/www.paranormal.de\/paramirr\/local\/letter\/zins.htm\">Geheimnis des Zins-Systems &#8211; Kriege als Ausweg aus der Schuldenfalle<\/a><\/p>\n","protected":false},"excerpt":{"rendered":"<p>Geheimnisse &#8222;Als eine Realit\u00e4t in der menschlichen geistigen Erfahrung ist Gott kein Geheimnis. Aber sobald der Versuch unternommen wird, physischen Verstandeswesen der materiellen Ordnung die Realit\u00e4ten der geistigen Welt klarzumachen, tritt Geheimnis auf.&#8220; (Urantiabuch,\u00a01:4.7 (27.2) \u201eWenn Sie die Geheimnisse des Universums finden wollen, denken Sie in Begriffen wie Energie, Frequenz und Schwingung.\u201c (Nikola Tesla) Offenbarte [&hellip;]<\/p>\n","protected":false},"author":1,"featured_media":0,"parent":1687,"menu_order":0,"comment_status":"closed","ping_status":"closed","template":"members-style1-nosidebar.php","meta":{"footnotes":"","_links_to":"","_links_to_target":""},"class_list":["post-3162","page","type-page","status-publish","hentry"],"_links":{"self":[{"href":"https:\/\/reich-sein.eu\/club\/wp-json\/wp\/v2\/pages\/3162","targetHints":{"allow":["GET"]}}],"collection":[{"href":"https:\/\/reich-sein.eu\/club\/wp-json\/wp\/v2\/pages"}],"about":[{"href":"https:\/\/reich-sein.eu\/club\/wp-json\/wp\/v2\/types\/page"}],"author":[{"embeddable":true,"href":"https:\/\/reich-sein.eu\/club\/wp-json\/wp\/v2\/users\/1"}],"replies":[{"embeddable":true,"href":"https:\/\/reich-sein.eu\/club\/wp-json\/wp\/v2\/comments?post=3162"}],"version-history":[{"count":23,"href":"https:\/\/reich-sein.eu\/club\/wp-json\/wp\/v2\/pages\/3162\/revisions"}],"predecessor-version":[{"id":5274,"href":"https:\/\/reich-sein.eu\/club\/wp-json\/wp\/v2\/pages\/3162\/revisions\/5274"}],"up":[{"embeddable":true,"href":"https:\/\/reich-sein.eu\/club\/wp-json\/wp\/v2\/pages\/1687"}],"wp:attachment":[{"href":"https:\/\/reich-sein.eu\/club\/wp-json\/wp\/v2\/media?parent=3162"}],"curies":[{"name":"wp","href":"https:\/\/api.w.org\/{rel}","templated":true}]}}