{"id":3184,"date":"2022-09-18T16:39:02","date_gmt":"2022-09-18T14:39:02","guid":{"rendered":"http:\/\/reich-sein.eu\/club\/?page_id=3184"},"modified":"2022-11-24T16:03:33","modified_gmt":"2022-11-24T14:03:33","slug":"selbst-gespraech","status":"publish","type":"page","link":"https:\/\/reich-sein.eu\/club\/mittel\/selbst-gespraech\/","title":{"rendered":"SELBST-Gespr\u00e4ch"},"content":{"rendered":"<h2><span style=\"color: #0000ff;\"><strong>SELBST&lt;Gespr\u00e4ch<\/strong><\/span><\/h2>\n<p><em>Diese Schriften sind allesamt als \u201emein SELBST&lt;Gespr\u00e4ch\u201c zu betrachten, das\u00a0ICH in meinem eigenen Geist\u00a0von meinem H\u00f6heren SELBST\u00a0zugespielt bekomme. Diese Neu-Offenbarungen sprechen den \u201eg\u00f6ttlichen KERN\u201c in mir an: das \u201eunpers\u00f6nliche ICH\u201c\u00a0<strong>und nicht<\/strong>\u00a0mein\u00a0\u201epers\u00f6nliches ich\u201c , d. h. nicht die Person, die\u00a0ICH\u00a0mir\u00a0nun als \u201eLeser\u201c dieser Zeilen unter \u201emir selbst\u201c\u00a0vorstelle, von der ich noch sehr oft denke,\u00a0ICH\u00a0w\u00e4re nur\u00a0diese Person\u00a0(= nur dieser K\u00f6rper).<\/em><\/p>\n<p><a href=\"http:\/\/www.holofeeling.de\/\">http:\/\/www.holofeeling.de\/<\/a><\/p>\n<p>Manchmal f\u00fchren Menschen einen inneren Dialog:<\/p>\n<blockquote><p>\u201e\u00a0<i>Du bist nicht dumm! Du bist\u00a0eine brillante und proaktive Person.\u00a0Denke nicht so.\u00a0Du bist die intelligenteste Person, die ich kenne.\u00a0Nun, du bist nicht so schlau, wie du denkst.\u00a0<\/i><i>Ja, ich bin!\u00a0<\/i>\u201d<\/p><\/blockquote>\n<p>Wenn Du etwa ein solches Gespr\u00e4ch mit Dir selbst f\u00fchrst, sprichst Du nicht mit Deinem\u00a0<strong>Unterbewusstsein<\/strong>, denn das\u00a0<strong>Unterbewusstsein<\/strong> spricht nicht mit Dir, sondern<\/p>\n<ul>\n<li><strong>nimmt nur Befehle entgegen,<\/strong><\/li>\n<li><strong>speichert Daten,<\/strong><\/li>\n<li><strong>verarbeitet wiederholte Daten als Muster (Gewohnheiten),<\/strong><\/li>\n<li><strong>nutzt diese Informationsmuster automatische f\u00fcr Reaktionen (Denken, F\u00fchlen und Verhalten) in identischen Situationen,<\/strong><\/li>\n<li><strong>gibt diese als\u00a0Erinnerung wieder<\/strong><\/li>\n<li><strong>urteilt nicht \u00fcber irgendetwas <\/strong>(Es ist nicht richtig, es ist nicht schlecht).<\/li>\n<\/ul>\n<p>Das Gespr\u00e4ch, das Du dabei f\u00fchrst, f\u00fchrst Du mit Deinem Wach-\/Alltags-Bewusstsein, nicht mit Deinem Unterbewusstsein.<\/p>\n","protected":false},"excerpt":{"rendered":"<p>SELBST&lt;Gespr\u00e4ch Diese Schriften sind allesamt als \u201emein SELBST&lt;Gespr\u00e4ch\u201c zu betrachten, das\u00a0ICH in meinem eigenen Geist\u00a0von meinem H\u00f6heren SELBST\u00a0zugespielt bekomme. Diese Neu-Offenbarungen sprechen den \u201eg\u00f6ttlichen KERN\u201c in mir an: das \u201eunpers\u00f6nliche ICH\u201c\u00a0und nicht\u00a0mein\u00a0\u201epers\u00f6nliches ich\u201c , d. h. nicht die Person, die\u00a0ICH\u00a0mir\u00a0nun als \u201eLeser\u201c dieser Zeilen unter \u201emir selbst\u201c\u00a0vorstelle, von der ich noch sehr oft denke,\u00a0ICH\u00a0w\u00e4re nur\u00a0diese [&hellip;]<\/p>\n","protected":false},"author":1,"featured_media":0,"parent":5069,"menu_order":0,"comment_status":"closed","ping_status":"closed","template":"members-style1-nosidebar.php","meta":{"footnotes":"","_links_to":"","_links_to_target":""},"class_list":["post-3184","page","type-page","status-publish","hentry"],"_links":{"self":[{"href":"https:\/\/reich-sein.eu\/club\/wp-json\/wp\/v2\/pages\/3184","targetHints":{"allow":["GET"]}}],"collection":[{"href":"https:\/\/reich-sein.eu\/club\/wp-json\/wp\/v2\/pages"}],"about":[{"href":"https:\/\/reich-sein.eu\/club\/wp-json\/wp\/v2\/types\/page"}],"author":[{"embeddable":true,"href":"https:\/\/reich-sein.eu\/club\/wp-json\/wp\/v2\/users\/1"}],"replies":[{"embeddable":true,"href":"https:\/\/reich-sein.eu\/club\/wp-json\/wp\/v2\/comments?post=3184"}],"version-history":[{"count":5,"href":"https:\/\/reich-sein.eu\/club\/wp-json\/wp\/v2\/pages\/3184\/revisions"}],"predecessor-version":[{"id":5079,"href":"https:\/\/reich-sein.eu\/club\/wp-json\/wp\/v2\/pages\/3184\/revisions\/5079"}],"up":[{"embeddable":true,"href":"https:\/\/reich-sein.eu\/club\/wp-json\/wp\/v2\/pages\/5069"}],"wp:attachment":[{"href":"https:\/\/reich-sein.eu\/club\/wp-json\/wp\/v2\/media?parent=3184"}],"curies":[{"name":"wp","href":"https:\/\/api.w.org\/{rel}","templated":true}]}}