{"id":3199,"date":"2022-09-18T17:08:50","date_gmt":"2022-09-18T15:08:50","guid":{"rendered":"http:\/\/reich-sein.eu\/club\/?page_id=3199"},"modified":"2022-11-24T15:56:15","modified_gmt":"2022-11-24T13:56:15","slug":"geistreiche-gehirnwaesche","status":"publish","type":"page","link":"https:\/\/reich-sein.eu\/club\/seins-dimensionen\/informieren\/programmierung\/geistreiche-gehirnwaesche\/","title":{"rendered":"Geistreiche Gehirnw\u00e4sche"},"content":{"rendered":"<h2><span style=\"color: #0000ff;\"><strong>Die SELBST-Gespr\u00e4che<\/strong><\/span><\/h2>\n<p><iframe loading=\"lazy\" title=\"YouTube video player\" src=\"https:\/\/www.youtube.com\/embed\/WE4F_hBX8Fo\" width=\"560\" height=\"315\" frameborder=\"0\" allowfullscreen=\"allowfullscreen\"><\/iframe><\/p>\n<p><a href=\"http:\/\/reich-sein.eu\/club\/wp-content\/uploads\/2022\/09\/Holofeeling-Gehirnw\u00e4sche-1.jpg\"><img loading=\"lazy\" decoding=\"async\" class=\"size-full wp-image-3203 alignnone\" src=\"http:\/\/reich-sein.eu\/club\/wp-content\/uploads\/2022\/09\/Holofeeling-Gehirnw\u00e4sche-1.jpg\" alt=\"\" width=\"428\" height=\"386\" srcset=\"https:\/\/reich-sein.eu\/club\/wp-content\/uploads\/2022\/09\/Holofeeling-Gehirnw\u00e4sche-1.jpg 428w, https:\/\/reich-sein.eu\/club\/wp-content\/uploads\/2022\/09\/Holofeeling-Gehirnw\u00e4sche-1-300x271.jpg 300w\" sizes=\"auto, (max-width: 428px) 100vw, 428px\" \/><\/a><\/p>\n<p><strong>Die SELBST-Gespr\u00e4che:<\/strong><\/p>\n<ul>\n<li>HOLOFEELING &#8211; JCH UP&#8217;s Geistreiche Gehirnw\u00e4sche (Teil 1 PR\u00c4-LUDO-IUM)<\/li>\n<li>HOLOFEELING &#8211; JCH UP&#8217;s Geistreiche Gehirnw\u00e4sche (Teil 2 INTER-LUDO-IUM)<\/li>\n<li>HOLOFEELING &#8211; JCH UP&#8217;s Geistreiche Gehirnw\u00e4sche (Teil 3 FINIS-LUDO-IUM)<\/li>\n<\/ul>\n<p>lat. LUDO = &#8222;JCH spiele&#8220;(IM-ME(E)R mit mir SELBST)!<\/p>\n<p>lat. IUM(entum) = &#8222;ein Zug- und Lasttier&#8220;; ein &#8222;ZW~EI~Gespann&#8220;!<\/p>\n<p>UDO hebraisiert = http:\/\/gematrie.holofeeling.net\/\u05d5\u05d3\u05e2<\/p>\n<p>IUM hebraisiert = http:\/\/gematrie.holofeeling.net\/\u05d9\u05d5\u05de<\/p>\n<p>&nbsp;<\/p>\n<p>JCH UP&#8217;s &#8222;Geistreiche Gehirnw\u00e4schen&#8220;<\/p>\n<p>werden zur geistreichen &#8222;UPsoluten UNIversal-R-EINIGUNG&#8220;&#8230;<\/p>\n<p>(lat. &#8222;universalis&#8220; = \u201ezur Gesamtheit geh\u00f6rig\u201c(d.h. zu UP\/86\/ALHIM Ge-H\u00d6HREND)!<\/p>\n<p>&#8222;dogmatisch ver~DR~Eck~TER Trockennsenaffen-Gehirne&#8220; empfohlen!<\/p>\n<p>&nbsp;<\/p>\n<p>JCH UP&#8217;s &#8222;Geistreiche Gehirnw\u00e4schen&#8220; eignet sich zur &#8222;geistreichen R-EINIGUNG&#8220;,<\/p>\n<p>von geistlos~ge\u00e4u\u00dferten &#8222;materialistisch~naturwissenschaftlichen Geschw\u00e4tzes&#8220;,<\/p>\n<p>wie auch zur &#8222;geistreichen R-EINIGUNG&#8220;,<\/p>\n<p>von geistlos~ge\u00e4u\u00dferten &#8222;religi\u00f6sen und esoterischen Geschw\u00e4tzes&#8220; jedweder couleur!!!<\/p>\n<p>&#8222;Geschw\u00e4tz&#8220; = http:\/\/gematrie.holofeeling.net\/\u05d1\u05d3<\/p>\n<p>&nbsp;<\/p>\n<p>Es ist wohl nur ein &#8222;Traum&#8220; = http:\/\/gematrie.holofeeling.net\/\u05d7\u05dc\u05d5\u05de<\/p>\n<p>das blo\u00dfe Haschen nach dem &#8222;Wind&#8220; = http:\/\/gematrie.holofeeling.net\/\u05e8\u05d5\u05d7<\/p>\n<p>Wer wei\u00df es schon genau?<\/p>\n<p>Die Uhr an Seiner &#8222;Wand&#8220; = http:\/\/gematrie.holofeeling.net\/\u05e7\u05d9\u05e8<\/p>\n<p>sie ist gef\u00fcllt mit &#8222;Sand&#8220; = http:\/\/gematrie.holofeeling.net\/\u05d7\u05d5\u05dc<\/p>\n<p>leg Deine Hand in M-AIN<\/p>\n<p>und lass UNS EWIG SEIN!<\/p>\n<p>&nbsp;<\/p>\n<p>Du triffst NUN Deine &#8222;Wahl&#8220; = http:\/\/gematrie.holofeeling.net\/\u05d1\u05d7\u05d9\u05e8\u05d4<\/p>\n<p>und wirfst UNS zwischen &#8222;Gl\u00fcck&#8220; = http:\/\/gematrie.holofeeling.net\/\u05d0\u05e9\u05e8<\/p>\n<p>und &#8222;Qual&#8220; = http:\/\/gematrie.holofeeling.net\/\u05e1\u05d1\u05dc<\/p>\n<p>doch kann JCH UP Dir verzeih&#8217;n!<\/p>\n<p>Du Geistesfunken bist dem &#8222;Tod&#8220; so nah = http:\/\/gematrie.holofeeling.net\/\u05db\u05e8\u05ea<\/p>\n<p>und doch Dein &#8222;Blick&#8220; so klar = http:\/\/gematrie.holofeeling.net\/\u05e8\u05d0\u05d5\u05ea<\/p>\n<p>ERkenne mJCH UP &#8211;<\/p>\n<p>&#8222;ICH BIN&#8220; B-RAI~T<\/p>\n<p>und such MIR meine Unsterblichkeit&#8230;<\/p>\n<p>https:\/\/www.youtube.com\/watch?v=dF0Kg&#8230; &#8222;=126&#8220;!!!<\/p>\n<p>&nbsp;<\/p>\n<p>2:06 = 126sec<\/p>\n<p>2:06 = 126sec = 100(= QWP\/Affe) +26(= JHWH)<\/p>\n<p>2\/06 = 33,33333-3-3-D~RAI-D~RAI-D~RAI-D~RAI&#8230;.<\/p>\n<p>&nbsp;<\/p>\n<p>QWP = http:\/\/gematrie.holofeeling.net\/\u05e7\u05d5\u05e4<\/p>\n<p>JHWH = http:\/\/gematrie.holofeeling.net\/\u05d9\u05d4\u05d5\u05d4<\/p>\n<p>&nbsp;<\/p>\n<p>&#8222;126&#8220; steht geistreich gelesen u.a. f\u00fcr:<\/p>\n<p>(Es lohnt sich den Wort-Tipp zu jeder hebr. Radix genauer zu &#8222;Be~TR~ACHT~EN! )<\/p>\n<p>&nbsp;<\/p>\n<p>&#8222;126&#8220; = Die &#8222;Vollkommenheit\/Gesamtheit\/Ganzheit\/Komplex&#8220;&#8230;<\/p>\n<p>http:\/\/gematrie.holofeeling.net\/\u05de\u05db\u05dc\u05d5\u05dc<\/p>\n<p>&nbsp;<\/p>\n<p>&#8222;126&#8220; = &#8222;VON GOTT, dem MEER&#8220;(= UP\/86\/ALHIM)&#8230;<\/p>\n<p>http:\/\/gematrie.holofeeling.net\/\u05de\u05d0\u05dc\u05d4\u05d9\u05de<\/p>\n<p>&nbsp;<\/p>\n<p>&#8222;126&#8220; = der sJCH &#8222;wie ICH&#8220;&#8230;<\/p>\n<p>http:\/\/gematrie.holofeeling.net\/\u05db\u05de\u05d5\u05e0\u05d9<\/p>\n<p>&nbsp;<\/p>\n<p>&#8222;126&#8220; = &#8222;IN EDeN = IM Paradies&#8220; und &#8222;IM Zeugen der EWIGKEIT&#8220; befindet!<\/p>\n<p>http:\/\/gematrie.holofeeling.net\/\u05d1\u05e2\u05d3\u05e0<\/p>\n<p>&nbsp;<\/p>\n<p>&#8222;126&#8220; = ER = WIR ~D &#8222;ER~staunen&#8220; IN UNS &#8222;ER~W~Ecken&#8220;,<\/p>\n<p>denn ER = WIR~D (f\u00fcr uns Br\u00f6sel) &#8222;Wunder~tun&#8220;&#8230;<\/p>\n<p>http:\/\/gematrie.holofeeling.net\/\u05d4\u05e4\u05dc\u05d9\u05d0<\/p>\n<p>&nbsp;<\/p>\n<p>&#8222;126&#8220; = denn ER ist ICH SELBST &#8222;wunder~BaR\/au\u00dfer~ordentlich und un~begreiflich&#8220;!!!<\/p>\n<p>http:\/\/gematrie.holofeeling.net\/\u05d4\u05d9\u05e4\u05dc\u05d0<\/p>\n<p>&nbsp;<\/p>\n<p>&#8222;126&#8220; = Die von JCH UP ER~SCH~Affen~EN Geistesfunken&#8230;<\/p>\n<p>SIN~D wie kleine unbewusste &#8222;NEO&#8220;~Br\u00f6sel:<\/p>\n<p>http:\/\/gematrie.holofeeling.net\/\u05e0\u05e2\u05d5<\/p>\n<p>~&#8220;SIE~schwanken~wanken und irren&#8220;&#8230;<\/p>\n<p>&#8222;in ihrer SELBST&#8220; aus~gedachten Traumwelt (als Br\u00f6sel) umher,<\/p>\n<p>weil SIE auf~DeR~st\u00e4ndigen~FLUCHT &#8222;vor SICH SELBST&#8220; SIN~D!<\/p>\n<h3 class=\"title style-scope ytd-video-primary-info-renderer\"><span style=\"color: #0000ff;\"><strong>HOLOFEELING &#8211; JCH UP&#8217;s Geistreiche Gehirnw\u00e4sche (Teil 2 INTER LUDO IUM)<\/strong><\/span><\/h3>\n<p><iframe loading=\"lazy\" title=\"YouTube video player\" src=\"https:\/\/www.youtube.com\/embed\/-QukyHLofjU\" width=\"560\" height=\"315\" frameborder=\"0\" allowfullscreen=\"allowfullscreen\"><\/iframe><\/p>\n<h3 class=\"title style-scope ytd-video-primary-info-renderer\"><span style=\"color: #0000ff;\"><strong>HOLOFEELING &#8211; JCH UP&#8217;s Geistreiche Gehirnw\u00e4sche (Teil 3 FINIS LUDO IUM)<\/strong><\/span><\/h3>\n<p><iframe loading=\"lazy\" title=\"YouTube video player\" src=\"https:\/\/www.youtube.com\/embed\/L3CdsqQxyLY\" width=\"560\" height=\"315\" frameborder=\"0\" allowfullscreen=\"allowfullscreen\"><\/iframe><\/p>\n<p>&nbsp;<\/p>\n<p>&nbsp;<\/p>\n","protected":false},"excerpt":{"rendered":"<p>Die SELBST-Gespr\u00e4che Die SELBST-Gespr\u00e4che: HOLOFEELING &#8211; JCH UP&#8217;s Geistreiche Gehirnw\u00e4sche (Teil 1 PR\u00c4-LUDO-IUM) HOLOFEELING &#8211; JCH UP&#8217;s Geistreiche Gehirnw\u00e4sche (Teil 2 INTER-LUDO-IUM) HOLOFEELING &#8211; JCH UP&#8217;s Geistreiche Gehirnw\u00e4sche (Teil 3 FINIS-LUDO-IUM) lat. LUDO = &#8222;JCH spiele&#8220;(IM-ME(E)R mit mir SELBST)! lat. IUM(entum) = &#8222;ein Zug- und Lasttier&#8220;; ein &#8222;ZW~EI~Gespann&#8220;! UDO hebraisiert = http:\/\/gematrie.holofeeling.net\/\u05d5\u05d3\u05e2 IUM hebraisiert = [&hellip;]<\/p>\n","protected":false},"author":1,"featured_media":0,"parent":3080,"menu_order":0,"comment_status":"closed","ping_status":"closed","template":"members-style1-nosidebar.php","meta":{"footnotes":"","_links_to":"","_links_to_target":""},"class_list":["post-3199","page","type-page","status-publish","hentry"],"_links":{"self":[{"href":"https:\/\/reich-sein.eu\/club\/wp-json\/wp\/v2\/pages\/3199","targetHints":{"allow":["GET"]}}],"collection":[{"href":"https:\/\/reich-sein.eu\/club\/wp-json\/wp\/v2\/pages"}],"about":[{"href":"https:\/\/reich-sein.eu\/club\/wp-json\/wp\/v2\/types\/page"}],"author":[{"embeddable":true,"href":"https:\/\/reich-sein.eu\/club\/wp-json\/wp\/v2\/users\/1"}],"replies":[{"embeddable":true,"href":"https:\/\/reich-sein.eu\/club\/wp-json\/wp\/v2\/comments?post=3199"}],"version-history":[{"count":8,"href":"https:\/\/reich-sein.eu\/club\/wp-json\/wp\/v2\/pages\/3199\/revisions"}],"predecessor-version":[{"id":3209,"href":"https:\/\/reich-sein.eu\/club\/wp-json\/wp\/v2\/pages\/3199\/revisions\/3209"}],"up":[{"embeddable":true,"href":"https:\/\/reich-sein.eu\/club\/wp-json\/wp\/v2\/pages\/3080"}],"wp:attachment":[{"href":"https:\/\/reich-sein.eu\/club\/wp-json\/wp\/v2\/media?parent=3199"}],"curies":[{"name":"wp","href":"https:\/\/api.w.org\/{rel}","templated":true}]}}