{"id":3234,"date":"2022-09-19T13:43:17","date_gmt":"2022-09-19T11:43:17","guid":{"rendered":"http:\/\/reich-sein.eu\/club\/?page_id=3234"},"modified":"2022-11-24T15:55:55","modified_gmt":"2022-11-24T13:55:55","slug":"sutra-lehrrede","status":"publish","type":"page","link":"https:\/\/reich-sein.eu\/club\/mittel\/wissen\/sutra-lehrrede\/","title":{"rendered":"Sutra (Lehrrede)"},"content":{"rendered":"<h2><span style=\"color: #0000ff;\"><strong>Sutra (Lehrrede)<\/strong><\/span><\/h2>\n<p>Das\u00a0Sanskrit-Wort\u00a0<b>Sutra<\/b>\u00a0(\u0938\u0942\u0924\u094d\u0930:\u00a0<i>s\u016btra<\/i>, \u201eFaden\u201c, \u201eKette\u201c;\u00a0Pali:\u00a0<b>Sutta<\/b>,\u00a0<i>s\u016btta<\/i>; \u00fcbertragen \u201eLehrrede\u201c)<\/p>\n<p>bezeichnet entweder einen kurzen, durch seine Versform einpr\u00e4gsamen Lehrsatz in der alt- und mittelindischen Literatur\u00a0oder eine Sammlung solcher Lehrs\u00e4tze. Neben dem Sutra in der Sanskrit-Literatur findet sich das Sutra auch in den Lehrtexten des\u00a0Buddhismus\u00a0und des\u00a0Jainismus, jedoch ohne den kurzen, aphoristischen Charakter.<sup id=\"cite_ref-1\" class=\"reference\"><\/sup>\u00a0Das Sutra entsprechende Pali-Wort\u00a0<i>Sutta<\/i>\u00a0bezieht sich auf bestimmte Teile des f\u00fcr den\u00a0Theravada-Buddhismus einzig als kanonisch geltenden\u00a0Pali-Kanons.<\/p>\n<h3><span style=\"color: #0000ff;\"><strong><span id=\"Merksatz-Charakter\" class=\"mw-headline\">Merksatz-Charakter<\/span><\/strong><\/span><\/h3>\n<p>Die \u00e4ltesten indischen Texte wurden m\u00fcndlich \u00fcberliefert und sind viel \u00e4lter als die Verwendung von Schrift. Trotz exzellenter\u00a0mnemotechnischer\u00a0Methoden suchte man nach M\u00f6glichkeiten, komplexe Sachverhalte in komprimierter, merksatzartiger Form weiterzugeben. Dieses Streben nach K\u00fcrze ist daf\u00fcr verantwortlich, dass die Inhalte heute oft schwer verst\u00e4ndlich sind. F\u00fcr die damaligen Sch\u00fcler jedoch, die gleichzeitig ausf\u00fchrliche m\u00fcndliche Erl\u00e4uterungen erhielten, stellten die Sutras eine wirkungsvolle Ged\u00e4chtnisst\u00fctze dar.<\/p>\n<p>Um also die Verf\u00e4lschung des Textes beim m\u00fcndlichen Weiterreichen von Generation zu Generation zu verhindern, wurde eine strenge Versform genutzt. Ein\u00a0Vers, der ein bestimmtes\u00a0Versma\u00df\u00a0aufweist und sich reimt, kann sich nicht einfach ver\u00e4ndern; Unregelm\u00e4\u00dfigkeiten, die durch Hinzuf\u00fcgen, Ver\u00e4ndern oder Weglassen einzelner Worte entstehen, werden sofort bemerkt. Hinzu kam, dass die Texte auf eine Melodie gesungen oder im Singsang gesprochen wurden. Nachteile (ein Mangel an\u00a0Redundanz, wie er sich auch im deutschen Wort \u201eDichtung\u201c andeutet) wurden durch Vorteile (Einpr\u00e4gsamkeit) offenbar mehr als ausgeglichen.<\/p>\n<p>Seine konsequenteste Auspr\u00e4gung fand der Sutra-Stil in der Schule der Grammatiker, insbesondere bei\u00a0Panini, der auf wenigen Seiten eine vollst\u00e4ndige Systematik des Sanskrit darlegte. Von dem Grammatiker\u00a0Patanjali\u00a0stammt der Ausspruch, wenn ein Sutra-Autor eine halbe, kurze Silbe einsparen k\u00f6nne, sei er so gl\u00fccklich, wie wenn ihm ein Sohn geboren werde.<\/p>\n<p>Fast alle\u00a0philosophischen Systeme\u00a0(Darshanas) der \u00e4lteren Zeit fanden ihre Ausgestaltung in der Form von Sutras; auch eine umfangreiche Kommentarliteratur ist \u00fcberliefert.<\/p>\n<p><a href=\"https:\/\/de.wikipedia.org\/wiki\/Sutra\">https:\/\/de.wikipedia.org\/wiki\/Sutra<\/a><\/p>\n","protected":false},"excerpt":{"rendered":"<p>Sutra (Lehrrede) Das\u00a0Sanskrit-Wort\u00a0Sutra\u00a0(\u0938\u0942\u0924\u094d\u0930:\u00a0s\u016btra, \u201eFaden\u201c, \u201eKette\u201c;\u00a0Pali:\u00a0Sutta,\u00a0s\u016btta; \u00fcbertragen \u201eLehrrede\u201c) bezeichnet entweder einen kurzen, durch seine Versform einpr\u00e4gsamen Lehrsatz in der alt- und mittelindischen Literatur\u00a0oder eine Sammlung solcher Lehrs\u00e4tze. Neben dem Sutra in der Sanskrit-Literatur findet sich das Sutra auch in den Lehrtexten des\u00a0Buddhismus\u00a0und des\u00a0Jainismus, jedoch ohne den kurzen, aphoristischen Charakter.\u00a0Das Sutra entsprechende Pali-Wort\u00a0Sutta\u00a0bezieht sich auf bestimmte Teile [&hellip;]<\/p>\n","protected":false},"author":1,"featured_media":0,"parent":2230,"menu_order":0,"comment_status":"closed","ping_status":"closed","template":"members-style1-nosidebar.php","meta":{"footnotes":"","_links_to":"","_links_to_target":""},"class_list":["post-3234","page","type-page","status-publish","hentry"],"_links":{"self":[{"href":"https:\/\/reich-sein.eu\/club\/wp-json\/wp\/v2\/pages\/3234","targetHints":{"allow":["GET"]}}],"collection":[{"href":"https:\/\/reich-sein.eu\/club\/wp-json\/wp\/v2\/pages"}],"about":[{"href":"https:\/\/reich-sein.eu\/club\/wp-json\/wp\/v2\/types\/page"}],"author":[{"embeddable":true,"href":"https:\/\/reich-sein.eu\/club\/wp-json\/wp\/v2\/users\/1"}],"replies":[{"embeddable":true,"href":"https:\/\/reich-sein.eu\/club\/wp-json\/wp\/v2\/comments?post=3234"}],"version-history":[{"count":5,"href":"https:\/\/reich-sein.eu\/club\/wp-json\/wp\/v2\/pages\/3234\/revisions"}],"predecessor-version":[{"id":4276,"href":"https:\/\/reich-sein.eu\/club\/wp-json\/wp\/v2\/pages\/3234\/revisions\/4276"}],"up":[{"embeddable":true,"href":"https:\/\/reich-sein.eu\/club\/wp-json\/wp\/v2\/pages\/2230"}],"wp:attachment":[{"href":"https:\/\/reich-sein.eu\/club\/wp-json\/wp\/v2\/media?parent=3234"}],"curies":[{"name":"wp","href":"https:\/\/api.w.org\/{rel}","templated":true}]}}